{"id":11609,"date":"2015-05-04T11:16:38","date_gmt":"2015-05-04T09:16:38","guid":{"rendered":"https:\/\/alzira.es\/liquidacion\/"},"modified":"2022-01-15T21:38:53","modified_gmt":"2022-01-15T20:38:53","slug":"liquidacion","status":"publish","type":"page","link":"https:\/\/alzira.es\/es\/servicios-municipales\/economia-y-recaudacion\/intervencion-cas-no\/liquidacion\/","title":{"rendered":"Liquidaci\u00f3n-cas-no"},"content":{"rendered":"\n<p><span style=\"color: #000000;\">El presupuesto de cada ejercicio se liquidar\u00e1 en cuanto a la recaudaci\u00f3n de derechos y al pago de obligaciones el 31 de diciembre del a\u00f1o natural correspondiente. Quedar\u00e1n a cargo de la Tesorer\u00eda local los ingresos y pagos pendientes, seg\u00fan sus respectivas contracciones.<\/span><\/p>\n\n\n\n<p><span style=\"color: #000000;\">Las obligaciones reconocidas y liquidadas no satisfechas el \u00faltimo d\u00eda del ejercicio, los derechos pendientes de cobro y los fondos l\u00edquidos a 31 de diciembre configurar\u00e1n el remanente de tesorer\u00eda de la entidad local. La cuantificaci\u00f3n del remanente de tesorer\u00eda deber\u00e1 realizarse teniendo en cuenta los posibles ingresos afectados y minorando de acuerdo con lo que reglamentariamente se establezca los derechos pendientes de cobro que se consideren de dif\u00edcil o imposible recaudaci\u00f3n.<\/span><\/p>\n\n\n\n<p><span style=\"color: #000000;\">Las entidades locales deber\u00e1n confeccionar la liquidaci\u00f3n de su presupuesto antes del d\u00eda primero de marzo del ejercicio siguiente.<\/span><\/p>\n\n\n\n<p><span style=\"color: #000000;\">La aprobaci\u00f3n de la liquidaci\u00f3n del presupuesto corresponde al presidente de la entidad local, previo informe de la Intervenci\u00f3n.<\/span><\/p>\n","protected":false},"excerpt":{"rendered":"<p>El presupuesto de cada ejercicio se liquidar\u00e1 en cuanto a la recaudaci\u00f3n de derechos y al pago de obligaciones el 31 de diciembre del a\u00f1o natural correspondiente. Quedar\u00e1n a cargo de la Tesorer\u00eda local los ingresos y pagos pendientes, seg\u00fan sus respectivas contracciones. Las obligaciones reconocidas y liquidadas no satisfechas el \u00faltimo d\u00eda del ejercicio, &hellip; <\/p>\n<p class=\"link-more\"><a href=\"https:\/\/alzira.es\/es\/servicios-municipales\/economia-y-recaudacion\/intervencion-cas-no\/liquidacion\/\" class=\"more-link\">Continuar leyendo<span class=\"screen-reader-text\"> \u00abLiquidaci\u00f3n-cas-no\u00bb<\/span><\/a><\/p>\n","protected":false},"author":12,"featured_media":0,"parent":2236,"menu_order":1,"comment_status":"closed","ping_status":"closed","template":"","meta":{"_acf_changed":false,"footnotes":""},"class_list":["post-11609","page","type-page","status-publish","hentry"],"acf":[],"_links":{"self":[{"href":"https:\/\/alzira.es\/es\/wp-json\/wp\/v2\/pages\/11609","targetHints":{"allow":["GET"]}}],"collection":[{"href":"https:\/\/alzira.es\/es\/wp-json\/wp\/v2\/pages"}],"about":[{"href":"https:\/\/alzira.es\/es\/wp-json\/wp\/v2\/types\/page"}],"author":[{"embeddable":true,"href":"https:\/\/alzira.es\/es\/wp-json\/wp\/v2\/users\/12"}],"replies":[{"embeddable":true,"href":"https:\/\/alzira.es\/es\/wp-json\/wp\/v2\/comments?post=11609"}],"version-history":[{"count":2,"href":"https:\/\/alzira.es\/es\/wp-json\/wp\/v2\/pages\/11609\/revisions"}],"predecessor-version":[{"id":111128,"href":"https:\/\/alzira.es\/es\/wp-json\/wp\/v2\/pages\/11609\/revisions\/111128"}],"up":[{"embeddable":true,"href":"https:\/\/alzira.es\/es\/wp-json\/wp\/v2\/pages\/2236"}],"wp:attachment":[{"href":"https:\/\/alzira.es\/es\/wp-json\/wp\/v2\/media?parent=11609"}],"curies":[{"name":"wp","href":"https:\/\/api.w.org\/{rel}","templated":true}]}}