{"id":11596,"date":"2015-04-30T14:42:03","date_gmt":"2015-04-30T12:42:03","guid":{"rendered":"https:\/\/alzira.es\/liquidacion-2012\/"},"modified":"2022-01-15T22:13:26","modified_gmt":"2022-01-15T21:13:26","slug":"liquidacion-2012-cas-no","status":"publish","type":"page","link":"https:\/\/alzira.es\/es\/servicios-municipales\/economia-y-recaudacion\/intervencion-cas-no\/liquidacion\/historicos-liquidaciones\/liquidacion-2012-cas-no\/","title":{"rendered":"Liquidaci\u00f3n 2012-cas-no"},"content":{"rendered":"<p style=\"text-align: justify;\"><span style=\"color: #000000;\">El presupuesto de cada ejercicio se liquidar\u00e1 en cuanto a la recaudaci\u00f3n de derechos y al pago de obligaciones el 31 de diciembre del a\u00f1o natural correspondiente. Quedar\u00e1n a cargo de la Tesorer\u00eda local los ingresos y pagos pendientes, seg\u00fan sus respectivas contracciones.<\/span><\/p>\n<p style=\"text-align: justify;\"><span style=\"color: #000000;\">Las obligaciones reconocidas y liquidadas no satisfechas el \u00faltimo d\u00eda del ejercicio, los derechos pendientes de cobro y los fondos l\u00edquidos a 31 de diciembre configurar\u00e1n el remanente de tesorer\u00eda de la entidad local. La cuantificaci\u00f3n del remanente de tesorer\u00eda deber\u00e1 realizarse teniendo en cuenta los posibles ingresos afectados y minorando de acuerdo con lo que reglamentariamente se establezca los derechos pendientes de cobro que se consideren de dif\u00edcil o imposible recaudaci\u00f3n.<\/span><\/p>\n<p style=\"text-align: justify;\"><span style=\"color: #000000;\">Las entidades locales deber\u00e1n confeccionar la liquidaci\u00f3n de su presupuesto antes del d\u00eda primero de marzo del ejercicio siguiente.<\/span><\/p>\n<p style=\"text-align: justify;\"><span style=\"color: #000000;\">La aprobaci\u00f3n de la liquidaci\u00f3n del presupuesto corresponde al presidente de la entidad local, previo informe de la Intervenci\u00f3n.<\/span><\/p>\n<table style=\"width: 600px;\">\n<tbody>\n<tr>\n<td style=\"text-align: center;\" colspan=\"5\">Estado liquidaci\u00f3n 2012<\/td>\n<\/tr>\n<tr>\n<td style=\"text-align: center;\" colspan=\"2\">Ingresos<\/td>\n<td style=\"text-align: center;\" colspan=\"3\">Gastos<\/td>\n<\/tr>\n<tr>\n<td style=\"text-align: center;\"><a href=\"https:\/\/alzira.es\/wp-content\/uploads\/2015\/04\/ingresos_capitulos.PDF\" target=\"_blank\" rel=\"noopener\">Cap\u00edtulos<\/a><\/td>\n<td style=\"text-align: center;\"><a href=\"https:\/\/alzira.es\/wp-content\/uploads\/2015\/04\/ingresos_aplicaciones.PDF\" target=\"_blank\" rel=\"noopener\">Aplicaciones<\/a><\/td>\n<td style=\"text-align: center;\"><a href=\"https:\/\/alzira.es\/wp-content\/uploads\/2015\/04\/gastos_capitulos.PDF\" target=\"_blank\" rel=\"noopener\">Cap\u00edtulos<\/a><\/td>\n<td style=\"text-align: center;\"><a href=\"https:\/\/alzira.es\/wp-content\/uploads\/2015\/04\/gastos_areas_gasto.PDF\" target=\"_blank\" rel=\"noopener\">\u00c1reas de gasto<\/a><\/td>\n<td style=\"text-align: center;\"><a href=\"https:\/\/alzira.es\/wp-content\/uploads\/2015\/04\/gastos_aplicaciones.PDF\" target=\"_blank\" rel=\"noopener\">Aplicaciones<\/a><\/td>\n<\/tr>\n<tr>\n<td style=\"text-align: center;\" colspan=\"5\">&nbsp;<\/td>\n<\/tr>\n<tr>\n<td style=\"text-align: center;\" colspan=\"5\"><a href=\"https:\/\/alzira.es\/wp-content\/uploads\/2015\/04\/remante_tesoreria.pdf\" target=\"_blank\" rel=\"noopener\">Remanente de tesorer\u00eda<\/a><\/td>\n<\/tr>\n<tr>\n<td style=\"text-align: center;\" colspan=\"5\"><a href=\"https:\/\/alzira.es\/wp-content\/uploads\/2015\/04\/resultado_presupuestario.PDF\" target=\"_blank\" rel=\"noopener\">Resultado presupuestario<\/a><\/td>\n<\/tr>\n<\/tbody>\n<\/table>\n","protected":false},"excerpt":{"rendered":"<p>El presupuesto de cada ejercicio se liquidar\u00e1 en cuanto a la recaudaci\u00f3n de derechos y al pago de obligaciones el 31 de diciembre del a\u00f1o natural correspondiente. Quedar\u00e1n a cargo de la Tesorer\u00eda local los ingresos y pagos pendientes, seg\u00fan sus respectivas contracciones. Las obligaciones reconocidas y liquidadas no satisfechas el \u00faltimo d\u00eda del ejercicio, &hellip; <\/p>\n<p class=\"link-more\"><a href=\"https:\/\/alzira.es\/es\/servicios-municipales\/economia-y-recaudacion\/intervencion-cas-no\/liquidacion\/historicos-liquidaciones\/liquidacion-2012-cas-no\/\" class=\"more-link\">Continuar leyendo<span class=\"screen-reader-text\"> \u00abLiquidaci\u00f3n 2012-cas-no\u00bb<\/span><\/a><\/p>\n","protected":false},"author":12,"featured_media":0,"parent":38297,"menu_order":23,"comment_status":"closed","ping_status":"closed","template":"","meta":{"_acf_changed":false,"footnotes":""},"class_list":["post-11596","page","type-page","status-publish","hentry"],"acf":[],"_links":{"self":[{"href":"https:\/\/alzira.es\/es\/wp-json\/wp\/v2\/pages\/11596","targetHints":{"allow":["GET"]}}],"collection":[{"href":"https:\/\/alzira.es\/es\/wp-json\/wp\/v2\/pages"}],"about":[{"href":"https:\/\/alzira.es\/es\/wp-json\/wp\/v2\/types\/page"}],"author":[{"embeddable":true,"href":"https:\/\/alzira.es\/es\/wp-json\/wp\/v2\/users\/12"}],"replies":[{"embeddable":true,"href":"https:\/\/alzira.es\/es\/wp-json\/wp\/v2\/comments?post=11596"}],"version-history":[{"count":2,"href":"https:\/\/alzira.es\/es\/wp-json\/wp\/v2\/pages\/11596\/revisions"}],"predecessor-version":[{"id":111197,"href":"https:\/\/alzira.es\/es\/wp-json\/wp\/v2\/pages\/11596\/revisions\/111197"}],"up":[{"embeddable":true,"href":"https:\/\/alzira.es\/es\/wp-json\/wp\/v2\/pages\/38297"}],"wp:attachment":[{"href":"https:\/\/alzira.es\/es\/wp-json\/wp\/v2\/media?parent=11596"}],"curies":[{"name":"wp","href":"https:\/\/api.w.org\/{rel}","templated":true}]}}