{"id":114579,"date":"2022-01-17T13:22:08","date_gmt":"2022-01-17T12:22:08","guid":{"rendered":"https:\/\/alzira.es\/servicios-municipales\/urbanismo-e-infraestructuras\/12-documentacion-anexa-concurso-jardin-luis-suner\/"},"modified":"2022-03-31T10:48:40","modified_gmt":"2022-03-31T08:48:40","slug":"12-documentacion-anexa-concurso-jardin-luis-suner","status":"publish","type":"page","link":"https:\/\/alzira.es\/es\/servicios-municipales\/urbanismo-e-infraestructuras\/12-documentacion-anexa-concurso-jardin-luis-suner\/","title":{"rendered":"12. Documentacion Anexa Concurso Jard\u00edn Luis Su\u00f1er"},"content":{"rendered":"\t\t<div data-elementor-type=\"wp-page\" data-elementor-id=\"114579\" class=\"elementor elementor-114579 elementor-111662\">\n\t\t\t\t\t\t<section class=\"elementor-section elementor-top-section elementor-element elementor-element-61bdad97 elementor-section-boxed elementor-section-height-default elementor-section-height-default\" data-id=\"61bdad97\" data-element_type=\"section\">\n\t\t\t\t\t\t<div class=\"elementor-container elementor-column-gap-default\">\n\t\t\t\t\t<div class=\"elementor-column elementor-col-100 elementor-top-column elementor-element elementor-element-6fa812f6\" data-id=\"6fa812f6\" data-element_type=\"column\">\n\t\t\t<div class=\"elementor-widget-wrap elementor-element-populated\">\n\t\t\t\t\t\t<div class=\"elementor-element elementor-element-732ed30f elementor-widget elementor-widget-text-editor\" data-id=\"732ed30f\" data-element_type=\"widget\" data-widget_type=\"text-editor.default\">\n\t\t\t\t<div class=\"elementor-widget-container\">\n\t\t\t\t\t\t\t\t\t<div><figure><img fetchpriority=\"high\" decoding=\"async\" class=\"aligncenter\" src=\"https:\/\/alzira.es\/wp-content\/uploads\/2022\/01\/monolito-lateral_1-804x1072.jpg\" alt=\"\" width=\"212\" height=\"282\" \/><\/figure><\/div><p><b><u>Gesti\u00f3n del Territorio inicia\u00a0 un Concurso de Ideas \u00abDise\u00f1o Arquitect\u00f3nico Jard\u00edn Memorial Luis Su\u00f1er Sanchis\u00bb<\/u><\/b><\/p><p><span style=\"color: #545454; font-family: 'PT Serif', Georgia, serif; font-size: 18px; text-align: start;\">\u00a0 El \u00c1rea de Gesti\u00f3n del Territorio del Ayuntamiento de Alzira ha aprobado la convocatoria de un concurso de ideas para el dise\u00f1o arquitect\u00f3nico del jard\u00edn &#8216;Memorial Luis Su\u00f1er Sanchis&#8217;, que ocupar\u00e1 el espacio de la avenida Luis Su\u00f1er\u00a0<\/span><strong style=\"color: #545454; font-family: 'PT Serif', Georgia, serif; font-size: 18px; text-align: start;\">tras la retirada de la gasolinera<\/strong><span style=\"color: #545454; font-family: 'PT Serif', Georgia, serif; font-size: 18px; text-align: start;\">\u00a0y la descontaminaci\u00f3n de los terrenos.\u00a0<\/span><br style=\"color: #545454; font-family: 'PT Serif', Georgia, serif; font-size: 18px; text-align: start;\" \/><br style=\"color: #545454; font-family: 'PT Serif', Georgia, serif; font-size: 18px; text-align: start;\" \/><span style=\"color: #545454; font-family: 'PT Serif', Georgia, serif; font-size: 18px; text-align: start;\">As\u00ed, el dise\u00f1o del jard\u00edn ser\u00e1 libre, pero deber\u00e1 integrar de manera obligatoria el panel de piedra de la empresa Avidesa, el emblema de esta empresa y el monolito con el busto del empresario Luis Su\u00f1er. \u00abEste concurso de ideas posibilitar\u00e1, adem\u00e1s de la reestructuraci\u00f3n ajardinada y la repavimentaci\u00f3n del espacio, la\u00a0<\/span><strong style=\"color: #545454; font-family: 'PT Serif', Georgia, serif; font-size: 18px; text-align: start;\">incorporaci\u00f3n de los elementos de homenaje<\/strong><span style=\"color: #545454; font-family: 'PT Serif', Georgia, serif; font-size: 18px; text-align: start;\">, que se convierten en elementos estructurales de los dise\u00f1os, como son el mural sobre la econom\u00eda y el comercio que est\u00e1 en la antigua f\u00e1brica de Avidesa, cedido por la empresa para colocarlo en esa zona, y tambi\u00e9n el busto de en Luis\u00bb, han se\u00f1alado.<\/span><br style=\"color: #545454; font-family: 'PT Serif', Georgia, serif; font-size: 18px; text-align: start;\" \/><strong><br \/><\/strong><\/p><p><strong>12.- Documentaci\u00f3n Anexa al Concurso.<\/strong><\/p><ul><li style=\"list-style-type: none;\"><ul><li>1.- Fotos Entorno:<\/li><li><div id='gallery-1' class='gallery galleryid-114579 gallery-columns-5 gallery-size-thumbnail'><figure class='gallery-item'>\n\t\t\t<div class='gallery-icon landscape'>\n\t\t\t\t<a href='https:\/\/alzira.es\/es\/alzira-impulsa-un-concurso-de-disenos-arquitectonicos-para-transformar-el-solar-de-la-gasolinera-en-un-jardin-en-memoria-de-luis-suner\/gasolinera-av-luis-suner-2\/'><img decoding=\"async\" width=\"350\" height=\"350\" data-src=\"https:\/\/alzira.es\/wp-content\/uploads\/2022\/01\/gasolinera-Av-luis-suner-350x350.jpg\" class=\"attachment-thumbnail size-thumbnail lazyload\" alt=\"\" aria-describedby=\"gallery-1-113701\" data-srcset=\"https:\/\/alzira.es\/wp-content\/uploads\/2022\/01\/gasolinera-Av-luis-suner-350x350.jpg 350w, https:\/\/alzira.es\/wp-content\/uploads\/2022\/01\/gasolinera-Av-luis-suner-300x300.jpg 300w, https:\/\/alzira.es\/wp-content\/uploads\/2022\/01\/gasolinera-Av-luis-suner-100x100.jpg 100w\" data-sizes=\"100vw\" src=\"data:image\/svg+xml;base64,PHN2ZyB3aWR0aD0iMSIgaGVpZ2h0PSIxIiB4bWxucz0iaHR0cDovL3d3dy53My5vcmcvMjAwMC9zdmciPjwvc3ZnPg==\" style=\"--smush-placeholder-width: 350px; --smush-placeholder-aspect-ratio: 350\/350;\" \/><\/a>\n\t\t\t<\/div>\n\t\t\t\t<figcaption class='wp-caption-text gallery-caption' id='gallery-1-113701'>\n\t\t\t\tEntorno\n\t\t\t\t<\/figcaption><\/figure><figure class='gallery-item'>\n\t\t\t<div class='gallery-icon landscape'>\n\t\t\t\t<a href='https:\/\/alzira.es\/es\/06-3-2\/'><img decoding=\"async\" width=\"350\" height=\"350\" data-src=\"https:\/\/alzira.es\/wp-content\/uploads\/2022\/01\/06-2-350x350.jpg\" class=\"attachment-thumbnail size-thumbnail lazyload\" alt=\"\" aria-describedby=\"gallery-1-113973\" data-srcset=\"https:\/\/alzira.es\/wp-content\/uploads\/2022\/01\/06-2-350x350.jpg 350w, https:\/\/alzira.es\/wp-content\/uploads\/2022\/01\/06-2-300x300.jpg 300w, https:\/\/alzira.es\/wp-content\/uploads\/2022\/01\/06-2-100x100.jpg 100w\" data-sizes=\"100vw\" src=\"data:image\/svg+xml;base64,PHN2ZyB3aWR0aD0iMSIgaGVpZ2h0PSIxIiB4bWxucz0iaHR0cDovL3d3dy53My5vcmcvMjAwMC9zdmciPjwvc3ZnPg==\" style=\"--smush-placeholder-width: 350px; --smush-placeholder-aspect-ratio: 350\/350;\" \/><\/a>\n\t\t\t<\/div>\n\t\t\t\t<figcaption class='wp-caption-text gallery-caption' id='gallery-1-113973'>\n\t\t\t\tEntorno\n\t\t\t\t<\/figcaption><\/figure><figure class='gallery-item'>\n\t\t\t<div class='gallery-icon portrait'>\n\t\t\t\t<a href='https:\/\/alzira.es\/es\/07-3-2\/'><img decoding=\"async\" width=\"350\" height=\"350\" data-src=\"https:\/\/alzira.es\/wp-content\/uploads\/2022\/01\/07-2-350x350.jpg\" class=\"attachment-thumbnail size-thumbnail lazyload\" alt=\"\" aria-describedby=\"gallery-1-113961\" data-srcset=\"https:\/\/alzira.es\/wp-content\/uploads\/2022\/01\/07-2-350x350.jpg 350w, https:\/\/alzira.es\/wp-content\/uploads\/2022\/01\/07-2-300x300.jpg 300w, https:\/\/alzira.es\/wp-content\/uploads\/2022\/01\/07-2-100x100.jpg 100w\" data-sizes=\"100vw\" src=\"data:image\/svg+xml;base64,PHN2ZyB3aWR0aD0iMSIgaGVpZ2h0PSIxIiB4bWxucz0iaHR0cDovL3d3dy53My5vcmcvMjAwMC9zdmciPjwvc3ZnPg==\" style=\"--smush-placeholder-width: 350px; --smush-placeholder-aspect-ratio: 350\/350;\" \/><\/a>\n\t\t\t<\/div>\n\t\t\t\t<figcaption class='wp-caption-text gallery-caption' id='gallery-1-113961'>\n\t\t\t\tEntorno\n\t\t\t\t<\/figcaption><\/figure><figure class='gallery-item'>\n\t\t\t<div class='gallery-icon landscape'>\n\t\t\t\t<a href='https:\/\/alzira.es\/es\/01-2-2\/'><img decoding=\"async\" width=\"350\" height=\"350\" data-src=\"https:\/\/alzira.es\/wp-content\/uploads\/2022\/01\/01-1-350x350.jpg\" class=\"attachment-thumbnail size-thumbnail lazyload\" alt=\"\" data-srcset=\"https:\/\/alzira.es\/wp-content\/uploads\/2022\/01\/01-1-350x350.jpg 350w, https:\/\/alzira.es\/wp-content\/uploads\/2022\/01\/01-1-300x300.jpg 300w, https:\/\/alzira.es\/wp-content\/uploads\/2022\/01\/01-1-100x100.jpg 100w\" data-sizes=\"100vw\" src=\"data:image\/svg+xml;base64,PHN2ZyB3aWR0aD0iMSIgaGVpZ2h0PSIxIiB4bWxucz0iaHR0cDovL3d3dy53My5vcmcvMjAwMC9zdmciPjwvc3ZnPg==\" style=\"--smush-placeholder-width: 350px; --smush-placeholder-aspect-ratio: 350\/350;\" \/><\/a>\n\t\t\t<\/div><\/figure><figure class='gallery-item'>\n\t\t\t<div class='gallery-icon portrait'>\n\t\t\t\t<a href='https:\/\/alzira.es\/es\/03-3-2\/'><img decoding=\"async\" width=\"350\" height=\"350\" data-src=\"https:\/\/alzira.es\/wp-content\/uploads\/2022\/01\/03-2-350x350.jpg\" class=\"attachment-thumbnail size-thumbnail lazyload\" alt=\"\" aria-describedby=\"gallery-1-113967\" data-srcset=\"https:\/\/alzira.es\/wp-content\/uploads\/2022\/01\/03-2-350x350.jpg 350w, https:\/\/alzira.es\/wp-content\/uploads\/2022\/01\/03-2-300x300.jpg 300w, https:\/\/alzira.es\/wp-content\/uploads\/2022\/01\/03-2-100x100.jpg 100w\" data-sizes=\"100vw\" src=\"data:image\/svg+xml;base64,PHN2ZyB3aWR0aD0iMSIgaGVpZ2h0PSIxIiB4bWxucz0iaHR0cDovL3d3dy53My5vcmcvMjAwMC9zdmciPjwvc3ZnPg==\" style=\"--smush-placeholder-width: 350px; --smush-placeholder-aspect-ratio: 350\/350;\" \/><\/a>\n\t\t\t<\/div>\n\t\t\t\t<figcaption class='wp-caption-text gallery-caption' id='gallery-1-113967'>\n\t\t\t\tEntorno\n\t\t\t\t<\/figcaption><\/figure><figure class='gallery-item'>\n\t\t\t<div class='gallery-icon portrait'>\n\t\t\t\t<a href='https:\/\/alzira.es\/es\/04-4-2\/'><img decoding=\"async\" width=\"350\" height=\"350\" data-src=\"https:\/\/alzira.es\/wp-content\/uploads\/2022\/01\/04-3-350x350.jpg\" class=\"attachment-thumbnail size-thumbnail lazyload\" alt=\"\" data-srcset=\"https:\/\/alzira.es\/wp-content\/uploads\/2022\/01\/04-3-350x350.jpg 350w, https:\/\/alzira.es\/wp-content\/uploads\/2022\/01\/04-3-300x300.jpg 300w, https:\/\/alzira.es\/wp-content\/uploads\/2022\/01\/04-3-100x100.jpg 100w\" data-sizes=\"100vw\" src=\"data:image\/svg+xml;base64,PHN2ZyB3aWR0aD0iMSIgaGVpZ2h0PSIxIiB4bWxucz0iaHR0cDovL3d3dy53My5vcmcvMjAwMC9zdmciPjwvc3ZnPg==\" style=\"--smush-placeholder-width: 350px; --smush-placeholder-aspect-ratio: 350\/350;\" \/><\/a>\n\t\t\t<\/div><\/figure><figure class='gallery-item'>\n\t\t\t<div class='gallery-icon landscape'>\n\t\t\t\t<a href='https:\/\/alzira.es\/es\/02-3-2\/'><img decoding=\"async\" width=\"350\" height=\"350\" data-src=\"https:\/\/alzira.es\/wp-content\/uploads\/2022\/01\/02-2-350x350.jpg\" class=\"attachment-thumbnail size-thumbnail lazyload\" alt=\"\" aria-describedby=\"gallery-1-113965\" data-srcset=\"https:\/\/alzira.es\/wp-content\/uploads\/2022\/01\/02-2-350x350.jpg 350w, https:\/\/alzira.es\/wp-content\/uploads\/2022\/01\/02-2-300x300.jpg 300w, https:\/\/alzira.es\/wp-content\/uploads\/2022\/01\/02-2-100x100.jpg 100w\" data-sizes=\"100vw\" src=\"data:image\/svg+xml;base64,PHN2ZyB3aWR0aD0iMSIgaGVpZ2h0PSIxIiB4bWxucz0iaHR0cDovL3d3dy53My5vcmcvMjAwMC9zdmciPjwvc3ZnPg==\" style=\"--smush-placeholder-width: 350px; --smush-placeholder-aspect-ratio: 350\/350;\" \/><\/a>\n\t\t\t<\/div>\n\t\t\t\t<figcaption class='wp-caption-text gallery-caption' id='gallery-1-113965'>\n\t\t\t\tEntorno\n\t\t\t\t<\/figcaption><\/figure>\n\t\t<\/div>\n<\/li><\/ul><\/li><\/ul><ul><li style=\"list-style-type: none;\"><ul><li>2.- Fotos Mural:<div id='gallery-2' class='gallery galleryid-114579 gallery-columns-5 gallery-size-thumbnail'><figure class='gallery-item'>\n\t\t\t<div class='gallery-icon landscape'>\n\t\t\t\t<a href='https:\/\/alzira.es\/es\/servicios-municipales\/urbanismo-e-infraestructuras\/12-documentacion-anexa-concurso-jardin-luis-suner\/bty-11-2\/'><img decoding=\"async\" width=\"350\" height=\"350\" data-src=\"https:\/\/alzira.es\/wp-content\/uploads\/2022\/01\/Mural_5-350x350.jpg\" class=\"attachment-thumbnail size-thumbnail lazyload\" alt=\"\" aria-describedby=\"gallery-2-111818\" data-srcset=\"https:\/\/alzira.es\/wp-content\/uploads\/2022\/01\/Mural_5-350x350.jpg 350w, https:\/\/alzira.es\/wp-content\/uploads\/2022\/01\/Mural_5-300x300.jpg 300w, https:\/\/alzira.es\/wp-content\/uploads\/2022\/01\/Mural_5-100x100.jpg 100w\" data-sizes=\"100vw\" src=\"data:image\/svg+xml;base64,PHN2ZyB3aWR0aD0iMSIgaGVpZ2h0PSIxIiB4bWxucz0iaHR0cDovL3d3dy53My5vcmcvMjAwMC9zdmciPjwvc3ZnPg==\" style=\"--smush-placeholder-width: 350px; --smush-placeholder-aspect-ratio: 350\/350;\" \/><\/a>\n\t\t\t<\/div>\n\t\t\t\t<figcaption class='wp-caption-text gallery-caption' id='gallery-2-111818'>\n\t\t\t\tFoto_Mural_1\n\t\t\t\t<\/figcaption><\/figure><figure class='gallery-item'>\n\t\t\t<div class='gallery-icon landscape'>\n\t\t\t\t<a href='https:\/\/alzira.es\/es\/servicios-municipales\/urbanismo-e-infraestructuras\/12-documentacion-anexa-concurso-jardin-luis-suner\/bty-10-2\/'><img decoding=\"async\" width=\"350\" height=\"350\" data-src=\"https:\/\/alzira.es\/wp-content\/uploads\/2022\/01\/mural_4-350x350.jpg\" class=\"attachment-thumbnail size-thumbnail lazyload\" alt=\"\" aria-describedby=\"gallery-2-111816\" data-srcset=\"https:\/\/alzira.es\/wp-content\/uploads\/2022\/01\/mural_4-350x350.jpg 350w, https:\/\/alzira.es\/wp-content\/uploads\/2022\/01\/mural_4-300x300.jpg 300w, https:\/\/alzira.es\/wp-content\/uploads\/2022\/01\/mural_4-100x100.jpg 100w\" data-sizes=\"100vw\" src=\"data:image\/svg+xml;base64,PHN2ZyB3aWR0aD0iMSIgaGVpZ2h0PSIxIiB4bWxucz0iaHR0cDovL3d3dy53My5vcmcvMjAwMC9zdmciPjwvc3ZnPg==\" style=\"--smush-placeholder-width: 350px; --smush-placeholder-aspect-ratio: 350\/350;\" \/><\/a>\n\t\t\t<\/div>\n\t\t\t\t<figcaption class='wp-caption-text gallery-caption' id='gallery-2-111816'>\n\t\t\t\tFoto_Mural_2\n\t\t\t\t<\/figcaption><\/figure><figure class='gallery-item'>\n\t\t\t<div class='gallery-icon portrait'>\n\t\t\t\t<a href='https:\/\/alzira.es\/es\/servicios-municipales\/urbanismo-e-infraestructuras\/12-documentacion-anexa-concurso-jardin-luis-suner\/bty-9-2\/'><img decoding=\"async\" width=\"350\" height=\"350\" data-src=\"https:\/\/alzira.es\/wp-content\/uploads\/2022\/01\/mural_3-350x350.jpg\" class=\"attachment-thumbnail size-thumbnail lazyload\" alt=\"\" aria-describedby=\"gallery-2-111814\" data-srcset=\"https:\/\/alzira.es\/wp-content\/uploads\/2022\/01\/mural_3-350x350.jpg 350w, https:\/\/alzira.es\/wp-content\/uploads\/2022\/01\/mural_3-300x300.jpg 300w, https:\/\/alzira.es\/wp-content\/uploads\/2022\/01\/mural_3-100x100.jpg 100w\" data-sizes=\"100vw\" src=\"data:image\/svg+xml;base64,PHN2ZyB3aWR0aD0iMSIgaGVpZ2h0PSIxIiB4bWxucz0iaHR0cDovL3d3dy53My5vcmcvMjAwMC9zdmciPjwvc3ZnPg==\" style=\"--smush-placeholder-width: 350px; --smush-placeholder-aspect-ratio: 350\/350;\" \/><\/a>\n\t\t\t<\/div>\n\t\t\t\t<figcaption class='wp-caption-text gallery-caption' id='gallery-2-111814'>\n\t\t\t\tFoto_Mural_3\n\t\t\t\t<\/figcaption><\/figure><figure class='gallery-item'>\n\t\t\t<div class='gallery-icon landscape'>\n\t\t\t\t<a href='https:\/\/alzira.es\/es\/servicios-municipales\/urbanismo-e-infraestructuras\/12-documentacion-anexa-concurso-jardin-luis-suner\/bty-8-2\/'><img decoding=\"async\" width=\"350\" height=\"350\" data-src=\"https:\/\/alzira.es\/wp-content\/uploads\/2022\/01\/mural_2-350x350.jpg\" class=\"attachment-thumbnail size-thumbnail lazyload\" alt=\"\" aria-describedby=\"gallery-2-111812\" data-srcset=\"https:\/\/alzira.es\/wp-content\/uploads\/2022\/01\/mural_2-350x350.jpg 350w, https:\/\/alzira.es\/wp-content\/uploads\/2022\/01\/mural_2-300x300.jpg 300w, https:\/\/alzira.es\/wp-content\/uploads\/2022\/01\/mural_2-100x100.jpg 100w\" data-sizes=\"100vw\" src=\"data:image\/svg+xml;base64,PHN2ZyB3aWR0aD0iMSIgaGVpZ2h0PSIxIiB4bWxucz0iaHR0cDovL3d3dy53My5vcmcvMjAwMC9zdmciPjwvc3ZnPg==\" style=\"--smush-placeholder-width: 350px; --smush-placeholder-aspect-ratio: 350\/350;\" \/><\/a>\n\t\t\t<\/div>\n\t\t\t\t<figcaption class='wp-caption-text gallery-caption' id='gallery-2-111812'>\n\t\t\t\tFoto_Mural_4\n\t\t\t\t<\/figcaption><\/figure><figure class='gallery-item'>\n\t\t\t<div class='gallery-icon landscape'>\n\t\t\t\t<a href='https:\/\/alzira.es\/es\/servicios-municipales\/urbanismo-e-infraestructuras\/12-documentacion-anexa-concurso-jardin-luis-suner\/bty-7-2\/'><img decoding=\"async\" width=\"350\" height=\"350\" data-src=\"https:\/\/alzira.es\/wp-content\/uploads\/2022\/01\/mural_1-350x350.jpg\" class=\"attachment-thumbnail size-thumbnail lazyload\" alt=\"\" aria-describedby=\"gallery-2-111810\" data-srcset=\"https:\/\/alzira.es\/wp-content\/uploads\/2022\/01\/mural_1-350x350.jpg 350w, https:\/\/alzira.es\/wp-content\/uploads\/2022\/01\/mural_1-300x300.jpg 300w, https:\/\/alzira.es\/wp-content\/uploads\/2022\/01\/mural_1-100x100.jpg 100w\" data-sizes=\"100vw\" src=\"data:image\/svg+xml;base64,PHN2ZyB3aWR0aD0iMSIgaGVpZ2h0PSIxIiB4bWxucz0iaHR0cDovL3d3dy53My5vcmcvMjAwMC9zdmciPjwvc3ZnPg==\" style=\"--smush-placeholder-width: 350px; --smush-placeholder-aspect-ratio: 350\/350;\" \/><\/a>\n\t\t\t<\/div>\n\t\t\t\t<figcaption class='wp-caption-text gallery-caption' id='gallery-2-111810'>\n\t\t\t\tFoto_Mural_5\n\t\t\t\t<\/figcaption><\/figure>\n\t\t<\/div>\n<\/li><\/ul><\/li><\/ul><ul><li>3.- Fotos Monolito<\/li><li><div id='gallery-3' class='gallery galleryid-114579 gallery-columns-5 gallery-size-thumbnail'><figure class='gallery-item'>\n\t\t\t<div class='gallery-icon portrait'>\n\t\t\t\t<a href='https:\/\/alzira.es\/es\/bty-17-2\/'><img decoding=\"async\" width=\"350\" height=\"350\" data-src=\"https:\/\/alzira.es\/wp-content\/uploads\/2022\/01\/busto-1-350x350.jpg\" class=\"attachment-thumbnail size-thumbnail lazyload\" alt=\"\" aria-describedby=\"gallery-3-113994\" data-srcset=\"https:\/\/alzira.es\/wp-content\/uploads\/2022\/01\/busto-1-350x350.jpg 350w, https:\/\/alzira.es\/wp-content\/uploads\/2022\/01\/busto-1-300x300.jpg 300w, https:\/\/alzira.es\/wp-content\/uploads\/2022\/01\/busto-1-100x100.jpg 100w\" data-sizes=\"100vw\" src=\"data:image\/svg+xml;base64,PHN2ZyB3aWR0aD0iMSIgaGVpZ2h0PSIxIiB4bWxucz0iaHR0cDovL3d3dy53My5vcmcvMjAwMC9zdmciPjwvc3ZnPg==\" style=\"--smush-placeholder-width: 350px; --smush-placeholder-aspect-ratio: 350\/350;\" \/><\/a>\n\t\t\t<\/div>\n\t\t\t\t<figcaption class='wp-caption-text gallery-caption' id='gallery-3-113994'>\n\t\t\t\tMonolito\n\t\t\t\t<\/figcaption><\/figure><figure class='gallery-item'>\n\t\t\t<div class='gallery-icon portrait'>\n\t\t\t\t<a href='https:\/\/alzira.es\/es\/bty-16-2\/'><img decoding=\"async\" width=\"350\" height=\"350\" data-src=\"https:\/\/alzira.es\/wp-content\/uploads\/2022\/01\/monolito-trasera-1-350x350.jpg\" class=\"attachment-thumbnail size-thumbnail lazyload\" alt=\"\" aria-describedby=\"gallery-3-113992\" data-srcset=\"https:\/\/alzira.es\/wp-content\/uploads\/2022\/01\/monolito-trasera-1-350x350.jpg 350w, https:\/\/alzira.es\/wp-content\/uploads\/2022\/01\/monolito-trasera-1-300x300.jpg 300w, https:\/\/alzira.es\/wp-content\/uploads\/2022\/01\/monolito-trasera-1-100x100.jpg 100w\" data-sizes=\"100vw\" src=\"data:image\/svg+xml;base64,PHN2ZyB3aWR0aD0iMSIgaGVpZ2h0PSIxIiB4bWxucz0iaHR0cDovL3d3dy53My5vcmcvMjAwMC9zdmciPjwvc3ZnPg==\" style=\"--smush-placeholder-width: 350px; --smush-placeholder-aspect-ratio: 350\/350;\" \/><\/a>\n\t\t\t<\/div>\n\t\t\t\t<figcaption class='wp-caption-text gallery-caption' id='gallery-3-113992'>\n\t\t\t\tMonolito\n\t\t\t\t<\/figcaption><\/figure><figure class='gallery-item'>\n\t\t\t<div class='gallery-icon portrait'>\n\t\t\t\t<a href='https:\/\/alzira.es\/es\/bty-15-2\/'><img decoding=\"async\" width=\"350\" height=\"350\" data-src=\"https:\/\/alzira.es\/wp-content\/uploads\/2022\/01\/monolito-lateral_2-1-350x350.jpg\" class=\"attachment-thumbnail size-thumbnail lazyload\" alt=\"\" aria-describedby=\"gallery-3-113990\" data-srcset=\"https:\/\/alzira.es\/wp-content\/uploads\/2022\/01\/monolito-lateral_2-1-350x350.jpg 350w, https:\/\/alzira.es\/wp-content\/uploads\/2022\/01\/monolito-lateral_2-1-300x300.jpg 300w, https:\/\/alzira.es\/wp-content\/uploads\/2022\/01\/monolito-lateral_2-1-100x100.jpg 100w\" data-sizes=\"100vw\" src=\"data:image\/svg+xml;base64,PHN2ZyB3aWR0aD0iMSIgaGVpZ2h0PSIxIiB4bWxucz0iaHR0cDovL3d3dy53My5vcmcvMjAwMC9zdmciPjwvc3ZnPg==\" style=\"--smush-placeholder-width: 350px; --smush-placeholder-aspect-ratio: 350\/350;\" \/><\/a>\n\t\t\t<\/div>\n\t\t\t\t<figcaption class='wp-caption-text gallery-caption' id='gallery-3-113990'>\n\t\t\t\tMonolito\n\t\t\t\t<\/figcaption><\/figure><figure class='gallery-item'>\n\t\t\t<div class='gallery-icon portrait'>\n\t\t\t\t<a href='https:\/\/alzira.es\/es\/bty-13-2\/'><img decoding=\"async\" width=\"350\" height=\"350\" data-src=\"https:\/\/alzira.es\/wp-content\/uploads\/2022\/01\/monolito-frontal-1-350x350.jpg\" class=\"attachment-thumbnail size-thumbnail lazyload\" alt=\"\" aria-describedby=\"gallery-3-113986\" data-srcset=\"https:\/\/alzira.es\/wp-content\/uploads\/2022\/01\/monolito-frontal-1-350x350.jpg 350w, https:\/\/alzira.es\/wp-content\/uploads\/2022\/01\/monolito-frontal-1-300x300.jpg 300w, https:\/\/alzira.es\/wp-content\/uploads\/2022\/01\/monolito-frontal-1-100x100.jpg 100w\" data-sizes=\"100vw\" src=\"data:image\/svg+xml;base64,PHN2ZyB3aWR0aD0iMSIgaGVpZ2h0PSIxIiB4bWxucz0iaHR0cDovL3d3dy53My5vcmcvMjAwMC9zdmciPjwvc3ZnPg==\" style=\"--smush-placeholder-width: 350px; --smush-placeholder-aspect-ratio: 350\/350;\" \/><\/a>\n\t\t\t<\/div>\n\t\t\t\t<figcaption class='wp-caption-text gallery-caption' id='gallery-3-113986'>\n\t\t\t\tMonolito\n\t\t\t\t<\/figcaption><\/figure><figure class='gallery-item'>\n\t\t\t<div class='gallery-icon portrait'>\n\t\t\t\t<a href='https:\/\/alzira.es\/es\/bty-14-2\/'><img decoding=\"async\" width=\"350\" height=\"350\" data-src=\"https:\/\/alzira.es\/wp-content\/uploads\/2022\/01\/monolito-lateral_1-2-350x350.jpg\" class=\"attachment-thumbnail size-thumbnail lazyload\" alt=\"\" aria-describedby=\"gallery-3-113988\" data-srcset=\"https:\/\/alzira.es\/wp-content\/uploads\/2022\/01\/monolito-lateral_1-2-350x350.jpg 350w, https:\/\/alzira.es\/wp-content\/uploads\/2022\/01\/monolito-lateral_1-2-300x300.jpg 300w, https:\/\/alzira.es\/wp-content\/uploads\/2022\/01\/monolito-lateral_1-2-100x100.jpg 100w\" data-sizes=\"100vw\" src=\"data:image\/svg+xml;base64,PHN2ZyB3aWR0aD0iMSIgaGVpZ2h0PSIxIiB4bWxucz0iaHR0cDovL3d3dy53My5vcmcvMjAwMC9zdmciPjwvc3ZnPg==\" style=\"--smush-placeholder-width: 350px; --smush-placeholder-aspect-ratio: 350\/350;\" \/><\/a>\n\t\t\t<\/div>\n\t\t\t\t<figcaption class='wp-caption-text gallery-caption' id='gallery-3-113988'>\n\t\t\t\tMonolito\n\t\t\t\t<\/figcaption><\/figure>\n\t\t<\/div>\n<\/li><\/ul><figure><\/figure><ul><li>4.- Fotos Escudo:<\/li><li><figure id=\"attachment_111822\" aria-describedby=\"caption-attachment-111822\" style=\"width: 328px\" class=\"wp-caption alignnone\"><img decoding=\"async\" data-src=\"https:\/\/alzira.es\/wp-content\/uploads\/2022\/01\/escudo-680x510.jpg\" alt=\"\" width=\"328\" height=\"246\" src=\"data:image\/svg+xml;base64,PHN2ZyB3aWR0aD0iMSIgaGVpZ2h0PSIxIiB4bWxucz0iaHR0cDovL3d3dy53My5vcmcvMjAwMC9zdmciPjwvc3ZnPg==\" class=\"lazyload\" style=\"--smush-placeholder-width: 328px; --smush-placeholder-aspect-ratio: 328\/246;\" \/><figcaption id=\"caption-attachment-111822\" class=\"wp-caption-text\">foto escudo<\/figcaption><\/figure><\/li><\/ul><ul><li>5.- Documentos PDF:<ul><li style=\"list-style-type: none;\"><ul><li><a href=\"https:\/\/alzira.es\/wp-content\/uploads\/2022\/01\/01-SITUACION-1.pdf\" target=\"_blank\" rel=\"noopener\">Situaci\u00f3n<\/a><\/li><li><a href=\"https:\/\/alzira.es\/wp-content\/uploads\/2022\/01\/02-MURAL-1.pdf\" target=\"_blank\" rel=\"noopener\">Mural<\/a><\/li><li><a href=\"https:\/\/alzira.es\/wp-content\/uploads\/2022\/01\/03-MONOLITO-1.pdf\" target=\"_blank\" rel=\"noopener\">Monolito<\/a><\/li><li><a href=\"https:\/\/alzira.es\/wp-content\/uploads\/2022\/01\/04-ESCUDO-1.pdf\" target=\"_blank\" rel=\"noopener\">Escudo<\/a><\/li><\/ul><\/li><\/ul><\/li><\/ul><ul><li>6.- Documentos DWG:<ul><li style=\"list-style-type: none;\"><ul><li style=\"list-style-type: none;\"><ul><li><a href=\"https:\/\/we.tl\/t-IRKn2vLUXD\" target=\"_blank\" rel=\"noopener\">Situaci\u00f3n<\/a><\/li><li><a href=\"https:\/\/we.tl\/t-DZo3RpT2Km\" target=\"_blank\" rel=\"noopener\">Mural; Monolito; Escudo<\/a><\/li><\/ul><\/li><\/ul><\/li><\/ul><\/li><\/ul>\t\t\t\t\t\t\t\t<\/div>\n\t\t\t\t<\/div>\n\t\t\t\t\t<\/div>\n\t\t<\/div>\n\t\t\t\t\t<\/div>\n\t\t<\/section>\n\t\t\t\t<\/div>\n\t\t","protected":false},"excerpt":{"rendered":"<p>Gesti\u00f3n del Territorio inicia&nbsp; un Concurso de Ideas \u00abDise\u00f1o Arquitect\u00f3nico Jard\u00edn Memorial Luis Su\u00f1er Sanchis\u00bb &nbsp; El \u00c1rea de Gesti\u00f3n del Territorio del Ayuntamiento de Alzira ha aprobado la convocatoria de un concurso de ideas para el dise\u00f1o arquitect\u00f3nico del jard\u00edn &#8216;Memorial Luis Su\u00f1er Sanchis&#8217;, que ocupar\u00e1 el espacio de la avenida Luis Su\u00f1er&nbsp;tras la &hellip; <\/p>\n<p class=\"link-more\"><a href=\"https:\/\/alzira.es\/es\/servicios-municipales\/urbanismo-e-infraestructuras\/12-documentacion-anexa-concurso-jardin-luis-suner\/\" class=\"more-link\">Continuar leyendo<span class=\"screen-reader-text\"> \u00ab12. Documentacion Anexa Concurso Jard\u00edn Luis Su\u00f1er\u00bb<\/span><\/a><\/p>\n","protected":false},"author":16,"featured_media":0,"parent":87644,"menu_order":0,"comment_status":"closed","ping_status":"closed","template":"","meta":{"_acf_changed":false,"footnotes":""},"class_list":["post-114579","page","type-page","status-publish","hentry"],"acf":[],"_links":{"self":[{"href":"https:\/\/alzira.es\/es\/wp-json\/wp\/v2\/pages\/114579","targetHints":{"allow":["GET"]}}],"collection":[{"href":"https:\/\/alzira.es\/es\/wp-json\/wp\/v2\/pages"}],"about":[{"href":"https:\/\/alzira.es\/es\/wp-json\/wp\/v2\/types\/page"}],"author":[{"embeddable":true,"href":"https:\/\/alzira.es\/es\/wp-json\/wp\/v2\/users\/16"}],"replies":[{"embeddable":true,"href":"https:\/\/alzira.es\/es\/wp-json\/wp\/v2\/comments?post=114579"}],"version-history":[{"count":2,"href":"https:\/\/alzira.es\/es\/wp-json\/wp\/v2\/pages\/114579\/revisions"}],"predecessor-version":[{"id":118764,"href":"https:\/\/alzira.es\/es\/wp-json\/wp\/v2\/pages\/114579\/revisions\/118764"}],"up":[{"embeddable":true,"href":"https:\/\/alzira.es\/es\/wp-json\/wp\/v2\/pages\/87644"}],"wp:attachment":[{"href":"https:\/\/alzira.es\/es\/wp-json\/wp\/v2\/media?parent=114579"}],"curies":[{"name":"wp","href":"https:\/\/api.w.org\/{rel}","templated":true}]}}