{"id":113719,"date":"2022-01-26T17:23:55","date_gmt":"2022-01-26T16:23:55","guid":{"rendered":"https:\/\/alzira.es\/servicios-municipales\/recursos-humanos\/empleo-temporal\/convocatoria-03-2022-provision-temporal-en-mejora-de-la-ocupacion-o-adscripcion-provisional-por-concurso-de-meritos\/"},"modified":"2022-03-28T11:37:26","modified_gmt":"2022-03-28T09:37:26","slug":"convocatoria-03-2022-provision-temporal-en-mejora-de-la-ocupacion-o-adscripcion-provisional-por-concurso-de-meritos","status":"publish","type":"page","link":"https:\/\/alzira.es\/es\/servicios-municipales\/recursos-humanos\/empleo-temporal\/convocatoria-03-2022-provision-temporal-en-mejora-de-la-ocupacion-o-adscripcion-provisional-por-concurso-de-meritos\/","title":{"rendered":"Convocatoria 03\/2022 &#8211; Provisi\u00f3n temporal en mejora de la ocupaci\u00f3n o adscripci\u00f3n provisional por concurso de m\u00e9ritos"},"content":{"rendered":"<p><span style=\"color: #993300;\">Rectificaci\u00f3n de nombramiento publicado (28\/03\/2022) &#8211; Decreto de nombramiento (24\/03\/2022)<\/span><\/p>\n<p><strong>DOCUMENTOS DEL EXPEDIENTE:<\/strong><\/p>\n\n\n<div class=\"wp-block-columns is-layout-flex wp-container-core-columns-is-layout-9d6595d7 wp-block-columns-is-layout-flex\">\n<div class=\"wp-block-column is-layout-flow wp-block-column-is-layout-flow\" style=\"flex-basis:100%\">\n<div class=\"wp-block-group\"><div class=\"wp-block-group__inner-container is-layout-flow wp-block-group-is-layout-flow\">\n<div class=\"wp-block-columns is-layout-flex wp-container-core-columns-is-layout-9d6595d7 wp-block-columns-is-layout-flex\">\n<div class=\"wp-block-column is-layout-flow wp-block-column-is-layout-flow\" style=\"flex-basis:100%\">\n<figure class=\"wp-block-table is-style-regular\"><table><tbody><tr><td><strong>Nombre Fichero<\/strong><\/td><\/tr><tr><td><a href=\"https:\/\/alzira.es\/wp-content\/uploads\/2022\/03\/Decret-rectificacio-nomenament-del-personal.pdf\" target=\"_blank\" rel=\"noreferrer noopener\">Decreto: Rectificaci\u00f3n nombramiento<\/a><\/td><\/tr><tr><td><a href=\"https:\/\/alzira.es\/wp-content\/uploads\/2022\/03\/Decret-nomenament-del-personal.pdf\">Decreto: Nombramiento<\/a><\/td><\/tr><tr><td><a href=\"https:\/\/alzira.es\/wp-content\/uploads\/2022\/03\/Acta-2-Valoracio-definitiva-de-merits.pdf\" target=\"_blank\" rel=\"noreferrer noopener\">Acta N\u00ba2: Valoraci\u00f3n definitiva de m\u00e9ritos<\/a><\/td><\/tr><tr><td><a href=\"https:\/\/alzira.es\/wp-content\/uploads\/2022\/03\/Acta-1-Entrevista-i-valoracio-merits-1.pdf\" target=\"_blank\" rel=\"noreferrer noopener\">Acta N\u00ba1: Entrevista y valoraci\u00f3n provisional m\u00e9ritos<\/a><\/td><\/tr><tr><td><a href=\"https:\/\/alzira.es\/wp-content\/uploads\/2022\/02\/Decret-llistat-provisional-i-data-entrevista-1.pdf\" target=\"_blank\" rel=\"noreferrer noopener\">Listado provisional y fecha entrevista<\/a><\/td><\/tr><tr><td><a href=\"https:\/\/alzira.es\/wp-content\/uploads\/2022\/02\/Autobaremacio-03-2022-3.xlsx\" target=\"_blank\" rel=\"noreferrer noopener\">Autobaremaci\u00f3n<\/a><\/td><\/tr><tr><td><a href=\"https:\/\/alzira.es\/wp-content\/uploads\/2022\/01\/Certificat-Acord-Conv-Diversos-Llocs-intern.pdf\" target=\"_blank\" rel=\"noreferrer noopener\">Bases espec\u00edficas<\/a><\/td><\/tr><\/tbody><\/table><\/figure>\n<\/div>\n<\/div>\n<\/div><\/div>\n<\/div>\n<\/div>\n","protected":false},"excerpt":{"rendered":"<p>Rectificaci\u00f3n de nombramiento publicado (28\/03\/2022) &#8211; Decreto de nombramiento (24\/03\/2022) DOCUMENTOS DEL EXPEDIENTE: Nombre Fichero Decreto: Rectificaci\u00f3n nombramiento Decreto: Nombramiento Acta N\u00ba2: Valoraci\u00f3n definitiva de m\u00e9ritos Acta N\u00ba1: Entrevista y valoraci\u00f3n provisional m\u00e9ritos Listado provisional y fecha entrevista Autobaremaci\u00f3n Bases espec\u00edficas<\/p>\n","protected":false},"author":29,"featured_media":0,"parent":105760,"menu_order":0,"comment_status":"closed","ping_status":"closed","template":"","meta":{"_acf_changed":false,"footnotes":""},"class_list":["post-113719","page","type-page","status-publish","hentry"],"acf":[],"_links":{"self":[{"href":"https:\/\/alzira.es\/es\/wp-json\/wp\/v2\/pages\/113719","targetHints":{"allow":["GET"]}}],"collection":[{"href":"https:\/\/alzira.es\/es\/wp-json\/wp\/v2\/pages"}],"about":[{"href":"https:\/\/alzira.es\/es\/wp-json\/wp\/v2\/types\/page"}],"author":[{"embeddable":true,"href":"https:\/\/alzira.es\/es\/wp-json\/wp\/v2\/users\/29"}],"replies":[{"embeddable":true,"href":"https:\/\/alzira.es\/es\/wp-json\/wp\/v2\/comments?post=113719"}],"version-history":[{"count":2,"href":"https:\/\/alzira.es\/es\/wp-json\/wp\/v2\/pages\/113719\/revisions"}],"predecessor-version":[{"id":118256,"href":"https:\/\/alzira.es\/es\/wp-json\/wp\/v2\/pages\/113719\/revisions\/118256"}],"up":[{"embeddable":true,"href":"https:\/\/alzira.es\/es\/wp-json\/wp\/v2\/pages\/105760"}],"wp:attachment":[{"href":"https:\/\/alzira.es\/es\/wp-json\/wp\/v2\/media?parent=113719"}],"curies":[{"name":"wp","href":"https:\/\/api.w.org\/{rel}","templated":true}]}}