{"id":113547,"date":"2022-01-26T10:15:57","date_gmt":"2022-01-26T09:15:57","guid":{"rendered":"https:\/\/alzira.es\/?page_id=113547"},"modified":"2022-02-15T11:58:18","modified_gmt":"2022-02-15T10:58:18","slug":"contacta-urbanismo","status":"publish","type":"page","link":"https:\/\/alzira.es\/es\/servicios-municipales\/urbanismo-e-infraestructuras\/contacta-urbanismo\/","title":{"rendered":"Contacta con nosotros URBANISMO"},"content":{"rendered":"\t\t<div data-elementor-type=\"wp-page\" data-elementor-id=\"113547\" class=\"elementor elementor-113547\">\n\t\t\t\t\t\t<section class=\"elementor-section elementor-top-section elementor-element elementor-element-0425278 elementor-section-boxed elementor-section-height-default elementor-section-height-default\" data-id=\"0425278\" data-element_type=\"section\">\n\t\t\t\t\t\t<div class=\"elementor-container elementor-column-gap-default\">\n\t\t\t\t\t<div class=\"elementor-column elementor-col-50 elementor-top-column elementor-element elementor-element-23fea51\" data-id=\"23fea51\" data-element_type=\"column\">\n\t\t\t<div class=\"elementor-widget-wrap elementor-element-populated\">\n\t\t\t\t\t\t<div class=\"elementor-element elementor-element-d2228de elementor-widget elementor-widget-text-editor\" data-id=\"d2228de\" data-element_type=\"widget\" data-widget_type=\"text-editor.default\">\n\t\t\t\t<div class=\"elementor-widget-container\">\n\t\t\t\t\t\t\t\t\t<p><img fetchpriority=\"high\" decoding=\"async\" class=\" wp-image-113549 aligncenter\" src=\"https:\/\/alzira.es\/wp-content\/uploads\/2022\/01\/Oficinas_Urbanismo-680x510.jpg\" alt=\"\" width=\"486\" height=\"364\" srcset=\"https:\/\/alzira.es\/wp-content\/uploads\/2022\/01\/Oficinas_Urbanismo-680x510.jpg 680w, https:\/\/alzira.es\/wp-content\/uploads\/2022\/01\/Oficinas_Urbanismo-768x576.jpg 768w, https:\/\/alzira.es\/wp-content\/uploads\/2022\/01\/Oficinas_Urbanismo.jpg 1280w\" sizes=\"(max-width: 486px) 100vw, 486px\" \/><\/p><p>\u00a0<\/p><p>Con el objetivo de prestar los servicios municipales con todas las garant\u00edas de seguridad y calidad, mejorar la eficiencia y evitar las aglomeraciones, se recomienda la atenci\u00f3n telef\u00f3nica (960 704 348 ) o electr\u00f3nica (<a href=\"mailto:oficina.clau@alzira.es\">oficina.clau@alzira.es<\/a>).<\/p><p>\u00a0Para aquellos casos en los que sea necesaria la atenci\u00f3n presencial (de lunes a viernes, de 12:00 a 14:00), deber\u00e1 reservar cita previa. Se recomienda personarse en la 4\u00aa planta del Edificio Consistorial \u00fanicamente unos minutos antes de la hora indicada.\u00a0<\/p><p>\u00a0<\/p><p>\u00a0<\/p>\t\t\t\t\t\t\t\t<\/div>\n\t\t\t\t<\/div>\n\t\t\t\t\t<\/div>\n\t\t<\/div>\n\t\t\t\t<div class=\"elementor-column elementor-col-50 elementor-top-column elementor-element elementor-element-ce563c0\" data-id=\"ce563c0\" data-element_type=\"column\">\n\t\t\t<div class=\"elementor-widget-wrap elementor-element-populated\">\n\t\t\t\t\t\t<div class=\"elementor-element elementor-element-11d0078 elementor-widget elementor-widget-image\" data-id=\"11d0078\" data-element_type=\"widget\" data-widget_type=\"image.default\">\n\t\t\t\t<div class=\"elementor-widget-container\">\n\t\t\t\t\t\t\t\t\t\t\t\t\t\t\t\t<a href=\"https:\/\/app.bookitit.com\/es\/hosteds\/widgetdefault\/2a9d5c54bee1f396ef9097b072851b942\/bktall\/bkt201751#services\" target=\"_blank\">\n\t\t\t\t\t\t\t<img decoding=\"async\" width=\"185\" height=\"185\" data-src=\"https:\/\/alzira.es\/wp-content\/uploads\/2021\/11\/CLAU_cita_previa.png\" class=\"attachment-full size-full wp-image-105385 lazyload\" alt=\"\" data-srcset=\"https:\/\/alzira.es\/wp-content\/uploads\/2021\/11\/CLAU_cita_previa.png 185w, https:\/\/alzira.es\/wp-content\/uploads\/2021\/11\/CLAU_cita_previa-100x100.png 100w\" data-sizes=\"100vw\" src=\"data:image\/svg+xml;base64,PHN2ZyB3aWR0aD0iMSIgaGVpZ2h0PSIxIiB4bWxucz0iaHR0cDovL3d3dy53My5vcmcvMjAwMC9zdmciPjwvc3ZnPg==\" style=\"--smush-placeholder-width: 185px; --smush-placeholder-aspect-ratio: 185\/185;\" \/>\t\t\t\t\t\t\t\t<\/a>\n\t\t\t\t\t\t\t\t\t\t\t\t\t\t\t<\/div>\n\t\t\t\t<\/div>\n\t\t\t\t<div class=\"elementor-element elementor-element-a492c0f elementor-widget elementor-widget-heading\" data-id=\"a492c0f\" data-element_type=\"widget\" data-widget_type=\"heading.default\">\n\t\t\t\t<div class=\"elementor-widget-container\">\n\t\t\t\t\t<h5 class=\"elementor-heading-title elementor-size-default\"><a href=\"https:\/\/app.bookitit.com\/es\/hosteds\/widgetdefault\/2a9d5c54bee1f396ef9097b072851b942\/bktall\/bkt201751#services\" target=\"_blank\">Cita previa<\/a><\/h5>\t\t\t\t<\/div>\n\t\t\t\t<\/div>\n\t\t\t\t\t<\/div>\n\t\t<\/div>\n\t\t\t\t\t<\/div>\n\t\t<\/section>\n\t\t\t\t<section class=\"elementor-section elementor-top-section elementor-element elementor-element-ba93f49 elementor-section-boxed elementor-section-height-default elementor-section-height-default\" data-id=\"ba93f49\" data-element_type=\"section\">\n\t\t\t\t\t\t<div class=\"elementor-container elementor-column-gap-default\">\n\t\t\t\t\t<div class=\"elementor-column elementor-col-100 elementor-top-column elementor-element elementor-element-c55ecf2\" data-id=\"c55ecf2\" data-element_type=\"column\">\n\t\t\t<div class=\"elementor-widget-wrap elementor-element-populated\">\n\t\t\t\t\t\t<div class=\"elementor-element elementor-element-db5ee95 elementor-widget elementor-widget-text-editor\" data-id=\"db5ee95\" data-element_type=\"widget\" data-widget_type=\"text-editor.default\">\n\t\t\t\t<div class=\"elementor-widget-container\">\n\t\t\t\t\t\t\t\t\t<h2>\u00a0INFORMACI\u00d3N GENERAL<\/h2>\t\t\t\t\t\t\t\t<\/div>\n\t\t\t\t<\/div>\n\t\t\t\t\t<\/div>\n\t\t<\/div>\n\t\t\t\t\t<\/div>\n\t\t<\/section>\n\t\t\t\t<section class=\"elementor-section elementor-top-section elementor-element elementor-element-16024b7 elementor-section-boxed elementor-section-height-default elementor-section-height-default\" data-id=\"16024b7\" data-element_type=\"section\">\n\t\t\t\t\t\t<div class=\"elementor-container elementor-column-gap-default\">\n\t\t\t\t\t<div class=\"elementor-column elementor-col-25 elementor-top-column elementor-element elementor-element-62af423\" data-id=\"62af423\" data-element_type=\"column\">\n\t\t\t<div class=\"elementor-widget-wrap elementor-element-populated\">\n\t\t\t\t\t\t<div class=\"elementor-element elementor-element-2a3108e elementor-view-default elementor-widget elementor-widget-icon\" data-id=\"2a3108e\" data-element_type=\"widget\" data-widget_type=\"icon.default\">\n\t\t\t\t<div class=\"elementor-widget-container\">\n\t\t\t\t\t\t\t<div class=\"elementor-icon-wrapper\">\n\t\t\t<div class=\"elementor-icon\">\n\t\t\t<i aria-hidden=\"true\" class=\"fas fa-university\"><\/i>\t\t\t<\/div>\n\t\t<\/div>\n\t\t\t\t\t\t<\/div>\n\t\t\t\t<\/div>\n\t\t\t\t\t<\/div>\n\t\t<\/div>\n\t\t\t\t<div class=\"elementor-column elementor-col-25 elementor-top-column elementor-element elementor-element-7f88c01\" data-id=\"7f88c01\" data-element_type=\"column\">\n\t\t\t<div class=\"elementor-widget-wrap elementor-element-populated\">\n\t\t\t\t\t\t<div class=\"elementor-element elementor-element-71e7331 elementor-view-default elementor-widget elementor-widget-icon\" data-id=\"71e7331\" data-element_type=\"widget\" data-widget_type=\"icon.default\">\n\t\t\t\t<div class=\"elementor-widget-container\">\n\t\t\t\t\t\t\t<div class=\"elementor-icon-wrapper\">\n\t\t\t<div class=\"elementor-icon\">\n\t\t\t<i aria-hidden=\"true\" class=\"fas fa-phone-volume\"><\/i>\t\t\t<\/div>\n\t\t<\/div>\n\t\t\t\t\t\t<\/div>\n\t\t\t\t<\/div>\n\t\t\t\t\t<\/div>\n\t\t<\/div>\n\t\t\t\t<div class=\"elementor-column elementor-col-25 elementor-top-column elementor-element elementor-element-a192197\" data-id=\"a192197\" data-element_type=\"column\">\n\t\t\t<div class=\"elementor-widget-wrap elementor-element-populated\">\n\t\t\t\t\t\t<div class=\"elementor-element elementor-element-7d9c1de elementor-view-default elementor-widget elementor-widget-icon\" data-id=\"7d9c1de\" data-element_type=\"widget\" data-widget_type=\"icon.default\">\n\t\t\t\t<div class=\"elementor-widget-container\">\n\t\t\t\t\t\t\t<div class=\"elementor-icon-wrapper\">\n\t\t\t<a class=\"elementor-icon\" href=\"mailto:urbanisme@alzira.es\">\n\t\t\t<i aria-hidden=\"true\" class=\"fas fa-envelope\"><\/i>\t\t\t<\/a>\n\t\t<\/div>\n\t\t\t\t\t\t<\/div>\n\t\t\t\t<\/div>\n\t\t\t\t\t<\/div>\n\t\t<\/div>\n\t\t\t\t<div class=\"elementor-column elementor-col-25 elementor-top-column elementor-element elementor-element-48a9c12\" data-id=\"48a9c12\" data-element_type=\"column\">\n\t\t\t<div class=\"elementor-widget-wrap elementor-element-populated\">\n\t\t\t\t\t\t<div class=\"elementor-element elementor-element-b1b72a7 elementor-view-default elementor-widget elementor-widget-icon\" data-id=\"b1b72a7\" data-element_type=\"widget\" data-widget_type=\"icon.default\">\n\t\t\t\t<div class=\"elementor-widget-container\">\n\t\t\t\t\t\t\t<div class=\"elementor-icon-wrapper\">\n\t\t\t<div class=\"elementor-icon\">\n\t\t\t<i aria-hidden=\"true\" class=\"fas fa-history\"><\/i>\t\t\t<\/div>\n\t\t<\/div>\n\t\t\t\t\t\t<\/div>\n\t\t\t\t<\/div>\n\t\t\t\t\t<\/div>\n\t\t<\/div>\n\t\t\t\t\t<\/div>\n\t\t<\/section>\n\t\t\t\t<section class=\"elementor-section elementor-top-section elementor-element elementor-element-778c456 elementor-section-boxed elementor-section-height-default elementor-section-height-default\" data-id=\"778c456\" data-element_type=\"section\">\n\t\t\t\t\t\t<div class=\"elementor-container elementor-column-gap-default\">\n\t\t\t\t\t<div class=\"elementor-column elementor-col-25 elementor-top-column elementor-element elementor-element-65aa4d9\" data-id=\"65aa4d9\" data-element_type=\"column\">\n\t\t\t<div class=\"elementor-widget-wrap elementor-element-populated\">\n\t\t\t\t\t\t<div class=\"elementor-element elementor-element-c320eca elementor-widget elementor-widget-text-editor\" data-id=\"c320eca\" data-element_type=\"widget\" data-widget_type=\"text-editor.default\">\n\t\t\t\t<div class=\"elementor-widget-container\">\n\t\t\t\t\t\t\t\t\t<p>C\/ Sant Roc, 6<br \/>Urbanismo: 4a planta<br \/>Oficina T\u00e9cnica: 3a planta<\/p><p>EDIFICI CONSITORIAL<\/p>\t\t\t\t\t\t\t\t<\/div>\n\t\t\t\t<\/div>\n\t\t\t\t\t<\/div>\n\t\t<\/div>\n\t\t\t\t<div class=\"elementor-column elementor-col-25 elementor-top-column elementor-element elementor-element-a4fa0b6\" data-id=\"a4fa0b6\" data-element_type=\"column\">\n\t\t\t<div class=\"elementor-widget-wrap elementor-element-populated\">\n\t\t\t\t\t\t<div class=\"elementor-element elementor-element-4e48b11 elementor-widget elementor-widget-text-editor\" data-id=\"4e48b11\" data-element_type=\"widget\" data-widget_type=\"text-editor.default\">\n\t\t\t\t<div class=\"elementor-widget-container\">\n\t\t\t\t\t\t\t\t\t<p>Urbanismo: 96 245 5072<br \/>Oficina T\u00e9cnica: 96 245 9260<\/p>\t\t\t\t\t\t\t\t<\/div>\n\t\t\t\t<\/div>\n\t\t\t\t\t<\/div>\n\t\t<\/div>\n\t\t\t\t<div class=\"elementor-column elementor-col-25 elementor-top-column elementor-element elementor-element-e058e44\" data-id=\"e058e44\" data-element_type=\"column\">\n\t\t\t<div class=\"elementor-widget-wrap elementor-element-populated\">\n\t\t\t\t\t\t<div class=\"elementor-element elementor-element-4f308d8 elementor-widget elementor-widget-text-editor\" data-id=\"4f308d8\" data-element_type=\"widget\" data-widget_type=\"text-editor.default\">\n\t\t\t\t<div class=\"elementor-widget-container\">\n\t\t\t\t\t\t\t\t\t<p>urbanisme@alzira.es<\/p>\t\t\t\t\t\t\t\t<\/div>\n\t\t\t\t<\/div>\n\t\t\t\t\t<\/div>\n\t\t<\/div>\n\t\t\t\t<div class=\"elementor-column elementor-col-25 elementor-top-column elementor-element elementor-element-2e1d88d\" data-id=\"2e1d88d\" data-element_type=\"column\">\n\t\t\t<div class=\"elementor-widget-wrap elementor-element-populated\">\n\t\t\t\t\t\t<div class=\"elementor-element elementor-element-d9d0b8d elementor-widget elementor-widget-text-editor\" data-id=\"d9d0b8d\" data-element_type=\"widget\" data-widget_type=\"text-editor.default\">\n\t\t\t\t<div class=\"elementor-widget-container\">\n\t\t\t\t\t\t\t\t\t<p>Consultas Administrativas: de lunes a viernes de 9:00 a 14:00<\/p><p>Consultas T\u00e9cnicas: de lunes a viernes de 12:00 a 14:00<\/p>\t\t\t\t\t\t\t\t<\/div>\n\t\t\t\t<\/div>\n\t\t\t\t\t<\/div>\n\t\t<\/div>\n\t\t\t\t\t<\/div>\n\t\t<\/section>\n\t\t\t\t<\/div>\n\t\t","protected":false},"excerpt":{"rendered":"<p>\u00a0 Con el objetivo de prestar los servicios municipales con todas las garant\u00edas de seguridad y calidad, mejorar la eficiencia y evitar las aglomeraciones, se recomienda la atenci\u00f3n telef\u00f3nica (960 704 348 ) o electr\u00f3nica (oficina.clau@alzira.es). \u00a0Para aquellos casos en los que sea necesaria la atenci\u00f3n presencial (de lunes a viernes, de 12:00 a 14:00), &hellip; <\/p>\n<p class=\"link-more\"><a href=\"https:\/\/alzira.es\/es\/servicios-municipales\/urbanismo-e-infraestructuras\/contacta-urbanismo\/\" class=\"more-link\">Continuar leyendo<span class=\"screen-reader-text\"> \u00abContacta con nosotros URBANISMO\u00bb<\/span><\/a><\/p>\n","protected":false},"author":16,"featured_media":0,"parent":87644,"menu_order":0,"comment_status":"closed","ping_status":"closed","template":"","meta":{"_acf_changed":false,"footnotes":""},"class_list":["post-113547","page","type-page","status-publish","hentry"],"acf":[],"_links":{"self":[{"href":"https:\/\/alzira.es\/es\/wp-json\/wp\/v2\/pages\/113547","targetHints":{"allow":["GET"]}}],"collection":[{"href":"https:\/\/alzira.es\/es\/wp-json\/wp\/v2\/pages"}],"about":[{"href":"https:\/\/alzira.es\/es\/wp-json\/wp\/v2\/types\/page"}],"author":[{"embeddable":true,"href":"https:\/\/alzira.es\/es\/wp-json\/wp\/v2\/users\/16"}],"replies":[{"embeddable":true,"href":"https:\/\/alzira.es\/es\/wp-json\/wp\/v2\/comments?post=113547"}],"version-history":[{"count":3,"href":"https:\/\/alzira.es\/es\/wp-json\/wp\/v2\/pages\/113547\/revisions"}],"predecessor-version":[{"id":115315,"href":"https:\/\/alzira.es\/es\/wp-json\/wp\/v2\/pages\/113547\/revisions\/115315"}],"up":[{"embeddable":true,"href":"https:\/\/alzira.es\/es\/wp-json\/wp\/v2\/pages\/87644"}],"wp:attachment":[{"href":"https:\/\/alzira.es\/es\/wp-json\/wp\/v2\/media?parent=113547"}],"curies":[{"name":"wp","href":"https:\/\/api.w.org\/{rel}","templated":true}]}}