{"id":113387,"date":"2022-01-25T08:44:11","date_gmt":"2022-01-25T07:44:11","guid":{"rendered":"https:\/\/alzira.es\/servicios-municipales\/urbanismo-e-infraestructuras\/noticias\/"},"modified":"2022-01-25T09:27:49","modified_gmt":"2022-01-25T08:27:49","slug":"noticias-urbanismo","status":"publish","type":"page","link":"https:\/\/alzira.es\/es\/servicios-municipales\/urbanismo-e-infraestructuras\/noticias-urbanismo\/","title":{"rendered":"Not\u00edcias"},"content":{"rendered":"\t\t<div data-elementor-type=\"wp-page\" data-elementor-id=\"113387\" class=\"elementor elementor-113387 elementor-113362\">\n\t\t\t\t\t\t<section class=\"elementor-section elementor-top-section elementor-element elementor-element-9e78b07 elementor-section-boxed elementor-section-height-default elementor-section-height-default\" data-id=\"9e78b07\" data-element_type=\"section\">\n\t\t\t\t\t\t<div class=\"elementor-container elementor-column-gap-default\">\n\t\t\t\t\t<div class=\"elementor-column elementor-col-100 elementor-top-column elementor-element elementor-element-ac76024\" data-id=\"ac76024\" data-element_type=\"column\">\n\t\t\t<div class=\"elementor-widget-wrap elementor-element-populated\">\n\t\t\t\t\t\t<div class=\"elementor-element elementor-element-2012662 tituloflechahome elementor-widget elementor-widget-heading\" data-id=\"2012662\" data-element_type=\"widget\" data-widget_type=\"heading.default\">\n\t\t\t\t<div class=\"elementor-widget-container\">\n\t\t\t\t\t<h3 class=\"elementor-heading-title elementor-size-default\"><a href=\"https:\/\/alzira.es\/es\/seccion\/cooperacion\/\">+ noticias<\/a><\/h3>\t\t\t\t<\/div>\n\t\t\t\t<\/div>\n\t\t\t\t<div class=\"elementor-element elementor-element-610aadd elementor-widget elementor-widget-shortcode\" data-id=\"610aadd\" data-element_type=\"widget\" data-widget_type=\"shortcode.default\">\n\t\t\t\t<div class=\"elementor-widget-container\">\n\t\t\t\t\t\t\t<div class=\"elementor-shortcode\"><input type=\"hidden\" id=\"numelementoscarusel\" value=\"2\"><div id=\"wrapnoticiashome\"><div id=\"articulos-recientes\"><div class=\"item-reciente\" data-position=\"1\"><h3><a href=\"https:\/\/alzira.es\/es\/la-placa-dalacant-un-nou-espai-verd-per-a-vianants\/\">La pla\u00e7a d\u2019Alacant, un nou espai verd per a vianants<\/a><\/h3><span class=\"date\">31 de marzo de 2026<\/span><p class=\"excerpt\">L'Ajuntament d\u2019Alzira, a trav\u00e9s de la Regidoria d\u2019Urbanisme, ha finalitzat l'actuaci\u00f3 de conversi\u00f3 en zona de vianants i calmat de tr\u00e0nsit en la Pla\u00e7a Alacant, amb l'objectiu de millorar la mobilitat urbana sostenible, incrementar la&hellip;<a href=\"https:\/\/alzira.es\/es\/la-placa-dalacant-un-nou-espai-verd-per-a-vianants\/\"> &hellip; <p class=\"link-more\"><a href=\"https:\/\/alzira.es\/es\/la-placa-dalacant-un-nou-espai-verd-per-a-vianants\/\" class=\"more-link\">Continuar leyendo<span class=\"screen-reader-text\"> \"La pla\u00e7a d\u2019Alacant, un nou espai verd per a vianants\"<\/span><\/a><\/p><\/a><\/p><a class=\"imagen-post-reciente\" href=\"https:\/\/alzira.es\/es\/la-placa-dalacant-un-nou-espai-verd-per-a-vianants\/\"><img fetchpriority=\"high\" decoding=\"async\" width=\"680\" height=\"383\" src=\"https:\/\/alzira.es\/wp-content\/uploads\/2026\/03\/placa_alacant-7-680x383.jpeg\" class=\"attachment-medium size-medium wp-post-image\" alt=\"\" srcset=\"https:\/\/alzira.es\/wp-content\/uploads\/2026\/03\/placa_alacant-7-680x383.jpeg 680w, https:\/\/alzira.es\/wp-content\/uploads\/2026\/03\/placa_alacant-7-1430x804.jpeg 1430w, https:\/\/alzira.es\/wp-content\/uploads\/2026\/03\/placa_alacant-7-768x432.jpeg 768w, https:\/\/alzira.es\/wp-content\/uploads\/2026\/03\/placa_alacant-7-1536x864.jpeg 1536w, https:\/\/alzira.es\/wp-content\/uploads\/2026\/03\/placa_alacant-7.jpeg 1600w\" sizes=\"100vw\" \/><\/a> <div class=\"categ\">\u00c0rea d'Urbanisme, Projectes i Infraestructures<\/div><\/div><div class=\"item-reciente\" data-position=\"2\"><a class=\"imagen-post-reciente\" href=\"https:\/\/alzira.es\/es\/finalitza-lactuacio-en-placa-dalacant\/\"><img decoding=\"async\" width=\"680\" height=\"510\" data-src=\"https:\/\/alzira.es\/wp-content\/uploads\/2026\/03\/IMG_3143-680x510.jpg\" class=\"attachment-medium size-medium wp-post-image lazyload\" alt=\"\" data-srcset=\"https:\/\/alzira.es\/wp-content\/uploads\/2026\/03\/IMG_3143-680x510.jpg 680w, https:\/\/alzira.es\/wp-content\/uploads\/2026\/03\/IMG_3143-1430x1072.jpg 1430w, https:\/\/alzira.es\/wp-content\/uploads\/2026\/03\/IMG_3143-768x576.jpg 768w, https:\/\/alzira.es\/wp-content\/uploads\/2026\/03\/IMG_3143-1536x1152.jpg 1536w, https:\/\/alzira.es\/wp-content\/uploads\/2026\/03\/IMG_3143-2048x1536.jpg 2048w\" data-sizes=\"100vw\" src=\"data:image\/svg+xml;base64,PHN2ZyB3aWR0aD0iMSIgaGVpZ2h0PSIxIiB4bWxucz0iaHR0cDovL3d3dy53My5vcmcvMjAwMC9zdmciPjwvc3ZnPg==\" style=\"--smush-placeholder-width: 680px; --smush-placeholder-aspect-ratio: 680\/510;\" \/><\/a> <div class=\"categ\">\u00c0rea d'Urbanisme, Projectes i Infraestructures<\/div><h3><a href=\"https:\/\/alzira.es\/es\/finalitza-lactuacio-en-placa-dalacant\/\">Finalitza l&#8217;actuaci\u00f3 en pla\u00e7a d&#8217;Alacant<\/a><\/h3><span class=\"date\">24 de marzo de 2026<\/span><p class=\"excerpt\">L'Ajuntament ha executat l'actuaci\u00f3 de conversi\u00f3 en zona de vianants i calmat de tr\u00e0nsit en la Pla\u00e7a Alacant, amb l'objectiu de millorar la mobilitat urbana sostenible, incrementar la seguretat vi\u00e0ria i afavorir l'\u00fas per als&hellip;<a href=\"https:\/\/alzira.es\/es\/finalitza-lactuacio-en-placa-dalacant\/\"> &hellip; <p class=\"link-more\"><a href=\"https:\/\/alzira.es\/es\/finalitza-lactuacio-en-placa-dalacant\/\" class=\"more-link\">Continuar leyendo<span class=\"screen-reader-text\"> \"Finalitza l&#8217;actuaci\u00f3 en pla\u00e7a d&#8217;Alacant\"<\/span><\/a><\/p><\/a><\/p><\/div><\/div><\/div><\/div>\n\t\t\t\t\t\t<\/div>\n\t\t\t\t<\/div>\n\t\t\t\t\t<\/div>\n\t\t<\/div>\n\t\t\t\t\t<\/div>\n\t\t<\/section>\n\t\t\t\t<\/div>\n\t\t","protected":false},"excerpt":{"rendered":"<p>+ noticias<\/p>\n","protected":false},"author":29,"featured_media":0,"parent":87644,"menu_order":0,"comment_status":"closed","ping_status":"closed","template":"","meta":{"_acf_changed":false,"footnotes":""},"class_list":["post-113387","page","type-page","status-publish","hentry"],"acf":[],"_links":{"self":[{"href":"https:\/\/alzira.es\/es\/wp-json\/wp\/v2\/pages\/113387","targetHints":{"allow":["GET"]}}],"collection":[{"href":"https:\/\/alzira.es\/es\/wp-json\/wp\/v2\/pages"}],"about":[{"href":"https:\/\/alzira.es\/es\/wp-json\/wp\/v2\/types\/page"}],"author":[{"embeddable":true,"href":"https:\/\/alzira.es\/es\/wp-json\/wp\/v2\/users\/29"}],"replies":[{"embeddable":true,"href":"https:\/\/alzira.es\/es\/wp-json\/wp\/v2\/comments?post=113387"}],"version-history":[{"count":2,"href":"https:\/\/alzira.es\/es\/wp-json\/wp\/v2\/pages\/113387\/revisions"}],"predecessor-version":[{"id":113390,"href":"https:\/\/alzira.es\/es\/wp-json\/wp\/v2\/pages\/113387\/revisions\/113390"}],"up":[{"embeddable":true,"href":"https:\/\/alzira.es\/es\/wp-json\/wp\/v2\/pages\/87644"}],"wp:attachment":[{"href":"https:\/\/alzira.es\/es\/wp-json\/wp\/v2\/media?parent=113387"}],"curies":[{"name":"wp","href":"https:\/\/api.w.org\/{rel}","templated":true}]}}