{"id":112873,"date":"2022-01-20T10:54:02","date_gmt":"2022-01-20T09:54:02","guid":{"rendered":"https:\/\/alzira.es\/patrimonio-cultural\/"},"modified":"2022-01-21T08:54:48","modified_gmt":"2022-01-21T07:54:48","slug":"patrimonio-cultural","status":"publish","type":"page","link":"https:\/\/alzira.es\/es\/servicios-municipales\/servici-demergencia-climatica-i-projectes-estrategics\/espais-naturals\/paraje-natural-murta-casella\/patrimonio-cultural\/","title":{"rendered":"Patrimonio Cultural"},"content":{"rendered":"\t\t<div data-elementor-type=\"wp-page\" data-elementor-id=\"112873\" class=\"elementor elementor-112873 elementor-112569\">\n\t\t\t\t\t\t<section class=\"elementor-section elementor-top-section elementor-element elementor-element-8c36c11 elementor-section-boxed elementor-section-height-default elementor-section-height-default\" data-id=\"8c36c11\" data-element_type=\"section\">\n\t\t\t\t\t\t<div class=\"elementor-container elementor-column-gap-default\">\n\t\t\t\t\t<div class=\"elementor-column elementor-col-100 elementor-top-column elementor-element elementor-element-3a19869\" data-id=\"3a19869\" data-element_type=\"column\">\n\t\t\t<div class=\"elementor-widget-wrap elementor-element-populated\">\n\t\t\t\t\t\t<div class=\"elementor-element elementor-element-8efebc7 elementor-widget elementor-widget-heading\" data-id=\"8efebc7\" data-element_type=\"widget\" data-widget_type=\"heading.default\">\n\t\t\t\t<div class=\"elementor-widget-container\">\n\t\t\t\t\t<h2 class=\"elementor-heading-title elementor-size-default\">Paraje Natural Municipal La Murta y la Casella<\/h2>\t\t\t\t<\/div>\n\t\t\t\t<\/div>\n\t\t\t\t\t<\/div>\n\t\t<\/div>\n\t\t\t\t\t<\/div>\n\t\t<\/section>\n\t\t\t\t<section class=\"elementor-section elementor-top-section elementor-element elementor-element-044c199 elementor-section-boxed elementor-section-height-default elementor-section-height-default\" data-id=\"044c199\" data-element_type=\"section\">\n\t\t\t\t\t\t<div class=\"elementor-container elementor-column-gap-default\">\n\t\t\t\t\t<div class=\"elementor-column elementor-col-100 elementor-top-column elementor-element elementor-element-7329d26\" data-id=\"7329d26\" data-element_type=\"column\">\n\t\t\t<div class=\"elementor-widget-wrap elementor-element-populated\">\n\t\t\t\t\t\t<div class=\"elementor-element elementor-element-600d342 elementor-widget elementor-widget-text-editor\" data-id=\"600d342\" data-element_type=\"widget\" data-widget_type=\"text-editor.default\">\n\t\t\t\t<div class=\"elementor-widget-container\">\n\t\t\t\t\t\t\t\t\t<p>El Paraje Natural Municipal La Murta y la Casella, cuenta con un interesante conjunto de patrimonio cultural, entre los que destaca la presencia del conjunto hist\u00f3rico-arquitect\u00f3nico del Monasterio de los Jer\u00f3nimos, declarado Bien de Inter\u00e9s Cultural.<\/p>\n\t\t\t\t\t\t\t\t<\/div>\n\t\t\t\t<\/div>\n\t\t\t\t\t<\/div>\n\t\t<\/div>\n\t\t\t\t\t<\/div>\n\t\t<\/section>\n\t\t\t\t<section class=\"elementor-section elementor-top-section elementor-element elementor-element-90b7b23 elementor-section-boxed elementor-section-height-default elementor-section-height-default\" data-id=\"90b7b23\" data-element_type=\"section\">\n\t\t\t\t\t\t<div class=\"elementor-container elementor-column-gap-default\">\n\t\t\t\t\t<div class=\"elementor-column elementor-col-100 elementor-top-column elementor-element elementor-element-39d3a5f\" data-id=\"39d3a5f\" data-element_type=\"column\">\n\t\t\t<div class=\"elementor-widget-wrap elementor-element-populated\">\n\t\t\t\t\t\t<div class=\"elementor-element elementor-element-b1d5c83 elementor-widget elementor-widget-spacer\" data-id=\"b1d5c83\" data-element_type=\"widget\" data-widget_type=\"spacer.default\">\n\t\t\t\t<div class=\"elementor-widget-container\">\n\t\t\t\t\t\t\t<div class=\"elementor-spacer\">\n\t\t\t<div class=\"elementor-spacer-inner\"><\/div>\n\t\t<\/div>\n\t\t\t\t\t\t<\/div>\n\t\t\t\t<\/div>\n\t\t\t\t\t<\/div>\n\t\t<\/div>\n\t\t\t\t\t<\/div>\n\t\t<\/section>\n\t\t\t\t<section class=\"elementor-section elementor-top-section elementor-element elementor-element-bdacdbf elementor-section-boxed elementor-section-height-default elementor-section-height-default\" data-id=\"bdacdbf\" data-element_type=\"section\">\n\t\t\t\t\t\t<div class=\"elementor-container elementor-column-gap-default\">\n\t\t\t\t\t<div class=\"elementor-column elementor-col-100 elementor-top-column elementor-element elementor-element-b238f3f\" data-id=\"b238f3f\" data-element_type=\"column\">\n\t\t\t<div class=\"elementor-widget-wrap elementor-element-populated\">\n\t\t\t\t\t\t<div class=\"elementor-element elementor-element-1b1b342 elementor-widget elementor-widget-heading\" data-id=\"1b1b342\" data-element_type=\"widget\" data-widget_type=\"heading.default\">\n\t\t\t\t<div class=\"elementor-widget-container\">\n\t\t\t\t\t<h2 class=\"elementor-heading-title elementor-size-default\">En la Murta<\/h2>\t\t\t\t<\/div>\n\t\t\t\t<\/div>\n\t\t\t\t\t<\/div>\n\t\t<\/div>\n\t\t\t\t\t<\/div>\n\t\t<\/section>\n\t\t\t\t<section class=\"elementor-section elementor-top-section elementor-element elementor-element-e4a4c0e elementor-section-boxed elementor-section-height-default elementor-section-height-default\" data-id=\"e4a4c0e\" data-element_type=\"section\">\n\t\t\t\t\t\t<div class=\"elementor-container elementor-column-gap-default\">\n\t\t\t\t\t<div class=\"elementor-column elementor-col-100 elementor-top-column elementor-element elementor-element-4dd1f44\" data-id=\"4dd1f44\" data-element_type=\"column\">\n\t\t\t<div class=\"elementor-widget-wrap elementor-element-populated\">\n\t\t\t\t\t\t<div class=\"elementor-element elementor-element-b596603 elementor-widget elementor-widget-text-editor\" data-id=\"b596603\" data-element_type=\"widget\" data-widget_type=\"text-editor.default\">\n\t\t\t\t<div class=\"elementor-widget-container\">\n\t\t\t\t\t\t\t\t\t<p>Las ruinas del Monasterio de los Jer\u00f3nimos de Nuestra Se\u00f1ora de La Murta, es Bien de Inter\u00e9s Cultural (BIC), y a su alrededor se encuentran:<\/p>\n<ul>\n<li>La Ermita rupestre del Mont Calvario<\/li>\n<li>La Font del Array\u00e1n, el acueducto, las balsas y el aljibe<\/li>\n<li>La ermita de Santa Marta y las pinturas murales<\/li>\n<li>El tramo de acueducto que discurre desde la almazara y cruza el barranco<\/li>\n<li>El Pont de Felipe II<\/li>\n<li>La antigua celda con grabados de escenas navales, cruces y otros motivos<\/li>\n<li>El Nevero o dep\u00f3sito de nieve y la fuente del nevero<\/li>\n<li>La Alm\u00e0ssera de aceite<\/li>\n<li>La Casona se\u00f1orial, con el jard\u00edn rom\u00e1ntico y la Capilla de la Virgen Mar\u00eda<\/li>\n<li>La Casa Nueva del Array\u00e1n de tipo rural<\/li>\n<li>El Peir\u00f3 de la cruz<\/li>\n<li>La Cruz del Cardenal<\/li>\n<li>El Puente de los Olmos<\/li>\n<li>Los cuatro Hornos de cal. (Uno situado en la umbr\u00eda cerca de la Casa de Momparler, el segundo se encuentra situado cerca del Pont de los olmos, otro junto con la pista forestal de la solana que comunica con la Casa Nueva y el \u00faltimo se ubica pr\u00f3ximo en la pista que sube a la Cruz del Cardenal)<\/li>\n<li>Corrales<\/li>\n<li>Casa del Guarda<\/li>\n<li>Senda hist\u00f3rica del Paso del Pobre<\/li>\n<li>El puente situado en el Rinc\u00f3n las Vi\u00f1as, de la antigua Vereda de los<\/li>\n<li>Frailes<\/li>\n<\/ul>\n\t\t\t\t\t\t\t\t<\/div>\n\t\t\t\t<\/div>\n\t\t\t\t\t<\/div>\n\t\t<\/div>\n\t\t\t\t\t<\/div>\n\t\t<\/section>\n\t\t\t\t<section class=\"elementor-section elementor-top-section elementor-element elementor-element-0df84d2 elementor-section-boxed elementor-section-height-default elementor-section-height-default\" data-id=\"0df84d2\" data-element_type=\"section\">\n\t\t\t\t\t\t<div class=\"elementor-container elementor-column-gap-default\">\n\t\t\t\t\t<div class=\"elementor-column elementor-col-100 elementor-top-column elementor-element elementor-element-54d352e\" data-id=\"54d352e\" data-element_type=\"column\">\n\t\t\t<div class=\"elementor-widget-wrap elementor-element-populated\">\n\t\t\t\t\t\t<div class=\"elementor-element elementor-element-e239277 elementor-widget elementor-widget-spacer\" data-id=\"e239277\" data-element_type=\"widget\" data-widget_type=\"spacer.default\">\n\t\t\t\t<div class=\"elementor-widget-container\">\n\t\t\t\t\t\t\t<div class=\"elementor-spacer\">\n\t\t\t<div class=\"elementor-spacer-inner\"><\/div>\n\t\t<\/div>\n\t\t\t\t\t\t<\/div>\n\t\t\t\t<\/div>\n\t\t\t\t\t<\/div>\n\t\t<\/div>\n\t\t\t\t\t<\/div>\n\t\t<\/section>\n\t\t\t\t<section class=\"elementor-section elementor-top-section elementor-element elementor-element-0aea363 elementor-section-boxed elementor-section-height-default elementor-section-height-default\" data-id=\"0aea363\" data-element_type=\"section\">\n\t\t\t\t\t\t<div class=\"elementor-container elementor-column-gap-default\">\n\t\t\t\t\t<div class=\"elementor-column elementor-col-100 elementor-top-column elementor-element elementor-element-6325d57\" data-id=\"6325d57\" data-element_type=\"column\">\n\t\t\t<div class=\"elementor-widget-wrap elementor-element-populated\">\n\t\t\t\t\t\t<div class=\"elementor-element elementor-element-a791019 elementor-widget elementor-widget-heading\" data-id=\"a791019\" data-element_type=\"widget\" data-widget_type=\"heading.default\">\n\t\t\t\t<div class=\"elementor-widget-container\">\n\t\t\t\t\t<h2 class=\"elementor-heading-title elementor-size-default\">En la Casella<\/h2>\t\t\t\t<\/div>\n\t\t\t\t<\/div>\n\t\t\t\t\t<\/div>\n\t\t<\/div>\n\t\t\t\t\t<\/div>\n\t\t<\/section>\n\t\t\t\t<section class=\"elementor-section elementor-top-section elementor-element elementor-element-8b28a3a elementor-section-boxed elementor-section-height-default elementor-section-height-default\" data-id=\"8b28a3a\" data-element_type=\"section\">\n\t\t\t\t\t\t<div class=\"elementor-container elementor-column-gap-default\">\n\t\t\t\t\t<div class=\"elementor-column elementor-col-100 elementor-top-column elementor-element elementor-element-f4982d0\" data-id=\"f4982d0\" data-element_type=\"column\">\n\t\t\t<div class=\"elementor-widget-wrap elementor-element-populated\">\n\t\t\t\t\t\t<div class=\"elementor-element elementor-element-0e821ee elementor-widget elementor-widget-text-editor\" data-id=\"0e821ee\" data-element_type=\"widget\" data-widget_type=\"text-editor.default\">\n\t\t\t\t<div class=\"elementor-widget-container\">\n\t\t\t\t\t\t\t\t\t<ul>\n<li>Font del Garroter<\/li>\n<li>Font de la Teja<\/li>\n<li>Font del Pla de Barber<\/li>\n<li>Font Nova y bebederos<\/li>\n<li>Abrevadero y pozo del Pla dels Sorolls, del Pla de Simetes y de la Font de la Regalada<\/li>\n<li>Antigua Casa Forestal, conocida como Casa de Bono, escalas y Font de Bono<\/li>\n<li>Antiguo observatorio forestal, conocido como El Ouet<br \/>\nuna Conejera, situada cerca de la Font Nueva<\/li>\n<li>Los dos Hornos de cal, un junto al \u00e1rea recreativa del Bar y el otro en la subida en la Casa Forestal<\/li>\n<li>Antigua cantera de m\u00e1rmol identificado de Alzira<\/li>\n<li>Coves, abrigos y cimas<\/li>\n<\/ul>\n\t\t\t\t\t\t\t\t<\/div>\n\t\t\t\t<\/div>\n\t\t\t\t\t<\/div>\n\t\t<\/div>\n\t\t\t\t\t<\/div>\n\t\t<\/section>\n\t\t\t\t<\/div>\n\t\t","protected":false},"excerpt":{"rendered":"<p>Paraje Natural Municipal La Murta y la Casella El Paraje Natural Municipal La Murta y la Casella, cuenta con un interesante conjunto de patrimonio cultural, entre los que destaca la presencia del conjunto hist\u00f3rico-arquitect\u00f3nico del Monasterio de los Jer\u00f3nimos, declarado Bien de Inter\u00e9s Cultural. En la Murta Las ruinas del Monasterio de los Jer\u00f3nimos de &hellip; <\/p>\n<p class=\"link-more\"><a href=\"https:\/\/alzira.es\/es\/servicios-municipales\/servici-demergencia-climatica-i-projectes-estrategics\/espais-naturals\/paraje-natural-murta-casella\/patrimonio-cultural\/\" class=\"more-link\">Continuar leyendo<span class=\"screen-reader-text\"> \u00abPatrimonio Cultural\u00bb<\/span><\/a><\/p>\n","protected":false},"author":29,"featured_media":0,"parent":120790,"menu_order":0,"comment_status":"closed","ping_status":"closed","template":"","meta":{"_acf_changed":false,"footnotes":""},"class_list":["post-112873","page","type-page","status-publish","hentry"],"acf":[],"_links":{"self":[{"href":"https:\/\/alzira.es\/es\/wp-json\/wp\/v2\/pages\/112873","targetHints":{"allow":["GET"]}}],"collection":[{"href":"https:\/\/alzira.es\/es\/wp-json\/wp\/v2\/pages"}],"about":[{"href":"https:\/\/alzira.es\/es\/wp-json\/wp\/v2\/types\/page"}],"author":[{"embeddable":true,"href":"https:\/\/alzira.es\/es\/wp-json\/wp\/v2\/users\/29"}],"replies":[{"embeddable":true,"href":"https:\/\/alzira.es\/es\/wp-json\/wp\/v2\/comments?post=112873"}],"version-history":[{"count":1,"href":"https:\/\/alzira.es\/es\/wp-json\/wp\/v2\/pages\/112873\/revisions"}],"predecessor-version":[{"id":112874,"href":"https:\/\/alzira.es\/es\/wp-json\/wp\/v2\/pages\/112873\/revisions\/112874"}],"up":[{"embeddable":true,"href":"https:\/\/alzira.es\/es\/wp-json\/wp\/v2\/pages\/120790"}],"wp:attachment":[{"href":"https:\/\/alzira.es\/es\/wp-json\/wp\/v2\/media?parent=112873"}],"curies":[{"name":"wp","href":"https:\/\/api.w.org\/{rel}","templated":true}]}}