{"id":112858,"date":"2022-01-20T08:45:45","date_gmt":"2022-01-20T07:45:45","guid":{"rendered":"https:\/\/alzira.es\/patrimonio-natural\/"},"modified":"2022-01-20T21:33:44","modified_gmt":"2022-01-20T20:33:44","slug":"patrimonio-natural","status":"publish","type":"page","link":"https:\/\/alzira.es\/es\/servicios-municipales\/servici-demergencia-climatica-i-projectes-estrategics\/espais-naturals\/paraje-natural-murta-casella\/patrimonio-natural\/","title":{"rendered":"Patrimonio Natural"},"content":{"rendered":"\t\t<div data-elementor-type=\"wp-page\" data-elementor-id=\"112858\" class=\"elementor elementor-112858 elementor-112549\">\n\t\t\t\t\t\t<section class=\"elementor-section elementor-top-section elementor-element elementor-element-86e87b7 elementor-section-boxed elementor-section-height-default elementor-section-height-default\" data-id=\"86e87b7\" data-element_type=\"section\">\n\t\t\t\t\t\t<div class=\"elementor-container elementor-column-gap-default\">\n\t\t\t\t\t<div class=\"elementor-column elementor-col-100 elementor-top-column elementor-element elementor-element-2af7b8f\" data-id=\"2af7b8f\" data-element_type=\"column\">\n\t\t\t<div class=\"elementor-widget-wrap elementor-element-populated\">\n\t\t\t\t\t\t<div class=\"elementor-element elementor-element-ad98620 elementor-widget elementor-widget-heading\" data-id=\"ad98620\" data-element_type=\"widget\" data-widget_type=\"heading.default\">\n\t\t\t\t<div class=\"elementor-widget-container\">\n\t\t\t\t\t<h2 class=\"elementor-heading-title elementor-size-default\">Fauna<\/h2>\t\t\t\t<\/div>\n\t\t\t\t<\/div>\n\t\t\t\t\t<\/div>\n\t\t<\/div>\n\t\t\t\t\t<\/div>\n\t\t<\/section>\n\t\t\t\t<section class=\"elementor-section elementor-top-section elementor-element elementor-element-de0d61f elementor-section-boxed elementor-section-height-default elementor-section-height-default\" data-id=\"de0d61f\" data-element_type=\"section\">\n\t\t\t\t\t\t<div class=\"elementor-container elementor-column-gap-default\">\n\t\t\t\t\t<div class=\"elementor-column elementor-col-100 elementor-top-column elementor-element elementor-element-9f332b9\" data-id=\"9f332b9\" data-element_type=\"column\">\n\t\t\t<div class=\"elementor-widget-wrap elementor-element-populated\">\n\t\t\t\t\t\t<div class=\"elementor-element elementor-element-0789888 elementor-widget elementor-widget-text-editor\" data-id=\"0789888\" data-element_type=\"widget\" data-widget_type=\"text-editor.default\">\n\t\t\t\t<div class=\"elementor-widget-container\">\n\t\t\t\t\t\t\t\t\t<p>La diversitat faun\u00edstica del Paratge s&#8217;ha vist incrementada en els \u00faltims anys, a l&#8217;augmentar la densitat de vegetaci\u00f3 en les m\u00e9s de 750 hect\u00e0rees de superf\u00edcie que posse\u00efx l&#8217;espai natural.<\/p>\n<p>Entre les esp\u00e8cies de major significaci\u00f3 tenim el Br\u00fafol (Bubo bubo), l&#8217;\u00c0guila de panxa blanca (Hieraaetus fasciatus) o el falc\u00f3 peregr\u00ed (Falco peregrinus) , aix\u00ed com la serp blanca (Elaphe scalaris) o la serp verda (Malpolon monspessulanus) .<\/p>\n<p>Menci\u00f3 a banda mereixen els amfibis, com s\u00f3n el gripau com\u00fa (Bufo bufo) , t\u00f2til (Alytes obstetricans) , gripau cavador (Pelobates cultripes), i la granota verda (Rana perezi) , que es beneficien dels diferents naixements d&#8217;aigua que es donen en este Espai (Font de La Murta, Font de la Teula, Font del Garofer i Font del Barber) .<\/p>\n<p>Assenyalar a m\u00e9s, l&#8217;exist\u00e8ncia d&#8217;un assetjat de cervos en les proximitats de l&#8217;\u00e0rea recreativa de La Casella, amb una poblaci\u00f3 de 6 exemplars, que sempre criden l&#8217;atenci\u00f3 als m\u00e9s xicotets.<\/p>\n\t\t\t\t\t\t\t\t<\/div>\n\t\t\t\t<\/div>\n\t\t\t\t\t<\/div>\n\t\t<\/div>\n\t\t\t\t\t<\/div>\n\t\t<\/section>\n\t\t\t\t<section class=\"elementor-section elementor-top-section elementor-element elementor-element-cd76d50 elementor-section-boxed elementor-section-height-default elementor-section-height-default\" data-id=\"cd76d50\" data-element_type=\"section\">\n\t\t\t\t\t\t<div class=\"elementor-container elementor-column-gap-default\">\n\t\t\t\t\t<div class=\"elementor-column elementor-col-100 elementor-top-column elementor-element elementor-element-dd4dd6b\" data-id=\"dd4dd6b\" data-element_type=\"column\">\n\t\t\t<div class=\"elementor-widget-wrap elementor-element-populated\">\n\t\t\t\t\t\t<div class=\"elementor-element elementor-element-eae6edf elementor-widget elementor-widget-spacer\" data-id=\"eae6edf\" data-element_type=\"widget\" data-widget_type=\"spacer.default\">\n\t\t\t\t<div class=\"elementor-widget-container\">\n\t\t\t\t\t\t\t<div class=\"elementor-spacer\">\n\t\t\t<div class=\"elementor-spacer-inner\"><\/div>\n\t\t<\/div>\n\t\t\t\t\t\t<\/div>\n\t\t\t\t<\/div>\n\t\t\t\t\t<\/div>\n\t\t<\/div>\n\t\t\t\t\t<\/div>\n\t\t<\/section>\n\t\t\t\t<section class=\"elementor-section elementor-top-section elementor-element elementor-element-629d882 elementor-section-boxed elementor-section-height-default elementor-section-height-default\" data-id=\"629d882\" data-element_type=\"section\">\n\t\t\t\t\t\t<div class=\"elementor-container elementor-column-gap-default\">\n\t\t\t\t\t<div class=\"elementor-column elementor-col-100 elementor-top-column elementor-element elementor-element-512ccd5\" data-id=\"512ccd5\" data-element_type=\"column\">\n\t\t\t<div class=\"elementor-widget-wrap elementor-element-populated\">\n\t\t\t\t\t\t<div class=\"elementor-element elementor-element-87ad4f6 elementor-widget elementor-widget-heading\" data-id=\"87ad4f6\" data-element_type=\"widget\" data-widget_type=\"heading.default\">\n\t\t\t\t<div class=\"elementor-widget-container\">\n\t\t\t\t\t<h2 class=\"elementor-heading-title elementor-size-default\">Flora y vegetaci\u00f3n<\/h2>\t\t\t\t<\/div>\n\t\t\t\t<\/div>\n\t\t\t\t\t<\/div>\n\t\t<\/div>\n\t\t\t\t\t<\/div>\n\t\t<\/section>\n\t\t\t\t<section class=\"elementor-section elementor-top-section elementor-element elementor-element-8719c42 elementor-section-boxed elementor-section-height-default elementor-section-height-default\" data-id=\"8719c42\" data-element_type=\"section\">\n\t\t\t\t\t\t<div class=\"elementor-container elementor-column-gap-default\">\n\t\t\t\t\t<div class=\"elementor-column elementor-col-100 elementor-top-column elementor-element elementor-element-f40f70c\" data-id=\"f40f70c\" data-element_type=\"column\">\n\t\t\t<div class=\"elementor-widget-wrap elementor-element-populated\">\n\t\t\t\t\t\t<div class=\"elementor-element elementor-element-1e6048d elementor-widget elementor-widget-text-editor\" data-id=\"1e6048d\" data-element_type=\"widget\" data-widget_type=\"text-editor.default\">\n\t\t\t\t<div class=\"elementor-widget-container\">\n\t\t\t\t\t\t\t\t\t<p>El Paratge Natural Municipal de La Murta i la Casella forma part de l&#8217;\u00e0mbit del LIC &#8216;Serra de Corbera&#8217; i aporta a este els seus elevats valors naturals, que se centren principalment en la diversitat bot\u00e0nica, ja que arriben a prop de 1000 les esp\u00e8cies faner\u00f2games que han sigut descrites en el seu \u00e0mbit.<\/p>\n<p>D&#8217;entre totes elles, destaquen els matolls arborescents de llorer (Laurus nobilis) , d&#8217;\u00fanica pres\u00e8ncia en tota la Comunitat Valenciana, i que v\u00e9nen acompanyats d&#8217;altres esp\u00e8cies tamb\u00e9 singulars en este paratge com s\u00f3n l&#8217;albor\u00e7 (Arbutus unedo) , el fleix (Fraxinus ornus) i la murta (Myrtus communis).<\/p>\n<p>Altres formacions d&#8217;elevat inter\u00e9s ecol\u00f2gic que consoliden aquesta diversitat s\u00f3n els carrascars term\u00f2fils, amb pres\u00e8ncia de Quercus ilex rotundifolia, Phillyrea angustifolia i Crataegus monogyna.<\/p>\n<p>El car\u00e0cter humit i relicte d&#8217;estes valls permet a m\u00e9s l&#8217;exist\u00e8ncia d&#8217;esp\u00e8cies tan significatives com Ruscus aculeatus, Ulmus minor o Asplenium onopteris. Esta breu relaci\u00f3 no pot tancar-se sense arreplegar l&#8217;exist\u00e8ncia de Verbascum fontqueri, inclosa en el Cat\u00e0leg Valenci\u00e0 d&#8217;Esp\u00e8cies de Flora Amena\u00e7ada.<\/p>\n\t\t\t\t\t\t\t\t<\/div>\n\t\t\t\t<\/div>\n\t\t\t\t\t<\/div>\n\t\t<\/div>\n\t\t\t\t\t<\/div>\n\t\t<\/section>\n\t\t\t\t<\/div>\n\t\t","protected":false},"excerpt":{"rendered":"<p>Fauna La diversitat faun\u00edstica del Paratge s&#8217;ha vist incrementada en els \u00faltims anys, a l&#8217;augmentar la densitat de vegetaci\u00f3 en les m\u00e9s de 750 hect\u00e0rees de superf\u00edcie que posse\u00efx l&#8217;espai natural. Entre les esp\u00e8cies de major significaci\u00f3 tenim el Br\u00fafol (Bubo bubo), l&#8217;\u00c0guila de panxa blanca (Hieraaetus fasciatus) o el falc\u00f3 peregr\u00ed (Falco peregrinus) , &hellip; <\/p>\n<p class=\"link-more\"><a href=\"https:\/\/alzira.es\/es\/servicios-municipales\/servici-demergencia-climatica-i-projectes-estrategics\/espais-naturals\/paraje-natural-murta-casella\/patrimonio-natural\/\" class=\"more-link\">Continuar leyendo<span class=\"screen-reader-text\"> \u00abPatrimonio Natural\u00bb<\/span><\/a><\/p>\n","protected":false},"author":29,"featured_media":0,"parent":120790,"menu_order":0,"comment_status":"closed","ping_status":"closed","template":"","meta":{"_acf_changed":false,"footnotes":""},"class_list":["post-112858","page","type-page","status-publish","hentry"],"acf":[],"_links":{"self":[{"href":"https:\/\/alzira.es\/es\/wp-json\/wp\/v2\/pages\/112858","targetHints":{"allow":["GET"]}}],"collection":[{"href":"https:\/\/alzira.es\/es\/wp-json\/wp\/v2\/pages"}],"about":[{"href":"https:\/\/alzira.es\/es\/wp-json\/wp\/v2\/types\/page"}],"author":[{"embeddable":true,"href":"https:\/\/alzira.es\/es\/wp-json\/wp\/v2\/users\/29"}],"replies":[{"embeddable":true,"href":"https:\/\/alzira.es\/es\/wp-json\/wp\/v2\/comments?post=112858"}],"version-history":[{"count":2,"href":"https:\/\/alzira.es\/es\/wp-json\/wp\/v2\/pages\/112858\/revisions"}],"predecessor-version":[{"id":112860,"href":"https:\/\/alzira.es\/es\/wp-json\/wp\/v2\/pages\/112858\/revisions\/112860"}],"up":[{"embeddable":true,"href":"https:\/\/alzira.es\/es\/wp-json\/wp\/v2\/pages\/120790"}],"wp:attachment":[{"href":"https:\/\/alzira.es\/es\/wp-json\/wp\/v2\/media?parent=112858"}],"curies":[{"name":"wp","href":"https:\/\/api.w.org\/{rel}","templated":true}]}}