{"id":112852,"date":"2022-01-20T08:43:42","date_gmt":"2022-01-20T07:43:42","guid":{"rendered":"https:\/\/alzira.es\/historia-y-descripcion-general\/"},"modified":"2022-01-20T21:33:01","modified_gmt":"2022-01-20T20:33:01","slug":"historia-y-descripcion-general","status":"publish","type":"page","link":"https:\/\/alzira.es\/es\/servicios-municipales\/servici-demergencia-climatica-i-projectes-estrategics\/espais-naturals\/paraje-natural-murta-casella\/historia-y-descripcion-general\/","title":{"rendered":"Historia y descripci\u00f3n general"},"content":{"rendered":"\t\t<div data-elementor-type=\"wp-page\" data-elementor-id=\"112852\" class=\"elementor elementor-112852 elementor-112544\">\n\t\t\t\t\t\t<section class=\"elementor-section elementor-top-section elementor-element elementor-element-a1cfc94 elementor-section-boxed elementor-section-height-default elementor-section-height-default\" data-id=\"a1cfc94\" data-element_type=\"section\">\n\t\t\t\t\t\t<div class=\"elementor-container elementor-column-gap-default\">\n\t\t\t\t\t<div class=\"elementor-column elementor-col-100 elementor-top-column elementor-element elementor-element-54626fa\" data-id=\"54626fa\" data-element_type=\"column\">\n\t\t\t<div class=\"elementor-widget-wrap elementor-element-populated\">\n\t\t\t\t\t\t<div class=\"elementor-element elementor-element-0bab1ff elementor-widget elementor-widget-heading\" data-id=\"0bab1ff\" data-element_type=\"widget\" data-widget_type=\"heading.default\">\n\t\t\t\t<div class=\"elementor-widget-container\">\n\t\t\t\t\t<h2 class=\"elementor-heading-title elementor-size-default\">Paraje Natural Municipal La Murta y La Casella<\/h2>\t\t\t\t<\/div>\n\t\t\t\t<\/div>\n\t\t\t\t\t<\/div>\n\t\t<\/div>\n\t\t\t\t\t<\/div>\n\t\t<\/section>\n\t\t\t\t<section class=\"elementor-section elementor-top-section elementor-element elementor-element-c89fb75 elementor-section-boxed elementor-section-height-default elementor-section-height-default\" data-id=\"c89fb75\" data-element_type=\"section\">\n\t\t\t\t\t\t<div class=\"elementor-container elementor-column-gap-default\">\n\t\t\t\t\t<div class=\"elementor-column elementor-col-100 elementor-top-column elementor-element elementor-element-433e15c\" data-id=\"433e15c\" data-element_type=\"column\">\n\t\t\t<div class=\"elementor-widget-wrap elementor-element-populated\">\n\t\t\t\t\t\t<div class=\"elementor-element elementor-element-9e6a9a2 elementor-widget elementor-widget-text-editor\" data-id=\"9e6a9a2\" data-element_type=\"widget\" data-widget_type=\"text-editor.default\">\n\t\t\t\t<div class=\"elementor-widget-container\">\n\t\t\t\t\t\t\t\t\t<p>El Paraje Natural Municipal \u2018La Murta y La Casella\u2019, declarado en 2004, se localiza en el t\u00e9rmino municipal de Alzira, en la provincia de Val\u00e8ncia, y posee una superficie de 765,64 ha.<\/p><p>La declaraci\u00f3n de Paraje Natural Municipal era una reivindicaci\u00f3n hist\u00f3rica de la ciudadan\u00eda de Alzira, que siempre se ha sentido muy relacionada con este espacio, considerado como una \u00e1rea de elevado inter\u00e9s ambiental, con valores naturales, paisaj\u00edsticos y culturales-arqueol\u00f3gicos de parecida importancia, de los que se derivan unas potencialidades educativas, recreativas y de desperdigamiento, actuales y futuras, que le hacen merecedor de su protecci\u00f3n y conservaci\u00f3n.<\/p><p>El paraje es uno de los enclaves emblem\u00e1ticos de la geograf\u00eda valenciana, especialmente en el que a su flora se refiere. Se encuentra sometido a un microclima muy favorable, con temperaturas suaves y un alto grado de humedad. En estas condiciones se desarrollan unas formaciones vegetales con un alto grado de madurez, con la presencia de flejes de flor, carrascas, espino alb, bosquetes de laureles, albor\u00e7os, laureles bordes y arrayanes , especie que da nombre a uno de sus valles.<\/p><p>Su alto valor paisaj\u00edstico queda patente en sus abruptas sierras que flanquean f\u00e9rtiles valles, as\u00ed como en su intensa carstificaci\u00f3n, que da lugar a la presencia de numerosas simas y cuevas, configurando un paisaje de gran belleza que contrasta con la llanura litoral y el valle del r\u00edo J\u00facar. Desde los picos del Caballo Bernat, la Cruz del Cardenal, la Raya, o desde el observatorio forestal del Ouet, puede divisarse gran parte de la Ribera Baixa y Alta.<\/p><p>Las equipaciones con que cuenta el PNM La Murta y La Casella, a Alzira, son:<\/p><ul><li>Centro de informaci\u00f3n y recepci\u00f3n, en La Murta (Casa del guarda-Control de accesos)<\/li><li>Panel informativo<\/li><li>Paneles interpretativos de los valores del PNM<\/li><li>Bar La Casella<\/li><li>Viales de acceso se\u00f1alizados desde el Hospital de Alzira<\/li><li>Sendas se\u00f1alizadas<\/li><li>Rutas tem\u00e1ticas se\u00f1alizadas (Senda bot\u00e1nica y Senda hist\u00f3rica)<\/li><li>\u00c1rea de descanso Font de Algarrobo y Pla de Barber (en La Casella)<\/li><li>Zona de aparcamiento<\/li><li>Fuentes (Font del Array\u00e1n, Font Nueva, Font del Algarrobo, Font de la Mesa, Font del Plan de Barber)<\/li><li>Jard\u00edn con esta\u00f1o en Casa Vieja de La Murta (visitable)<\/li><li>Visita a los ciervos<\/li><\/ul>\t\t\t\t\t\t\t\t<\/div>\n\t\t\t\t<\/div>\n\t\t\t\t\t<\/div>\n\t\t<\/div>\n\t\t\t\t\t<\/div>\n\t\t<\/section>\n\t\t\t\t<\/div>\n\t\t","protected":false},"excerpt":{"rendered":"<p>Paraje Natural Municipal La Murta y La Casella El Paraje Natural Municipal \u2018La Murta y La Casella\u2019, declarado en 2004, se localiza en el t\u00e9rmino municipal de Alzira, en la provincia de Val\u00e8ncia, y posee una superficie de 765,64 ha. La declaraci\u00f3n de Paraje Natural Municipal era una reivindicaci\u00f3n hist\u00f3rica de la ciudadan\u00eda de Alzira, &hellip; <\/p>\n<p class=\"link-more\"><a href=\"https:\/\/alzira.es\/es\/servicios-municipales\/servici-demergencia-climatica-i-projectes-estrategics\/espais-naturals\/paraje-natural-murta-casella\/historia-y-descripcion-general\/\" class=\"more-link\">Continuar leyendo<span class=\"screen-reader-text\"> \u00abHistoria y descripci\u00f3n general\u00bb<\/span><\/a><\/p>\n","protected":false},"author":29,"featured_media":0,"parent":120790,"menu_order":0,"comment_status":"closed","ping_status":"closed","template":"","meta":{"_acf_changed":false,"footnotes":""},"class_list":["post-112852","page","type-page","status-publish","hentry"],"acf":[],"_links":{"self":[{"href":"https:\/\/alzira.es\/es\/wp-json\/wp\/v2\/pages\/112852","targetHints":{"allow":["GET"]}}],"collection":[{"href":"https:\/\/alzira.es\/es\/wp-json\/wp\/v2\/pages"}],"about":[{"href":"https:\/\/alzira.es\/es\/wp-json\/wp\/v2\/types\/page"}],"author":[{"embeddable":true,"href":"https:\/\/alzira.es\/es\/wp-json\/wp\/v2\/users\/29"}],"replies":[{"embeddable":true,"href":"https:\/\/alzira.es\/es\/wp-json\/wp\/v2\/comments?post=112852"}],"version-history":[{"count":2,"href":"https:\/\/alzira.es\/es\/wp-json\/wp\/v2\/pages\/112852\/revisions"}],"predecessor-version":[{"id":112857,"href":"https:\/\/alzira.es\/es\/wp-json\/wp\/v2\/pages\/112852\/revisions\/112857"}],"up":[{"embeddable":true,"href":"https:\/\/alzira.es\/es\/wp-json\/wp\/v2\/pages\/120790"}],"wp:attachment":[{"href":"https:\/\/alzira.es\/es\/wp-json\/wp\/v2\/media?parent=112852"}],"curies":[{"name":"wp","href":"https:\/\/api.w.org\/{rel}","templated":true}]}}