{"id":112850,"date":"2022-01-20T08:41:06","date_gmt":"2022-01-20T07:41:06","guid":{"rendered":"https:\/\/alzira.es\/localizacion-y-acceso-pnmmc\/"},"modified":"2022-01-21T09:31:30","modified_gmt":"2022-01-21T08:31:30","slug":"localizacion-y-acceso-pnmmc","status":"publish","type":"page","link":"https:\/\/alzira.es\/es\/servicios-municipales\/servici-demergencia-climatica-i-projectes-estrategics\/espais-naturals\/paraje-natural-murta-casella\/localizacion-y-acceso-pnmmc\/","title":{"rendered":"Localizaci\u00f3n y acceso PNMMC"},"content":{"rendered":"\t\t<div data-elementor-type=\"wp-page\" data-elementor-id=\"112850\" class=\"elementor elementor-112850 elementor-112539\">\n\t\t\t\t\t\t<section class=\"elementor-section elementor-top-section elementor-element elementor-element-a26e737 elementor-section-boxed elementor-section-height-default elementor-section-height-default\" data-id=\"a26e737\" data-element_type=\"section\">\n\t\t\t\t\t\t<div class=\"elementor-container elementor-column-gap-default\">\n\t\t\t\t\t<div class=\"elementor-column elementor-col-100 elementor-top-column elementor-element elementor-element-5c2ad61\" data-id=\"5c2ad61\" data-element_type=\"column\">\n\t\t\t<div class=\"elementor-widget-wrap elementor-element-populated\">\n\t\t\t\t\t\t<div class=\"elementor-element elementor-element-d0a0fe5 elementor-widget elementor-widget-heading\" data-id=\"d0a0fe5\" data-element_type=\"widget\" data-widget_type=\"heading.default\">\n\t\t\t\t<div class=\"elementor-widget-container\">\n\t\t\t\t\t<h2 class=\"elementor-heading-title elementor-size-default\">Paraje Natural Municipal La Murta y La Casilla<\/h2>\t\t\t\t<\/div>\n\t\t\t\t<\/div>\n\t\t\t\t\t<\/div>\n\t\t<\/div>\n\t\t\t\t\t<\/div>\n\t\t<\/section>\n\t\t\t\t<section class=\"elementor-section elementor-top-section elementor-element elementor-element-52150d7 elementor-section-boxed elementor-section-height-default elementor-section-height-default\" data-id=\"52150d7\" data-element_type=\"section\">\n\t\t\t\t\t\t<div class=\"elementor-container elementor-column-gap-default\">\n\t\t\t\t\t<div class=\"elementor-column elementor-col-100 elementor-top-column elementor-element elementor-element-8fc439c\" data-id=\"8fc439c\" data-element_type=\"column\">\n\t\t\t<div class=\"elementor-widget-wrap elementor-element-populated\">\n\t\t\t\t\t\t<div class=\"elementor-element elementor-element-a10846f elementor-widget elementor-widget-text-editor\" data-id=\"a10846f\" data-element_type=\"widget\" data-widget_type=\"text-editor.default\">\n\t\t\t\t<div class=\"elementor-widget-container\">\n\t\t\t\t\t\t\t\t\t<p>El Paraje Natural Municipal La Murta y La Casella, de 765 ha, est\u00e1 situado en el sudeste del t\u00e9rmino municipal de Alzira, dentro de la ZEC de la Sierra de Corbera, entre las Sierras del Caballo Bernat y de los Agujas.<\/p>\n<p>En la ciudad de Alzira se puede acceder desde la Autov\u00eda A-7, la Autopista del Mediterr\u00e1neo AP-7, y las carreteras CV-41,CV-42 y CV -50, adem\u00e1s de por ferrocarril.<\/p>\n<p>La llegada a La Murta o La Casella, a 8 y 11 kil\u00f3metros respectivamente del casco urbano, se encuentra indicada por varias se\u00f1ales situadas en las v\u00edas principales de la ciudad, puesto que ambos valles se sit\u00faan Al este del casco urbano, desde donde llegamos a trav\u00e9s de caminos rurales (Camino de la Solana o Umbr\u00eda de La Murta) , y Camino de la Solana de La Casella, respectivamente.<\/p>\n<p>En la entrada de La Murta hay una amplia zona de aparcamiento junto con el \u00e1rea recreativa, y en La Casella, en la pista de entrada hay dos zonas de aparcamiento aunque la capacidad es menor.<\/p>\n\t\t\t\t\t\t\t\t<\/div>\n\t\t\t\t<\/div>\n\t\t\t\t\t<\/div>\n\t\t<\/div>\n\t\t\t\t\t<\/div>\n\t\t<\/section>\n\t\t\t\t<section class=\"elementor-section elementor-top-section elementor-element elementor-element-a79c7eb elementor-section-boxed elementor-section-height-default elementor-section-height-default\" data-id=\"a79c7eb\" data-element_type=\"section\">\n\t\t\t\t\t\t<div class=\"elementor-container elementor-column-gap-default\">\n\t\t\t\t\t<div class=\"elementor-column elementor-col-100 elementor-top-column elementor-element elementor-element-0a55c1b\" data-id=\"0a55c1b\" data-element_type=\"column\">\n\t\t\t<div class=\"elementor-widget-wrap elementor-element-populated\">\n\t\t\t\t\t\t<div class=\"elementor-element elementor-element-598837c elementor-widget elementor-widget-heading\" data-id=\"598837c\" data-element_type=\"widget\" data-widget_type=\"heading.default\">\n\t\t\t\t<div class=\"elementor-widget-container\">\n\t\t\t\t\t<h2 class=\"elementor-heading-title elementor-size-default\">Acceso a la Murta<\/h2>\t\t\t\t<\/div>\n\t\t\t\t<\/div>\n\t\t\t\t\t<\/div>\n\t\t<\/div>\n\t\t\t\t\t<\/div>\n\t\t<\/section>\n\t\t\t\t<section class=\"elementor-section elementor-top-section elementor-element elementor-element-f60df43 elementor-section-boxed elementor-section-height-default elementor-section-height-default\" data-id=\"f60df43\" data-element_type=\"section\">\n\t\t\t\t\t\t<div class=\"elementor-container elementor-column-gap-default\">\n\t\t\t\t\t<div class=\"elementor-column elementor-col-100 elementor-top-column elementor-element elementor-element-3bfeb72\" data-id=\"3bfeb72\" data-element_type=\"column\">\n\t\t\t<div class=\"elementor-widget-wrap elementor-element-populated\">\n\t\t\t\t\t\t<div class=\"elementor-element elementor-element-8ef0c31 elementor-widget elementor-widget-html\" data-id=\"8ef0c31\" data-element_type=\"widget\" data-widget_type=\"html.default\">\n\t\t\t\t<div class=\"elementor-widget-container\">\n\t\t\t\t\t<iframe data-src=\"https:\/\/www.google.com\/maps\/embed?pb=!1m18!1m12!1m3!1d10410.200573777258!2d-0.36832349161830474!3d39.12988800087007!2m3!1f0!2f0!3f0!3m2!1i1024!2i768!4f13.1!3m3!1m2!1s0xd61b98acd2950cd%3A0xfeac412462b39133!2sParque%20La%20Murta!5e0!3m2!1ses!2ses!4v1642674047906!5m2!1ses!2ses\" width=\"600\" height=\"450\" style=\"border:0;\" allowfullscreen=\"\" src=\"data:image\/svg+xml;base64,PHN2ZyB3aWR0aD0iMSIgaGVpZ2h0PSIxIiB4bWxucz0iaHR0cDovL3d3dy53My5vcmcvMjAwMC9zdmciPjwvc3ZnPg==\" class=\"lazyload\" data-load-mode=\"1\"><\/iframe>\t\t\t\t<\/div>\n\t\t\t\t<\/div>\n\t\t\t\t\t<\/div>\n\t\t<\/div>\n\t\t\t\t\t<\/div>\n\t\t<\/section>\n\t\t\t\t<section class=\"elementor-section elementor-top-section elementor-element elementor-element-420da11 elementor-section-boxed elementor-section-height-default elementor-section-height-default\" data-id=\"420da11\" data-element_type=\"section\">\n\t\t\t\t\t\t<div class=\"elementor-container elementor-column-gap-default\">\n\t\t\t\t\t<div class=\"elementor-column elementor-col-100 elementor-top-column elementor-element elementor-element-2aad0ea\" data-id=\"2aad0ea\" data-element_type=\"column\">\n\t\t\t<div class=\"elementor-widget-wrap elementor-element-populated\">\n\t\t\t\t\t\t<div class=\"elementor-element elementor-element-37855ab elementor-widget elementor-widget-heading\" data-id=\"37855ab\" data-element_type=\"widget\" data-widget_type=\"heading.default\">\n\t\t\t\t<div class=\"elementor-widget-container\">\n\t\t\t\t\t<h2 class=\"elementor-heading-title elementor-size-default\">Acceso a la Casella<\/h2>\t\t\t\t<\/div>\n\t\t\t\t<\/div>\n\t\t\t\t\t<\/div>\n\t\t<\/div>\n\t\t\t\t\t<\/div>\n\t\t<\/section>\n\t\t\t\t<section class=\"elementor-section elementor-top-section elementor-element elementor-element-e0dcdd2 elementor-section-boxed elementor-section-height-default elementor-section-height-default\" data-id=\"e0dcdd2\" data-element_type=\"section\">\n\t\t\t\t\t\t<div class=\"elementor-container elementor-column-gap-default\">\n\t\t\t\t\t<div class=\"elementor-column elementor-col-100 elementor-top-column elementor-element elementor-element-83242aa\" data-id=\"83242aa\" data-element_type=\"column\">\n\t\t\t<div class=\"elementor-widget-wrap elementor-element-populated\">\n\t\t\t\t\t\t<div class=\"elementor-element elementor-element-b88794d elementor-widget elementor-widget-html\" data-id=\"b88794d\" data-element_type=\"widget\" data-widget_type=\"html.default\">\n\t\t\t\t<div class=\"elementor-widget-container\">\n\t\t\t\t\t<iframe data-src=\"https:\/\/www.google.com\/maps\/embed?pb=!1m18!1m12!1m3!1d2189.0872579132083!2d-0.3440039920429772!3d39.11018352744555!2m3!1f0!2f0!3f0!3m2!1i1024!2i768!4f13.1!3m3!1m2!1s0xd61b9d726299e75%3A0x1898308883609c68!2sParking%20FONT%20NOVA!5e0!3m2!1ses!2ses!4v1642674354378!5m2!1ses!2ses\" width=\"600\" height=\"450\" style=\"border:0;\" allowfullscreen=\"\" src=\"data:image\/svg+xml;base64,PHN2ZyB3aWR0aD0iMSIgaGVpZ2h0PSIxIiB4bWxucz0iaHR0cDovL3d3dy53My5vcmcvMjAwMC9zdmciPjwvc3ZnPg==\" class=\"lazyload\" data-load-mode=\"1\"><\/iframe>\r\n\r\n\t\t\t\t<\/div>\n\t\t\t\t<\/div>\n\t\t\t\t\t<\/div>\n\t\t<\/div>\n\t\t\t\t\t<\/div>\n\t\t<\/section>\n\t\t\t\t<\/div>\n\t\t","protected":false},"excerpt":{"rendered":"<p>Paraje Natural Municipal La Murta y La Casilla El Paraje Natural Municipal La Murta y La Casella, de 765 ha, est\u00e1 situado en el sudeste del t\u00e9rmino municipal de Alzira, dentro de la ZEC de la Sierra de Corbera, entre las Sierras del Caballo Bernat y de los Agujas. En la ciudad de Alzira se &hellip; <\/p>\n<p class=\"link-more\"><a href=\"https:\/\/alzira.es\/es\/servicios-municipales\/servici-demergencia-climatica-i-projectes-estrategics\/espais-naturals\/paraje-natural-murta-casella\/localizacion-y-acceso-pnmmc\/\" class=\"more-link\">Continuar leyendo<span class=\"screen-reader-text\"> \u00abLocalizaci\u00f3n y acceso PNMMC\u00bb<\/span><\/a><\/p>\n","protected":false},"author":29,"featured_media":0,"parent":120790,"menu_order":0,"comment_status":"closed","ping_status":"closed","template":"","meta":{"_acf_changed":false,"footnotes":""},"class_list":["post-112850","page","type-page","status-publish","hentry"],"acf":[],"_links":{"self":[{"href":"https:\/\/alzira.es\/es\/wp-json\/wp\/v2\/pages\/112850","targetHints":{"allow":["GET"]}}],"collection":[{"href":"https:\/\/alzira.es\/es\/wp-json\/wp\/v2\/pages"}],"about":[{"href":"https:\/\/alzira.es\/es\/wp-json\/wp\/v2\/types\/page"}],"author":[{"embeddable":true,"href":"https:\/\/alzira.es\/es\/wp-json\/wp\/v2\/users\/29"}],"replies":[{"embeddable":true,"href":"https:\/\/alzira.es\/es\/wp-json\/wp\/v2\/comments?post=112850"}],"version-history":[{"count":2,"href":"https:\/\/alzira.es\/es\/wp-json\/wp\/v2\/pages\/112850\/revisions"}],"predecessor-version":[{"id":112893,"href":"https:\/\/alzira.es\/es\/wp-json\/wp\/v2\/pages\/112850\/revisions\/112893"}],"up":[{"embeddable":true,"href":"https:\/\/alzira.es\/es\/wp-json\/wp\/v2\/pages\/120790"}],"wp:attachment":[{"href":"https:\/\/alzira.es\/es\/wp-json\/wp\/v2\/media?parent=112850"}],"curies":[{"name":"wp","href":"https:\/\/api.w.org\/{rel}","templated":true}]}}