{"id":112750,"date":"2022-01-20T13:40:36","date_gmt":"2022-01-20T12:40:36","guid":{"rendered":"https:\/\/alzira.es\/?page_id=112750"},"modified":"2022-01-20T13:52:46","modified_gmt":"2022-01-20T12:52:46","slug":"grups-de-mes-de-10-persones","status":"publish","type":"page","link":"https:\/\/alzira.es\/es\/serveis-municipals\/servici-demergencia-climatica-i-projectes-estrategics\/infraestructura-verda\/pnm-murtacasella\/cita-previa-pnm\/grups-de-mes-de-10-persones\/","title":{"rendered":"Grups de m\u00e9s de 10 persones"},"content":{"rendered":"\t\t<div data-elementor-type=\"wp-page\" data-elementor-id=\"112750\" class=\"elementor elementor-112750\">\n\t\t\t\t\t\t<section class=\"elementor-section elementor-top-section elementor-element elementor-element-db3397c elementor-section-boxed elementor-section-height-default elementor-section-height-default\" data-id=\"db3397c\" data-element_type=\"section\">\n\t\t\t\t\t\t<div class=\"elementor-container elementor-column-gap-default\">\n\t\t\t\t\t<div class=\"elementor-column elementor-col-100 elementor-top-column elementor-element elementor-element-1254d4a\" data-id=\"1254d4a\" data-element_type=\"column\">\n\t\t\t<div class=\"elementor-widget-wrap elementor-element-populated\">\n\t\t\t\t\t\t<div class=\"elementor-element elementor-element-5843252 elementor-widget elementor-widget-heading\" data-id=\"5843252\" data-element_type=\"widget\" data-widget_type=\"heading.default\">\n\t\t\t\t<div class=\"elementor-widget-container\">\n\t\t\t\t\t<h2 class=\"elementor-heading-title elementor-size-default\">Paratge Natural Municipal de La Murta i la Casella<\/h2>\t\t\t\t<\/div>\n\t\t\t\t<\/div>\n\t\t\t\t\t<\/div>\n\t\t<\/div>\n\t\t\t\t\t<\/div>\n\t\t<\/section>\n\t\t\t\t<section class=\"elementor-section elementor-top-section elementor-element elementor-element-2947d30 elementor-section-boxed elementor-section-height-default elementor-section-height-default\" data-id=\"2947d30\" data-element_type=\"section\">\n\t\t\t\t\t\t<div class=\"elementor-container elementor-column-gap-default\">\n\t\t\t\t\t<div class=\"elementor-column elementor-col-100 elementor-top-column elementor-element elementor-element-d4dbb41\" data-id=\"d4dbb41\" data-element_type=\"column\">\n\t\t\t<div class=\"elementor-widget-wrap elementor-element-populated\">\n\t\t\t\t\t\t<div class=\"elementor-element elementor-element-ccaffe6 elementor-widget elementor-widget-text-editor\" data-id=\"ccaffe6\" data-element_type=\"widget\" data-widget_type=\"text-editor.default\">\n\t\t\t\t<div class=\"elementor-widget-container\">\n\t\t\t\t\t\t\t\t\t<p>Amb la recuperaci\u00f3 de la nova normalitat i amb ella, el retorn de les visites escolars al Paratge Natural Municipal de la Murta i La Casella, sent coneixedors que els espais naturals tenen una capacitat d&#8217;acolliment llimitat que s&#8217;ha de respectar per tal de no comprometre els seus valors ambientals, per fomentar el turisme sostenible i per garantint la bona qualitat de la experi\u00e8ncia del visitant, des de la Regidoria de Medi Ambient, Agricultura i Transici\u00f3 Ecol\u00f2gica s&#8217;ha establit el seg\u00fcent protocol per a la gesti\u00f3 de les visites de grups majors a 10 persones:<\/p><p>1.Les condicions de visita del paratge es vinculen a grups d&#8217;un m\u00e0xim de 30 persones.<\/p><p>2.Les visites dels grups es distribuiran en les seg\u00fcents franges hor\u00e0ries al llarg del dia.<\/p><ul><li>8:00 a 9:00<\/li><li>9:00 a 11:30<\/li><li>11:30 a 14:00<\/li><li>14:00 a 16:30<\/li><li>16:30 a 19:00 (a 18:00 a partir de novembre)<\/li><\/ul><ol start=\"3\"><li>En cada franja hor\u00e0ria es podran deixar entrar fins a tres grups, repartits en l&#8217;espai i en el temps.<\/li><li>No podran entrar m\u00e9s de sis grups al dia (180 persones) per a La Murta, ni m\u00e9s de sis grups al dia en La Casella.<\/li><li>Cada grup, amb independ\u00e8ncia que siguen de la mateixa escola o institut, ha d&#8217;entrar amb una separaci\u00f3 d&#8217;entre 20\/30 minuts de separaci\u00f3 que ha de mantindre&#8217;s durant tota la visita.<\/li><li>Cada grup ha de tindre un responsable, del qual se&#8217;ns facilitar\u00e0 nom, DNI, correu electr\u00f2nic i tel\u00e8fon m\u00f2bil de contacte.<\/li><\/ol><p>La visita es sol\u00b7licitar\u00e0 amb almenys 7 dies d\u2019antelaci\u00f3 i de la seg\u00fcent forma:<\/p><ol><li>Enviar correu a mediambient@alzira.es , indicant:<\/li><\/ol><ul><li>Nom del grup o escola<\/li><li>N\u00famero de gent per grup<\/li><li>Dia de visita proposat i horari d&#8217;entrada de cada grup<\/li><li>Nom, DNI i tel\u00e8fon del responsable de l&#8217;activitat.<\/li><\/ul><ol><li>La Secci\u00f3 de Medi Ambient comprovar\u00e0 si \u00e9s possible o no en l&#8217;horari que es planteja, segons el protocol establit. En qualsevol cas, se li indicar\u00e0 si \u00e9s possible o no, i en quines condicions.<\/li><li>En cas de ser possible la visita, (cosa que li dir\u00e0 la Secci\u00f3 de Medi Ambient per correu), ja deu fer la reserva a trav\u00e9s de la seg\u00fcent adre\u00e7a Web:<\/li><\/ol><p>\u00a0 \u00a0 \u00a0 \u00a0 \u00a0 \u00a0 \u00a0 \u00a0 \u00a0 \u00a0 \u00a0<a href=\"https:\/\/alzira.es\/serveis-municipals\/cita-previa\/cita-previa-bienvenido-paratge-natural-municipal-de-la-murta\/#services\">https:\/\/alzira.es\/serveis-municipals\/cita-previa\/cita-previa-bienvenido-paratge-natural-municipal-de-la-murta\/#services<\/a><\/p><ol start=\"4\"><li>Una vegada realitzada la reserva web, ens envieu per correu (mediambient@alzira.es ) amb la confirmaci\u00f3 d\u2019haver fet eixa reserva.<\/li><\/ol>\t\t\t\t\t\t\t\t<\/div>\n\t\t\t\t<\/div>\n\t\t\t\t\t<\/div>\n\t\t<\/div>\n\t\t\t\t\t<\/div>\n\t\t<\/section>\n\t\t\t\t<\/div>\n\t\t","protected":false},"excerpt":{"rendered":"<p>Paratge Natural Municipal de La Murta i la Casella Amb la recuperaci\u00f3 de la nova normalitat i amb ella, el retorn de les visites escolars al Paratge Natural Municipal de la Murta i La Casella, sent coneixedors que els espais naturals tenen una capacitat d&#8217;acolliment llimitat que s&#8217;ha de respectar per tal de no comprometre &hellip; <\/p>\n<p class=\"link-more\"><a href=\"https:\/\/alzira.es\/es\/serveis-municipals\/servici-demergencia-climatica-i-projectes-estrategics\/infraestructura-verda\/pnm-murtacasella\/cita-previa-pnm\/grups-de-mes-de-10-persones\/\" class=\"more-link\">Continuar leyendo<span class=\"screen-reader-text\"> \u00abGrups de m\u00e9s de 10 persones\u00bb<\/span><\/a><\/p>\n","protected":false},"author":29,"featured_media":0,"parent":112578,"menu_order":1,"comment_status":"closed","ping_status":"closed","template":"","meta":{"_acf_changed":false,"footnotes":""},"class_list":["post-112750","page","type-page","status-publish","hentry"],"acf":[],"_links":{"self":[{"href":"https:\/\/alzira.es\/es\/wp-json\/wp\/v2\/pages\/112750","targetHints":{"allow":["GET"]}}],"collection":[{"href":"https:\/\/alzira.es\/es\/wp-json\/wp\/v2\/pages"}],"about":[{"href":"https:\/\/alzira.es\/es\/wp-json\/wp\/v2\/types\/page"}],"author":[{"embeddable":true,"href":"https:\/\/alzira.es\/es\/wp-json\/wp\/v2\/users\/29"}],"replies":[{"embeddable":true,"href":"https:\/\/alzira.es\/es\/wp-json\/wp\/v2\/comments?post=112750"}],"version-history":[{"count":2,"href":"https:\/\/alzira.es\/es\/wp-json\/wp\/v2\/pages\/112750\/revisions"}],"predecessor-version":[{"id":112761,"href":"https:\/\/alzira.es\/es\/wp-json\/wp\/v2\/pages\/112750\/revisions\/112761"}],"up":[{"embeddable":true,"href":"https:\/\/alzira.es\/es\/wp-json\/wp\/v2\/pages\/112578"}],"wp:attachment":[{"href":"https:\/\/alzira.es\/es\/wp-json\/wp\/v2\/media?parent=112750"}],"curies":[{"name":"wp","href":"https:\/\/api.w.org\/{rel}","templated":true}]}}