{"id":112573,"date":"2022-01-20T10:54:47","date_gmt":"2022-01-20T09:54:47","guid":{"rendered":"https:\/\/alzira.es\/?page_id=112573"},"modified":"2024-02-26T13:57:00","modified_gmt":"2024-02-26T12:57:00","slug":"horaris-de-visita-i-control-daforament","status":"publish","type":"page","link":"https:\/\/alzira.es\/es\/serveis-municipals\/servici-demergencia-climatica-i-projectes-estrategics\/infraestructura-verda\/pnm-murtacasella\/horaris-de-visita-i-control-daforament\/","title":{"rendered":"Horaris de visita i control d&#8217;aforament"},"content":{"rendered":"\t\t<div data-elementor-type=\"wp-page\" data-elementor-id=\"112573\" class=\"elementor elementor-112573\">\n\t\t\t\t\t\t<section class=\"elementor-section elementor-top-section elementor-element elementor-element-81cb0b8 elementor-section-boxed elementor-section-height-default elementor-section-height-default\" data-id=\"81cb0b8\" data-element_type=\"section\">\n\t\t\t\t\t\t<div class=\"elementor-container elementor-column-gap-default\">\n\t\t\t\t\t<div class=\"elementor-column elementor-col-100 elementor-top-column elementor-element elementor-element-5d2c291\" data-id=\"5d2c291\" data-element_type=\"column\">\n\t\t\t<div class=\"elementor-widget-wrap elementor-element-populated\">\n\t\t\t\t\t\t<div class=\"elementor-element elementor-element-c40613b elementor-widget elementor-widget-text-editor\" data-id=\"c40613b\" data-element_type=\"widget\" data-widget_type=\"text-editor.default\">\n\t\t\t\t<div class=\"elementor-widget-container\">\n\t\t\t\t\t\t\t\t\t<p class=\"x_elementToProof\">L\u2019horari de visita al paratge natural municipal de la Murta i la Casella, \u00e9s el seg\u00fcent:<\/p>\n&#8211;\u00a0\u00a0\u00a0\u00a0\u00a0\u00a0\u00a0De dilluns a divendres de 08:00 a 14:00\n<p style=\"padding-left: 40px;\">o\u00a0\u00a0\u00a0El paratge estar\u00e0 vigilat pels treballadors que fan tasques de manteniment ordin\u00e0ries, no hi haur\u00e0 control d\u2019entrada.<\/p>\n&#8211;\u00a0\u00a0\u00a0\u00a0\u00a0\u00a0\u00a0Caps de setmana i festius de 08:00 a 17:00\n<p style=\"padding-left: 40px;\">o\u00a0\u00a0\u00a0Vigilant en control d\u2019entrada fins les 15:00<\/p>\n<p style=\"padding-left: 40px;\">o\u00a0\u00a0\u00a0Jard\u00ed rom\u00e0ntic obert amb personal del MUMA de 10:00 a 17:00<\/p>\nF\u00f3ra d\u2019aquest horari, encara que la porta d\u2019entrada a la Murta es tanque, es podr\u00e0 continuar accedint al paratge natural per\u00f2 sense personal d\u2019atenci\u00f3 als visitants.\n\nEn la Murta existeix un control d\u2019aforament continu de les visites, aquest sistema s\u2019ha implementat per tal d\u2019assegurar una bona q\u00fcalitat de l\u2019experi\u00e8ncia del visitant i per a minimitzar l\u2019impacte del turisme en l\u2019ecosistema forestal, garantint-se aix\u00ed que no es sobrepassa mai la capacitat d\u2019acollida de l\u2019espai natural.\n\nEl sistema de regulaci\u00f3 d\u2019aforament funciona controlant el n\u00famero d\u2019entrades per hora, de manera que es deixen entrar cada hora 150 visitants amb entrada lliure m\u00e9s 50 visitants addicionals amb reserva. El ll\u00edmit d\u2019entrades de visitants per hora no excedir\u00e0 mai les 200.\n\nPer a entrades individuals i grups de menys de 15 persones, l\u2019entrada \u00e9s lliure en ambd\u00f3s espais, no obstant aix\u00f2 i degut a la gran aflu\u00e8ncia de usuaris els caps de setmana i festius, es recomana la reserva d\u2019entrada en l\u2019apartat cita pr\u00e8via de la web municipal\u00a0<a id=\"OWA06f3a327-4d1c-fe9c-eb7c-a5f742e029b7\" class=\"x_OWAAutoLink\" href=\"https:\/\/alzira.es\/\" target=\"_blank\" rel=\"noopener noreferrer\" data-auth=\"NotApplicable\" data-linkindex=\"1\">www.alzira.es<\/a>, que es pot accedir clicant en el seg\u00fcent enlla\u00e7:\n\n<a id=\"OWAefd2f8e2-f2a5-fe47-b34f-969b0a967607\" class=\"x_OWAAutoLink\" href=\"https:\/\/alzira.es\/serveis-municipals\/cita-previa\/cita-previa-bienvenido-paratge-natural-municipal-de-la-murta\/#services\" target=\"_blank\" rel=\"noopener noreferrer\" data-auth=\"NotApplicable\" data-linkindex=\"2\">https:\/\/alzira.es\/serveis-municipals\/cita-previa\/cita-previa-bienvenido-paratge-natural-municipal-de-la-murta\/#services<\/a>\n\nEn la Casella no s\u2019aplica aquest sistema de control d\u2019aforament per a visites individuals o grups de menys de 15 persones.\n\nPer a grups de m\u00e9s de 15 persones tant en la Murta com en la Casella, es necessari reservar la visita a trav\u00e9s d\u2019un correu electr\u00f2nic a\u00a0<a id=\"OWAea522886-f76f-ca5c-1ec0-8363aec511c2\" class=\"x_OWAAutoLink\" href=\"mailto:mediambient@alzira.es\" data-linkindex=\"3\">mediambient@alzira.es<\/a>\n<p class=\"x_elementToProof\">Per raons de minimitzaci\u00f3 de l\u2019impacte ambiental de les visites sobre l\u2019ecosistema no es permeten visites de grups majors a 30 persones al mateix temps i en el mateix lloc, \u00e9s per aix\u00f2 que la persona responsable del grup haur\u00e0 d\u2019informar la seva visita amb antel\u00b7laci\u00f3 al correu\u00a0<a id=\"OWA702e4c3b-57db-783b-dd7e-1d58b3efe845\" class=\"x_OWAAutoLink\" href=\"mailto:mediambient@alzira.es\" data-linkindex=\"4\">mediambient@alzira.es<\/a><\/p>\t\t\t\t\t\t\t\t<\/div>\n\t\t\t\t<\/div>\n\t\t\t\t\t<\/div>\n\t\t<\/div>\n\t\t\t\t\t<\/div>\n\t\t<\/section>\n\t\t\t\t<\/div>\n\t\t","protected":false},"excerpt":{"rendered":"<p>L\u2019horari de visita al paratge natural municipal de la Murta i la Casella, \u00e9s el seg\u00fcent: &#8211;\u00a0\u00a0\u00a0\u00a0\u00a0\u00a0\u00a0De dilluns a divendres de 08:00 a 14:00 o\u00a0\u00a0\u00a0El paratge estar\u00e0 vigilat pels treballadors que fan tasques de manteniment ordin\u00e0ries, no hi haur\u00e0 control d\u2019entrada. &#8211;\u00a0\u00a0\u00a0\u00a0\u00a0\u00a0\u00a0Caps de setmana i festius de 08:00 a 17:00 o\u00a0\u00a0\u00a0Vigilant en control d\u2019entrada fins &hellip; <\/p>\n<p class=\"link-more\"><a href=\"https:\/\/alzira.es\/es\/serveis-municipals\/servici-demergencia-climatica-i-projectes-estrategics\/infraestructura-verda\/pnm-murtacasella\/horaris-de-visita-i-control-daforament\/\" class=\"more-link\">Continuar leyendo<span class=\"screen-reader-text\"> \u00abHoraris de visita i control d&#8217;aforament\u00bb<\/span><\/a><\/p>\n","protected":false},"author":29,"featured_media":0,"parent":112516,"menu_order":1,"comment_status":"closed","ping_status":"closed","template":"","meta":{"_acf_changed":false,"footnotes":""},"class_list":["post-112573","page","type-page","status-publish","hentry"],"acf":[],"_links":{"self":[{"href":"https:\/\/alzira.es\/es\/wp-json\/wp\/v2\/pages\/112573","targetHints":{"allow":["GET"]}}],"collection":[{"href":"https:\/\/alzira.es\/es\/wp-json\/wp\/v2\/pages"}],"about":[{"href":"https:\/\/alzira.es\/es\/wp-json\/wp\/v2\/types\/page"}],"author":[{"embeddable":true,"href":"https:\/\/alzira.es\/es\/wp-json\/wp\/v2\/users\/29"}],"replies":[{"embeddable":true,"href":"https:\/\/alzira.es\/es\/wp-json\/wp\/v2\/comments?post=112573"}],"version-history":[{"count":2,"href":"https:\/\/alzira.es\/es\/wp-json\/wp\/v2\/pages\/112573\/revisions"}],"predecessor-version":[{"id":147412,"href":"https:\/\/alzira.es\/es\/wp-json\/wp\/v2\/pages\/112573\/revisions\/147412"}],"up":[{"embeddable":true,"href":"https:\/\/alzira.es\/es\/wp-json\/wp\/v2\/pages\/112516"}],"wp:attachment":[{"href":"https:\/\/alzira.es\/es\/wp-json\/wp\/v2\/media?parent=112573"}],"curies":[{"name":"wp","href":"https:\/\/api.w.org\/{rel}","templated":true}]}}