{"id":112107,"date":"2022-01-18T20:51:22","date_gmt":"2022-01-18T19:51:22","guid":{"rendered":"https:\/\/alzira.es\/servicios-municipales\/educacion-e-infancia\/contacto\/"},"modified":"2022-04-19T14:31:45","modified_gmt":"2022-04-19T12:31:45","slug":"contacto","status":"publish","type":"page","link":"https:\/\/alzira.es\/es\/servicios-municipales\/educacion-e-infancia\/contacto\/","title":{"rendered":"Contacto"},"content":{"rendered":"\n<ul class=\"wp-block-list\"><li>T\u00e9cnico de Educaci\u00f3n: Sergio Piera P\u00e9rez. Correo electr\u00f3nico: <a href=\"mailto:educacio@alzira.es\">educacio@alzira.es<\/a>. Tel\u00e9fono: 96 245 92 50<\/li><li>T\u00e9cnica de infancia: Pilar Montalv\u00e1 Rosell. Correo electr\u00f3nico: <a href=\"mailto:infancia@alzira.es\">infancia@alzira.es<\/a>. Tel\u00e9fono: 96 245 92 50<\/li><li>Ubicaci\u00f3n: Edificio de Bienestar Social. Calle Rambla, 23.<\/li><\/ul>\n","protected":false},"excerpt":{"rendered":"<p>T\u00e9cnico de Educaci\u00f3n: Sergio Piera P\u00e9rez. Correo electr\u00f3nico: educacio@alzira.es. Tel\u00e9fono: 96 245 92 50 T\u00e9cnica de infancia: Pilar Montalv\u00e1 Rosell. Correo electr\u00f3nico: infancia@alzira.es. Tel\u00e9fono: 96 245 92 50 Ubicaci\u00f3n: Edificio de Bienestar Social. Calle Rambla, 23.<\/p>\n","protected":false},"author":29,"featured_media":0,"parent":104969,"menu_order":0,"comment_status":"closed","ping_status":"closed","template":"","meta":{"_acf_changed":false,"footnotes":""},"class_list":["post-112107","page","type-page","status-publish","hentry"],"acf":[],"_links":{"self":[{"href":"https:\/\/alzira.es\/es\/wp-json\/wp\/v2\/pages\/112107","targetHints":{"allow":["GET"]}}],"collection":[{"href":"https:\/\/alzira.es\/es\/wp-json\/wp\/v2\/pages"}],"about":[{"href":"https:\/\/alzira.es\/es\/wp-json\/wp\/v2\/types\/page"}],"author":[{"embeddable":true,"href":"https:\/\/alzira.es\/es\/wp-json\/wp\/v2\/users\/29"}],"replies":[{"embeddable":true,"href":"https:\/\/alzira.es\/es\/wp-json\/wp\/v2\/comments?post=112107"}],"version-history":[{"count":2,"href":"https:\/\/alzira.es\/es\/wp-json\/wp\/v2\/pages\/112107\/revisions"}],"predecessor-version":[{"id":119728,"href":"https:\/\/alzira.es\/es\/wp-json\/wp\/v2\/pages\/112107\/revisions\/119728"}],"up":[{"embeddable":true,"href":"https:\/\/alzira.es\/es\/wp-json\/wp\/v2\/pages\/104969"}],"wp:attachment":[{"href":"https:\/\/alzira.es\/es\/wp-json\/wp\/v2\/media?parent=112107"}],"curies":[{"name":"wp","href":"https:\/\/api.w.org\/{rel}","templated":true}]}}