{"id":112036,"date":"2022-01-18T19:59:11","date_gmt":"2022-01-18T18:59:11","guid":{"rendered":"https:\/\/alzira.es\/servicios-municipales\/educacion-e-infancia\/novedades\/"},"modified":"2026-03-30T12:24:36","modified_gmt":"2026-03-30T10:24:36","slug":"novedades","status":"publish","type":"page","link":"https:\/\/alzira.es\/es\/servicios-municipales\/educacion-e-infancia\/novedades\/","title":{"rendered":"Novedades"},"content":{"rendered":"\t\t<div data-elementor-type=\"wp-page\" data-elementor-id=\"112036\" class=\"elementor elementor-112036 elementor-112024\">\n\t\t\t\t\t\t<section class=\"elementor-section elementor-top-section elementor-element elementor-element-87b4ad1 elementor-section-boxed elementor-section-height-default elementor-section-height-default\" data-id=\"87b4ad1\" data-element_type=\"section\">\n\t\t\t\t\t\t<div class=\"elementor-container elementor-column-gap-default\">\n\t\t\t\t\t<div class=\"elementor-column elementor-col-100 elementor-top-column elementor-element elementor-element-0bd73a8\" data-id=\"0bd73a8\" data-element_type=\"column\">\n\t\t\t<div class=\"elementor-widget-wrap elementor-element-populated\">\n\t\t\t\t\t\t<div class=\"elementor-element elementor-element-ab11eb6 tituloflechahome elementor-widget elementor-widget-heading\" data-id=\"ab11eb6\" data-element_type=\"widget\" data-widget_type=\"heading.default\">\n\t\t\t\t<div class=\"elementor-widget-container\">\n\t\t\t\t\t<h3 class=\"elementor-heading-title elementor-size-default\"><a href=\"https:\/\/alzira.es\/es\/seccion\/cooperacion\/\">+ noticias<\/a><\/h3>\t\t\t\t<\/div>\n\t\t\t\t<\/div>\n\t\t\t\t\t<\/div>\n\t\t<\/div>\n\t\t\t\t\t<\/div>\n\t\t<\/section>\n\t\t\t\t<section class=\"elementor-section elementor-top-section elementor-element elementor-element-18cc508 elementor-section-boxed elementor-section-height-default elementor-section-height-default\" data-id=\"18cc508\" data-element_type=\"section\">\n\t\t\t\t\t\t<div class=\"elementor-container elementor-column-gap-default\">\n\t\t\t\t\t<div class=\"elementor-column elementor-col-100 elementor-top-column elementor-element elementor-element-e364ba8\" data-id=\"e364ba8\" data-element_type=\"column\">\n\t\t\t<div class=\"elementor-widget-wrap elementor-element-populated\">\n\t\t\t\t\t\t<div class=\"elementor-element elementor-element-3316ed9 elementor-widget elementor-widget-shortcode\" data-id=\"3316ed9\" data-element_type=\"widget\" data-widget_type=\"shortcode.default\">\n\t\t\t\t<div class=\"elementor-widget-container\">\n\t\t\t\t\t\t\t<div class=\"elementor-shortcode\"><input type=\"hidden\" id=\"numelementoscarusel\" value=\"2\"><div id=\"wrapnoticiashome\"><div id=\"articulos-recientes\"><div class=\"item-reciente\" data-position=\"1\"><h3><a href=\"https:\/\/alzira.es\/es\/lliurament-dels-27-premis-dinnovacio-educativa-i-foment-de-la-lectura-ciutat-dalzira-2025\/\">Lliurament dels 27 Premis d\u2019Innovaci\u00f3 Educativa i Foment de la Lectura Ciutat d\u2019Alzira 2025<\/a><\/h3><span class=\"date\">6 de marzo de 2026<\/span><p class=\"excerpt\">Esta setmana s\u2019han lliurat els premis d\u2019Innovaci\u00f3 Educativa i Foment de la Lectura Ciutat d\u2019Alzira, organitzats conjuntament per l\u2019Ajuntament d\u2019Alzira i la Fundaci\u00f3 Bromera per al Foment de la Lectura. Uns guardons que van n\u00e0ixer,&hellip;<a href=\"https:\/\/alzira.es\/es\/lliurament-dels-27-premis-dinnovacio-educativa-i-foment-de-la-lectura-ciutat-dalzira-2025\/\"> &hellip; <p class=\"link-more\"><a href=\"https:\/\/alzira.es\/es\/lliurament-dels-27-premis-dinnovacio-educativa-i-foment-de-la-lectura-ciutat-dalzira-2025\/\" class=\"more-link\">Continuar leyendo<span class=\"screen-reader-text\"> \"Lliurament dels 27 Premis d\u2019Innovaci\u00f3 Educativa i Foment de la Lectura Ciutat d\u2019Alzira 2025\"<\/span><\/a><\/p><\/a><\/p><a class=\"imagen-post-reciente\" href=\"https:\/\/alzira.es\/es\/lliurament-dels-27-premis-dinnovacio-educativa-i-foment-de-la-lectura-ciutat-dalzira-2025\/\"><img fetchpriority=\"high\" decoding=\"async\" width=\"680\" height=\"510\" src=\"https:\/\/alzira.es\/wp-content\/uploads\/2026\/03\/648275421_1335282128633189_8285110397704109300_n-680x510.jpg\" class=\"attachment-medium size-medium wp-post-image\" alt=\"\" srcset=\"https:\/\/alzira.es\/wp-content\/uploads\/2026\/03\/648275421_1335282128633189_8285110397704109300_n-680x510.jpg 680w, https:\/\/alzira.es\/wp-content\/uploads\/2026\/03\/648275421_1335282128633189_8285110397704109300_n-1430x1072.jpg 1430w, https:\/\/alzira.es\/wp-content\/uploads\/2026\/03\/648275421_1335282128633189_8285110397704109300_n-768x576.jpg 768w, https:\/\/alzira.es\/wp-content\/uploads\/2026\/03\/648275421_1335282128633189_8285110397704109300_n-1536x1152.jpg 1536w, https:\/\/alzira.es\/wp-content\/uploads\/2026\/03\/648275421_1335282128633189_8285110397704109300_n.jpg 2048w\" sizes=\"100vw\" \/><\/a> <div class=\"categ\">Educaci\u00f3<\/div><\/div><div class=\"item-reciente\" data-position=\"2\"><a class=\"imagen-post-reciente\" href=\"https:\/\/alzira.es\/es\/alzira-homenatja-els-15-docents-que-enguany-sacomiaden-de-les-aules-alzirenyes\/\"><img decoding=\"async\" width=\"680\" height=\"434\" data-src=\"https:\/\/alzira.es\/wp-content\/uploads\/2025\/07\/PROFESSORAT_JUBILAT-680x434.jpeg\" class=\"attachment-medium size-medium wp-post-image lazyload\" alt=\"\" data-srcset=\"https:\/\/alzira.es\/wp-content\/uploads\/2025\/07\/PROFESSORAT_JUBILAT-680x434.jpeg 680w, https:\/\/alzira.es\/wp-content\/uploads\/2025\/07\/PROFESSORAT_JUBILAT-1430x913.jpeg 1430w, https:\/\/alzira.es\/wp-content\/uploads\/2025\/07\/PROFESSORAT_JUBILAT-768x490.jpeg 768w, https:\/\/alzira.es\/wp-content\/uploads\/2025\/07\/PROFESSORAT_JUBILAT-1536x980.jpeg 1536w, https:\/\/alzira.es\/wp-content\/uploads\/2025\/07\/PROFESSORAT_JUBILAT-2048x1307.jpeg 2048w\" data-sizes=\"100vw\" src=\"data:image\/svg+xml;base64,PHN2ZyB3aWR0aD0iMSIgaGVpZ2h0PSIxIiB4bWxucz0iaHR0cDovL3d3dy53My5vcmcvMjAwMC9zdmciPjwvc3ZnPg==\" style=\"--smush-placeholder-width: 680px; --smush-placeholder-aspect-ratio: 680\/434;\" \/><\/a> <div class=\"categ\">Educaci\u00f3<\/div><h3><a href=\"https:\/\/alzira.es\/es\/alzira-homenatja-els-15-docents-que-enguany-sacomiaden-de-les-aules-alzirenyes\/\">Alzira homenatja els 15 docents que enguany s\u2019acomiaden de les aules alzirenyes<\/a><\/h3><span class=\"date\">3 de julio de 2025<\/span><p class=\"excerpt\">L\u2019Ajuntament d\u2019Alzira va retre homenatge, ahir de vesprada, a les i els docents dels centres educatius de la ciutat que finalitzen la seua traject\u00f2ria professional. L\u2019alcalde d\u2019Alzira, Alfons Dom\u00ednguez, la regidora d\u2019Educaci\u00f3, Virtuts Piera, aix\u00ed&hellip;<a href=\"https:\/\/alzira.es\/es\/alzira-homenatja-els-15-docents-que-enguany-sacomiaden-de-les-aules-alzirenyes\/\"> &hellip; <p class=\"link-more\"><a href=\"https:\/\/alzira.es\/es\/alzira-homenatja-els-15-docents-que-enguany-sacomiaden-de-les-aules-alzirenyes\/\" class=\"more-link\">Continuar leyendo<span class=\"screen-reader-text\"> \"Alzira homenatja els 15 docents que enguany s\u2019acomiaden de les aules alzirenyes\"<\/span><\/a><\/p><\/a><\/p><\/div><\/div><\/div><\/div>\n\t\t\t\t\t\t<\/div>\n\t\t\t\t<\/div>\n\t\t\t\t\t<\/div>\n\t\t<\/div>\n\t\t\t\t\t<\/div>\n\t\t<\/section>\n\t\t\t\t<section class=\"elementor-section elementor-top-section elementor-element elementor-element-4dca35e elementor-section-boxed elementor-section-height-default elementor-section-height-default\" data-id=\"4dca35e\" data-element_type=\"section\">\n\t\t\t\t\t\t<div class=\"elementor-container elementor-column-gap-default\">\n\t\t\t\t\t<div class=\"elementor-column elementor-col-100 elementor-top-column elementor-element elementor-element-ef0658d\" data-id=\"ef0658d\" data-element_type=\"column\">\n\t\t\t<div class=\"elementor-widget-wrap elementor-element-populated\">\n\t\t\t\t\t\t<div class=\"elementor-element elementor-element-ce44a2a elementor-widget elementor-widget-heading\" data-id=\"ce44a2a\" data-element_type=\"widget\" data-widget_type=\"heading.default\">\n\t\t\t\t<div class=\"elementor-widget-container\">\n\t\t\t\t\t<h2 class=\"elementor-heading-title elementor-size-default\">M\u00e1s novedades<\/h2>\t\t\t\t<\/div>\n\t\t\t\t<\/div>\n\t\t\t\t\t<\/div>\n\t\t<\/div>\n\t\t\t\t\t<\/div>\n\t\t<\/section>\n\t\t\t\t<section class=\"elementor-section elementor-top-section elementor-element elementor-element-57d93fd elementor-section-full_width iconosportadasec ajuntament elementor-section-height-default elementor-section-height-default\" data-id=\"57d93fd\" data-element_type=\"section\">\n\t\t\t\t\t\t<div class=\"elementor-container elementor-column-gap-narrow\">\n\t\t\t\t\t<div class=\"elementor-column elementor-col-16 elementor-top-column elementor-element elementor-element-4be8e05\" data-id=\"4be8e05\" data-element_type=\"column\">\n\t\t\t<div class=\"elementor-widget-wrap elementor-element-populated\">\n\t\t\t\t\t\t<div class=\"elementor-element elementor-element-50e9c25 elementor-widget elementor-widget-image\" data-id=\"50e9c25\" data-element_type=\"widget\" data-widget_type=\"image.default\">\n\t\t\t\t<div class=\"elementor-widget-container\">\n\t\t\t\t\t\t\t\t\t\t\t\t\t\t\t\t<a href=\"https:\/\/alzira.es\/es\/servicios-municipales\/educacion-e-infancia\/galerias-de-imagenes-educacion\/\">\n\t\t\t\t\t\t\t<img decoding=\"async\" width=\"3508\" height=\"2938\" data-src=\"https:\/\/alzira.es\/wp-content\/uploads\/2021\/11\/GALERIA-DIMATGES-1.png\" class=\"attachment-full size-full wp-image-104937 lazyload\" alt=\"Galer\u00edas de im\u00e1genes\" data-srcset=\"https:\/\/alzira.es\/wp-content\/uploads\/2021\/11\/GALERIA-DIMATGES-1.png 3508w, https:\/\/alzira.es\/wp-content\/uploads\/2021\/11\/GALERIA-DIMATGES-1-609x510.png 609w, https:\/\/alzira.es\/wp-content\/uploads\/2021\/11\/GALERIA-DIMATGES-1-1280x1072.png 1280w, https:\/\/alzira.es\/wp-content\/uploads\/2021\/11\/GALERIA-DIMATGES-1-768x643.png 768w, https:\/\/alzira.es\/wp-content\/uploads\/2021\/11\/GALERIA-DIMATGES-1-1536x1286.png 1536w, https:\/\/alzira.es\/wp-content\/uploads\/2021\/11\/GALERIA-DIMATGES-1-2048x1715.png 2048w\" data-sizes=\"100vw\" src=\"data:image\/svg+xml;base64,PHN2ZyB3aWR0aD0iMSIgaGVpZ2h0PSIxIiB4bWxucz0iaHR0cDovL3d3dy53My5vcmcvMjAwMC9zdmciPjwvc3ZnPg==\" style=\"--smush-placeholder-width: 3508px; --smush-placeholder-aspect-ratio: 3508\/2938;\" \/>\t\t\t\t\t\t\t\t<\/a>\n\t\t\t\t\t\t\t\t\t\t\t\t\t\t\t<\/div>\n\t\t\t\t<\/div>\n\t\t\t\t<div class=\"elementor-element elementor-element-6c0742e elementor-widget elementor-widget-heading\" data-id=\"6c0742e\" data-element_type=\"widget\" data-widget_type=\"heading.default\">\n\t\t\t\t<div class=\"elementor-widget-container\">\n\t\t\t\t\t<h5 class=\"elementor-heading-title elementor-size-default\"><a href=\"https:\/\/alzira.es\/es\/servicios-municipales\/educacion-e-infancia\/galerias-de-imagenes-educacion\/\">Galer\u00edas de im\u00e1genes<\/a><\/h5>\t\t\t\t<\/div>\n\t\t\t\t<\/div>\n\t\t\t\t\t<\/div>\n\t\t<\/div>\n\t\t\t\t<div class=\"elementor-column elementor-col-16 elementor-top-column elementor-element elementor-element-3033c86\" data-id=\"3033c86\" data-element_type=\"column\">\n\t\t\t<div class=\"elementor-widget-wrap\">\n\t\t\t\t\t\t\t<\/div>\n\t\t<\/div>\n\t\t\t\t<div class=\"elementor-column elementor-col-16 elementor-top-column elementor-element elementor-element-a87fe49\" data-id=\"a87fe49\" data-element_type=\"column\">\n\t\t\t<div class=\"elementor-widget-wrap elementor-element-populated\">\n\t\t\t\t\t\t<div class=\"elementor-element elementor-element-dcba73f elementor-widget elementor-widget-image\" data-id=\"dcba73f\" data-element_type=\"widget\" data-widget_type=\"image.default\">\n\t\t\t\t<div class=\"elementor-widget-container\">\n\t\t\t\t\t\t\t\t\t\t\t\t\t\t\t\t<a href=\"https:\/\/alzira.es\/es\/servicios-municipales\/educacion-e-infancia\/recursos\/\">\n\t\t\t\t\t\t\t<img decoding=\"async\" width=\"3508\" height=\"2939\" data-src=\"https:\/\/alzira.es\/wp-content\/uploads\/2021\/11\/RECURSOS-1.png\" class=\"attachment-full size-full wp-image-104931 lazyload\" alt=\"Recursos\" data-srcset=\"https:\/\/alzira.es\/wp-content\/uploads\/2021\/11\/RECURSOS-1.png 3508w, https:\/\/alzira.es\/wp-content\/uploads\/2021\/11\/RECURSOS-1-609x510.png 609w, https:\/\/alzira.es\/wp-content\/uploads\/2021\/11\/RECURSOS-1-1280x1072.png 1280w, https:\/\/alzira.es\/wp-content\/uploads\/2021\/11\/RECURSOS-1-768x643.png 768w, https:\/\/alzira.es\/wp-content\/uploads\/2021\/11\/RECURSOS-1-1536x1287.png 1536w, https:\/\/alzira.es\/wp-content\/uploads\/2021\/11\/RECURSOS-1-2048x1716.png 2048w\" data-sizes=\"100vw\" src=\"data:image\/svg+xml;base64,PHN2ZyB3aWR0aD0iMSIgaGVpZ2h0PSIxIiB4bWxucz0iaHR0cDovL3d3dy53My5vcmcvMjAwMC9zdmciPjwvc3ZnPg==\" style=\"--smush-placeholder-width: 3508px; --smush-placeholder-aspect-ratio: 3508\/2939;\" \/>\t\t\t\t\t\t\t\t<\/a>\n\t\t\t\t\t\t\t\t\t\t\t\t\t\t\t<\/div>\n\t\t\t\t<\/div>\n\t\t\t\t<div class=\"elementor-element elementor-element-d73cbd4 elementor-widget elementor-widget-heading\" data-id=\"d73cbd4\" data-element_type=\"widget\" data-widget_type=\"heading.default\">\n\t\t\t\t<div class=\"elementor-widget-container\">\n\t\t\t\t\t<h5 class=\"elementor-heading-title elementor-size-default\"><a href=\"https:\/\/alzira.es\/es\/servicios-municipales\/educacion-e-infancia\/recursos\/\">Recursos<\/a><\/h5>\t\t\t\t<\/div>\n\t\t\t\t<\/div>\n\t\t\t\t\t<\/div>\n\t\t<\/div>\n\t\t\t\t<div class=\"elementor-column elementor-col-16 elementor-top-column elementor-element elementor-element-56fd20b\" data-id=\"56fd20b\" data-element_type=\"column\">\n\t\t\t<div class=\"elementor-widget-wrap\">\n\t\t\t\t\t\t\t<\/div>\n\t\t<\/div>\n\t\t\t\t<div class=\"elementor-column elementor-col-16 elementor-top-column elementor-element elementor-element-4e919ae\" data-id=\"4e919ae\" data-element_type=\"column\">\n\t\t\t<div class=\"elementor-widget-wrap elementor-element-populated\">\n\t\t\t\t\t\t<div class=\"elementor-element elementor-element-6d0fe3b elementor-widget elementor-widget-image\" data-id=\"6d0fe3b\" data-element_type=\"widget\" data-widget_type=\"image.default\">\n\t\t\t\t<div class=\"elementor-widget-container\">\n\t\t\t\t\t\t\t\t\t\t\t\t\t\t\t\t<a href=\"https:\/\/www.gentdetrobada.org\/\" target=\"_blank\">\n\t\t\t\t\t\t\t<img decoding=\"async\" width=\"3508\" height=\"2939\" data-src=\"https:\/\/alzira.es\/wp-content\/uploads\/2021\/11\/EDUCACIO_TROBADA-ALZIRA.png\" class=\"attachment-full size-full wp-image-105513 lazyload\" alt=\"\" data-srcset=\"https:\/\/alzira.es\/wp-content\/uploads\/2021\/11\/EDUCACIO_TROBADA-ALZIRA.png 3508w, https:\/\/alzira.es\/wp-content\/uploads\/2021\/11\/EDUCACIO_TROBADA-ALZIRA-609x510.png 609w, https:\/\/alzira.es\/wp-content\/uploads\/2021\/11\/EDUCACIO_TROBADA-ALZIRA-1280x1072.png 1280w, https:\/\/alzira.es\/wp-content\/uploads\/2021\/11\/EDUCACIO_TROBADA-ALZIRA-768x643.png 768w, https:\/\/alzira.es\/wp-content\/uploads\/2021\/11\/EDUCACIO_TROBADA-ALZIRA-1536x1287.png 1536w, https:\/\/alzira.es\/wp-content\/uploads\/2021\/11\/EDUCACIO_TROBADA-ALZIRA-2048x1716.png 2048w\" data-sizes=\"100vw\" src=\"data:image\/svg+xml;base64,PHN2ZyB3aWR0aD0iMSIgaGVpZ2h0PSIxIiB4bWxucz0iaHR0cDovL3d3dy53My5vcmcvMjAwMC9zdmciPjwvc3ZnPg==\" style=\"--smush-placeholder-width: 3508px; --smush-placeholder-aspect-ratio: 3508\/2939;\" \/>\t\t\t\t\t\t\t\t<\/a>\n\t\t\t\t\t\t\t\t\t\t\t\t\t\t\t<\/div>\n\t\t\t\t<\/div>\n\t\t\t\t<div class=\"elementor-element elementor-element-bcafd33 elementor-widget elementor-widget-heading\" data-id=\"bcafd33\" data-element_type=\"widget\" data-widget_type=\"heading.default\">\n\t\t\t\t<div class=\"elementor-widget-container\">\n\t\t\t\t\t<h5 class=\"elementor-heading-title elementor-size-default\"><a href=\"https:\/\/www.gentdetrobada.org\/\" target=\"_blank\">Gent de Trobada<\/a><\/h5>\t\t\t\t<\/div>\n\t\t\t\t<\/div>\n\t\t\t\t\t<\/div>\n\t\t<\/div>\n\t\t\t\t<div class=\"elementor-column elementor-col-16 elementor-top-column elementor-element elementor-element-1178e41\" data-id=\"1178e41\" data-element_type=\"column\">\n\t\t\t<div class=\"elementor-widget-wrap\">\n\t\t\t\t\t\t\t<\/div>\n\t\t<\/div>\n\t\t\t\t\t<\/div>\n\t\t<\/section>\n\t\t\t\t<\/div>\n\t\t","protected":false},"excerpt":{"rendered":"<p>+ noticias M\u00e1s novedades Galer\u00edas de im\u00e1genes Recursos Gent de Trobada<\/p>\n","protected":false},"author":29,"featured_media":0,"parent":104969,"menu_order":0,"comment_status":"closed","ping_status":"closed","template":"","meta":{"_acf_changed":false,"footnotes":""},"class_list":["post-112036","page","type-page","status-publish","hentry"],"acf":[],"_links":{"self":[{"href":"https:\/\/alzira.es\/es\/wp-json\/wp\/v2\/pages\/112036","targetHints":{"allow":["GET"]}}],"collection":[{"href":"https:\/\/alzira.es\/es\/wp-json\/wp\/v2\/pages"}],"about":[{"href":"https:\/\/alzira.es\/es\/wp-json\/wp\/v2\/types\/page"}],"author":[{"embeddable":true,"href":"https:\/\/alzira.es\/es\/wp-json\/wp\/v2\/users\/29"}],"replies":[{"embeddable":true,"href":"https:\/\/alzira.es\/es\/wp-json\/wp\/v2\/comments?post=112036"}],"version-history":[{"count":2,"href":"https:\/\/alzira.es\/es\/wp-json\/wp\/v2\/pages\/112036\/revisions"}],"predecessor-version":[{"id":170221,"href":"https:\/\/alzira.es\/es\/wp-json\/wp\/v2\/pages\/112036\/revisions\/170221"}],"up":[{"embeddable":true,"href":"https:\/\/alzira.es\/es\/wp-json\/wp\/v2\/pages\/104969"}],"wp:attachment":[{"href":"https:\/\/alzira.es\/es\/wp-json\/wp\/v2\/media?parent=112036"}],"curies":[{"name":"wp","href":"https:\/\/api.w.org\/{rel}","templated":true}]}}