{"id":112018,"date":"2022-01-18T11:48:54","date_gmt":"2022-01-18T10:48:54","guid":{"rendered":"https:\/\/alzira.es\/servicios-municipales\/recursos-humanos\/empleo-temporal\/convocatoria-01-2022-bolsa-de-trabajo-a2-tecnico-medio-de-proyectos-europeos-idea\/"},"modified":"2022-12-22T12:37:06","modified_gmt":"2022-12-22T11:37:06","slug":"convocatoria-01-2022-bolsa-de-trabajo-a2-tecnico-medio-de-proyectos-europeos-idea","status":"publish","type":"page","link":"https:\/\/alzira.es\/es\/servicios-municipales\/recursos-humanos\/empleo-temporal\/convocatoria-01-2022-bolsa-de-trabajo-a2-tecnico-medio-de-proyectos-europeos-idea\/","title":{"rendered":"Convocatoria 01\/2022 &#8211; Bolsa de trabajo A2 &#8211; T\u00e9cnico Medio de Proyectos Europeos (IDEA)"},"content":{"rendered":"<p><\/p>\n<p><strong>DOCUMENTOS DEL EXPEDIENTE:<\/strong><\/p>\n\n\n<figure class=\"wp-block-table is-style-stripes\"><table><thead><tr><th><strong>Nombre Fichero<\/strong><\/th><th class=\"has-text-align-center\" data-align=\"center\"><strong>Fecha Publicaci\u00f3n<\/strong><\/th><\/tr><\/thead><tbody><tr><td><a href=\"https:\/\/alzira.es\/wp-content\/uploads\/2022\/10\/Decret-2989-22-constitucio-bolsa-i-ordre-de-cridament.pdf\">Decreto constituci\u00f3n bolsa y orden de llamamiento<\/a><\/td><td class=\"has-text-align-center\" data-align=\"center\">22\/12\/2022<\/td><\/tr><tr><td><a href=\"https:\/\/alzira.es\/wp-content\/uploads\/2022\/12\/Acta-4-Valoracio-Definitiva-Tecnic-Mitja-projectes-europeus.pdf\">Acta n\u00ba 4: Resultados definitivos <\/a><\/td><td class=\"has-text-align-center\" data-align=\"center\">21\/12\/2022<\/td><\/tr><tr><td><a href=\"https:\/\/alzira.es\/wp-content\/uploads\/2022\/08\/Acta-3-Rectificacio-Valoracio-merits-provisional-presentats-Tecnic-Mitja-projectes-europeus.pdf\">Acta n\u00ba3: Rectificaci\u00f3n y revisi\u00f3n  alegaciones valoraci\u00f3n de m\u00e9ritos<\/a><\/td><td class=\"has-text-align-center\" data-align=\"center\">26\/08\/2022<\/td><\/tr><tr><td><a href=\"https:\/\/alzira.es\/wp-content\/uploads\/2022\/07\/Acta-2-Valoracio-merits-provisional-presentats-Tecnic-Mitja-projectes-europeus.pdf\">Acta n\u00ba 2: Resultados provisionales valoraci\u00f3n de m\u00e9ritos<\/a><\/td><td class=\"has-text-align-center\" data-align=\"center\">27\/07\/2022<\/td><\/tr><tr><td><a href=\"https:\/\/alzira.es\/wp-content\/uploads\/2022\/06\/Acta-1-Constitucio-tribunal-i-entrevista.pdf\" target=\"_blank\" rel=\"noreferrer noopener\">Acta N\u00ba 1: Resultados entrevista<\/a><\/td><td class=\"has-text-align-center\" data-align=\"center\">15\/06\/2022<\/td><\/tr><tr><td><a href=\"https:\/\/alzira.es\/wp-content\/uploads\/2022\/05\/Rectificacio-horari-entrevista.pdf\" target=\"_blank\" rel=\"noreferrer noopener\">Modificaci\u00f3n fecha y hora entrevista<\/a><\/td><td class=\"has-text-align-center\" data-align=\"center\">19\/05\/2022<\/td><\/tr><tr><td><a href=\"https:\/\/alzira.es\/wp-content\/uploads\/2022\/05\/Llistat-definitiu-admesos-i-exclosos-i-data-entrevista-1.pdf\" target=\"_blank\" rel=\"noreferrer noopener\">Listado definitivo admitidos y excluidos y fecha entrevista<\/a><\/td><td class=\"has-text-align-center\" data-align=\"center\">16\/05\/2022<\/td><\/tr><tr><td><a href=\"https:\/\/alzira.es\/wp-content\/uploads\/2022\/03\/Llistat-provisional-admesos-i-exclosos.pdf\" target=\"_blank\" rel=\"noreferrer noopener\">Listado provisional admitidos y excluidos<\/a><\/td><td class=\"has-text-align-center\" data-align=\"center\">23\/03\/2022<\/td><\/tr><tr><td><a href=\"https:\/\/alzira.es\/wp-content\/uploads\/2022\/02\/Publicacio-BOP.pdf\" target=\"_blank\" rel=\"noreferrer noopener\">Anuncio BOP<\/a><\/td><td class=\"has-text-align-center\" data-align=\"center\">10\/02\/2022<\/td><\/tr><tr><td><a href=\"https:\/\/alzira.es\/wp-content\/uploads\/2022\/02\/Autobaremacio-2.xlsx\" target=\"_blank\" rel=\"noreferrer noopener\">Autobaremaci\u00f3n<\/a><\/td><td class=\"has-text-align-center\" data-align=\"center\"><\/td><\/tr><tr><td><a href=\"https:\/\/alzira.es\/wp-content\/uploads\/2022\/01\/IDEA-Perfil-profesional-TECNIC-PROJECTES-EUROPEUS-val-20211222.pdf\" target=\"_blank\" rel=\"noreferrer noopener\">Perfil profesional<\/a><\/td><td class=\"has-text-align-center\" data-align=\"center\"><\/td><\/tr><tr><td><a href=\"https:\/\/alzira.es\/wp-content\/uploads\/2022\/01\/Certificado-JGL-Proyectos-Europeos-1-2022.pdf\" target=\"_blank\" rel=\"noreferrer noopener\">Bases espec\u00edficas<\/a><\/td><td class=\"has-text-align-center\" data-align=\"center\"><\/td><\/tr><\/tbody><\/table><\/figure>\n","protected":false},"excerpt":{"rendered":"<p>DOCUMENTOS DEL EXPEDIENTE: Nombre Fichero Fecha Publicaci\u00f3n Decreto constituci\u00f3n bolsa y orden de llamamiento 22\/12\/2022 Acta n\u00ba 4: Resultados definitivos 21\/12\/2022 Acta n\u00ba3: Rectificaci\u00f3n y revisi\u00f3n alegaciones valoraci\u00f3n de m\u00e9ritos 26\/08\/2022 Acta n\u00ba 2: Resultados provisionales valoraci\u00f3n de m\u00e9ritos 27\/07\/2022 Acta N\u00ba 1: Resultados entrevista 15\/06\/2022 Modificaci\u00f3n fecha y hora entrevista 19\/05\/2022 Listado definitivo admitidos &hellip; <\/p>\n<p class=\"link-more\"><a href=\"https:\/\/alzira.es\/es\/servicios-municipales\/recursos-humanos\/empleo-temporal\/convocatoria-01-2022-bolsa-de-trabajo-a2-tecnico-medio-de-proyectos-europeos-idea\/\" class=\"more-link\">Continuar leyendo<span class=\"screen-reader-text\"> \u00abConvocatoria 01\/2022 &#8211; Bolsa de trabajo A2 &#8211; T\u00e9cnico Medio de Proyectos Europeos (IDEA)\u00bb<\/span><\/a><\/p>\n","protected":false},"author":29,"featured_media":0,"parent":105760,"menu_order":0,"comment_status":"closed","ping_status":"closed","template":"","meta":{"_acf_changed":false,"footnotes":""},"class_list":["post-112018","page","type-page","status-publish","hentry"],"acf":[],"_links":{"self":[{"href":"https:\/\/alzira.es\/es\/wp-json\/wp\/v2\/pages\/112018","targetHints":{"allow":["GET"]}}],"collection":[{"href":"https:\/\/alzira.es\/es\/wp-json\/wp\/v2\/pages"}],"about":[{"href":"https:\/\/alzira.es\/es\/wp-json\/wp\/v2\/types\/page"}],"author":[{"embeddable":true,"href":"https:\/\/alzira.es\/es\/wp-json\/wp\/v2\/users\/29"}],"replies":[{"embeddable":true,"href":"https:\/\/alzira.es\/es\/wp-json\/wp\/v2\/comments?post=112018"}],"version-history":[{"count":2,"href":"https:\/\/alzira.es\/es\/wp-json\/wp\/v2\/pages\/112018\/revisions"}],"predecessor-version":[{"id":132357,"href":"https:\/\/alzira.es\/es\/wp-json\/wp\/v2\/pages\/112018\/revisions\/132357"}],"up":[{"embeddable":true,"href":"https:\/\/alzira.es\/es\/wp-json\/wp\/v2\/pages\/105760"}],"wp:attachment":[{"href":"https:\/\/alzira.es\/es\/wp-json\/wp\/v2\/media?parent=112018"}],"curies":[{"name":"wp","href":"https:\/\/api.w.org\/{rel}","templated":true}]}}