{"id":112003,"date":"2022-01-18T13:54:06","date_gmt":"2022-01-18T12:54:06","guid":{"rendered":"https:\/\/alzira.es\/servicios-municipales\/recursos-humanos\/empleo-temporal\/convocatoria-02-2022-bolsa-de-trabajo-a2-tecnico-medio-agente-local-de-innovacion-red-innpulso\/"},"modified":"2022-03-11T10:11:42","modified_gmt":"2022-03-11T09:11:42","slug":"convocatoria-02-2022-bolsa-de-trabajo-a2-tecnico-medio-agente-local-de-innovacion-red-innpulso","status":"publish","type":"page","link":"https:\/\/alzira.es\/es\/servicios-municipales\/recursos-humanos\/empleo-temporal\/convocatoria-02-2022-bolsa-de-trabajo-a2-tecnico-medio-agente-local-de-innovacion-red-innpulso\/","title":{"rendered":"CONVOCATORIA 02\/2022.- Bolsa de trabajo A2 T\u00e9cnico Medio Agente Local de Innovaci\u00f3n (Red Innpulso)"},"content":{"rendered":"<p><span style=\"color: #993300;\">Edicto: Valoraci\u00f3n definitiva de m\u00e9ritos, constituci\u00f3n de la bolsa y orden de llamamiento (11\/03\/2022)<\/span><\/p>\n<p><strong>DOCUMENTOS DEL EXPEDIENTE:<\/strong><\/p>\n\n\n<figure class=\"wp-block-table is-style-stripes\"><table><thead><tr><th><strong>Nombre Fichero<\/strong><\/th><th><strong>Certificado<\/strong><\/th><\/tr><\/thead><tbody><tr><td><a href=\"https:\/\/alzira.es\/wp-content\/uploads\/2022\/03\/Decret-ordre-de-crida-i-constitucio-borsa.pdf\" target=\"_blank\" rel=\"noreferrer noopener\">Edicto: Constituci\u00f3n bolsa y orden llamamiento<\/a><\/td><td><\/td><\/tr><tr><td><a href=\"https:\/\/alzira.es\/wp-content\/uploads\/2022\/03\/Acta-1-Entrevista-i-valoracio-merits.pdf\" target=\"_blank\" rel=\"noreferrer noopener\">Acta N\u00ba1: Entrevista y valoraci\u00f3n m\u00e9ritos<\/a><\/td><td><\/td><\/tr><tr><td><a href=\"https:\/\/alzira.es\/wp-content\/uploads\/2022\/02\/Modificacio-lloc-i-hora-entrevista.pdf\" target=\"_blank\" rel=\"noreferrer noopener\">Modificaci\u00f3n lugar y hora entrevista<\/a><\/td><td><\/td><\/tr><tr><td><a href=\"https:\/\/alzira.es\/wp-content\/uploads\/2022\/02\/Decret-llistat-provisional-i-data-entrevista.pdf\" target=\"_blank\" rel=\"noreferrer noopener\">Listado provisional admitidos y fecha entrevista<\/a><\/td><td><\/td><\/tr><tr><td><a href=\"https:\/\/alzira.es\/wp-content\/uploads\/2022\/02\/Autobaremacion.xlsx\" target=\"_blank\" rel=\"noreferrer noopener\">Autobaremaci\u00f3n<\/a><\/td><td><\/td><\/tr><tr><td><a href=\"https:\/\/alzira.es\/wp-content\/uploads\/2022\/01\/INNOVA-Perfil-profesional-TECNIC-AGENT-LOCAL-INNOVACIO-val-20211222.pdf\" target=\"_blank\" rel=\"noreferrer noopener\">Perfil profesional<\/a><\/td><td><\/td><\/tr><tr><td><a href=\"https:\/\/alzira.es\/wp-content\/uploads\/2022\/01\/Certificat-JGL-A2-INNOVA.pdf\" target=\"_blank\" rel=\"noreferrer noopener\">Bases espec\u00edficas<\/a><\/td><td><\/td><\/tr><\/tbody><\/table><\/figure>\n","protected":false},"excerpt":{"rendered":"<p>Edicto: Valoraci\u00f3n definitiva de m\u00e9ritos, constituci\u00f3n de la bolsa y orden de llamamiento (11\/03\/2022) DOCUMENTOS DEL EXPEDIENTE: Nombre Fichero Certificado Edicto: Constituci\u00f3n bolsa y orden llamamiento Acta N\u00ba1: Entrevista y valoraci\u00f3n m\u00e9ritos Modificaci\u00f3n lugar y hora entrevista Listado provisional admitidos y fecha entrevista Autobaremaci\u00f3n Perfil profesional Bases espec\u00edficas<\/p>\n","protected":false},"author":29,"featured_media":0,"parent":105760,"menu_order":0,"comment_status":"closed","ping_status":"closed","template":"","meta":{"_acf_changed":false,"footnotes":""},"class_list":["post-112003","page","type-page","status-publish","hentry"],"acf":[],"_links":{"self":[{"href":"https:\/\/alzira.es\/es\/wp-json\/wp\/v2\/pages\/112003","targetHints":{"allow":["GET"]}}],"collection":[{"href":"https:\/\/alzira.es\/es\/wp-json\/wp\/v2\/pages"}],"about":[{"href":"https:\/\/alzira.es\/es\/wp-json\/wp\/v2\/types\/page"}],"author":[{"embeddable":true,"href":"https:\/\/alzira.es\/es\/wp-json\/wp\/v2\/users\/29"}],"replies":[{"embeddable":true,"href":"https:\/\/alzira.es\/es\/wp-json\/wp\/v2\/comments?post=112003"}],"version-history":[{"count":2,"href":"https:\/\/alzira.es\/es\/wp-json\/wp\/v2\/pages\/112003\/revisions"}],"predecessor-version":[{"id":117279,"href":"https:\/\/alzira.es\/es\/wp-json\/wp\/v2\/pages\/112003\/revisions\/117279"}],"up":[{"embeddable":true,"href":"https:\/\/alzira.es\/es\/wp-json\/wp\/v2\/pages\/105760"}],"wp:attachment":[{"href":"https:\/\/alzira.es\/es\/wp-json\/wp\/v2\/media?parent=112003"}],"curies":[{"name":"wp","href":"https:\/\/api.w.org\/{rel}","templated":true}]}}