{"id":111718,"date":"2022-01-17T12:56:46","date_gmt":"2022-01-17T11:56:46","guid":{"rendered":"https:\/\/alzira.es\/servicios-municipales\/economia-y-recaudacion\/intervencion\/cuenta-general\/cuenta-general-2020\/"},"modified":"2022-07-08T07:57:36","modified_gmt":"2022-07-08T05:57:36","slug":"cuenta-general-2020","status":"publish","type":"page","link":"https:\/\/alzira.es\/es\/servicios-municipales\/economia-y-recaudacion\/intervencion\/cuenta-general\/cuenta-general-2020\/","title":{"rendered":"Cuenta general 2020"},"content":{"rendered":"\t\t<div data-elementor-type=\"wp-page\" data-elementor-id=\"111718\" class=\"elementor elementor-111718 elementor-111703\">\n\t\t\t\t\t\t<section class=\"elementor-section elementor-top-section elementor-element elementor-element-2fadd3f elementor-section-boxed elementor-section-height-default elementor-section-height-default\" data-id=\"2fadd3f\" data-element_type=\"section\">\n\t\t\t\t\t\t<div class=\"elementor-container elementor-column-gap-default\">\n\t\t\t\t\t<div class=\"elementor-column elementor-col-100 elementor-top-column elementor-element elementor-element-5179e26\" data-id=\"5179e26\" data-element_type=\"column\">\n\t\t\t<div class=\"elementor-widget-wrap elementor-element-populated\">\n\t\t\t\t\t\t<div class=\"elementor-element elementor-element-07d08ef elementor-widget elementor-widget-text-editor\" data-id=\"07d08ef\" data-element_type=\"widget\" data-widget_type=\"text-editor.default\">\n\t\t\t\t<div class=\"elementor-widget-container\">\n\t\t\t\t\t\t\t\t\t<table style=\"margin-left: -3.6pt; border-collapse: collapse; width: 600px;\" border=\"1\" cellspacing=\"0\" cellpadding=\"0\"><tbody><tr><td style=\"border-width: 1pt 1pt 1pt medium; border-style: solid solid solid none; border-color: windowtext windowtext windowtext -moz-use-text-color; padding: 0cm 3.5pt;\"><p style=\"text-align: left;\" align=\"left\"><strong><span style=\"font-size: 10pt;\">Cuenta general. Tramitaci\u00f3n<\/span><\/strong><\/p><\/td><\/tr><tr><td style=\"border-width: medium 1pt 1pt medium; border-style: none solid solid none; border-color: -moz-use-text-color windowtext windowtext -moz-use-text-color; padding: 0cm 3.5pt;\">\u00a0<\/td><\/tr><tr><td style=\"border-width: medium 1pt 1pt medium; border-style: none solid solid none; border-color: -moz-use-text-color windowtext windowtext -moz-use-text-color; padding: 0cm 3.5pt;\"><p style=\"text-align: left;\" align=\"left\"><a href=\"https:\/\/alzira.es\/wp-content\/uploads\/2021\/08\/Informe_intervencio_compte_general_2020.pdf\" target=\"_blank\" rel=\"noopener\"><span style=\"font-size: 10pt;\">Formaci\u00f3n Cuenta general<\/span><\/a><\/p><\/td><\/tr><tr><td style=\"border-width: medium 1pt 1pt medium; border-style: none solid solid none; border-color: -moz-use-text-color windowtext windowtext -moz-use-text-color; padding: 0cm 3.5pt;\"><p style=\"text-align: left;\" align=\"left\"><a href=\"https:\/\/alzira.es\/wp-content\/uploads\/2021\/08\/0630d1413_Rendicio_compte_general_2020.pdf\" target=\"_blank\" rel=\"noopener\"><span style=\"font-size: 10pt;\">Decreto Alcald\u00eda n\u00famero 1413\/21 rendici\u00f3n cuentas<\/span><\/a><\/p><\/td><\/tr><tr><td style=\"border-width: medium 1pt 1pt medium; border-style: none solid solid none; border-color: -moz-use-text-color windowtext windowtext -moz-use-text-color; padding: 0cm 3.5pt;\"><p style=\"text-align: left;\" align=\"left\"><a href=\"https:\/\/alzira.es\/wp-content\/uploads\/2022\/07\/0928h18dcertificat.docx-1.pdf\"><span style=\"font-size: 10pt;\">Dictamen Comisi\u00f3n Especial de Cuentas<\/span><\/a><\/p><\/td><\/tr><tr><td style=\"border-width: medium 1pt 1pt medium; border-style: none solid solid none; border-color: -moz-use-text-color windowtext windowtext -moz-use-text-color; padding: 0cm 3.5pt;\"><p style=\"text-align: left;\" align=\"left\"><a href=\"https:\/\/alzira.es\/wp-content\/uploads\/2021\/08\/Edicte_compte_general_2020.pdf\" target=\"_blank\" rel=\"noopener\"><span style=\"font-size: 10pt;\">Edicto Cuenta general<\/span><\/a><\/p><\/td><\/tr><tr><td style=\"border-width: medium 1pt 1pt medium; border-style: none solid solid none; border-color: -moz-use-text-color windowtext windowtext -moz-use-text-color; padding: 0cm 3.5pt;\"><p style=\"text-align: left;\" align=\"left\"><a href=\"https:\/\/alzira.es\/wp-content\/uploads\/2021\/08\/exposicio_publica_bop.pdf\" target=\"_blank\" rel=\"noopener\"><span style=\"font-size: 10pt;\">Exposici\u00f3n p\u00fablica Cuenta general<\/span><\/a><\/p><\/td><\/tr><tr><td style=\"border-width: medium 1pt 1pt medium; border-style: none solid solid none; border-color: -moz-use-text-color windowtext windowtext -moz-use-text-color; padding: 0cm 3.5pt;\"><p style=\"text-align: left;\" align=\"left\"><a href=\"https:\/\/alzira.es\/wp-content\/uploads\/2022\/07\/Faig_constar_no_reclamacions.pdf\" target=\"_blank\" rel=\"noopener\">Hago constar no reclamaciones<\/a><\/p><\/td><\/tr><tr><td style=\"border-width: medium 1pt 1pt medium; border-style: none solid solid none; border-color: -moz-use-text-color windowtext windowtext -moz-use-text-color; padding: 0cm 3.5pt;\"><p style=\"text-align: left;\" align=\"left\"><a href=\"https:\/\/alzira.es\/wp-content\/uploads\/2022\/07\/Punt_13_Ple-29-09-21_certificat.pdf\"><span style=\"font-size: 10pt;\">Acuerdo Pleno aprobaci\u00f3n Cuenta general<\/span><\/a><\/p><\/td><\/tr><tr><td style=\"border-width: medium 1pt 1pt medium; border-style: none solid solid none; border-color: -moz-use-text-color windowtext windowtext -moz-use-text-color; padding: 0cm 3.5pt;\"><p style=\"text-align: left;\" align=\"left\"><a href=\"https:\/\/alzira.es\/wp-content\/uploads\/2022\/07\/Justificant_Generalitat.pdf\"><span style=\"font-size: 10pt;\"><span style=\"font-size: 10pt;\">R<\/span><span style=\"font-size: 10pt;\">emisi\u00f3n Generalitat Valenciana<\/span><\/span><\/a><\/p><\/td><\/tr><tr><td style=\"border-width: medium 1pt 1pt medium; border-style: none solid solid none; border-color: -moz-use-text-color windowtext windowtext -moz-use-text-color; padding: 0cm 3.5pt;\"><p style=\"text-align: left;\" align=\"left\"><a href=\"https:\/\/alzira.es\/wp-content\/uploads\/2022\/07\/Justificant_Delegacio_Economia.pdf\"><span style=\"font-size: 10pt;\">Remisi\u00f3n Delegaci\u00f3n de Econom\u00eda y Hacienda<\/span><\/a><\/p><\/td><\/tr><tr><td style=\"border-width: medium 1pt 1pt medium; border-style: none solid solid none; border-color: -moz-use-text-color windowtext windowtext -moz-use-text-color; padding: 0cm 3.5pt;\"><p style=\"text-align: left;\" align=\"left\"><a href=\"https:\/\/alzira.es\/wp-content\/uploads\/2022\/07\/Rebut_enviament_justificant.pdf\"><span style=\"font-size: 10pt;\">Rendici\u00f3n cuenta general Sindicatura de Comptes<\/span><\/a><\/p><\/td><\/tr><tr><td style=\"border-width: medium 1pt 1pt medium; border-style: none solid solid none; border-color: -moz-use-text-color windowtext windowtext -moz-use-text-color; padding: 0cm 3.5pt;\">\u00a0<\/td><\/tr><tr><td style=\"border-width: medium 1pt 1pt medium; border-style: none solid solid none; border-color: -moz-use-text-color windowtext windowtext -moz-use-text-color; padding: 0cm 3.5pt;\"><p style=\"text-align: left;\" align=\"left\"><strong><span style=\"font-size: 10pt;\">Cuenta general. Estados contables<\/span><\/strong><\/p><\/td><\/tr><tr><td style=\"border-width: medium 1pt 1pt medium; border-style: none solid solid none; border-color: -moz-use-text-color windowtext windowtext -moz-use-text-color; padding: 0cm 3.5pt;\">\u00a0<\/td><\/tr><tr><td style=\"border-width: medium 1pt 1pt medium; border-style: none solid solid none; border-color: -moz-use-text-color windowtext windowtext -moz-use-text-color; padding: 0cm 3.5pt;\"><p style=\"text-align: left;\" align=\"left\"><a href=\"https:\/\/alzira.es\/wp-content\/uploads\/2021\/08\/01_Balance-de-situacion-a-31_12_2020_Ayuntamiento.pdf\" target=\"_blank\" rel=\"noopener\"><span style=\"font-size: 10pt;\">1 Balance de situaci\u00f3n<\/span><\/a><\/p><\/td><\/tr><tr><td style=\"border-width: medium 1pt 1pt medium; border-style: none solid solid none; border-color: -moz-use-text-color windowtext windowtext -moz-use-text-color; padding: 0cm 3.5pt;\"><p style=\"text-align: left;\" align=\"left\"><a href=\"https:\/\/alzira.es\/wp-content\/uploads\/2021\/08\/02_Cuenta-resultado-economico-patrimonial_Ayuntamiento.pdf\" target=\"_blank\" rel=\"noopener\"><span style=\"font-size: 10pt;\">2 Cuenta de resultado econ\u00f3mico-patrimonial<\/span><\/a><\/p><\/td><\/tr><tr><td style=\"border-width: medium 1pt 1pt medium; border-style: none solid solid none; border-color: -moz-use-text-color windowtext windowtext -moz-use-text-color; padding: 0cm 3.5pt;\"><p style=\"text-align: left;\" align=\"left\"><a href=\"https:\/\/alzira.es\/wp-content\/uploads\/2021\/08\/03_1_Estado-de-cambios-en-el-patrimonio-neto_Ayuntamiento.pdf\" target=\"_blank\" rel=\"noopener\"><span style=\"font-size: 10pt;\">3.1 Estado de cambios en el patrimonio neto 01<\/span><\/a><\/p><\/td><\/tr><tr><td style=\"border-width: medium 1pt 1pt medium; border-style: none solid solid none; border-color: -moz-use-text-color windowtext windowtext -moz-use-text-color; padding: 0cm 3.5pt;\"><p style=\"text-align: left;\" align=\"left\"><a href=\"https:\/\/alzira.es\/wp-content\/uploads\/2021\/08\/03_2_Estado-de-cambios-en-el-patrimonio-neto.pdf\" target=\"_blank\" rel=\"noopener\"><span style=\"font-size: 10pt;\">3.2 Estado de cambios en el patrimonio neto 02<\/span><\/a><\/p><\/td><\/tr><tr><td style=\"border-width: medium 1pt 1pt medium; border-style: none solid solid none; border-color: -moz-use-text-color windowtext windowtext -moz-use-text-color; padding: 0cm 3.5pt;\"><p style=\"text-align: left;\" align=\"left\"><a href=\"https:\/\/alzira.es\/wp-content\/uploads\/2021\/08\/03_3_Estado-de-cambios-en-el-patrimonio-neto.pdf\" target=\"_blank\" rel=\"noopener\"><span style=\"font-size: 10pt;\">3.3 Estado de cambios en el patrimonio neto 03<\/span><\/a><\/p><\/td><\/tr><tr><td style=\"border-width: medium 1pt 1pt medium; border-style: none solid solid none; border-color: -moz-use-text-color windowtext windowtext -moz-use-text-color; padding: 0cm 3.5pt;\"><p style=\"text-align: left;\" align=\"left\"><a href=\"https:\/\/alzira.es\/wp-content\/uploads\/2021\/08\/03_4_Estado-de-cambios-en-el-patrimonio-neto.pdf\" target=\"_blank\" rel=\"noopener\"><span style=\"font-size: 10pt;\">3.4 Estado de cambios en el patrimonio neto 04<\/span><\/a><\/p><\/td><\/tr><tr><td style=\"border-width: medium 1pt 1pt medium; border-style: none solid solid none; border-color: -moz-use-text-color windowtext windowtext -moz-use-text-color; padding: 0cm 3.5pt;\"><p style=\"text-align: left;\" align=\"left\"><span style=\"font-family: arial, helvetica, sans-serif; font-size: 10pt;\"><a href=\"https:\/\/alzira.es\/wp-content\/uploads\/2021\/08\/04_Estado-de-flujos-de-efectivo_Ayuntamiento.pdf\" target=\"_blank\" rel=\"noopener\">4 Estado de flujos de efectivo<\/a><\/span><\/p><\/td><\/tr><tr><td style=\"border-width: medium 1pt 1pt medium; border-style: none solid solid none; border-color: -moz-use-text-color windowtext windowtext -moz-use-text-color; padding: 0cm 3.5pt;\"><p style=\"text-align: left;\" align=\"left\"><span style=\"font-family: arial, helvetica, sans-serif; font-size: 10pt;\"><a href=\"https:\/\/alzira.es\/wp-content\/uploads\/2021\/08\/05_1_Liquidacion-estado-de-gastos_Ayuntamiento.pdf\" target=\"_blank\" rel=\"noopener\">5.1 Liquidaci\u00f3n del estado de gastos<\/a><\/span><\/p><\/td><\/tr><tr><td style=\"border-width: medium 1pt 1pt medium; border-style: none solid solid none; border-color: -moz-use-text-color windowtext windowtext -moz-use-text-color; padding: 0cm 3.5pt;\"><p style=\"text-align: left;\" align=\"left\"><span style=\"font-family: arial, helvetica, sans-serif; font-size: 10pt;\"><a href=\"https:\/\/alzira.es\/wp-content\/uploads\/2021\/08\/05_2_Liquidacion-estado-de-gastos.pdf\" target=\"_blank\" rel=\"noopener\">5.2 Liquidaci\u00f3n del estado de gastos<\/a><\/span><\/p><\/td><\/tr><tr><td style=\"border-width: medium 1pt 1pt medium; border-style: none solid solid none; border-color: -moz-use-text-color windowtext windowtext -moz-use-text-color; padding: 0cm 3.5pt;\"><p style=\"text-align: left;\" align=\"left\"><span style=\"font-family: arial, helvetica, sans-serif; font-size: 10pt;\"><a href=\"https:\/\/alzira.es\/wp-content\/uploads\/2021\/08\/05_3_Liquidacion-estado-de-gastos.pdf\" target=\"_blank\" rel=\"noopener\">5.3 Liquidaci\u00f3n del esado de gastos<\/a><\/span><\/p><\/td><\/tr><tr><td style=\"border-width: medium 1pt 1pt medium; border-style: none solid solid none; border-color: -moz-use-text-color windowtext windowtext -moz-use-text-color; padding: 0cm 3.5pt;\"><p style=\"text-align: left;\" align=\"left\"><span style=\"font-family: arial, helvetica, sans-serif; font-size: 10pt;\"><a href=\"https:\/\/alzira.es\/wp-content\/uploads\/2021\/08\/05_4_Liquidacion-estado-de-gastos.pdf\" target=\"_blank\" rel=\"noopener\">5.4 Liquidaci\u00f3n del estado de gasto<\/a>s<\/span><\/p><\/td><\/tr><tr><td style=\"border-width: medium 1pt 1pt medium; border-style: none solid solid none; border-color: -moz-use-text-color windowtext windowtext -moz-use-text-color; padding: 0cm 3.5pt;\"><p style=\"text-align: left;\" align=\"left\"><span style=\"font-family: arial, helvetica, sans-serif; font-size: 10pt;\"><a href=\"https:\/\/alzira.es\/wp-content\/uploads\/2021\/08\/05_5_Liquidacion-estado-de-gastos.pdf\" target=\"_blank\" rel=\"noopener\">5.5 Liquidaci\u00f3n del estado de gastos<\/a><\/span><\/p><\/td><\/tr><tr><td style=\"border-width: medium 1pt 1pt medium; border-style: none solid solid none; border-color: -moz-use-text-color windowtext windowtext -moz-use-text-color; padding: 0cm 3.5pt;\"><p style=\"text-align: left;\" align=\"left\"><span style=\"font-family: arial, helvetica, sans-serif; font-size: 10pt;\"><a href=\"https:\/\/alzira.es\/wp-content\/uploads\/2021\/08\/05_6_Liquidacion-estado-de-gastos.pdf\" target=\"_blank\" rel=\"noopener\">5.6 Liquidaci\u00f3n del estado de gastos<\/a><\/span><\/p><\/td><\/tr><tr><td style=\"border-width: medium 1pt 1pt medium; border-style: none solid solid none; border-color: -moz-use-text-color windowtext windowtext -moz-use-text-color; padding: 0cm 3.5pt;\"><p style=\"text-align: left;\" align=\"left\"><span style=\"font-family: arial, helvetica, sans-serif; font-size: 10pt;\"><a href=\"https:\/\/alzira.es\/wp-content\/uploads\/2021\/08\/05_7_Liquidacion-estado-de-gastos.pdf\" target=\"_blank\" rel=\"noopener\">5.7 Liquidaci\u00f3n del estado de gastos<\/a><\/span><\/p><\/td><\/tr><tr><td style=\"border-width: medium 1pt 1pt medium; border-style: none solid solid none; border-color: -moz-use-text-color windowtext windowtext -moz-use-text-color; padding: 0cm 3.5pt;\"><p style=\"text-align: left;\" align=\"left\"><span style=\"font-family: arial, helvetica, sans-serif; font-size: 10pt;\"><a href=\"https:\/\/alzira.es\/wp-content\/uploads\/2021\/08\/05_8_Liquidacion-estado-de-gastos.pdf\" target=\"_blank\" rel=\"noopener\">5.8 Liquidaci\u00f3n del estado de gastos<\/a><\/span><\/p><\/td><\/tr><tr><td style=\"border-width: medium 1pt 1pt medium; border-style: none solid solid none; border-color: -moz-use-text-color windowtext windowtext -moz-use-text-color; padding: 0cm 3.5pt;\"><p style=\"text-align: left;\" align=\"left\"><span style=\"font-family: arial, helvetica, sans-serif; font-size: 10pt;\"><a href=\"https:\/\/alzira.es\/wp-content\/uploads\/2021\/08\/06_1_Liquidacion-estado-de-ingresos_Ayuntamiento.pdf\" target=\"_blank\" rel=\"noopener\">6.1\u00a0Liquidaci\u00f3n del estado de ingresos<\/a><\/span><\/p><\/td><\/tr><tr><td style=\"border-width: medium 1pt 1pt medium; border-style: none solid solid none; border-color: -moz-use-text-color windowtext windowtext -moz-use-text-color; padding: 0cm 3.5pt;\"><p style=\"text-align: left;\" align=\"left\"><span style=\"font-family: arial, helvetica, sans-serif; font-size: 10pt;\"><a href=\"https:\/\/alzira.es\/wp-content\/uploads\/2021\/08\/06_2_Liquidacion-estado-de-ngresos.pdf\" target=\"_blank\" rel=\"noopener\">6.2 Liquidaci\u00f3n del estado de ingresos<\/a><\/span><\/p><\/td><\/tr><tr><td style=\"border-width: medium 1pt 1pt medium; border-style: none solid solid none; border-color: -moz-use-text-color windowtext windowtext -moz-use-text-color; padding: 0cm 3.5pt;\"><p style=\"text-align: left;\" align=\"left\"><a href=\"https:\/\/alzira.es\/wp-content\/uploads\/2021\/08\/07_Resultado-presupuestario_Ayuntamiento.pdf\" target=\"_blank\" rel=\"noopener\"><span style=\"font-size: 10pt;\">7 Resultado presupuestario<\/span><\/a><\/p><\/td><\/tr><tr><td style=\"border-width: medium 1pt 1pt medium; border-style: none solid solid none; border-color: -moz-use-text-color windowtext windowtext -moz-use-text-color; padding: 0cm 3.5pt;\">\u00a0<\/td><\/tr><tr><td style=\"border-width: medium 1pt 1pt medium; border-style: none solid solid none; border-color: -moz-use-text-color windowtext windowtext -moz-use-text-color; padding: 0cm 3.5pt;\"><p style=\"text-align: left;\" align=\"left\"><strong><span style=\"font-size: 10pt;\">8 <a href=\"https:\/\/alzira.es\/wp-content\/uploads\/2021\/08\/Memoria_2020.pdf\" target=\"_blank\" rel=\"noopener\">Cuenta general. Memoria<\/a><\/span><\/strong><\/p><\/td><\/tr><tr><td style=\"border-width: medium 1pt 1pt medium; border-style: none solid solid none; border-color: -moz-use-text-color windowtext windowtext -moz-use-text-color; padding: 0cm 3.5pt;\">\u00a0<\/td><\/tr><\/tbody><\/table>\t\t\t\t\t\t\t\t<\/div>\n\t\t\t\t<\/div>\n\t\t\t\t\t<\/div>\n\t\t<\/div>\n\t\t\t\t\t<\/div>\n\t\t<\/section>\n\t\t\t\t<\/div>\n\t\t","protected":false},"excerpt":{"rendered":"<p>Cuenta general. Tramitaci\u00f3n \u00a0 Formaci\u00f3n Cuenta general Decreto Alcald\u00eda n\u00famero 1413\/21 rendici\u00f3n cuentas Dictamen Comisi\u00f3n Especial de Cuentas Edicto Cuenta general Exposici\u00f3n p\u00fablica Cuenta general Hago constar no reclamaciones Acuerdo Pleno aprobaci\u00f3n Cuenta general Remisi\u00f3n Generalitat Valenciana Remisi\u00f3n Delegaci\u00f3n de Econom\u00eda y Hacienda Rendici\u00f3n cuenta general Sindicatura de Comptes \u00a0 Cuenta general. Estados contables \u00a0 &hellip; <\/p>\n<p class=\"link-more\"><a href=\"https:\/\/alzira.es\/es\/servicios-municipales\/economia-y-recaudacion\/intervencion\/cuenta-general\/cuenta-general-2020\/\" class=\"more-link\">Continuar leyendo<span class=\"screen-reader-text\"> \u00abCuenta general 2020\u00bb<\/span><\/a><\/p>\n","protected":false},"author":29,"featured_media":0,"parent":111590,"menu_order":0,"comment_status":"closed","ping_status":"closed","template":"","meta":{"_acf_changed":false,"footnotes":""},"class_list":["post-111718","page","type-page","status-publish","hentry"],"acf":[],"_links":{"self":[{"href":"https:\/\/alzira.es\/es\/wp-json\/wp\/v2\/pages\/111718","targetHints":{"allow":["GET"]}}],"collection":[{"href":"https:\/\/alzira.es\/es\/wp-json\/wp\/v2\/pages"}],"about":[{"href":"https:\/\/alzira.es\/es\/wp-json\/wp\/v2\/types\/page"}],"author":[{"embeddable":true,"href":"https:\/\/alzira.es\/es\/wp-json\/wp\/v2\/users\/29"}],"replies":[{"embeddable":true,"href":"https:\/\/alzira.es\/es\/wp-json\/wp\/v2\/comments?post=111718"}],"version-history":[{"count":0,"href":"https:\/\/alzira.es\/es\/wp-json\/wp\/v2\/pages\/111718\/revisions"}],"up":[{"embeddable":true,"href":"https:\/\/alzira.es\/es\/wp-json\/wp\/v2\/pages\/111590"}],"wp:attachment":[{"href":"https:\/\/alzira.es\/es\/wp-json\/wp\/v2\/media?parent=111718"}],"curies":[{"name":"wp","href":"https:\/\/api.w.org\/{rel}","templated":true}]}}