{"id":111656,"date":"2022-01-17T12:39:12","date_gmt":"2022-01-17T11:39:12","guid":{"rendered":"https:\/\/alzira.es\/servicios-municipales\/economia-y-recaudacion\/intervencion\/cuenta-general\/cuenta-general-2018\/"},"modified":"2022-01-17T12:41:39","modified_gmt":"2022-01-17T11:41:39","slug":"cuenta-general-2018","status":"publish","type":"page","link":"https:\/\/alzira.es\/es\/servicios-municipales\/economia-y-recaudacion\/intervencion\/cuenta-general\/cuenta-general-2018\/","title":{"rendered":"Cuenta general 2018"},"content":{"rendered":"\t\t<div data-elementor-type=\"wp-page\" data-elementor-id=\"111656\" class=\"elementor elementor-111656 elementor-111647\">\n\t\t\t\t\t\t<section class=\"elementor-section elementor-top-section elementor-element elementor-element-a393768 elementor-section-boxed elementor-section-height-default elementor-section-height-default\" data-id=\"a393768\" data-element_type=\"section\">\n\t\t\t\t\t\t<div class=\"elementor-container elementor-column-gap-default\">\n\t\t\t\t\t<div class=\"elementor-column elementor-col-100 elementor-top-column elementor-element elementor-element-4309cf3\" data-id=\"4309cf3\" data-element_type=\"column\">\n\t\t\t<div class=\"elementor-widget-wrap elementor-element-populated\">\n\t\t\t\t\t\t<div class=\"elementor-element elementor-element-0b2201d elementor-widget elementor-widget-text-editor\" data-id=\"0b2201d\" data-element_type=\"widget\" data-widget_type=\"text-editor.default\">\n\t\t\t\t<div class=\"elementor-widget-container\">\n\t\t\t\t\t\t\t\t\t&nbsp;\n<table style=\"margin-left: -3.6pt; border-collapse: collapse; width: 600px;\" border=\"1\" cellspacing=\"0\" cellpadding=\"0\">\n<tbody>\n<tr>\n<td style=\"border: 1pt solid windowtext; padding: 0cm 3.5pt;\">\n<p style=\"text-align: left;\" align=\"left\"><strong><span style=\"font-size: 10pt;\">A)<\/span><\/strong><\/p>\n<\/td>\n<td style=\"border-width: 1pt 1pt 1pt medium; border-style: solid solid solid none; border-color: windowtext windowtext windowtext -moz-use-text-color; padding: 0cm 3.5pt;\">\n<p style=\"text-align: left;\" align=\"left\"><strong><span style=\"font-size: 10pt;\">Cuenta general. Tramitaci\u00f3n y aprobaci\u00f3n<\/span><\/strong><\/p>\n<\/td>\n<\/tr>\n<tr>\n<td style=\"border-width: medium 1pt 1pt; border-style: none solid solid; border-color: -moz-use-text-color windowtext windowtext; padding: 0cm 3.5pt;\" rowspan=\"12\">&nbsp;<\/td>\n<td style=\"border-width: medium 1pt 1pt medium; border-style: none solid solid none; border-color: -moz-use-text-color windowtext windowtext -moz-use-text-color; padding: 0cm 3.5pt;\">&nbsp;<\/td>\n<\/tr>\n<tr>\n<td style=\"border-width: medium 1pt 1pt medium; border-style: none solid solid none; border-color: -moz-use-text-color windowtext windowtext -moz-use-text-color; padding: 0cm 3.5pt;\">\n<p style=\"text-align: left;\" align=\"left\"><a href=\"https:\/\/alzira.es\/wp-content\/uploads\/2015\/06\/0_formacio_compte_general.PDF\" target=\"_blank\" rel=\"noopener\"><span style=\"font-size: 10pt;\">Formaci\u00f3n Cuenta general<\/span><\/a><\/p>\n<\/td>\n<\/tr>\n<tr>\n<td style=\"border-width: medium 1pt 1pt medium; border-style: none solid solid none; border-color: -moz-use-text-color windowtext windowtext -moz-use-text-color; padding: 0cm 3.5pt;\">\n<p style=\"text-align: left;\" align=\"left\"><a href=\"https:\/\/alzira.es\/wp-content\/uploads\/2015\/06\/A_Decret_compte_general.pdf\" target=\"_blank\" rel=\"noopener\"><span style=\"font-size: 10pt;\">Decreto Alcald\u00eda n\u00famero 918\/18 rendici\u00f3n cuentas<\/span><\/a><\/p>\n<\/td>\n<\/tr>\n<tr>\n<td style=\"border-width: medium 1pt 1pt medium; border-style: none solid solid none; border-color: -moz-use-text-color windowtext windowtext -moz-use-text-color; padding: 0cm 3.5pt;\">\n<p style=\"text-align: left;\" align=\"left\"><a href=\"https:\/\/alzira.es\/wp-content\/uploads\/2015\/06\/A_Dictamen_comissio_especial_comptes.pdf\" target=\"_blank\" rel=\"noopener\"><span style=\"font-size: 10pt;\">Dictamen Comisi\u00f3n Especial de Cuentas<\/span><\/a><\/p>\n<\/td>\n<\/tr>\n<tr>\n<td style=\"border-width: medium 1pt 1pt medium; border-style: none solid solid none; border-color: -moz-use-text-color windowtext windowtext -moz-use-text-color; padding: 0cm 3.5pt;\">\n<p style=\"text-align: left;\" align=\"left\"><a href=\"https:\/\/alzira.es\/wp-content\/uploads\/2015\/06\/A_Edicte_compte_general_2018.pdf\" target=\"_blank\" rel=\"noopener\"><span style=\"font-size: 10pt;\">Edicto Cuenta general<\/span><\/a><\/p>\n<\/td>\n<\/tr>\n<tr>\n<td style=\"border-width: medium 1pt 1pt medium; border-style: none solid solid none; border-color: -moz-use-text-color windowtext windowtext -moz-use-text-color; padding: 0cm 3.5pt;\">\n<p style=\"text-align: left;\" align=\"left\"><a href=\"https:\/\/alzira.es\/wp-content\/uploads\/2015\/06\/A_Exposicio_publica_BOP.pdf\" target=\"_blank\" rel=\"noopener\"><span style=\"font-size: 10pt;\">Exposici\u00f3n p\u00fablica Cuenta general<\/span><\/a><\/p>\n<\/td>\n<\/tr>\n<tr>\n<td style=\"border-width: medium 1pt 1pt medium; border-style: none solid solid none; border-color: -moz-use-text-color windowtext windowtext -moz-use-text-color; padding: 0cm 3.5pt;\">\n<p style=\"text-align: left;\" align=\"left\"><a href=\"https:\/\/alzira.es\/wp-content\/uploads\/2015\/06\/A_Faig_constar_no_reclamacions2.pdf\" target=\"_blank\" rel=\"noopener\"><span style=\"font-size: 10pt;\">Hago constar no reclamaciones<\/span><\/a><\/p>\n<\/td>\n<\/tr>\n<tr>\n<td style=\"border-width: medium 1pt 1pt medium; border-style: none solid solid none; border-color: -moz-use-text-color windowtext windowtext -moz-use-text-color; padding: 0cm 3.5pt;\">\n<p style=\"text-align: left;\" align=\"left\"><a href=\"https:\/\/alzira.es\/wp-content\/uploads\/2015\/06\/A_Acord_Ple.pdf\" target=\"_blank\" rel=\"noopener\"><span style=\"font-size: 10pt;\">Acuerdo Pleno aprobaci\u00f3n Cuenta general<\/span><\/a><\/p>\n<\/td>\n<\/tr>\n<tr>\n<td style=\"border-width: medium 1pt 1pt medium; border-style: none solid solid none; border-color: -moz-use-text-color windowtext windowtext -moz-use-text-color; padding: 0cm 3.5pt;\">\n<p style=\"text-align: left;\" align=\"left\"><a href=\"https:\/\/alzira.es\/wp-content\/uploads\/2015\/06\/A_Remissio_Conselleria_Hisenda.pdf\" target=\"_blank\" rel=\"noopener\"><span style=\"font-size: 10pt;\"><span style=\"font-size: 10pt;\">R<\/span><span style=\"font-size: 10pt;\">emisi\u00f3n Conselleria de Hacienda y Modelo Econ\u00f3mico<\/span><\/span><\/a><a href=\"https:\/\/alzira.es\/wp-content\/uploads\/2015\/06\/A_Acord_Ple.pdf\" target=\"_blank\" rel=\"noopener\"><span style=\"font-size: 10pt;\"><\/span><\/a><\/p>\n<\/td>\n<\/tr>\n<tr>\n<td style=\"border-width: medium 1pt 1pt medium; border-style: none solid solid none; border-color: -moz-use-text-color windowtext windowtext -moz-use-text-color; padding: 0cm 3.5pt;\">\n<p style=\"text-align: left;\" align=\"left\"><a href=\"https:\/\/alzira.es\/wp-content\/uploads\/2015\/06\/A_Remissio_Delegacio_Economia_Hisenda.pdf\" target=\"_blank\" rel=\"noopener\"><span style=\"font-size: 10pt;\">Remisi\u00f3n Delegaci\u00f3n de Econom\u00eda y Hacienda<\/span><\/a><\/p>\n<\/td>\n<\/tr>\n<tr>\n<td style=\"border-width: medium 1pt 1pt medium; border-style: none solid solid none; border-color: -moz-use-text-color windowtext windowtext -moz-use-text-color; padding: 0cm 3.5pt;\">\n<p style=\"text-align: left;\" align=\"left\"><span style=\"font-size: 10pt;\">Rendici\u00f3n cuenta general Sindicatura de Comptes<\/span><\/p>\n<\/td>\n<\/tr>\n<tr>\n<td style=\"border-width: medium 1pt 1pt medium; border-style: none solid solid none; border-color: -moz-use-text-color windowtext windowtext -moz-use-text-color; padding: 0cm 3.5pt;\">&nbsp;<\/td>\n<\/tr>\n<tr>\n<td style=\"border-width: medium 1pt 1pt; border-style: none solid solid; border-color: -moz-use-text-color windowtext windowtext; padding: 0cm 3.5pt;\">\n<p style=\"text-align: left;\" align=\"left\"><strong><span style=\"font-size: 10pt;\">B)<\/span><\/strong><\/p>\n<\/td>\n<td style=\"border-width: medium 1pt 1pt medium; border-style: none solid solid none; border-color: -moz-use-text-color windowtext windowtext -moz-use-text-color; padding: 0cm 3.5pt;\">\n<p style=\"text-align: left;\" align=\"left\"><strong><span style=\"font-size: 10pt;\">Cuenta general. Estados contables y presupuestarios<\/span><\/strong><\/p>\n<\/td>\n<\/tr>\n<tr>\n<td style=\"border-width: medium 1pt 1pt; border-style: none solid solid; border-color: -moz-use-text-color windowtext windowtext; padding: 0cm 3.5pt;\" rowspan=\"28\">&nbsp;<\/td>\n<td style=\"border-width: medium 1pt 1pt medium; border-style: none solid solid none; border-color: -moz-use-text-color windowtext windowtext -moz-use-text-color; padding: 0cm 3.5pt;\">&nbsp;<\/td>\n<\/tr>\n<tr>\n<td style=\"border-width: medium 1pt 1pt medium; border-style: none solid solid none; border-color: -moz-use-text-color windowtext windowtext -moz-use-text-color; padding: 0cm 3.5pt;\">\n<p style=\"text-align: left;\" align=\"left\"><a href=\"https:\/\/alzira.es\/wp-content\/uploads\/2015\/06\/B_1_balanc_situacio.PDF\" target=\"_blank\" rel=\"noopener\"><span style=\"font-size: 10pt;\">Balance de situaci\u00f3n final<\/span><\/a><\/p>\n<\/td>\n<\/tr>\n<tr>\n<td style=\"border-width: medium 1pt 1pt medium; border-style: none solid solid none; border-color: -moz-use-text-color windowtext windowtext -moz-use-text-color; padding: 0cm 3.5pt;\">\n<p style=\"text-align: left;\" align=\"left\"><a href=\"https:\/\/alzira.es\/wp-content\/uploads\/2015\/06\/B_2_Compte_resultat_economic_patrimonial.PDF\" target=\"_blank\" rel=\"noopener\"><span style=\"font-size: 10pt;\">Cuenta de resultados ejercicio<\/span><\/a><\/p>\n<\/td>\n<\/tr>\n<tr>\n<td style=\"border-width: medium 1pt 1pt medium; border-style: none solid solid none; border-color: -moz-use-text-color windowtext windowtext -moz-use-text-color; padding: 0cm 3.5pt;\">\n<p style=\"text-align: left;\" align=\"left\"><span style=\"font-size: 10pt;\">Liquidaci\u00f3n presupuesto gastos &#8211; <a href=\"https:\/\/alzira.es\/wp-content\/uploads\/2015\/06\/b_3_liquidacio_gastos_arees_gastos_detall.PDF\" target=\"_blank\" rel=\"noopener\">detalle<\/a>\n<\/span><\/p>\n<\/td>\n<\/tr>\n<tr>\n<td style=\"border-width: medium 1pt 1pt medium; border-style: none solid solid none; border-color: -moz-use-text-color windowtext windowtext -moz-use-text-color; padding: 0cm 3.5pt;\">\n<p style=\"text-align: left;\" align=\"left\"><span style=\"font-size: 10pt;\">Liquidaci\u00f3n presupuesto gastos \u2013 <a href=\"https:\/\/alzira.es\/wp-content\/uploads\/2015\/06\/b_4_liquidacio_gastos_arees_gasto_resum.PDF\" target=\"_blank\" rel=\"noopener\">resumen \u00e1reas de gasto<\/a><\/span><\/p>\n<\/td>\n<\/tr>\n<tr>\n<td style=\"border-width: medium 1pt 1pt medium; border-style: none solid solid none; border-color: -moz-use-text-color windowtext windowtext -moz-use-text-color; padding: 0cm 3.5pt;\">\n<p style=\"text-align: left;\" align=\"left\"><span style=\"font-size: 10pt;\">Liquidaci\u00f3n presupuesto gastos \u2013 <a href=\"https:\/\/alzira.es\/wp-content\/uploads\/2015\/06\/b_5_liquidacio_gastos_economica_resum.PDF\" target=\"_blank\" rel=\"noopener\">resumen cap\u00edtulos<\/a><\/span><\/p>\n<\/td>\n<\/tr>\n<tr>\n<td style=\"border-width: medium 1pt 1pt medium; border-style: none solid solid none; border-color: -moz-use-text-color windowtext windowtext -moz-use-text-color; padding: 0cm 3.5pt;\">\n<p style=\"text-align: left;\" align=\"left\"><span style=\"font-size: 10pt;\">Liquidaci\u00f3n presupuesto ingresos \u2013 <a href=\"https:\/\/alzira.es\/wp-content\/uploads\/2015\/06\/B_6_Liquidacio_ingressos_resum.PDF\" target=\"_blank\" rel=\"noopener\">resumen<\/a><\/span><\/p>\n<\/td>\n<\/tr>\n<tr>\n<td style=\"border-width: medium 1pt 1pt medium; border-style: none solid solid none; border-color: -moz-use-text-color windowtext windowtext -moz-use-text-color; padding: 0cm 3.5pt;\">\n<p style=\"text-align: left;\" align=\"left\"><span style=\"font-size: 10pt;\">Liquidaci\u00f3n presupuesto ingresos \u2013 <a href=\"https:\/\/alzira.es\/wp-content\/uploads\/2015\/06\/B_7_Liquidacio_ingressos_detall.PDF\" target=\"_blank\" rel=\"noopener\">detalle<\/a><\/span><\/p>\n<\/td>\n<\/tr>\n<tr>\n<td style=\"border-width: medium 1pt 1pt medium; border-style: none solid solid none; border-color: -moz-use-text-color windowtext windowtext -moz-use-text-color; padding: 0cm 3.5pt;\">\n<p style=\"text-align: left;\" align=\"left\"><a href=\"https:\/\/alzira.es\/wp-content\/uploads\/2015\/06\/b_8_tresoreria.PDF\" target=\"_blank\" rel=\"noopener\"><span style=\"font-size: 10pt;\">Tesorer\u00eda<\/span><\/a><\/p>\n<\/td>\n<\/tr>\n<tr>\n<td style=\"border-width: medium 1pt 1pt medium; border-style: none solid solid none; border-color: -moz-use-text-color windowtext windowtext -moz-use-text-color; padding: 0cm 3.5pt;\">\n<p style=\"text-align: left;\" align=\"left\"><span style=\"font-size: 10pt;\"><a href=\"https:\/\/alzira.es\/wp-content\/uploads\/2015\/06\/b_9_Situacions_moviment_deutes.PDF\" target=\"_blank\" rel=\"noopener\">Situaci\u00f3n y movimiento de la deuda<\/a>\n<\/span><\/p>\n<\/td>\n<\/tr>\n<tr>\n<td style=\"border-width: medium 1pt 1pt medium; border-style: none solid solid none; border-color: -moz-use-text-color windowtext windowtext -moz-use-text-color; padding: 0cm 3.5pt;\">\n<p style=\"text-align: left;\" align=\"left\"><span style=\"font-size: 10pt;\">Operaciones no presupuestarias Tesorer\u00eda \u2013 <a href=\"https:\/\/alzira.es\/wp-content\/uploads\/2015\/06\/b_10_Operacions_no_pressupostaries_tresoreria_deutors.PDF\" target=\"_blank\" rel=\"noopener\">deudores<\/a><\/span><\/p>\n<\/td>\n<\/tr>\n<tr>\n<td style=\"border-width: medium 1pt 1pt medium; border-style: none solid solid none; border-color: -moz-use-text-color windowtext windowtext -moz-use-text-color; padding: 0cm 3.5pt;\">\n<p style=\"text-align: left;\" align=\"left\"><span style=\"font-size: 10pt;\">Operaciones no presupuestarias Tesorer\u00eda \u2013 <a href=\"https:\/\/alzira.es\/wp-content\/uploads\/2015\/06\/b_11_operacions_no_pressupostaries_tresoreria_creditors.PDF\" target=\"_blank\" rel=\"noopener\">acreedores<\/a><\/span><\/p>\n<\/td>\n<\/tr>\n<tr>\n<td style=\"border-width: medium 1pt 1pt medium; border-style: none solid solid none; border-color: -moz-use-text-color windowtext windowtext -moz-use-text-color; padding: 0cm 3.5pt;\">\n<p style=\"text-align: left;\" align=\"left\"><span style=\"font-size: 10pt;\">Operaciones no presupuestarias Tesorer\u00eda \u2013 <a href=\"https:\/\/alzira.es\/wp-content\/uploads\/2015\/06\/b_12_Operacions_no_pressupostaries_tresoreria_cobraments_pendents_aplicacio.PDF\" target=\"_blank\" rel=\"noopener\">pendiente aplicar ingresos<\/a><a href=\"contenidos\/Area_Economica\/13%20Cuenta%20general\/b12_np_pendientes_de_aplicacion_ingreso.pdf\" target=\"_blank\" rel=\"noopener\"> <\/a><\/span><\/p>\n<\/td>\n<\/tr>\n<tr>\n<td style=\"border-width: medium 1pt 1pt medium; border-style: none solid solid none; border-color: -moz-use-text-color windowtext windowtext -moz-use-text-color; padding: 0cm 3.5pt;\">\n<p style=\"text-align: left;\" align=\"left\"><span style=\"font-size: 10pt;\">Operaciones no presupuestarias Tesorer\u00eda \u2013 <a href=\"https:\/\/alzira.es\/wp-content\/uploads\/2015\/06\/b_13_Operacions_no_pressupostaries_tresoreria_pagaments_pendents_aplicacio.PDF\" target=\"_blank\" rel=\"noopener\">pendiente aplicar pagos<\/a><\/span><\/p>\n<\/td>\n<\/tr>\n<tr>\n<td style=\"border-width: medium 1pt 1pt medium; border-style: none solid solid none; border-color: -moz-use-text-color windowtext windowtext -moz-use-text-color; padding: 0cm 3.5pt;\">\n<p style=\"text-align: left;\" align=\"left\"><a href=\"https:\/\/alzira.es\/wp-content\/uploads\/2015\/06\/b_14_Valors_rebuts_diposit.PDF\" target=\"_blank\" rel=\"noopener\"><span style=\"font-size: 10pt;\">Valores recibidos en dep\u00f3sito<\/span><\/a><a href=\"https:\/\/alzira.es\/wp-content\/uploads\/2014\/07\/b14_valores_recibidos_en_deposito.pdf\" target=\"_blank\" rel=\"noopener\"><span style=\"font-size: 10pt;\"> <\/span><\/a><\/p>\n<\/td>\n<\/tr>\n<tr>\n<td style=\"border-width: medium 1pt 1pt medium; border-style: none solid solid none; border-color: -moz-use-text-color windowtext windowtext -moz-use-text-color; padding: 0cm 3.5pt;\">\n<p style=\"text-align: left;\" align=\"left\"><span style=\"font-size: 10pt;\"><a href=\"https:\/\/alzira.es\/wp-content\/uploads\/2015\/06\/B_15_EOAF.PDF\" target=\"_blank\" rel=\"noopener\">EOAF<\/a> y cuadro financiaci\u00f3n anual<\/span><\/p>\n<\/td>\n<\/tr>\n<tr>\n<td style=\"border-width: medium 1pt 1pt medium; border-style: none solid solid none; border-color: -moz-use-text-color windowtext windowtext -moz-use-text-color; padding: 0cm 3.5pt;\">\n<p style=\"text-align: left;\" align=\"left\"><a href=\"https:\/\/alzira.es\/wp-content\/uploads\/2015\/06\/b_16_modificacions_credits.PDF\" target=\"_blank\" rel=\"noopener\"><span style=\"font-size: 10pt;\">Modificaciones cr\u00e9dito<\/span><\/a><\/p>\n<\/td>\n<\/tr>\n<tr>\n<td style=\"border-width: medium 1pt 1pt medium; border-style: none solid solid none; border-color: -moz-use-text-color windowtext windowtext -moz-use-text-color; padding: 0cm 3.5pt;\">\n<p style=\"text-align: left;\" align=\"left\"><a href=\"https:\/\/alzira.es\/wp-content\/uploads\/2015\/06\/b_17_Romanents_credits.PDF\" target=\"_blank\" rel=\"noopener\"><span style=\"font-size: 10pt;\">Remanentes cr\u00e9dito<\/span><\/a><a href=\"https:\/\/alzira.es\/wp-content\/uploads\/2015\/06\/b17_remanentes_de_creditos.pdf\" target=\"_blank\" rel=\"noopener\"><span style=\"font-size: 10pt;\"> <\/span><\/a><\/p>\n<\/td>\n<\/tr>\n<tr>\n<td style=\"border-width: medium 1pt 1pt medium; border-style: none solid solid none; border-color: -moz-use-text-color windowtext windowtext -moz-use-text-color; padding: 0cm 3.5pt;\">\n<p style=\"text-align: left;\" align=\"left\"><a href=\"https:\/\/alzira.es\/wp-content\/uploads\/2015\/06\/b_18_projectes_gasto_anualitats_pendents.PDF\" target=\"_blank\" rel=\"noopener\"><span style=\"font-size: 10pt;\">Proyectos de gasto desviaciones de financiaci\u00f3n<\/span><\/a><\/p>\n<\/td>\n<\/tr>\n<tr>\n<td style=\"border-width: medium 1pt 1pt medium; border-style: none solid solid none; border-color: -moz-use-text-color windowtext windowtext -moz-use-text-color; padding: 0cm 3.5pt;\">\n<p style=\"text-align: left;\" align=\"left\"><span style=\"font-size: 10pt;\"><a href=\"https:\/\/alzira.es\/wp-content\/uploads\/2015\/06\/b_19_Gasto_financament_afectat_1.PDF\" target=\"_blank\" rel=\"noopener\">Gastos de financiaci\u00f3n afectada<\/a> &#8211; <a href=\"https:\/\/alzira.es\/wp-content\/uploads\/2015\/06\/b_19_Gasto_financament_afectat_2.PDF\" target=\"_blank\" rel=\"noopener\">01<\/a>&#8211; <a href=\"https:\/\/alzira.es\/wp-content\/uploads\/2015\/06\/b_19_Gasto_financament_afectat_3.PDF\" target=\"_blank\" rel=\"noopener\">02<\/a><\/span><\/p>\n<\/td>\n<\/tr>\n<tr>\n<td style=\"border-width: medium 1pt 1pt medium; border-style: none solid solid none; border-color: -moz-use-text-color windowtext windowtext -moz-use-text-color; padding: 0cm 3.5pt;\">\n<p style=\"text-align: left;\" align=\"left\"><span style=\"font-size: 10pt;\">Liquidaci\u00f3n presupuesto ingresos a) derechos anulados (<a href=\"https:\/\/alzira.es\/wp-content\/uploads\/2015\/06\/B_20_drets_anullats_resum.PDF\" target=\"_blank\" rel=\"noopener\">resumen<\/a> \/ <a href=\"https:\/\/alzira.es\/wp-content\/uploads\/2015\/06\/B_20_drets_anullats_detall.PDF\" target=\"_blank\" rel=\"noopener\">detalle<\/a>)\n<\/span><\/p>\n<\/td>\n<\/tr>\n<tr>\n<td style=\"border-width: medium 1pt 1pt medium; border-style: none solid solid none; border-color: -moz-use-text-color windowtext windowtext -moz-use-text-color; padding: 0cm 3.5pt;\">\n<p style=\"text-align: left;\" align=\"left\"><span style=\"font-size: 10pt;\">Liquidaci\u00f3n presupuesto ingresos b) derechos cancelados (<a href=\"https:\/\/alzira.es\/wp-content\/uploads\/2015\/06\/B_21_drets_cancellats_resum.PDF\" target=\"_blank\" rel=\"noopener\">resumen<\/a> \/ <a href=\"https:\/\/alzira.es\/wp-content\/uploads\/2015\/06\/B_21_drets_cancellats_detall.PDF\" target=\"_blank\" rel=\"noopener\">detalle<\/a>)\n<\/span><\/p>\n<\/td>\n<\/tr>\n<tr>\n<td style=\"border-width: medium 1pt 1pt medium; border-style: none solid solid none; border-color: -moz-use-text-color windowtext windowtext -moz-use-text-color; padding: 0cm 3.5pt;\">\n<p style=\"text-align: left;\" align=\"left\"><span style=\"font-size: 10pt;\">Liquidaci\u00f3n presupuesto ingresos c) recaudaci\u00f3n neta (<a href=\"https:\/\/alzira.es\/wp-content\/uploads\/2015\/06\/B_22_recaptacio_neta_resum.PDF\" target=\"_blank\" rel=\"noopener\">resumen<\/a> \/ <a href=\"https:\/\/alzira.es\/wp-content\/uploads\/2015\/06\/B_22_recaptacio_neta_detall.PDF\" target=\"_blank\" rel=\"noopener\">detalle<\/a>)\n<\/span><\/p>\n<\/td>\n<\/tr>\n<tr>\n<td style=\"border-width: medium 1pt 1pt medium; border-style: none solid solid none; border-color: -moz-use-text-color windowtext windowtext -moz-use-text-color; padding: 0cm 3.5pt;\">\n<p style=\"text-align: left;\" align=\"left\"><span style=\"font-size: 10pt;\">Liquidaci\u00f3n presupuesto ingresos d) devoluciones (<a href=\"https:\/\/alzira.es\/wp-content\/uploads\/2015\/06\/B_23_devolucions_resum.PDF\" target=\"_blank\" rel=\"noopener\">resumen<\/a> \/ <a href=\"https:\/\/alzira.es\/wp-content\/uploads\/2015\/06\/B_23_devolucions_detall.PDF\" target=\"_blank\" rel=\"noopener\">detalle<\/a>)\n<\/span><\/p>\n<\/td>\n<\/tr>\n<tr>\n<td style=\"border-width: medium 1pt 1pt medium; border-style: none solid solid none; border-color: -moz-use-text-color windowtext windowtext -moz-use-text-color; padding: 0cm 3.5pt;\">\n<p style=\"text-align: left;\" align=\"left\"><span style=\"font-size: 10pt;\">Presupuestos cerrados &#8211; <a href=\"https:\/\/alzira.es\/wp-content\/uploads\/2015\/06\/b_24_pressupostos_tancats_obligacions_reconegudes_detall.PDF\" target=\"_blank\" rel=\"noopener\">obligaciones reconocidas<\/a><\/span><\/p>\n<\/td>\n<\/tr>\n<tr>\n<td style=\"border-width: medium 1pt 1pt medium; border-style: none solid solid none; border-color: -moz-use-text-color windowtext windowtext -moz-use-text-color; padding: 0cm 3.5pt;\">\n<p style=\"text-align: left;\" align=\"left\"><span style=\"font-size: 10pt;\">Presupuestos cerrados \u2013 derechos pendientes cobro (<\/span><span style=\"font-size: 10pt;\"><a href=\"https:\/\/alzira.es\/wp-content\/uploads\/2015\/06\/B_25_pressupostos_tancats_drets_anullats_detall.PDF\" target=\"_blank\" rel=\"noopener\"><span style=\"font-size: 10pt;\">anulados<\/span><span style=\"font-size: 10pt;\"><\/span><\/a>, <a href=\"https:\/\/alzira.es\/wp-content\/uploads\/2015\/06\/b_25_pressupostos_tancats_drets_pendents_cobrament_detall.PDF\" target=\"_blank\" rel=\"noopener\">cancelados<\/a>)<\/span><\/p>\n<\/td>\n<\/tr>\n<tr>\n<td style=\"border-width: medium 1pt 1pt medium; border-style: none solid solid none; border-color: -moz-use-text-color windowtext windowtext -moz-use-text-color; padding: 0cm 3.5pt;\">\n<p style=\"text-align: left;\" align=\"left\"><span style=\"font-size: 10pt;\"><a href=\"https:\/\/alzira.es\/wp-content\/uploads\/2015\/06\/B_26_estat_conciliacio_bancaria.PDF\" target=\"_blank\" rel=\"noopener\">Estado concialiaci\u00f3n bancaria<\/a>, <a href=\"https:\/\/alzira.es\/wp-content\/uploads\/2015\/06\/b_26_Arqueig_desembre.pdf.pdf\" target=\"_blank\" rel=\"noopener\">arqueo<\/a> y <\/span><span style=\"font-size: 10pt;\">concialiciones bancarias<\/span><a href=\"contenidos\/Area_Economica\/13%20Cuenta%20general\/b27_estado_conciliacion_bancaria.pdf\" target=\"_blank\" rel=\"noopener\"> <\/a><\/p>\n<\/td>\n<\/tr>\n<tr>\n<td style=\"border-width: medium 1pt 1pt medium; border-style: none solid solid none; border-color: -moz-use-text-color windowtext windowtext -moz-use-text-color; padding: 0cm 3.5pt;\">&nbsp;<\/td>\n<\/tr>\n<\/tbody>\n<\/table>\t\t\t\t\t\t\t\t<\/div>\n\t\t\t\t<\/div>\n\t\t\t\t\t<\/div>\n\t\t<\/div>\n\t\t\t\t\t<\/div>\n\t\t<\/section>\n\t\t\t\t<\/div>\n\t\t","protected":false},"excerpt":{"rendered":"<p>&nbsp; A) Cuenta general. Tramitaci\u00f3n y aprobaci\u00f3n &nbsp; &nbsp; Formaci\u00f3n Cuenta general Decreto Alcald\u00eda n\u00famero 918\/18 rendici\u00f3n cuentas Dictamen Comisi\u00f3n Especial de Cuentas Edicto Cuenta general Exposici\u00f3n p\u00fablica Cuenta general Hago constar no reclamaciones Acuerdo Pleno aprobaci\u00f3n Cuenta general Remisi\u00f3n Conselleria de Hacienda y Modelo Econ\u00f3mico Remisi\u00f3n Delegaci\u00f3n de Econom\u00eda y Hacienda Rendici\u00f3n cuenta general &hellip; <\/p>\n<p class=\"link-more\"><a href=\"https:\/\/alzira.es\/es\/servicios-municipales\/economia-y-recaudacion\/intervencion\/cuenta-general\/cuenta-general-2018\/\" class=\"more-link\">Continuar leyendo<span class=\"screen-reader-text\"> \u00abCuenta general 2018\u00bb<\/span><\/a><\/p>\n","protected":false},"author":29,"featured_media":0,"parent":111590,"menu_order":0,"comment_status":"closed","ping_status":"closed","template":"","meta":{"_acf_changed":false,"footnotes":""},"class_list":["post-111656","page","type-page","status-publish","hentry"],"acf":[],"_links":{"self":[{"href":"https:\/\/alzira.es\/es\/wp-json\/wp\/v2\/pages\/111656","targetHints":{"allow":["GET"]}}],"collection":[{"href":"https:\/\/alzira.es\/es\/wp-json\/wp\/v2\/pages"}],"about":[{"href":"https:\/\/alzira.es\/es\/wp-json\/wp\/v2\/types\/page"}],"author":[{"embeddable":true,"href":"https:\/\/alzira.es\/es\/wp-json\/wp\/v2\/users\/29"}],"replies":[{"embeddable":true,"href":"https:\/\/alzira.es\/es\/wp-json\/wp\/v2\/comments?post=111656"}],"version-history":[{"count":2,"href":"https:\/\/alzira.es\/es\/wp-json\/wp\/v2\/pages\/111656\/revisions"}],"predecessor-version":[{"id":111665,"href":"https:\/\/alzira.es\/es\/wp-json\/wp\/v2\/pages\/111656\/revisions\/111665"}],"up":[{"embeddable":true,"href":"https:\/\/alzira.es\/es\/wp-json\/wp\/v2\/pages\/111590"}],"wp:attachment":[{"href":"https:\/\/alzira.es\/es\/wp-json\/wp\/v2\/media?parent=111656"}],"curies":[{"name":"wp","href":"https:\/\/api.w.org\/{rel}","templated":true}]}}