{"id":111184,"date":"2022-01-15T22:11:36","date_gmt":"2022-01-15T21:11:36","guid":{"rendered":"https:\/\/alzira.es\/?page_id=111184"},"modified":"2022-01-15T22:13:09","modified_gmt":"2022-01-15T21:13:09","slug":"liquidacio-2012","status":"publish","type":"page","link":"https:\/\/alzira.es\/es\/serveis-municipals\/economia-i-recaptacio\/intervencio\/liquidacio\/liquidacio-2012\/","title":{"rendered":"Liquidaci\u00f3 2012"},"content":{"rendered":"\t\t<div data-elementor-type=\"wp-page\" data-elementor-id=\"111184\" class=\"elementor elementor-111184\">\n\t\t\t\t\t\t<section class=\"elementor-section elementor-top-section elementor-element elementor-element-7a24e00 elementor-section-boxed elementor-section-height-default elementor-section-height-default\" data-id=\"7a24e00\" data-element_type=\"section\">\n\t\t\t\t\t\t<div class=\"elementor-container elementor-column-gap-default\">\n\t\t\t\t\t<div class=\"elementor-column elementor-col-100 elementor-top-column elementor-element elementor-element-f7b6d27\" data-id=\"f7b6d27\" data-element_type=\"column\">\n\t\t\t<div class=\"elementor-widget-wrap elementor-element-populated\">\n\t\t\t\t\t\t<div class=\"elementor-element elementor-element-b9df3e6 elementor-widget elementor-widget-text-editor\" data-id=\"b9df3e6\" data-element_type=\"widget\" data-widget_type=\"text-editor.default\">\n\t\t\t\t<div class=\"elementor-widget-container\">\n\t\t\t\t\t\t\t\t\tEl pressupost de cada exercici es liquidar\u00e0 en quant a la recaptaci\u00f3 de drets i al pagament d&#8217;obligacions el 31 de desembre de l&#8217;any natural corresponent. Quedaran a c\u00e0rrec de la Tresoreria local els ingressos i pagaments pendents, segons les respectives contraccions.\n\nLes obligacions reconegudes i liquidades no satisfetes l&#8217;\u00faltim dia de l&#8217;exercici, els drets pendents de cobrament i els fons l\u00edquids a 31 de desembre configuraran el romanent de tresoreria de l&#8217;entitat local. La quantificaci\u00f3 del romanent de tresoreria deur\u00e0 realitzar-se tenint en compte els possibles ingressos afectats i minorant, d&#8217;acord amb all\u00f2 que reglamentariament s&#8217;establisca, els drets pendents de cobrament que es consideren de dif\u00edcil o impossible recaptaci\u00f3.\n\nLes entitats locals deuran confeccionar la liquidaci\u00f3 del seu pressupost abans del primer dia de mar\u00e7 de l&#8217;exercici seg\u00fcent.\n\nL&#8217;aprovaci\u00f3 de la liquidaci\u00f3 del pressupost corresponent al president de l&#8217;entitat local, previ informe de la Intervenci\u00f3.\n<p style=\"text-align: justify;\"><\/p>\n\n<table style=\"width: 600px;\">\n<tbody>\n<tr>\n<td style=\"text-align: center;\" colspan=\"5\">Estat liquidaci\u00f3 2012<\/td>\n<\/tr>\n<tr>\n<td style=\"text-align: center;\" colspan=\"2\">Ingressos<\/td>\n<td style=\"text-align: center;\" colspan=\"3\">Gastos<\/td>\n<\/tr>\n<tr>\n<td style=\"text-align: center;\"><a href=\"https:\/\/alzira.es\/wp-content\/uploads\/2015\/04\/ingresos_capitulos.PDF\" target=\"_blank\" rel=\"noopener\">Capitols<\/a><\/td>\n<td style=\"text-align: center;\"><a href=\"https:\/\/alzira.es\/wp-content\/uploads\/2015\/04\/ingresos_aplicaciones.PDF\" target=\"_blank\" rel=\"noopener\">Aplicaciones<\/a><\/td>\n<td style=\"text-align: center;\"><a href=\"https:\/\/alzira.es\/wp-content\/uploads\/2015\/04\/gastos_capitulos.PDF\" target=\"_blank\" rel=\"noopener\">Capitols<\/a><\/td>\n<td style=\"text-align: center;\"><a href=\"https:\/\/alzira.es\/wp-content\/uploads\/2015\/04\/gastos_areas_gasto.PDF\" target=\"_blank\" rel=\"noopener\">\u00c0rees de gasto<\/a><\/td>\n<td style=\"text-align: center;\"><a href=\"https:\/\/alzira.es\/wp-content\/uploads\/2015\/04\/gastos_aplicaciones.PDF\" target=\"_blank\" rel=\"noopener\">Aplicacions<\/a><\/td>\n<\/tr>\n<tr>\n<td style=\"text-align: center;\" colspan=\"5\"><\/td>\n<\/tr>\n<tr>\n<td style=\"text-align: center;\" colspan=\"5\"><a href=\"https:\/\/alzira.es\/wp-content\/uploads\/2015\/04\/remante_tesoreria.pdf\" target=\"_blank\" rel=\"noopener\">Romanent de tresoreria<\/a><\/td>\n<\/tr>\n<tr>\n<td style=\"text-align: center;\" colspan=\"5\"><a href=\"https:\/\/alzira.es\/wp-content\/uploads\/2015\/04\/resultado_presupuestario.PDF\" target=\"_blank\" rel=\"noopener\">Resultat pressupostari<\/a><\/td>\n<\/tr>\n<\/tbody>\n<\/table>\t\t\t\t\t\t\t\t<\/div>\n\t\t\t\t<\/div>\n\t\t\t\t\t<\/div>\n\t\t<\/div>\n\t\t\t\t\t<\/div>\n\t\t<\/section>\n\t\t\t\t<\/div>\n\t\t","protected":false},"excerpt":{"rendered":"<p>El pressupost de cada exercici es liquidar\u00e0 en quant a la recaptaci\u00f3 de drets i al pagament d&#8217;obligacions el 31 de desembre de l&#8217;any natural corresponent. Quedaran a c\u00e0rrec de la Tresoreria local els ingressos i pagaments pendents, segons les respectives contraccions. Les obligacions reconegudes i liquidades no satisfetes l&#8217;\u00faltim dia de l&#8217;exercici, els drets &hellip; <\/p>\n<p class=\"link-more\"><a href=\"https:\/\/alzira.es\/es\/serveis-municipals\/economia-i-recaptacio\/intervencio\/liquidacio\/liquidacio-2012\/\" class=\"more-link\">Continuar leyendo<span class=\"screen-reader-text\"> \u00abLiquidaci\u00f3 2012\u00bb<\/span><\/a><\/p>\n","protected":false},"author":29,"featured_media":0,"parent":111116,"menu_order":1,"comment_status":"closed","ping_status":"closed","template":"","meta":{"_acf_changed":false,"footnotes":""},"class_list":["post-111184","page","type-page","status-publish","hentry"],"acf":[],"_links":{"self":[{"href":"https:\/\/alzira.es\/es\/wp-json\/wp\/v2\/pages\/111184","targetHints":{"allow":["GET"]}}],"collection":[{"href":"https:\/\/alzira.es\/es\/wp-json\/wp\/v2\/pages"}],"about":[{"href":"https:\/\/alzira.es\/es\/wp-json\/wp\/v2\/types\/page"}],"author":[{"embeddable":true,"href":"https:\/\/alzira.es\/es\/wp-json\/wp\/v2\/users\/29"}],"replies":[{"embeddable":true,"href":"https:\/\/alzira.es\/es\/wp-json\/wp\/v2\/comments?post=111184"}],"version-history":[{"count":2,"href":"https:\/\/alzira.es\/es\/wp-json\/wp\/v2\/pages\/111184\/revisions"}],"predecessor-version":[{"id":111196,"href":"https:\/\/alzira.es\/es\/wp-json\/wp\/v2\/pages\/111184\/revisions\/111196"}],"up":[{"embeddable":true,"href":"https:\/\/alzira.es\/es\/wp-json\/wp\/v2\/pages\/111116"}],"wp:attachment":[{"href":"https:\/\/alzira.es\/es\/wp-json\/wp\/v2\/media?parent=111184"}],"curies":[{"name":"wp","href":"https:\/\/api.w.org\/{rel}","templated":true}]}}