{"id":111091,"date":"2022-01-15T21:16:23","date_gmt":"2022-01-15T20:16:23","guid":{"rendered":"https:\/\/alzira.es\/servicios-municipales\/economia-y-recaudacion\/servicios-de-recaudacion\/subastas-ejecutivas\/"},"modified":"2022-05-16T10:19:40","modified_gmt":"2022-05-16T08:19:40","slug":"subastas-ejecutivas","status":"publish","type":"page","link":"https:\/\/alzira.es\/es\/servicios-municipales\/economia-y-recaudacion\/servicios-de-recaudacion\/subastas-ejecutivas\/","title":{"rendered":"Subastas ejecutivas"},"content":{"rendered":"\t\t<div data-elementor-type=\"wp-page\" data-elementor-id=\"111091\" class=\"elementor elementor-111091 elementor-111083\">\n\t\t\t\t\t\t<section class=\"elementor-section elementor-top-section elementor-element elementor-element-4cba717 elementor-section-boxed elementor-section-height-default elementor-section-height-default\" data-id=\"4cba717\" data-element_type=\"section\">\n\t\t\t\t\t\t<div class=\"elementor-container elementor-column-gap-default\">\n\t\t\t\t\t<div class=\"elementor-column elementor-col-100 elementor-top-column elementor-element elementor-element-542fabe\" data-id=\"542fabe\" data-element_type=\"column\">\n\t\t\t<div class=\"elementor-widget-wrap elementor-element-populated\">\n\t\t\t\t\t\t<div class=\"elementor-element elementor-element-bf9f2f4 elementor-widget elementor-widget-text-editor\" data-id=\"bf9f2f4\" data-element_type=\"widget\" data-widget_type=\"text-editor.default\">\n\t\t\t\t<div class=\"elementor-widget-container\">\n\t\t\t\t\t\t\t\t\t<p>De conformitat amb l\u2019article 101 del R.D 939\/2005 de 29 de juliol, pel qual s\u2019aprova el Reglament General de Recaptaci\u00f3,\u00a0 es disposa la venda mitjan\u00e7ant subhasta p\u00fablica a trav\u00e9s del portal\u00a0 de subhastes de l\u2019Ag\u00e8ncia Estatal Butllet\u00ed Oficial de l&#8217;Estat ( <a href=\"https:\/\/subastas.boe.es\" target=\"_blank\" rel=\"noopener\"><strong>https:\/\/subastas.boe.es<\/strong><\/a> ) dels seg\u00fcents b\u00e9ns immobles :<\/p><p class=\"MsoNormal\" style=\"margin: 12pt 0cm 18pt; line-height: 115%;\"><span style=\"color: #373737; font-family: 'Helvetica Neue', Helvetica, Arial, sans-serif; font-size: 14px; text-align: start;\"><strong>FINCA: URBANA, en ALZIRA, solar en Calle Albornoz N.\u00ba 28. Tiene una cabida de 189,2 m\u00b2, con referencia catastral 1169119YJ2316N0001KQ, e inscrita en el tomo 2456, libro 1005, folio 157, finca n.\u00ba 27519 del Registro de la Propiedad de Alzira<\/strong>.<\/span><br style=\"outline: none; margin: 0px; padding: 0px; color: #373737; font-family: 'Helvetica Neue', Helvetica, Arial, sans-serif; font-size: 14px; text-align: start;\" \/><br style=\"outline: none; margin: 0px; padding: 0px; color: #373737; font-family: 'Helvetica Neue', Helvetica, Arial, sans-serif; font-size: 14px; text-align: start;\" \/><span style=\"color: #373737; font-family: 'Helvetica Neue', Helvetica, Arial, sans-serif; font-size: 14px; text-align: start;\"><strong>Fecha comienzo :<\/strong> 13-05-2022 18:00:00<\/span><br style=\"outline: none; margin: 0px; padding: 0px; color: #373737; font-family: 'Helvetica Neue', Helvetica, Arial, sans-serif; font-size: 14px; text-align: start;\" \/><span style=\"color: #373737; font-family: 'Helvetica Neue', Helvetica, Arial, sans-serif; font-size: 14px; text-align: start;\"><strong>Fecha prevista de conclusi\u00f3n:<\/strong> 02-06-2022 18:00:00<\/span><\/p><div style=\"text-align: justify;\">\u00a0<\/div>\t\t\t\t\t\t\t\t<\/div>\n\t\t\t\t<\/div>\n\t\t\t\t\t<\/div>\n\t\t<\/div>\n\t\t\t\t\t<\/div>\n\t\t<\/section>\n\t\t\t\t<\/div>\n\t\t","protected":false},"excerpt":{"rendered":"<p>De conformitat amb l\u2019article 101 del R.D 939\/2005 de 29 de juliol, pel qual s\u2019aprova el Reglament General de Recaptaci\u00f3,\u00a0 es disposa la venda mitjan\u00e7ant subhasta p\u00fablica a trav\u00e9s del portal\u00a0 de subhastes de l\u2019Ag\u00e8ncia Estatal Butllet\u00ed Oficial de l&#8217;Estat ( https:\/\/subastas.boe.es ) dels seg\u00fcents b\u00e9ns immobles : FINCA: URBANA, en ALZIRA, solar en Calle &hellip; <\/p>\n<p class=\"link-more\"><a href=\"https:\/\/alzira.es\/es\/servicios-municipales\/economia-y-recaudacion\/servicios-de-recaudacion\/subastas-ejecutivas\/\" class=\"more-link\">Continuar leyendo<span class=\"screen-reader-text\"> \u00abSubastas ejecutivas\u00bb<\/span><\/a><\/p>\n","protected":false},"author":29,"featured_media":0,"parent":109966,"menu_order":0,"comment_status":"closed","ping_status":"closed","template":"","meta":{"_acf_changed":false,"footnotes":""},"class_list":["post-111091","page","type-page","status-publish","hentry"],"acf":[],"_links":{"self":[{"href":"https:\/\/alzira.es\/es\/wp-json\/wp\/v2\/pages\/111091","targetHints":{"allow":["GET"]}}],"collection":[{"href":"https:\/\/alzira.es\/es\/wp-json\/wp\/v2\/pages"}],"about":[{"href":"https:\/\/alzira.es\/es\/wp-json\/wp\/v2\/types\/page"}],"author":[{"embeddable":true,"href":"https:\/\/alzira.es\/es\/wp-json\/wp\/v2\/users\/29"}],"replies":[{"embeddable":true,"href":"https:\/\/alzira.es\/es\/wp-json\/wp\/v2\/comments?post=111091"}],"version-history":[{"count":2,"href":"https:\/\/alzira.es\/es\/wp-json\/wp\/v2\/pages\/111091\/revisions"}],"predecessor-version":[{"id":121838,"href":"https:\/\/alzira.es\/es\/wp-json\/wp\/v2\/pages\/111091\/revisions\/121838"}],"up":[{"embeddable":true,"href":"https:\/\/alzira.es\/es\/wp-json\/wp\/v2\/pages\/109966"}],"wp:attachment":[{"href":"https:\/\/alzira.es\/es\/wp-json\/wp\/v2\/media?parent=111091"}],"curies":[{"name":"wp","href":"https:\/\/api.w.org\/{rel}","templated":true}]}}