{"id":110957,"date":"2022-01-14T11:54:04","date_gmt":"2022-01-14T10:54:04","guid":{"rendered":"https:\/\/alzira.es\/servicios-municipales\/economia-y-recaudacion\/gestion-tributaria\/"},"modified":"2023-03-08T12:46:46","modified_gmt":"2023-03-08T11:46:46","slug":"gestion-tributaria","status":"publish","type":"page","link":"https:\/\/alzira.es\/es\/servicios-municipales\/economia-y-recaudacion\/gestion-tributaria\/","title":{"rendered":"Gesti\u00f3n Tribut\u00e1ria"},"content":{"rendered":"\t\t<div data-elementor-type=\"wp-page\" data-elementor-id=\"110957\" class=\"elementor elementor-110957 elementor-110790\">\n\t\t\t\t\t\t<section class=\"elementor-section elementor-top-section elementor-element elementor-element-6f93d70 elementor-section-boxed elementor-section-height-default elementor-section-height-default\" data-id=\"6f93d70\" data-element_type=\"section\">\n\t\t\t\t\t\t<div class=\"elementor-container elementor-column-gap-default\">\n\t\t\t\t\t<div class=\"elementor-column elementor-col-16 elementor-top-column elementor-element elementor-element-d1e9c5e\" data-id=\"d1e9c5e\" data-element_type=\"column\">\n\t\t\t<div class=\"elementor-widget-wrap\">\n\t\t\t\t\t\t\t<\/div>\n\t\t<\/div>\n\t\t\t\t<div class=\"elementor-column elementor-col-16 elementor-top-column elementor-element elementor-element-8956ba6\" data-id=\"8956ba6\" data-element_type=\"column\">\n\t\t\t<div class=\"elementor-widget-wrap elementor-element-populated\">\n\t\t\t\t\t\t<div class=\"elementor-element elementor-element-0c4132a elementor-widget elementor-widget-image\" data-id=\"0c4132a\" data-element_type=\"widget\" data-widget_type=\"image.default\">\n\t\t\t\t<div class=\"elementor-widget-container\">\n\t\t\t\t\t\t\t\t\t\t\t\t\t\t\t\t<a href=\"https:\/\/sedeelectronica.alzira.es\/PortalCiudadano\/tramites\/tramite.do?formAction=btShow&#038;t=3212#\">\n\t\t\t\t\t\t\t<img fetchpriority=\"high\" decoding=\"async\" width=\"525\" height=\"440\" src=\"https:\/\/alzira.es\/wp-content\/uploads\/2022\/01\/ECONOMIA-I-RECAPTACIO_INFORMACIO-CADASTRAL-2048x1715-1-1280x1072.png\" class=\"attachment-large size-large wp-image-110715\" alt=\"\" srcset=\"https:\/\/alzira.es\/wp-content\/uploads\/2022\/01\/ECONOMIA-I-RECAPTACIO_INFORMACIO-CADASTRAL-2048x1715-1-1280x1072.png 1280w, https:\/\/alzira.es\/wp-content\/uploads\/2022\/01\/ECONOMIA-I-RECAPTACIO_INFORMACIO-CADASTRAL-2048x1715-1-609x510.png 609w, https:\/\/alzira.es\/wp-content\/uploads\/2022\/01\/ECONOMIA-I-RECAPTACIO_INFORMACIO-CADASTRAL-2048x1715-1-768x643.png 768w, https:\/\/alzira.es\/wp-content\/uploads\/2022\/01\/ECONOMIA-I-RECAPTACIO_INFORMACIO-CADASTRAL-2048x1715-1-1536x1286.png 1536w, https:\/\/alzira.es\/wp-content\/uploads\/2022\/01\/ECONOMIA-I-RECAPTACIO_INFORMACIO-CADASTRAL-2048x1715-1.png 2048w\" sizes=\"100vw\" \/>\t\t\t\t\t\t\t\t<\/a>\n\t\t\t\t\t\t\t\t\t\t\t\t\t\t\t<\/div>\n\t\t\t\t<\/div>\n\t\t\t\t<div class=\"elementor-element elementor-element-0c74291 elementor-widget elementor-widget-heading\" data-id=\"0c74291\" data-element_type=\"widget\" data-widget_type=\"heading.default\">\n\t\t\t\t<div class=\"elementor-widget-container\">\n\t\t\t\t\t<h5 class=\"elementor-heading-title elementor-size-default\"><a href=\"https:\/\/sedeelectronica.alzira.es\/PortalCiudadano\/tramites\/tramite.do?formAction=btShow&#038;t=3212#\" target=\"_blank\">Informaci\u00f3n cadastral<\/a><\/h5>\t\t\t\t<\/div>\n\t\t\t\t<\/div>\n\t\t\t\t\t<\/div>\n\t\t<\/div>\n\t\t\t\t<div class=\"elementor-column elementor-col-16 elementor-top-column elementor-element elementor-element-148fb42\" data-id=\"148fb42\" data-element_type=\"column\">\n\t\t\t<div class=\"elementor-widget-wrap elementor-element-populated\">\n\t\t\t\t\t\t<div class=\"elementor-element elementor-element-fbde3bc elementor-widget elementor-widget-image\" data-id=\"fbde3bc\" data-element_type=\"widget\" data-widget_type=\"image.default\">\n\t\t\t\t<div class=\"elementor-widget-container\">\n\t\t\t\t\t\t\t\t\t\t\t\t\t\t\t\t<a href=\"https:\/\/alzira.es\/es\/servicios-municipales\/economia-y-recaudacion\/gestion-tributaria\/bonificaciones-fiscales\/\">\n\t\t\t\t\t\t\t<img decoding=\"async\" width=\"525\" height=\"440\" data-src=\"https:\/\/alzira.es\/wp-content\/uploads\/2022\/01\/ECONOMIA-I-RECAPTACIO_BONIFICACIONS-FISCALS-2048x1715-1-1280x1072.png\" class=\"attachment-large size-large wp-image-110717 lazyload\" alt=\"\" data-srcset=\"https:\/\/alzira.es\/wp-content\/uploads\/2022\/01\/ECONOMIA-I-RECAPTACIO_BONIFICACIONS-FISCALS-2048x1715-1-1280x1072.png 1280w, https:\/\/alzira.es\/wp-content\/uploads\/2022\/01\/ECONOMIA-I-RECAPTACIO_BONIFICACIONS-FISCALS-2048x1715-1-609x510.png 609w, https:\/\/alzira.es\/wp-content\/uploads\/2022\/01\/ECONOMIA-I-RECAPTACIO_BONIFICACIONS-FISCALS-2048x1715-1-768x643.png 768w, https:\/\/alzira.es\/wp-content\/uploads\/2022\/01\/ECONOMIA-I-RECAPTACIO_BONIFICACIONS-FISCALS-2048x1715-1-1536x1286.png 1536w, https:\/\/alzira.es\/wp-content\/uploads\/2022\/01\/ECONOMIA-I-RECAPTACIO_BONIFICACIONS-FISCALS-2048x1715-1.png 2048w\" data-sizes=\"100vw\" src=\"data:image\/svg+xml;base64,PHN2ZyB3aWR0aD0iMSIgaGVpZ2h0PSIxIiB4bWxucz0iaHR0cDovL3d3dy53My5vcmcvMjAwMC9zdmciPjwvc3ZnPg==\" style=\"--smush-placeholder-width: 525px; --smush-placeholder-aspect-ratio: 525\/440;\" \/>\t\t\t\t\t\t\t\t<\/a>\n\t\t\t\t\t\t\t\t\t\t\t\t\t\t\t<\/div>\n\t\t\t\t<\/div>\n\t\t\t\t<div class=\"elementor-element elementor-element-ce7ea44 elementor-widget elementor-widget-heading\" data-id=\"ce7ea44\" data-element_type=\"widget\" data-widget_type=\"heading.default\">\n\t\t\t\t<div class=\"elementor-widget-container\">\n\t\t\t\t\t<h5 class=\"elementor-heading-title elementor-size-default\"><a href=\"https:\/\/alzira.es\/es\/servicios-municipales\/economia-y-recaudacion\/gestion-tributaria\/bonificaciones-fiscales\/\">Bonificaciones fiscales<\/a><\/h5>\t\t\t\t<\/div>\n\t\t\t\t<\/div>\n\t\t\t\t\t<\/div>\n\t\t<\/div>\n\t\t\t\t<div class=\"elementor-column elementor-col-16 elementor-top-column elementor-element elementor-element-64433ea\" data-id=\"64433ea\" data-element_type=\"column\">\n\t\t\t<div class=\"elementor-widget-wrap elementor-element-populated\">\n\t\t\t\t\t\t<div class=\"elementor-element elementor-element-815af65 elementor-widget elementor-widget-image\" data-id=\"815af65\" data-element_type=\"widget\" data-widget_type=\"image.default\">\n\t\t\t\t<div class=\"elementor-widget-container\">\n\t\t\t\t\t\t\t\t\t\t\t\t\t\t\t\t<a href=\"https:\/\/alzira.es\/es\/ayuntamiento\/ordenanzas-y-reglamentos\/\">\n\t\t\t\t\t\t\t<img decoding=\"async\" width=\"525\" height=\"440\" data-src=\"https:\/\/alzira.es\/wp-content\/uploads\/2022\/01\/ECONOMIA-I-RECAPTACIO_ORDENANCES-FISCALS-2048x1715-1-1280x1072.png\" class=\"attachment-large size-large wp-image-110720 lazyload\" alt=\"\" data-srcset=\"https:\/\/alzira.es\/wp-content\/uploads\/2022\/01\/ECONOMIA-I-RECAPTACIO_ORDENANCES-FISCALS-2048x1715-1-1280x1072.png 1280w, https:\/\/alzira.es\/wp-content\/uploads\/2022\/01\/ECONOMIA-I-RECAPTACIO_ORDENANCES-FISCALS-2048x1715-1-609x510.png 609w, https:\/\/alzira.es\/wp-content\/uploads\/2022\/01\/ECONOMIA-I-RECAPTACIO_ORDENANCES-FISCALS-2048x1715-1-768x643.png 768w, https:\/\/alzira.es\/wp-content\/uploads\/2022\/01\/ECONOMIA-I-RECAPTACIO_ORDENANCES-FISCALS-2048x1715-1-1536x1286.png 1536w, https:\/\/alzira.es\/wp-content\/uploads\/2022\/01\/ECONOMIA-I-RECAPTACIO_ORDENANCES-FISCALS-2048x1715-1.png 2048w\" data-sizes=\"100vw\" src=\"data:image\/svg+xml;base64,PHN2ZyB3aWR0aD0iMSIgaGVpZ2h0PSIxIiB4bWxucz0iaHR0cDovL3d3dy53My5vcmcvMjAwMC9zdmciPjwvc3ZnPg==\" style=\"--smush-placeholder-width: 525px; --smush-placeholder-aspect-ratio: 525\/440;\" \/>\t\t\t\t\t\t\t\t<\/a>\n\t\t\t\t\t\t\t\t\t\t\t\t\t\t\t<\/div>\n\t\t\t\t<\/div>\n\t\t\t\t<div class=\"elementor-element elementor-element-a6b1308 elementor-widget elementor-widget-heading\" data-id=\"a6b1308\" data-element_type=\"widget\" data-widget_type=\"heading.default\">\n\t\t\t\t<div class=\"elementor-widget-container\">\n\t\t\t\t\t<h5 class=\"elementor-heading-title elementor-size-default\"><a href=\"https:\/\/alzira.es\/es\/ayuntamiento\/ordenanzas-y-reglamentos\/\">Ordenanzas fiscales<\/a><\/h5>\t\t\t\t<\/div>\n\t\t\t\t<\/div>\n\t\t\t\t\t<\/div>\n\t\t<\/div>\n\t\t\t\t<div class=\"elementor-column elementor-col-16 elementor-top-column elementor-element elementor-element-02cc206\" data-id=\"02cc206\" data-element_type=\"column\">\n\t\t\t<div class=\"elementor-widget-wrap elementor-element-populated\">\n\t\t\t\t\t\t<div class=\"elementor-element elementor-element-8f955d6 elementor-widget elementor-widget-image\" data-id=\"8f955d6\" data-element_type=\"widget\" data-widget_type=\"image.default\">\n\t\t\t\t<div class=\"elementor-widget-container\">\n\t\t\t\t\t\t\t\t\t\t\t\t\t\t\t\t<a href=\"https:\/\/alzira.es\/wp-content\/uploads\/2022\/01\/ordenana_fiscal_impost_bens_immobles-1.pdf\" target=\"_blank\">\n\t\t\t\t\t\t\t<img decoding=\"async\" width=\"525\" height=\"463\" data-src=\"https:\/\/alzira.es\/wp-content\/uploads\/2022\/01\/Recurso-13-1.png\" class=\"attachment-large size-large wp-image-110840 lazyload\" alt=\"\" data-srcset=\"https:\/\/alzira.es\/wp-content\/uploads\/2022\/01\/Recurso-13-1.png 604w, https:\/\/alzira.es\/wp-content\/uploads\/2022\/01\/Recurso-13-1-578x510.png 578w\" data-sizes=\"100vw\" src=\"data:image\/svg+xml;base64,PHN2ZyB3aWR0aD0iMSIgaGVpZ2h0PSIxIiB4bWxucz0iaHR0cDovL3d3dy53My5vcmcvMjAwMC9zdmciPjwvc3ZnPg==\" style=\"--smush-placeholder-width: 525px; --smush-placeholder-aspect-ratio: 525\/463;\" \/>\t\t\t\t\t\t\t\t<\/a>\n\t\t\t\t\t\t\t\t\t\t\t\t\t\t\t<\/div>\n\t\t\t\t<\/div>\n\t\t\t\t<div class=\"elementor-element elementor-element-14800d3 elementor-widget elementor-widget-heading\" data-id=\"14800d3\" data-element_type=\"widget\" data-widget_type=\"heading.default\">\n\t\t\t\t<div class=\"elementor-widget-container\">\n\t\t\t\t\t<h5 class=\"elementor-heading-title elementor-size-default\"><a href=\"https:\/\/alzira.es\/wp-content\/uploads\/2022\/01\/ordenana_fiscal_impost_bens_immobles-1.pdf\" target=\"_blank\">IBI<\/a><\/h5>\t\t\t\t<\/div>\n\t\t\t\t<\/div>\n\t\t\t\t\t<\/div>\n\t\t<\/div>\n\t\t\t\t<div class=\"elementor-column elementor-col-16 elementor-top-column elementor-element elementor-element-a57e030\" data-id=\"a57e030\" data-element_type=\"column\">\n\t\t\t<div class=\"elementor-widget-wrap\">\n\t\t\t\t\t\t\t<\/div>\n\t\t<\/div>\n\t\t\t\t\t<\/div>\n\t\t<\/section>\n\t\t\t\t<section class=\"elementor-section elementor-top-section elementor-element elementor-element-70c3f30 elementor-section-boxed elementor-section-height-default elementor-section-height-default\" data-id=\"70c3f30\" data-element_type=\"section\">\n\t\t\t\t\t\t<div class=\"elementor-container elementor-column-gap-default\">\n\t\t\t\t\t<div class=\"elementor-column elementor-col-16 elementor-top-column elementor-element elementor-element-ed62ccb\" data-id=\"ed62ccb\" data-element_type=\"column\">\n\t\t\t<div class=\"elementor-widget-wrap\">\n\t\t\t\t\t\t\t<\/div>\n\t\t<\/div>\n\t\t\t\t<div class=\"elementor-column elementor-col-16 elementor-top-column elementor-element elementor-element-54095f9\" data-id=\"54095f9\" data-element_type=\"column\">\n\t\t\t<div class=\"elementor-widget-wrap elementor-element-populated\">\n\t\t\t\t\t\t<div class=\"elementor-element elementor-element-f942f88 elementor-widget elementor-widget-image\" data-id=\"f942f88\" data-element_type=\"widget\" data-widget_type=\"image.default\">\n\t\t\t\t<div class=\"elementor-widget-container\">\n\t\t\t\t\t\t\t\t\t\t\t\t\t\t\t\t<a href=\"https:\/\/alzira.es\/wp-content\/uploads\/2016\/02\/ordenanza_fiscal_impuesto_actividades_economicas.pdf\" target=\"_blank\">\n\t\t\t\t\t\t\t<img decoding=\"async\" width=\"525\" height=\"463\" data-src=\"https:\/\/alzira.es\/wp-content\/uploads\/2022\/01\/Recurso-14-3.png\" class=\"attachment-large size-large wp-image-110834 lazyload\" alt=\"\" data-srcset=\"https:\/\/alzira.es\/wp-content\/uploads\/2022\/01\/Recurso-14-3.png 605w, https:\/\/alzira.es\/wp-content\/uploads\/2022\/01\/Recurso-14-3-579x510.png 579w\" data-sizes=\"100vw\" src=\"data:image\/svg+xml;base64,PHN2ZyB3aWR0aD0iMSIgaGVpZ2h0PSIxIiB4bWxucz0iaHR0cDovL3d3dy53My5vcmcvMjAwMC9zdmciPjwvc3ZnPg==\" style=\"--smush-placeholder-width: 525px; --smush-placeholder-aspect-ratio: 525\/463;\" \/>\t\t\t\t\t\t\t\t<\/a>\n\t\t\t\t\t\t\t\t\t\t\t\t\t\t\t<\/div>\n\t\t\t\t<\/div>\n\t\t\t\t<div class=\"elementor-element elementor-element-10ee157 elementor-widget elementor-widget-heading\" data-id=\"10ee157\" data-element_type=\"widget\" data-widget_type=\"heading.default\">\n\t\t\t\t<div class=\"elementor-widget-container\">\n\t\t\t\t\t<h5 class=\"elementor-heading-title elementor-size-default\"><a href=\"https:\/\/alzira.es\/wp-content\/uploads\/2016\/02\/ordenanza_fiscal_impuesto_actividades_economicas.pdf\" target=\"_blank\">IAE<\/a><\/h5>\t\t\t\t<\/div>\n\t\t\t\t<\/div>\n\t\t\t\t\t<\/div>\n\t\t<\/div>\n\t\t\t\t<div class=\"elementor-column elementor-col-16 elementor-top-column elementor-element elementor-element-fec2022\" data-id=\"fec2022\" data-element_type=\"column\">\n\t\t\t<div class=\"elementor-widget-wrap elementor-element-populated\">\n\t\t\t\t\t\t<div class=\"elementor-element elementor-element-8a2b80c elementor-widget elementor-widget-image\" data-id=\"8a2b80c\" data-element_type=\"widget\" data-widget_type=\"image.default\">\n\t\t\t\t<div class=\"elementor-widget-container\">\n\t\t\t\t\t\t\t\t\t\t\t\t\t\t\t\t<a href=\"https:\/\/alzira.es\/wp-content\/uploads\/2016\/02\/ordenanza_fiscal_impuesto_vehiculos_traccion_mecanica.pdf\" target=\"_blank\">\n\t\t\t\t\t\t\t<img decoding=\"async\" width=\"525\" height=\"463\" data-src=\"https:\/\/alzira.es\/wp-content\/uploads\/2022\/01\/Recurso-12-1.png\" class=\"attachment-large size-large wp-image-110842 lazyload\" alt=\"\" data-srcset=\"https:\/\/alzira.es\/wp-content\/uploads\/2022\/01\/Recurso-12-1.png 605w, https:\/\/alzira.es\/wp-content\/uploads\/2022\/01\/Recurso-12-1-578x510.png 578w\" data-sizes=\"100vw\" src=\"data:image\/svg+xml;base64,PHN2ZyB3aWR0aD0iMSIgaGVpZ2h0PSIxIiB4bWxucz0iaHR0cDovL3d3dy53My5vcmcvMjAwMC9zdmciPjwvc3ZnPg==\" style=\"--smush-placeholder-width: 525px; --smush-placeholder-aspect-ratio: 525\/463;\" \/>\t\t\t\t\t\t\t\t<\/a>\n\t\t\t\t\t\t\t\t\t\t\t\t\t\t\t<\/div>\n\t\t\t\t<\/div>\n\t\t\t\t<div class=\"elementor-element elementor-element-e9779f3 elementor-widget elementor-widget-heading\" data-id=\"e9779f3\" data-element_type=\"widget\" data-widget_type=\"heading.default\">\n\t\t\t\t<div class=\"elementor-widget-container\">\n\t\t\t\t\t<h5 class=\"elementor-heading-title elementor-size-default\"><a href=\"https:\/\/alzira.es\/wp-content\/uploads\/2016\/02\/ordenanza_fiscal_impuesto_vehiculos_traccion_mecanica.pdf\" target=\"_blank\">Veh\u00edculos<\/a><\/h5>\t\t\t\t<\/div>\n\t\t\t\t<\/div>\n\t\t\t\t\t<\/div>\n\t\t<\/div>\n\t\t\t\t<div class=\"elementor-column elementor-col-16 elementor-top-column elementor-element elementor-element-d3a8c36\" data-id=\"d3a8c36\" data-element_type=\"column\">\n\t\t\t<div class=\"elementor-widget-wrap elementor-element-populated\">\n\t\t\t\t\t\t<div class=\"elementor-element elementor-element-f97e938 elementor-widget elementor-widget-image\" data-id=\"f97e938\" data-element_type=\"widget\" data-widget_type=\"image.default\">\n\t\t\t\t<div class=\"elementor-widget-container\">\n\t\t\t\t\t\t\t\t\t\t\t\t\t\t\t\t<a href=\"https:\/\/alzira.es\/wp-content\/uploads\/2016\/02\/ordenanza_fiscal_tasa_retirada_residuos_solidos_actividades_economicas.pdf\" target=\"_blank\">\n\t\t\t\t\t\t\t<img decoding=\"async\" width=\"525\" height=\"463\" data-src=\"https:\/\/alzira.es\/wp-content\/uploads\/2022\/01\/Recurso-16-2.png\" class=\"attachment-large size-large wp-image-110838 lazyload\" alt=\"\" data-srcset=\"https:\/\/alzira.es\/wp-content\/uploads\/2022\/01\/Recurso-16-2.png 605w, https:\/\/alzira.es\/wp-content\/uploads\/2022\/01\/Recurso-16-2-578x510.png 578w\" data-sizes=\"100vw\" src=\"data:image\/svg+xml;base64,PHN2ZyB3aWR0aD0iMSIgaGVpZ2h0PSIxIiB4bWxucz0iaHR0cDovL3d3dy53My5vcmcvMjAwMC9zdmciPjwvc3ZnPg==\" style=\"--smush-placeholder-width: 525px; --smush-placeholder-aspect-ratio: 525\/463;\" \/>\t\t\t\t\t\t\t\t<\/a>\n\t\t\t\t\t\t\t\t\t\t\t\t\t\t\t<\/div>\n\t\t\t\t<\/div>\n\t\t\t\t<div class=\"elementor-element elementor-element-718f84b elementor-widget elementor-widget-heading\" data-id=\"718f84b\" data-element_type=\"widget\" data-widget_type=\"heading.default\">\n\t\t\t\t<div class=\"elementor-widget-container\">\n\t\t\t\t\t<h5 class=\"elementor-heading-title elementor-size-default\"><a href=\"https:\/\/alzira.es\/wp-content\/uploads\/2016\/02\/ordenanza_fiscal_tasa_retirada_residuos_solidos_actividades_economicas.pdf\" target=\"_blank\">Basura<\/a><\/h5>\t\t\t\t<\/div>\n\t\t\t\t<\/div>\n\t\t\t\t\t<\/div>\n\t\t<\/div>\n\t\t\t\t<div class=\"elementor-column elementor-col-16 elementor-top-column elementor-element elementor-element-d14bb73\" data-id=\"d14bb73\" data-element_type=\"column\">\n\t\t\t<div class=\"elementor-widget-wrap elementor-element-populated\">\n\t\t\t\t\t\t<div class=\"elementor-element elementor-element-10c25b3 elementor-widget elementor-widget-image\" data-id=\"10c25b3\" data-element_type=\"widget\" data-widget_type=\"image.default\">\n\t\t\t\t<div class=\"elementor-widget-container\">\n\t\t\t\t\t\t\t\t\t\t\t\t\t\t\t\t<a href=\"https:\/\/alzira.es\/wp-content\/uploads\/2022\/05\/05_ORDENANZA-IMPUESTO-INCREMENTO-VALOR-TERRENOS-NATURALEZA-URBANA.cas_.pdf\" target=\"_blank\">\n\t\t\t\t\t\t\t<img decoding=\"async\" width=\"525\" height=\"463\" data-src=\"https:\/\/alzira.es\/wp-content\/uploads\/2022\/01\/Recurso-15-2.png\" class=\"attachment-large size-large wp-image-110836 lazyload\" alt=\"\" data-srcset=\"https:\/\/alzira.es\/wp-content\/uploads\/2022\/01\/Recurso-15-2.png 605w, https:\/\/alzira.es\/wp-content\/uploads\/2022\/01\/Recurso-15-2-579x510.png 579w\" data-sizes=\"100vw\" src=\"data:image\/svg+xml;base64,PHN2ZyB3aWR0aD0iMSIgaGVpZ2h0PSIxIiB4bWxucz0iaHR0cDovL3d3dy53My5vcmcvMjAwMC9zdmciPjwvc3ZnPg==\" style=\"--smush-placeholder-width: 525px; --smush-placeholder-aspect-ratio: 525\/463;\" \/>\t\t\t\t\t\t\t\t<\/a>\n\t\t\t\t\t\t\t\t\t\t\t\t\t\t\t<\/div>\n\t\t\t\t<\/div>\n\t\t\t\t<div class=\"elementor-element elementor-element-7ec6817 elementor-widget elementor-widget-heading\" data-id=\"7ec6817\" data-element_type=\"widget\" data-widget_type=\"heading.default\">\n\t\t\t\t<div class=\"elementor-widget-container\">\n\t\t\t\t\t<h5 class=\"elementor-heading-title elementor-size-default\"><a href=\"https:\/\/alzira.es\/wp-content\/uploads\/2022\/05\/05_ORDENANZA-IMPUESTO-INCREMENTO-VALOR-TERRENOS-NATURALEZA-URBANA.cas_.pdf\" target=\"_blank\">Plusval\u00eda<\/a><\/h5>\t\t\t\t<\/div>\n\t\t\t\t<\/div>\n\t\t\t\t\t<\/div>\n\t\t<\/div>\n\t\t\t\t<div class=\"elementor-column elementor-col-16 elementor-top-column elementor-element elementor-element-0f96e50\" data-id=\"0f96e50\" data-element_type=\"column\">\n\t\t\t<div class=\"elementor-widget-wrap\">\n\t\t\t\t\t\t\t<\/div>\n\t\t<\/div>\n\t\t\t\t\t<\/div>\n\t\t<\/section>\n\t\t\t\t<section class=\"elementor-section elementor-top-section elementor-element elementor-element-4995dc0 elementor-section-boxed elementor-section-height-default elementor-section-height-default\" data-id=\"4995dc0\" data-element_type=\"section\">\n\t\t\t\t\t\t<div class=\"elementor-container elementor-column-gap-default\">\n\t\t\t\t\t<div class=\"elementor-column elementor-col-100 elementor-top-column elementor-element elementor-element-d08db08\" data-id=\"d08db08\" data-element_type=\"column\">\n\t\t\t<div class=\"elementor-widget-wrap elementor-element-populated\">\n\t\t\t\t\t\t<div class=\"elementor-element elementor-element-a514ca7 elementor-widget elementor-widget-text-editor\" data-id=\"a514ca7\" data-element_type=\"widget\" data-widget_type=\"text-editor.default\">\n\t\t\t\t<div class=\"elementor-widget-container\">\n\t\t\t\t\t\t\t\t\t\n<p>El departamento de Gesti\u00f3n Tributaria se encarga del control y aplicaci\u00f3n de las ordenanzas fiscales.<\/p>\n\n\n\n<div><a href=\"#Funciones\"><strong>Funciones<\/strong><\/a><\/div>\n\n\n\n<div><a href=\"#Servicios\"><strong>Servicios<\/strong><\/a><\/div>\n\n\n\n<div><a href=\"#Legislacion\"><strong>Legislaci\u00f3n<\/strong><\/a><\/div>\n\n\n\n<p><a name=\"Funciones\"><\/a><\/p>\n\n\n\n<p><strong>Funciones<\/strong><\/p>\n\n\n\n<p>Entre sus funciones est\u00e1n la elaboraci\u00f3n y mantenimiento de los padrones fiscales, as\u00ed como el control, redacci\u00f3n y actualizaci\u00f3n de las ordenanzas fiscales. Por otra parte se encarga del control y redacci\u00f3n de liquidaciones tributarias, la resoluci\u00f3n de recursos y reclamaciones en materia tributaria y la tramitaci\u00f3n de las solicitudes de beneficios fiscales.<\/p>\n\n\n\n<p><a name=\"Servicios\"><\/a><\/p>\n\n\n\n<p><strong>Servicios<\/strong><\/p>\n\n\n\n<div class=\"wp-block-group\">\n<ul><li>Informaci\u00f3n general y particular sobre las obligaciones tributarias municipales: impuestos peri\u00f3dicos y no peri\u00f3dicos.<\/li><li>Solicitar cambios en los datos de los recibos correspondientes a impuestos y tasas municipales de car\u00e1cter peri\u00f3dico: bienes inmuebles (urbana y r\u00fastica), vados, veh\u00edculos, actividades econ\u00f3micas, tasa de basuras.<\/li><li>Altas y alteraciones en los padrones fiscales correspondientes a los tributos municipales.<\/li><li>Se facilita a los contribuyentes el c\u00e1lculo previo de las autoliquidaciones de Plusval\u00eda (Impuesto sobre incremento del valor de los terrenos de naturaleza urbana)<\/li><li>Tramitaci\u00f3n de las bonificaciones y exenciones solicitadas.<\/li><li>B\u00fasqueda de la mayor eficacia y eficiencia en la gesti\u00f3n de los recursos financieros, econ\u00f3micos y monetarios municipales.<\/li><li>Estudios tributarios.<\/li><li>An\u00e1lisis de inversiones.<\/li><li>Recursos econ\u00f3micos.<\/li><li>Financiaci\u00f3n.<\/li><li>Liquidaci\u00f3n de tributos.<\/li><li>Emisi\u00f3n de todo tipo de justificantes sobre el contenido de las bases de datos tributarias: documentos compulsa, volantes o certificados.<\/li><\/ul>\n\n\n\n<p><\/p>\n<\/div>\n\n\n\n<p><a name=\"Legislacion\"><\/a><strong>Legislaci\u00f3n<\/strong><\/p>\n\n\n\n<ol><li>Real Decreto Legislativo 2\/2004, de 5 de marzo, por el que se aprueba el texto refundido de la Ley Reguladora de las Haciendas Locales.<\/li><li>Real Decreto Legislativo 1\/2004, de 5 de marzo, por el que se aprueba el texto refundido de la Ley del Catastro Inmobiliario.<\/li><li>Ley 58\/2003, de 17 de diciembre, General Tributaria.<\/li><li>Real Decreto 417\/2006, de 7 de abril, por el que se desarrolla el texto refundido de la Ley del Catastro Inmobiliario, aprobado por el Real Decreto Legislativo 1\/2004, de 5 de marzo.<\/li><\/ol>\n\t\t\t\t\t\t\t\t<\/div>\n\t\t\t\t<\/div>\n\t\t\t\t\t<\/div>\n\t\t<\/div>\n\t\t\t\t\t<\/div>\n\t\t<\/section>\n\t\t\t\t<\/div>\n\t\t","protected":false},"excerpt":{"rendered":"<p>Informaci\u00f3n cadastral Bonificaciones fiscales Ordenanzas fiscales IBI IAE Veh\u00edculos Basura Plusval\u00eda El departamento de Gesti\u00f3n Tributaria se encarga del control y aplicaci\u00f3n de las ordenanzas fiscales. Funciones Servicios Legislaci\u00f3n Funciones Entre sus funciones est\u00e1n la elaboraci\u00f3n y mantenimiento de los padrones fiscales, as\u00ed como el control, redacci\u00f3n y actualizaci\u00f3n de las ordenanzas fiscales. Por otra &hellip; <\/p>\n<p class=\"link-more\"><a href=\"https:\/\/alzira.es\/es\/servicios-municipales\/economia-y-recaudacion\/gestion-tributaria\/\" class=\"more-link\">Continuar leyendo<span class=\"screen-reader-text\"> \u00abGesti\u00f3n Tribut\u00e1ria\u00bb<\/span><\/a><\/p>\n","protected":false},"author":29,"featured_media":0,"parent":84774,"menu_order":0,"comment_status":"closed","ping_status":"closed","template":"","meta":{"_acf_changed":false,"footnotes":""},"class_list":["post-110957","page","type-page","status-publish","hentry"],"acf":[],"_links":{"self":[{"href":"https:\/\/alzira.es\/es\/wp-json\/wp\/v2\/pages\/110957","targetHints":{"allow":["GET"]}}],"collection":[{"href":"https:\/\/alzira.es\/es\/wp-json\/wp\/v2\/pages"}],"about":[{"href":"https:\/\/alzira.es\/es\/wp-json\/wp\/v2\/types\/page"}],"author":[{"embeddable":true,"href":"https:\/\/alzira.es\/es\/wp-json\/wp\/v2\/users\/29"}],"replies":[{"embeddable":true,"href":"https:\/\/alzira.es\/es\/wp-json\/wp\/v2\/comments?post=110957"}],"version-history":[{"count":2,"href":"https:\/\/alzira.es\/es\/wp-json\/wp\/v2\/pages\/110957\/revisions"}],"predecessor-version":[{"id":134802,"href":"https:\/\/alzira.es\/es\/wp-json\/wp\/v2\/pages\/110957\/revisions\/134802"}],"up":[{"embeddable":true,"href":"https:\/\/alzira.es\/es\/wp-json\/wp\/v2\/pages\/84774"}],"wp:attachment":[{"href":"https:\/\/alzira.es\/es\/wp-json\/wp\/v2\/media?parent=110957"}],"curies":[{"name":"wp","href":"https:\/\/api.w.org\/{rel}","templated":true}]}}