{"id":11058,"date":"2015-03-13T08:21:03","date_gmt":"2015-03-13T07:21:03","guid":{"rendered":"https:\/\/alzira.es\/telefons-i-enllacos-d-interes\/"},"modified":"2021-07-27T11:29:27","modified_gmt":"2021-07-27T09:29:27","slug":"telefonos-y-enlaces-de-interes","status":"publish","type":"page","link":"https:\/\/alzira.es\/es\/ayuntamiento\/elecciones\/telefonos-y-enlaces-de-interes\/","title":{"rendered":"Tel\u00e9fonos y enlaces de inter\u00e9s"},"content":{"rendered":"<p><strong><span style=\"color: #333333;\">DIRECCIONES Y TEL\u00c9FONOS DE INTER\u00c9S<\/span><\/strong><\/p>\n<hr>\n<p>&nbsp;<strong>&gt; Junta Electoral de Zona Alzira<\/strong><\/p>\n<p style=\"margin-left: 30px; color: #666666; font-size: 18px;\">C\/ Ronda d&#8217;Algemes\u00ed, n\u00fam. 13<\/p>\n<p style=\"margin-left: 30px; color: #666666; font-size: 18px;\">Tel\u00e9fono 673.336.740 &#8211; 673.335.911<\/p>\n<p style=\"margin-left: 30px; color: #666666; font-size: 18px;\">Horario:&nbsp; &nbsp; De lunes a viernes de 10 a 13 horas<\/p>\n<p style=\"color: #666666; font-size: 18px; margin-left: 120px;\">De lunes a jueves de 16 a 18 horas<\/p>\n<p style=\"color: #666666; font-size: 18px; margin-left: 120px;\">S\u00e1bados de 10 a 12 horas<\/p>\n<p style=\"color: #666666; font-size: 18px; margin-left: 120px;\">La oficina de la Junta Electoral no estar\u00e1 abierta al p\u00fablico los d\u00edas festivos que no sean final de plazo, ni las v\u00edsperas de los mismos.<\/p>\n<p style=\"color: #666666; font-size: 18px; margin-left: 30px;\">Correo electr\u00f3nico: junta.electoral@alzira.es<\/p>\n<p style=\"color: #666666; font-size: 18px;\"><strong>&gt; Ajuntament d&#8217;Alzira<\/strong><\/p>\n<p style=\"margin-left: 30px; color: #666666; font-size: 18px;\">Secretar\u00eda General 96 245 92 65<\/p>\n<p style=\"margin-left: 30px; color: #666666; font-size: 18px;\">LA CLAU&nbsp; 647 326 009 &#8211; 960 704 429 &#8211; 647 326 079<\/p>\n<p><strong>&gt; Ministerio de<a href=\"index.php?option=com_content&amp;view=article&amp;id=6302;entidades-a-las-que-pertenece&amp;catid=392;la-ciudad-2\" target=\"_blank\" rel=\"noopener\"> <\/a>l&#8217;Interior<\/strong><\/p>\n<p style=\"margin-left: 30px;\"><a href=\"https:\/\/elecciones.10noviembre2019.es\/\" target=\"_blank\" rel=\"noopener\">https:\/\/elecciones.10noviembre2019.es\/<\/a><\/p>\n<p><strong>&gt; Instituto Nacional de Estad\u00edstica-Censo Electoral<\/strong><\/p>\n<p style=\"margin-left: 30px;\"><a href=\"http:\/\/www.ine.es\" target=\"_blank\" rel=\"noopener\">www.ine.es<\/a><\/p>\n<p><a href=\"http:\/\/www.ine.es\/ss\/Satellite?L=es_ES&amp;c=Page&amp;cid=1259945954745&amp;p=1259945954745&amp;pagename=CensoElectoral%2FINELayout\" target=\"_blank\" rel=\"noopener\"><\/a><strong>&gt; Junta Electoral Central<\/strong><\/p>\n<p style=\"margin-left: 30px;\"><a href=\"http:\/\/www.juntaelectoralcentral.es\" target=\"_self\" rel=\"noopener\">www.juntaelectoralcentral.es<\/a><\/p>\n<p><strong>&nbsp;<\/strong><\/p>\n","protected":false},"excerpt":{"rendered":"<p>DIRECCIONES Y TEL\u00c9FONOS DE INTER\u00c9S &nbsp;&gt; Junta Electoral de Zona Alzira C\/ Ronda d&#8217;Algemes\u00ed, n\u00fam. 13 Tel\u00e9fono 673.336.740 &#8211; 673.335.911 Horario:&nbsp; &nbsp; De lunes a viernes de 10 a 13 horas De lunes a jueves de 16 a 18 horas S\u00e1bados de 10 a 12 horas La oficina de la Junta Electoral no estar\u00e1 abierta &hellip; <\/p>\n<p class=\"link-more\"><a href=\"https:\/\/alzira.es\/es\/ayuntamiento\/elecciones\/telefonos-y-enlaces-de-interes\/\" class=\"more-link\">Continuar leyendo<span class=\"screen-reader-text\"> \u00abTel\u00e9fonos y enlaces de inter\u00e9s\u00bb<\/span><\/a><\/p>\n","protected":false},"author":29,"featured_media":0,"parent":83840,"menu_order":99,"comment_status":"closed","ping_status":"closed","template":"","meta":{"_acf_changed":false,"footnotes":""},"class_list":["post-11058","page","type-page","status-publish","hentry"],"acf":[],"_links":{"self":[{"href":"https:\/\/alzira.es\/es\/wp-json\/wp\/v2\/pages\/11058","targetHints":{"allow":["GET"]}}],"collection":[{"href":"https:\/\/alzira.es\/es\/wp-json\/wp\/v2\/pages"}],"about":[{"href":"https:\/\/alzira.es\/es\/wp-json\/wp\/v2\/types\/page"}],"author":[{"embeddable":true,"href":"https:\/\/alzira.es\/es\/wp-json\/wp\/v2\/users\/29"}],"replies":[{"embeddable":true,"href":"https:\/\/alzira.es\/es\/wp-json\/wp\/v2\/comments?post=11058"}],"version-history":[{"count":2,"href":"https:\/\/alzira.es\/es\/wp-json\/wp\/v2\/pages\/11058\/revisions"}],"predecessor-version":[{"id":83865,"href":"https:\/\/alzira.es\/es\/wp-json\/wp\/v2\/pages\/11058\/revisions\/83865"}],"up":[{"embeddable":true,"href":"https:\/\/alzira.es\/es\/wp-json\/wp\/v2\/pages\/83840"}],"wp:attachment":[{"href":"https:\/\/alzira.es\/es\/wp-json\/wp\/v2\/media?parent=11058"}],"curies":[{"name":"wp","href":"https:\/\/api.w.org\/{rel}","templated":true}]}}