{"id":110014,"date":"2022-01-11T10:45:08","date_gmt":"2022-01-11T09:45:08","guid":{"rendered":"https:\/\/alzira.es\/control-interno\/"},"modified":"2022-01-17T13:24:24","modified_gmt":"2022-01-17T12:24:24","slug":"control-interno","status":"publish","type":"page","link":"https:\/\/alzira.es\/es\/servicios-municipales\/economia-y-recaudacion\/intervencion\/control-interno\/","title":{"rendered":"Control interno"},"content":{"rendered":"\t\t<div data-elementor-type=\"wp-page\" data-elementor-id=\"110014\" class=\"elementor elementor-110014 elementor-110002\">\n\t\t\t\t\t\t<section class=\"elementor-section elementor-top-section elementor-element elementor-element-ede69d9 elementor-section-boxed elementor-section-height-default elementor-section-height-default\" data-id=\"ede69d9\" data-element_type=\"section\">\n\t\t\t\t\t\t<div class=\"elementor-container elementor-column-gap-default\">\n\t\t\t\t\t<div class=\"elementor-column elementor-col-16 elementor-top-column elementor-element elementor-element-acd1eaf\" data-id=\"acd1eaf\" data-element_type=\"column\">\n\t\t\t<div class=\"elementor-widget-wrap\">\n\t\t\t\t\t\t\t<\/div>\n\t\t<\/div>\n\t\t\t\t<div class=\"elementor-column elementor-col-16 elementor-top-column elementor-element elementor-element-e422654\" data-id=\"e422654\" data-element_type=\"column\">\n\t\t\t<div class=\"elementor-widget-wrap\">\n\t\t\t\t\t\t\t<\/div>\n\t\t<\/div>\n\t\t\t\t<div class=\"elementor-column elementor-col-16 elementor-top-column elementor-element elementor-element-47b82d2\" data-id=\"47b82d2\" data-element_type=\"column\">\n\t\t\t<div class=\"elementor-widget-wrap elementor-element-populated\">\n\t\t\t\t\t\t<div class=\"elementor-element elementor-element-4681d16 elementor-widget elementor-widget-image\" data-id=\"4681d16\" data-element_type=\"widget\" data-widget_type=\"image.default\">\n\t\t\t\t<div class=\"elementor-widget-container\">\n\t\t\t\t\t\t\t\t\t\t\t\t\t\t\t\t<a href=\"https:\/\/alzira.es\/wp-content\/uploads\/2013\/11\/Plan_accion_2020.pdf\">\n\t\t\t\t\t\t\t<img fetchpriority=\"high\" decoding=\"async\" width=\"605\" height=\"534\" src=\"https:\/\/alzira.es\/wp-content\/uploads\/2021\/12\/Recurso-17.png\" class=\"attachment-full size-full wp-image-108295\" alt=\"\" srcset=\"https:\/\/alzira.es\/wp-content\/uploads\/2021\/12\/Recurso-17.png 605w, https:\/\/alzira.es\/wp-content\/uploads\/2021\/12\/Recurso-17-578x510.png 578w\" sizes=\"100vw\" \/>\t\t\t\t\t\t\t\t<\/a>\n\t\t\t\t\t\t\t\t\t\t\t\t\t\t\t<\/div>\n\t\t\t\t<\/div>\n\t\t\t\t<div class=\"elementor-element elementor-element-cbae559 elementor-widget elementor-widget-heading\" data-id=\"cbae559\" data-element_type=\"widget\" data-widget_type=\"heading.default\">\n\t\t\t\t<div class=\"elementor-widget-container\">\n\t\t\t\t\t<h5 class=\"elementor-heading-title elementor-size-default\"><a href=\"https:\/\/alzira.es\/wp-content\/uploads\/2013\/11\/Plan_accion_2020.pdf\">Plan de acci\u00f3n<\/a><\/h5>\t\t\t\t<\/div>\n\t\t\t\t<\/div>\n\t\t\t\t\t<\/div>\n\t\t<\/div>\n\t\t\t\t<div class=\"elementor-column elementor-col-16 elementor-top-column elementor-element elementor-element-a6cbf86\" data-id=\"a6cbf86\" data-element_type=\"column\">\n\t\t\t<div class=\"elementor-widget-wrap elementor-element-populated\">\n\t\t\t\t\t\t<div class=\"elementor-element elementor-element-ed6dae7 elementor-widget elementor-widget-image\" data-id=\"ed6dae7\" data-element_type=\"widget\" data-widget_type=\"image.default\">\n\t\t\t\t<div class=\"elementor-widget-container\">\n\t\t\t\t\t\t\t\t\t\t\t\t\t\t\t\t<a href=\"https:\/\/alzira.es\/es\/transparencia-economico-financiera\/\">\n\t\t\t\t\t\t\t<img decoding=\"async\" width=\"605\" height=\"533\" data-src=\"https:\/\/alzira.es\/wp-content\/uploads\/2021\/12\/Recurso-12.png\" class=\"attachment-full size-full wp-image-108631 lazyload\" alt=\"\" data-srcset=\"https:\/\/alzira.es\/wp-content\/uploads\/2021\/12\/Recurso-12.png 605w, https:\/\/alzira.es\/wp-content\/uploads\/2021\/12\/Recurso-12-579x510.png 579w\" data-sizes=\"100vw\" src=\"data:image\/svg+xml;base64,PHN2ZyB3aWR0aD0iMSIgaGVpZ2h0PSIxIiB4bWxucz0iaHR0cDovL3d3dy53My5vcmcvMjAwMC9zdmciPjwvc3ZnPg==\" style=\"--smush-placeholder-width: 605px; --smush-placeholder-aspect-ratio: 605\/533;\" \/>\t\t\t\t\t\t\t\t<\/a>\n\t\t\t\t\t\t\t\t\t\t\t\t\t\t\t<\/div>\n\t\t\t\t<\/div>\n\t\t\t\t<div class=\"elementor-element elementor-element-351612f elementor-widget elementor-widget-heading\" data-id=\"351612f\" data-element_type=\"widget\" data-widget_type=\"heading.default\">\n\t\t\t\t<div class=\"elementor-widget-container\">\n\t\t\t\t\t<h5 class=\"elementor-heading-title elementor-size-default\"><a href=\"https:\/\/alzira.es\/es\/transparencia-economico-financiera\/\">Portal de transpar\u00e8ncia<\/a><\/h5>\t\t\t\t<\/div>\n\t\t\t\t<\/div>\n\t\t\t\t\t<\/div>\n\t\t<\/div>\n\t\t\t\t<div class=\"elementor-column elementor-col-16 elementor-top-column elementor-element elementor-element-cfec4a2\" data-id=\"cfec4a2\" data-element_type=\"column\">\n\t\t\t<div class=\"elementor-widget-wrap\">\n\t\t\t\t\t\t\t<\/div>\n\t\t<\/div>\n\t\t\t\t<div class=\"elementor-column elementor-col-16 elementor-top-column elementor-element elementor-element-dd4cadf\" data-id=\"dd4cadf\" data-element_type=\"column\">\n\t\t\t<div class=\"elementor-widget-wrap\">\n\t\t\t\t\t\t\t<\/div>\n\t\t<\/div>\n\t\t\t\t\t<\/div>\n\t\t<\/section>\n\t\t\t\t<section class=\"elementor-section elementor-top-section elementor-element elementor-element-9cf3bb4 elementor-section-boxed elementor-section-height-default elementor-section-height-default\" data-id=\"9cf3bb4\" data-element_type=\"section\">\n\t\t\t\t\t\t<div class=\"elementor-container elementor-column-gap-default\">\n\t\t\t\t\t<div class=\"elementor-column elementor-col-100 elementor-top-column elementor-element elementor-element-ed0c8ee\" data-id=\"ed0c8ee\" data-element_type=\"column\">\n\t\t\t<div class=\"elementor-widget-wrap elementor-element-populated\">\n\t\t\t\t\t\t<div class=\"elementor-element elementor-element-292091a elementor-widget elementor-widget-heading\" data-id=\"292091a\" data-element_type=\"widget\" data-widget_type=\"heading.default\">\n\t\t\t\t<div class=\"elementor-widget-container\">\n\t\t\t\t\t<h2 class=\"elementor-heading-title elementor-size-default\">Control interno<\/h2>\t\t\t\t<\/div>\n\t\t\t\t<\/div>\n\t\t\t\t<div class=\"elementor-element elementor-element-f5ad0b0 elementor-widget elementor-widget-text-editor\" data-id=\"f5ad0b0\" data-element_type=\"widget\" data-widget_type=\"text-editor.default\">\n\t\t\t\t<div class=\"elementor-widget-container\">\n\t\t\t\t\t\t\t\t\t<p>El interventor de cada entidad local, como \u00f3rgano de control, tendr\u00e1 que elaborar anualmente lo informe resumen a que se refiere el art\u00edculo 37 del RD 424\/2017. Este informe responde al objetivo de proporcionar una valoraci\u00f3n global de la gesti\u00f3n *economico-financiera de la entidad local deducida de todas las actuaciones de control interno realizadas durante el ejercicio anterior, tanto en su funci\u00f3n interventora como en la de control financiero permanente y auditor\u00eda p\u00fablica. En \u00e9l se incluir\u00e1n las actuaciones que el interventor considero m\u00e1s significativas, poniendo de manifiesto las debilidades, deficiencias o incumplimientos que tengan que ser corregidos a trav\u00e9s de la elaboraci\u00f3n y formalizaci\u00f3n por el alcalde de un Plan de Acci\u00f3n.<\/p>\n<p>En este informe se exponen aquellas actuaciones de control realizadas y comunicadas a los \u00f3rganos de gesti\u00f3n controlados, por lo cual no est\u00e1 sujeto a procedimiento contradictorio.<\/p>\n<p>En la determinaci\u00f3n de los asuntos a incluir y en la estructura del informe se ha tenido en cuenta la Resoluci\u00f3n de 2 de abril de 2020, de la Intervenci\u00f3n General de la Administraci\u00f3n del Estado.<\/p>\n<p>De este informe, que se elaborar\u00e1 anualmente, tendr\u00e1 que darse cuenta al Pleno, a trav\u00e9s del alcalde, y a la Intervenci\u00f3n General de la Administraci\u00f3n del Estado y tendr\u00e1 que unirse al expediente de la Cuenta general.<\/p>\n<p>El control interno y el informe resumen, del que forma parte, est\u00e1 regulado por la siguiente normativa:<\/p>\n<p>\u2022 Real decreto legislativo 2\/2004, por el que se aprueba el texto refundido de la Ley reguladora de las haciendas locales (de ahora en adelante, TRLRHL).<br \/>\n\u2022 Real Decreto 424\/2017, por el cual se regula el r\u00e9gimen jur\u00eddico del control interno en las entidades del Sector P\u00fablico Local (de ahora en adelante, RD 424\/17).<br \/>\n\u2022 Las normas reguladoras que haya aprobado el Ayuntamiento en despliegue de las anteriores disposiciones; en nuestro caso est\u00e1 la Instrucci\u00f3n de Fiscalizaci\u00f3n Previa Limitada de Gastos e Ingresos y su posterior Fiscalizaci\u00f3n Llena por t\u00e9cnicas de muestreo y auditor\u00eda, que aprob\u00f3 el Pleno en sesi\u00f3n del 30.10.2019.<br \/>\n\u2022 Las normas de control financiero y auditor\u00eda p\u00fablica del sector p\u00fablico estatal, de ellas destacar, a los efectos de este informe resumen, la Resoluci\u00f3n de la Intervenci\u00f3n General de la Administraci\u00f3n del Estado de fecha 2.4.2020, por la cual se dictan instrucciones a que tendr\u00e1n que ajustarse el contenido, estructura y formato del informe resumen<br \/>\n\u2022 Las circulares, instrucciones y, en particular, los Planes Anuales de Control Financiero Permanente que adopto el interventor municipal.<br \/>\n\u2022 Este informe no est\u00e1 sujeto a procedimiento contradictorio, porque todas las actuaciones realizadas y que se describir\u00e1n a continuaci\u00f3n as\u00ed como las conclusiones que del mismo se obtengan, han sido comunicadas a los \u00f3rganos gestores correspondientes.<br \/>\n\u2022 Dada la novedad de este r\u00e9gimen de control interno en los entes locales, el reglamento de los cuales se aprob\u00f3 con el RD 424\/17 y entr\u00f3 en vigor en julio de 2018, creo conveniente dar una peque\u00f1a explicaci\u00f3n del mismo para su mejor entendimiento. El control interno se ha dividido en dos modalidades:<\/p>\n<p>a) La funci\u00f3n interventora, que es una fiscalizaci\u00f3n previa y que se tiene que hacer de forma previa a la adopci\u00f3n de los acuerdos o resoluciones municipales, y tiene un car\u00e1cter de control de legalidad y de cumplimiento de unos requisitos b\u00e1sicos m\u00ednimos que estableci\u00f3 el Pleno del Ayuntamiento bas\u00e1ndose en unos criterios de la Intervenci\u00f3n General de la Administraci\u00f3n del Estado.<\/p>\n<p>b) El control financiero permanente, que incorpora importantes novedades a causa del inexistente desarrollo sobre esta materia en el \u00e1mbito local, tiene por objeto verificar a posteriori el funcionamiento de los servicios del sector p\u00fablico local en el aspecto econ\u00f3mico financiero, para comprobar el cumplimiento de la normativa y de las directrices que los rigen y, en general, que su gesti\u00f3n se ajusta a los principios de buena gesti\u00f3n financiera, comprobando que la gesti\u00f3n de los recursos p\u00fablicos se encuentra orientada por la eficacia, la eficiencia, la econom\u00eda, la calidad y la transparencia, y por los principios de estabilidad presupuestaria y sostenibilidad financiera. El control financiero, as\u00ed definido, comprende las modalidades de control permanente y de auditor\u00eda p\u00fablica, incluyendo, en ambos, el control de eficacia referido en el art\u00edculo 213 del TRLRHL. El control financiero permanente se divide, de una parte, en planificado, el cual empezar\u00e1 a aplicarse este a\u00f1o con la elaboraci\u00f3n y adopci\u00f3n por el interventor del Plan Anual de Control Financiero para actividades ejercidas en 2020 y la ejecuci\u00f3n del cual ser\u00e1 en 2021 y, de otra parte, el no planificado, que son los informes realizados por el interventor bas\u00e1ndose en disposiciones legales, las cuales determinan su objeto, requisitos y plazo de emisi\u00f3n.<\/p>\n<p>As\u00ed pues, el fin \u00faltimo del control interno es mejorar la gesti\u00f3n de los servicios p\u00fablicos municipales desde un punto de vista *economico-financiero, presupuestario, administrativo, de eficacia y eficiencia, transparencia, estabilidad presupuestaria y sostenibilidad financiera, entre otras.<\/p>\n\t\t\t\t\t\t\t\t<\/div>\n\t\t\t\t<\/div>\n\t\t\t\t\t<\/div>\n\t\t<\/div>\n\t\t\t\t\t<\/div>\n\t\t<\/section>\n\t\t\t\t<\/div>\n\t\t","protected":false},"excerpt":{"rendered":"<p>Plan de acci\u00f3n Portal de transpar\u00e8ncia Control interno El interventor de cada entidad local, como \u00f3rgano de control, tendr\u00e1 que elaborar anualmente lo informe resumen a que se refiere el art\u00edculo 37 del RD 424\/2017. Este informe responde al objetivo de proporcionar una valoraci\u00f3n global de la gesti\u00f3n *economico-financiera de la entidad local deducida de &hellip; <\/p>\n<p class=\"link-more\"><a href=\"https:\/\/alzira.es\/es\/servicios-municipales\/economia-y-recaudacion\/intervencion\/control-interno\/\" class=\"more-link\">Continuar leyendo<span class=\"screen-reader-text\"> \u00abControl interno\u00bb<\/span><\/a><\/p>\n","protected":false},"author":29,"featured_media":0,"parent":111010,"menu_order":1,"comment_status":"closed","ping_status":"closed","template":"","meta":{"_acf_changed":false,"footnotes":""},"class_list":["post-110014","page","type-page","status-publish","hentry"],"acf":[],"_links":{"self":[{"href":"https:\/\/alzira.es\/es\/wp-json\/wp\/v2\/pages\/110014","targetHints":{"allow":["GET"]}}],"collection":[{"href":"https:\/\/alzira.es\/es\/wp-json\/wp\/v2\/pages"}],"about":[{"href":"https:\/\/alzira.es\/es\/wp-json\/wp\/v2\/types\/page"}],"author":[{"embeddable":true,"href":"https:\/\/alzira.es\/es\/wp-json\/wp\/v2\/users\/29"}],"replies":[{"embeddable":true,"href":"https:\/\/alzira.es\/es\/wp-json\/wp\/v2\/comments?post=110014"}],"version-history":[{"count":2,"href":"https:\/\/alzira.es\/es\/wp-json\/wp\/v2\/pages\/110014\/revisions"}],"predecessor-version":[{"id":111768,"href":"https:\/\/alzira.es\/es\/wp-json\/wp\/v2\/pages\/110014\/revisions\/111768"}],"up":[{"embeddable":true,"href":"https:\/\/alzira.es\/es\/wp-json\/wp\/v2\/pages\/111010"}],"wp:attachment":[{"href":"https:\/\/alzira.es\/es\/wp-json\/wp\/v2\/media?parent=110014"}],"curies":[{"name":"wp","href":"https:\/\/api.w.org\/{rel}","templated":true}]}}