{"id":109717,"date":"2022-01-07T12:53:51","date_gmt":"2022-01-07T11:53:51","guid":{"rendered":"https:\/\/alzira.es\/servicios-municipales\/cooperacion-y-solidaridad\/agenda-2030\/promocion-de-la-agenda-2030-y-los-ods\/"},"modified":"2022-12-14T12:18:50","modified_gmt":"2022-12-14T11:18:50","slug":"promocion-de-la-agenda-2030-y-los-ods","status":"publish","type":"page","link":"https:\/\/alzira.es\/es\/servicios-municipales\/cooperacion-y-solidaridad\/agenda-2030\/promocion-de-la-agenda-2030-y-los-ods\/","title":{"rendered":"Promoci\u00f3n de la Agenda 2030 y los ODS"},"content":{"rendered":"\t\t<div data-elementor-type=\"wp-page\" data-elementor-id=\"109717\" class=\"elementor elementor-109717 elementor-109706\">\n\t\t\t\t\t\t<section class=\"elementor-section elementor-top-section elementor-element elementor-element-a9aca78 elementor-section-boxed elementor-section-height-default elementor-section-height-default\" data-id=\"a9aca78\" data-element_type=\"section\">\n\t\t\t\t\t\t<div class=\"elementor-container elementor-column-gap-default\">\n\t\t\t\t\t<div class=\"elementor-column elementor-col-100 elementor-top-column elementor-element elementor-element-c7d5bfd\" data-id=\"c7d5bfd\" data-element_type=\"column\">\n\t\t\t<div class=\"elementor-widget-wrap elementor-element-populated\">\n\t\t\t\t\t\t<div class=\"elementor-element elementor-element-480c507 elementor-widget elementor-widget-heading\" data-id=\"480c507\" data-element_type=\"widget\" data-widget_type=\"heading.default\">\n\t\t\t\t<div class=\"elementor-widget-container\">\n\t\t\t\t\t<h2 class=\"elementor-heading-title elementor-size-default\">L\u00edneas de actuaci\u00f3n:<\/h2>\t\t\t\t<\/div>\n\t\t\t\t<\/div>\n\t\t\t\t<div class=\"elementor-element elementor-element-5d2a628 elementor-widget elementor-widget-text-editor\" data-id=\"5d2a628\" data-element_type=\"widget\" data-widget_type=\"text-editor.default\">\n\t\t\t\t<div class=\"elementor-widget-container\">\n\t\t\t\t\t\t\t\t\t<p><strong>1. CREACI\u00d3N DE UNA SECCI\u00d3N WEB EN MATERIA DE COOPERACI\u00d3N<\/strong><\/p><p>A lo largo del a\u00f1o 2022, se ha ido editando una secci\u00f3n web espec\u00edfica de la Concejal\u00eda de Juventud, Cooperaci\u00f3n, Modernizaci\u00f3n y Buen Gobierno del Ayuntamiento de Alzira.<\/p><p>De este modo se puede visibilizar todas aquellas acciones que se desarrollan en la ciudad en materia de cooperaci\u00f3n, visibilizando al mismo tiempo la importancia de esta \u00e1rea de gobierno, muchas veces vinculada al asociacionismo o entidades externas a la Administraci\u00f3n.<\/p><p><strong>2. SEMANA DE LA COOPERACI\u00d3N Y LA SOLIDARIDAD<\/strong><\/p><p>En Diciembre de 2022, se organiz\u00f3 la Y Semana de la Cooperaci\u00f3n y la Solidaridad, conjuntamente con todo el proceso de comunicaci\u00f3n y difusi\u00f3n de la misma.<\/p><p>De este modo se crearon diferentes logos representativos, como por ejemplo: el propio directamente relacionado con la Semana de la Cooperaci\u00f3n, y tambi\u00e9n de otro presente en todas aquellas acciones vinculadas al proceso de transformaci\u00f3n de una Alzira 2030.<\/p><p><strong>3. FORMACI\u00d3N Y CAPACITACI\u00d3N DE AGENTES MULTIPLICADORES<\/strong><\/p><p>En concordancia con las estrategias internacionales, definidas por la ONU en materia de AGENDA 2030, se han definido cinco \u00e1mbitos de acci\u00f3n alrededor de los cuales trabajar los Objetivos de Desarrollo Sostenible.<\/p><p>Desde una perspectiva agroalimentaria, se est\u00e1 trabajando con todos aquellos agentes territoriales potencialmente multiplicadores, los cuales pueden suponer un fuerte motor de cambio para lograr las metas de los 17 *ODS a nivel local.<\/p><p><strong>4. EDUCACI\u00d3N PARA EL DESARROLLO SOSTENIBLE A LOS ENTORNOS EDUCATIVOS<\/strong><\/p><p>Codo a codo con el tejido asociativo de la ciudad de Alzira, se han recogido en un cat\u00e1logo todas aquellas propuestas educativas ofertadas por el conjunto de entidades locales.<\/p><p>Este cat\u00e1logo de Educaci\u00f3n para el Desarrollo es una obra exclusiva, editada por el departamento de comunicaci\u00f3n del Ayuntamiento de Alzira, el cual se ha hecho llegar a todos los centros educativos y asociaciones de familias.<\/p><p>Las propuestas ofertadas se agrupan tambi\u00e9n en los cinco \u00e1mbitos de acci\u00f3n definidos por la ONU y la Agenda 2030. Se trata de actividades gratuitas, a las cuales pueden acceder los centros educativos de la ciudad de Alzira, solicit\u00e1ndolas a cada una de las entidades responsables.<\/p><p><strong>5. RED Y CONSEJO MUNICIPAL DE COOPERACI\u00d3N<\/strong><\/p><p>A partir de las propuestas planteadas por la ciudadan\u00eda y el tejido asociativo de la ciudad de Alzira, se plante\u00f3 crear un Consejo municipal de cooperaci\u00f3n, encargado de la gesti\u00f3n, difusi\u00f3n y promoci\u00f3n de aquellas acciones municipales desarrolladas en materia de cooperaci\u00f3n.<\/p><p>Este Consejo, al mismo tiempo, ser\u00e1 el encargado de crear y dinamizar la Red municipal de cooperaci\u00f3n; la cual tiene como finalidad comunicar a la ciudadan\u00eda con un funcionamiento parecido a los ya conocidos Bancos de Tiempos.<\/p><p>De este modo se promueve la cooperaci\u00f3n desde el \u00e1mbito m\u00e1s local, creando nuevas relaciones comunitarias, tan fundamentales para una buena convivencia y una ciudad m\u00e1s solidaria y respetuosa.<\/p>\t\t\t\t\t\t\t\t<\/div>\n\t\t\t\t<\/div>\n\t\t\t\t\t<\/div>\n\t\t<\/div>\n\t\t\t\t\t<\/div>\n\t\t<\/section>\n\t\t\t\t<\/div>\n\t\t","protected":false},"excerpt":{"rendered":"<p>L\u00edneas de actuaci\u00f3n: 1. CREACI\u00d3N DE UNA SECCI\u00d3N WEB EN MATERIA DE COOPERACI\u00d3N A lo largo del a\u00f1o 2022, se ha ido editando una secci\u00f3n web espec\u00edfica de la Concejal\u00eda de Juventud, Cooperaci\u00f3n, Modernizaci\u00f3n y Buen Gobierno del Ayuntamiento de Alzira. De este modo se puede visibilizar todas aquellas acciones que se desarrollan en la &hellip; <\/p>\n<p class=\"link-more\"><a href=\"https:\/\/alzira.es\/es\/servicios-municipales\/cooperacion-y-solidaridad\/agenda-2030\/promocion-de-la-agenda-2030-y-los-ods\/\" class=\"more-link\">Continuar leyendo<span class=\"screen-reader-text\"> \u00abPromoci\u00f3n de la Agenda 2030 y los ODS\u00bb<\/span><\/a><\/p>\n","protected":false},"author":29,"featured_media":0,"parent":107099,"menu_order":0,"comment_status":"closed","ping_status":"closed","template":"","meta":{"_acf_changed":false,"footnotes":""},"class_list":["post-109717","page","type-page","status-publish","hentry"],"acf":[],"_links":{"self":[{"href":"https:\/\/alzira.es\/es\/wp-json\/wp\/v2\/pages\/109717","targetHints":{"allow":["GET"]}}],"collection":[{"href":"https:\/\/alzira.es\/es\/wp-json\/wp\/v2\/pages"}],"about":[{"href":"https:\/\/alzira.es\/es\/wp-json\/wp\/v2\/types\/page"}],"author":[{"embeddable":true,"href":"https:\/\/alzira.es\/es\/wp-json\/wp\/v2\/users\/29"}],"replies":[{"embeddable":true,"href":"https:\/\/alzira.es\/es\/wp-json\/wp\/v2\/comments?post=109717"}],"version-history":[{"count":2,"href":"https:\/\/alzira.es\/es\/wp-json\/wp\/v2\/pages\/109717\/revisions"}],"predecessor-version":[{"id":131845,"href":"https:\/\/alzira.es\/es\/wp-json\/wp\/v2\/pages\/109717\/revisions\/131845"}],"up":[{"embeddable":true,"href":"https:\/\/alzira.es\/es\/wp-json\/wp\/v2\/pages\/107099"}],"wp:attachment":[{"href":"https:\/\/alzira.es\/es\/wp-json\/wp\/v2\/media?parent=109717"}],"curies":[{"name":"wp","href":"https:\/\/api.w.org\/{rel}","templated":true}]}}