{"id":10958,"date":"2015-03-12T12:40:56","date_gmt":"2015-03-12T11:40:56","guid":{"rendered":"https:\/\/alzira.es\/voto-braille\/"},"modified":"2021-07-27T17:09:52","modified_gmt":"2021-07-27T15:09:52","slug":"voto-braille","status":"publish","type":"page","link":"https:\/\/alzira.es\/es\/ayuntamiento\/elecciones\/voto-braille\/","title":{"rendered":"Voto BRAILLE"},"content":{"rendered":"<h3>Voto personas con discapacidad visual<\/h3>\n<p style=\"text-align: justify;\">En el caso concreto de personas con discapacidad visual, el art\u00edculo 87.1 de la Ley Org\u00e1nica 5\/1985, de 19 de junio, del R\u00e9gimen Electoral General se\u00f1ala que podr\u00e1n asistirse de una persona de su confianza, y el 87.2 de la misma Ley estableci\u00f3 que el Gobierno, previo informe de la Junta Electoral Central, regular\u00eda un procedimiento de votaci\u00f3n para las personas ciegas o con discapacidad visual que les permita ejercer su derecho de sufragio, garantizando el secreto del voto. En cumplimiento del mandato citado se regul\u00f3 el procedimiento en el Real Decreto 1612\/2007, de 7 de diciembre.<\/p>\n<h4>Podr\u00e1n utilizar este procedimiento:<\/h4>\n<p style=\"text-align: justify; margin-left: 30px;\"><img decoding=\"async\" class=\"size-full wp-image-10904 lazyload\" style=\"--smush-placeholder-width: 22px; --smush-placeholder-aspect-ratio: 22\/22;vertical-align: middle;\" data-src=\"https:\/\/alzira.es\/wp-content\/uploads\/2015\/03\/circuloFlechita.gif\" alt=\"\" src=\"data:image\/svg+xml;base64,PHN2ZyB3aWR0aD0iMSIgaGVpZ2h0PSIxIiB4bWxucz0iaHR0cDovL3d3dy53My5vcmcvMjAwMC9zdmciPjwvc3ZnPg==\">&nbsp;Personas con discapacidad visual que conozcan el sistema de lecto-escritura Braille y<br \/>\n<img decoding=\"async\" class=\"size-full wp-image-10904 lazyload\" style=\"--smush-placeholder-width: 22px; --smush-placeholder-aspect-ratio: 22\/22;font-size: 14.3999996185303px; line-height: 23.0399990081787px; text-align: justify; vertical-align: middle;\" data-src=\"https:\/\/alzira.es\/wp-content\/uploads\/2015\/03\/circuloFlechita.gif\" alt=\"\" src=\"data:image\/svg+xml;base64,PHN2ZyB3aWR0aD0iMSIgaGVpZ2h0PSIxIiB4bWxucz0iaHR0cDovL3d3dy53My5vcmcvMjAwMC9zdmciPjwvc3ZnPg==\">&nbsp;Que tengan reconocido un grado de discapacidad igual o superior al 33% o sean afiliados\/as a la ONCE.<\/p>\n<p style=\"text-align: justify;\">La utilizaci\u00f3n de este procedimiento es voluntaria, de modo que aquellas personas que lo deseen podr\u00e1n seguir siendo asistidas de una persona de su confianza, tal y como prev\u00e9 el art\u00edculo 87.1 de la Ley Org\u00e1nica 5\/1985, de 19 de junio, del R\u00e9gimen Electoral General.<\/p>\n<h4 style=\"text-align: justify;\">Plazos de solicitud.<\/h4>\n<p style=\"text-align: justify;\">Los electores con discapacidad visual que deseen utilizar este procedimiento en las Elecciones al Parlamento de Andaluc\u00eda, deber\u00e1n solicitar el kit de votaci\u00f3n accesible a la Administraci\u00f3n de la Junta de Andaluc\u00eda a trav\u00e9s del tel\u00e9fono gratuito:&nbsp;900 22 03 15.<\/p>\n<p style=\"text-align: justify;\">Cuentan con un plazo de 27 d\u00edas a partir de la convocatoria de las elecciones para llamar y solicitar el kit de voto accesible. (Del 27 de enero al 24 de febrero, ambos d\u00edas incluidos. De lunes a viernes de 09:00 a 21:00 todos los d\u00edas de la semana, incluidos s\u00e1bados y domingos).<\/p>\n<h4 style=\"text-align: justify;\"><span style=\"text-decoration: underline;\">KIT del voto accesible<\/span><\/h4>\n<p style=\"text-align: justify;\">Contenido del kit de voto accesible \u201cELECCIONES AL PARLAMENTO DE ANDALUC\u00cdA\u201d<\/p>\n<p style=\"text-align: justify;\">El kit de voto accesible para las Elecciones al Parlamento de Andaluc\u00eda contiene:<\/p>\n<p style=\"text-align: justify;\">Gu\u00eda explicativa en Braille.<br \/>\nUn sobre grande con una etiqueta en Braille y tinta que dice \u201cElecciones al Parlamento de Andaluc\u00eda\u201d. Este sobre grande contiene:<\/p>\n<p style=\"text-align: justify; margin-left: 30px;\"><img decoding=\"async\" class=\"size-full wp-image-10904 lazyload\" style=\"--smush-placeholder-width: 22px; --smush-placeholder-aspect-ratio: 22\/22;font-size: 14.3999996185303px; line-height: 23.0399990081787px; text-align: justify; vertical-align: middle;\" data-src=\"https:\/\/alzira.es\/wp-content\/uploads\/2015\/03\/circuloFlechita.gif\" alt=\"\" src=\"data:image\/svg+xml;base64,PHN2ZyB3aWR0aD0iMSIgaGVpZ2h0PSIxIiB4bWxucz0iaHR0cDovL3d3dy53My5vcmcvMjAwMC9zdmciPjwvc3ZnPg==\">&nbsp;Un sobre peque\u00f1o (tama\u00f1o cuartilla) por cada candidatura que concurra a las Elecciones al parlamento de Andaluc\u00eda en la correspondiente circunscripci\u00f3n electoral. Cada uno de esos sobres peque\u00f1os tiene pegada una etiqueta en la que consta, en Braille y tinta, el nombre y las siglas de la candidatura cuya papeleta electoral (est\u00e1ndar, no en braille) est\u00e1 dentro.&nbsp;<br style=\"text-align: justify;\"><img decoding=\"async\" class=\"size-full wp-image-10904 lazyload\" style=\"--smush-placeholder-width: 22px; --smush-placeholder-aspect-ratio: 22\/22;font-size: 14.3999996185303px; line-height: 23.0399990081787px; text-align: justify; vertical-align: middle;\" data-src=\"https:\/\/alzira.es\/wp-content\/uploads\/2015\/03\/circuloFlechita.gif\" alt=\"\" src=\"data:image\/svg+xml;base64,PHN2ZyB3aWR0aD0iMSIgaGVpZ2h0PSIxIiB4bWxucz0iaHR0cDovL3d3dy53My5vcmcvMjAwMC9zdmciPjwvc3ZnPg==\">&nbsp;Un sobre de votaci\u00f3n normalizado, no rotulado en Braille, para las Elecciones al Parlamento de Andaluc\u00eda.<br \/>\n<img decoding=\"async\" class=\"size-full wp-image-10904 lazyload\" style=\"--smush-placeholder-width: 22px; --smush-placeholder-aspect-ratio: 22\/22;font-size: 14.3999996185303px; line-height: 23.0399990081787px; text-align: justify; vertical-align: middle;\" data-src=\"https:\/\/alzira.es\/wp-content\/uploads\/2015\/03\/circuloFlechita.gif\" alt=\"\" src=\"data:image\/svg+xml;base64,PHN2ZyB3aWR0aD0iMSIgaGVpZ2h0PSIxIiB4bWxucz0iaHR0cDovL3d3dy53My5vcmcvMjAwMC9zdmciPjwvc3ZnPg==\">&nbsp;Instrucciones para emitir el voto<\/p>\n<h4 style=\"text-align: justify;\">Preparaci\u00f3n e instrucciones para emitir el voto.<\/h4>\n<p style=\"text-align: justify;\">Una vez le haya sido entregado el kit de votaci\u00f3n accesible puede usted solicitar a quienes componen la Mesa electoral que le faciliten el acceso a un espacio, ubicado lo m\u00e1s cerca posible de la Mesa electoral, para que usted pueda manejar all\u00ed la documentaci\u00f3n contenida en el kit de votaci\u00f3n accesible con garant\u00edas de privacidad. Tambi\u00e9n puede llevarse el kit de votaci\u00f3n accesible fuera del local electoral y regresar m\u00e1s tarde a emitir su voto.<\/p>\n<p style=\"text-align: justify;\">Abra el sobre grande que indica en Braille \u201cElecciones al Parlamento de Andaluc\u00eda\u201d. Seleccione, de entre los sobres peque\u00f1os que hay dentro, el que le indique en Braille que contiene la papeleta correspondiente a la candidatura a la que usted desea otorgar su voto, extraiga esa papeleta e introd\u00fazcala en el sobre de votaci\u00f3n correspondiente.<\/p>\n<h4 style=\"text-align: justify;\">Votaci\u00f3n.<\/h4>\n<p style=\"text-align: justify;\">A continuaci\u00f3n el elector o electora se dirigir\u00e1 a votar a la Mesa electoral donde deber\u00e1 mostrar al Presidente o Presidenta de la Mesa electoral uno de los siguientes documentos para identificarse:&nbsp;<\/p>\n<p style=\"text-align: justify; margin-left: 30px;\"><img decoding=\"async\" class=\"size-full wp-image-10904 lazyload\" style=\"--smush-placeholder-width: 22px; --smush-placeholder-aspect-ratio: 22\/22;font-size: 14.3999996185303px; line-height: 23.0399990081787px; text-align: justify; vertical-align: middle;\" data-src=\"https:\/\/alzira.es\/wp-content\/uploads\/2015\/03\/circuloFlechita.gif\" alt=\"\" src=\"data:image\/svg+xml;base64,PHN2ZyB3aWR0aD0iMSIgaGVpZ2h0PSIxIiB4bWxucz0iaHR0cDovL3d3dy53My5vcmcvMjAwMC9zdmciPjwvc3ZnPg==\">El Documento Nacional de Identidad (DNI). No sirve el resguardo del DNI en tr\u00e1mite, puesto que en \u00e9l no aparece fotograf\u00eda del elector o electora.<br \/>\n<img decoding=\"async\" class=\"size-full wp-image-10904 lazyload\" style=\"--smush-placeholder-width: 22px; --smush-placeholder-aspect-ratio: 22\/22;font-size: 14.3999996185303px; line-height: 23.0399990081787px; text-align: justify; vertical-align: middle;\" data-src=\"https:\/\/alzira.es\/wp-content\/uploads\/2015\/03\/circuloFlechita.gif\" alt=\"\" src=\"data:image\/svg+xml;base64,PHN2ZyB3aWR0aD0iMSIgaGVpZ2h0PSIxIiB4bWxucz0iaHR0cDovL3d3dy53My5vcmcvMjAwMC9zdmciPjwvc3ZnPg==\">El Pasaporte (con fotograf\u00eda).<\/p>\n<p style=\"text-align: justify;\">No importa que estos documentos est\u00e9n caducados, pero deben ser los originales, no valen fotocopias.<\/p>\n<h4 style=\"text-align: justify;\">Material sobrante.<\/h4>\n<p style=\"text-align: justify;\">Despu\u00e9s de la votaci\u00f3n, se recomienda al elector o electora que se lleve consigo el kit de votaci\u00f3n accesible, junto con todo el material sobrante, a fin de asegurar el secreto del voto emitido.<\/p>\n","protected":false},"excerpt":{"rendered":"<p>Voto personas con discapacidad visual En el caso concreto de personas con discapacidad visual, el art\u00edculo 87.1 de la Ley Org\u00e1nica 5\/1985, de 19 de junio, del R\u00e9gimen Electoral General se\u00f1ala que podr\u00e1n asistirse de una persona de su confianza, y el 87.2 de la misma Ley estableci\u00f3 que el Gobierno, previo informe de la &hellip; <\/p>\n<p class=\"link-more\"><a href=\"https:\/\/alzira.es\/es\/ayuntamiento\/elecciones\/voto-braille\/\" class=\"more-link\">Continuar leyendo<span class=\"screen-reader-text\"> \u00abVoto BRAILLE\u00bb<\/span><\/a><\/p>\n","protected":false},"author":29,"featured_media":10904,"parent":83840,"menu_order":113,"comment_status":"closed","ping_status":"closed","template":"","meta":{"_acf_changed":false,"footnotes":""},"class_list":["post-10958","page","type-page","status-publish","has-post-thumbnail","hentry"],"acf":[],"_links":{"self":[{"href":"https:\/\/alzira.es\/es\/wp-json\/wp\/v2\/pages\/10958","targetHints":{"allow":["GET"]}}],"collection":[{"href":"https:\/\/alzira.es\/es\/wp-json\/wp\/v2\/pages"}],"about":[{"href":"https:\/\/alzira.es\/es\/wp-json\/wp\/v2\/types\/page"}],"author":[{"embeddable":true,"href":"https:\/\/alzira.es\/es\/wp-json\/wp\/v2\/users\/29"}],"replies":[{"embeddable":true,"href":"https:\/\/alzira.es\/es\/wp-json\/wp\/v2\/comments?post=10958"}],"version-history":[{"count":2,"href":"https:\/\/alzira.es\/es\/wp-json\/wp\/v2\/pages\/10958\/revisions"}],"predecessor-version":[{"id":84035,"href":"https:\/\/alzira.es\/es\/wp-json\/wp\/v2\/pages\/10958\/revisions\/84035"}],"up":[{"embeddable":true,"href":"https:\/\/alzira.es\/es\/wp-json\/wp\/v2\/pages\/83840"}],"wp:featuredmedia":[{"embeddable":true,"href":"https:\/\/alzira.es\/es\/wp-json\/wp\/v2\/media\/10904"}],"wp:attachment":[{"href":"https:\/\/alzira.es\/es\/wp-json\/wp\/v2\/media?parent=10958"}],"curies":[{"name":"wp","href":"https:\/\/api.w.org\/{rel}","templated":true}]}}