{"id":109096,"date":"2022-01-03T13:06:38","date_gmt":"2022-01-03T12:06:38","guid":{"rendered":"https:\/\/alzira.es\/tramites-i-procedimentos\/"},"modified":"2022-01-18T20:42:14","modified_gmt":"2022-01-18T19:42:14","slug":"tramites-y-procedimentos","status":"publish","type":"page","link":"https:\/\/alzira.es\/es\/servicios-municipales\/servicios-sociales\/tramites-y-procedimentos\/","title":{"rendered":"Tr\u00e1mites y procedimentos"},"content":{"rendered":"\t\t<div data-elementor-type=\"wp-page\" data-elementor-id=\"109096\" class=\"elementor elementor-109096 elementor-109083\">\n\t\t\t\t\t\t<section class=\"elementor-section elementor-top-section elementor-element elementor-element-5c2bb0b1 elementor-section-boxed elementor-section-height-default elementor-section-height-default\" data-id=\"5c2bb0b1\" data-element_type=\"section\">\n\t\t\t\t\t\t<div class=\"elementor-container elementor-column-gap-default\">\n\t\t\t\t\t<div class=\"elementor-column elementor-col-50 elementor-top-column elementor-element elementor-element-4df06b23\" data-id=\"4df06b23\" data-element_type=\"column\">\n\t\t\t<div class=\"elementor-widget-wrap elementor-element-populated\">\n\t\t\t\t\t\t<div class=\"elementor-element elementor-element-4c036055 elementor-widget elementor-widget-image\" data-id=\"4c036055\" data-element_type=\"widget\" data-widget_type=\"image.default\">\n\t\t\t\t<div class=\"elementor-widget-container\">\n\t\t\t\t\t\t\t\t\t\t\t\t\t\t\t<img fetchpriority=\"high\" decoding=\"async\" width=\"525\" height=\"463\" src=\"https:\/\/alzira.es\/wp-content\/uploads\/2022\/01\/Recurso-23-2.png\" class=\"attachment-large size-large wp-image-109050\" alt=\"\" srcset=\"https:\/\/alzira.es\/wp-content\/uploads\/2022\/01\/Recurso-23-2.png 605w, https:\/\/alzira.es\/wp-content\/uploads\/2022\/01\/Recurso-23-2-579x510.png 579w\" sizes=\"100vw\" \/>\t\t\t\t\t\t\t\t\t\t\t\t\t\t\t<\/div>\n\t\t\t\t<\/div>\n\t\t\t\t\t<\/div>\n\t\t<\/div>\n\t\t\t\t<div class=\"elementor-column elementor-col-50 elementor-top-column elementor-element elementor-element-59dc0f58\" data-id=\"59dc0f58\" data-element_type=\"column\">\n\t\t\t<div class=\"elementor-widget-wrap elementor-element-populated\">\n\t\t\t\t\t\t<div class=\"elementor-element elementor-element-428ec7a0 elementor-widget elementor-widget-heading\" data-id=\"428ec7a0\" data-element_type=\"widget\" data-widget_type=\"heading.default\">\n\t\t\t\t<div class=\"elementor-widget-container\">\n\t\t\t\t\t<h2 class=\"elementor-heading-title elementor-size-default\">Diversidad Funcional<\/h2>\t\t\t\t<\/div>\n\t\t\t\t<\/div>\n\t\t\t\t<div class=\"elementor-element elementor-element-1cdfbe1b elementor-widget elementor-widget-text-editor\" data-id=\"1cdfbe1b\" data-element_type=\"widget\" data-widget_type=\"text-editor.default\">\n\t\t\t\t<div class=\"elementor-widget-container\">\n\t\t\t\t\t\t\t\t\t<ul>\n<li><a href=\"https:\/\/alzira.es\/wp-content\/uploads\/2014\/02\/dependencia.pdf\" target=\"_blank\" rel=\"noreferrer noopener\">Solicitud de reconocimiento de la situaci\u00f3n de dependencia.<\/a><\/li>\n<li><a href=\"http:\/\/www.gva.es\/downloads\/publicados\/IN\/22021_BI.pdf\" target=\"_blank\" rel=\"noreferrer noopener\">Solicitud para la valoraci\u00f3n del grado de diversidad funcional.<\/a><\/li>\n<li><a href=\"https:\/\/alzira.es\/wp-content\/uploads\/2012\/06\/SOC_I_018_C_Solicitud_permiso_estacionamiento_movilidad_reducida.pdf\" target=\"_blank\" rel=\"noopener\">Permiso estacionamiento para personas con movilidad reducida.<\/a><\/li>\n<li><a href=\"http:\/\/www.imserso.es\/InterPresent1\/groups\/imserso\/documents\/binario\/pncinv.pdf\" target=\"_blank\" rel=\"noreferrer noopener\">Pensi\u00f3n no contributiva de invalidez.<\/a><\/li>\n<li><a href=\"http:\/\/www.gva.es\/downloads\/publicados\/IN\/22299.pdf\" target=\"_blank\" rel=\"noreferrer noopener\">Tarjeta acreditativa de la condici\u00f3n de diversidad funcional.<\/a><\/li>\n<\/ul>\n\t\t\t\t\t\t\t\t<\/div>\n\t\t\t\t<\/div>\n\t\t\t\t\t<\/div>\n\t\t<\/div>\n\t\t\t\t\t<\/div>\n\t\t<\/section>\n\t\t\t\t<section class=\"elementor-section elementor-top-section elementor-element elementor-element-49326841 elementor-section-boxed elementor-section-height-default elementor-section-height-default\" data-id=\"49326841\" data-element_type=\"section\">\n\t\t\t\t\t\t<div class=\"elementor-container elementor-column-gap-default\">\n\t\t\t\t\t<div class=\"elementor-column elementor-col-50 elementor-top-column elementor-element elementor-element-6a82bed5\" data-id=\"6a82bed5\" data-element_type=\"column\">\n\t\t\t<div class=\"elementor-widget-wrap elementor-element-populated\">\n\t\t\t\t\t\t<div class=\"elementor-element elementor-element-75e38f6 elementor-widget elementor-widget-image\" data-id=\"75e38f6\" data-element_type=\"widget\" data-widget_type=\"image.default\">\n\t\t\t\t<div class=\"elementor-widget-container\">\n\t\t\t\t\t\t\t\t\t\t\t\t\t\t\t<img decoding=\"async\" width=\"525\" height=\"463\" data-src=\"https:\/\/alzira.es\/wp-content\/uploads\/2022\/01\/Recurso-24.png\" class=\"attachment-large size-large wp-image-109052 lazyload\" alt=\"\" data-srcset=\"https:\/\/alzira.es\/wp-content\/uploads\/2022\/01\/Recurso-24.png 605w, https:\/\/alzira.es\/wp-content\/uploads\/2022\/01\/Recurso-24-579x510.png 579w\" data-sizes=\"100vw\" src=\"data:image\/svg+xml;base64,PHN2ZyB3aWR0aD0iMSIgaGVpZ2h0PSIxIiB4bWxucz0iaHR0cDovL3d3dy53My5vcmcvMjAwMC9zdmciPjwvc3ZnPg==\" style=\"--smush-placeholder-width: 525px; --smush-placeholder-aspect-ratio: 525\/463;\" \/>\t\t\t\t\t\t\t\t\t\t\t\t\t\t\t<\/div>\n\t\t\t\t<\/div>\n\t\t\t\t\t<\/div>\n\t\t<\/div>\n\t\t\t\t<div class=\"elementor-column elementor-col-50 elementor-top-column elementor-element elementor-element-5c8ce3e1\" data-id=\"5c8ce3e1\" data-element_type=\"column\">\n\t\t\t<div class=\"elementor-widget-wrap elementor-element-populated\">\n\t\t\t\t\t\t<div class=\"elementor-element elementor-element-3b63cd71 elementor-widget elementor-widget-heading\" data-id=\"3b63cd71\" data-element_type=\"widget\" data-widget_type=\"heading.default\">\n\t\t\t\t<div class=\"elementor-widget-container\">\n\t\t\t\t\t<h2 class=\"elementor-heading-title elementor-size-default\">Personas mayores<\/h2>\t\t\t\t<\/div>\n\t\t\t\t<\/div>\n\t\t\t\t<div class=\"elementor-element elementor-element-7126295f elementor-widget elementor-widget-text-editor\" data-id=\"7126295f\" data-element_type=\"widget\" data-widget_type=\"text-editor.default\">\n\t\t\t\t<div class=\"elementor-widget-container\">\n\t\t\t\t\t\t\t\t\t<ul>\n<li><a href=\"https:\/\/alzira.es\/wp-content\/uploads\/2014\/02\/formulario_sollicitud_residencia_per_a_web.pdf\" target=\"_blank\" rel=\"noreferrer noopener\">Solicitud centro residencial municipal para personas mayores.<\/a><\/li>\n<li><a href=\"https:\/\/alzira.es\/wp-content\/uploads\/2014\/02\/formulario_solicitud_ctro_da.pdf\" target=\"_blank\" rel=\"noreferrer noopener\">Solicitud centro de d\u00eda municipal para personas mayores.<\/a><\/li>\n<li><a href=\"http:\/\/www.imserso.es\/InterPresent1\/groups\/imserso\/documents\/binario\/pncjub.pdf\" target=\"_blank\" rel=\"noreferrer noopener\">Pensi\u00f3n no contributiva de jubilaci\u00f3n.<\/a><\/li>\n<li><a href=\"http:\/\/www.gva.es\/downloads\/publicados\/IN\/22033_BI.pdf\" target=\"_blank\" rel=\"noreferrer noopener\">Termalismo social.<\/a><\/li>\n<li><a href=\"https:\/\/alzira.es\/wp-content\/uploads\/2014\/02\/soc_i_013_c_solicitud_del_servicio_menjar_a_casa.pdf\" target=\"_blank\" rel=\"noopener\">Menjar a casa.<\/a><\/li>\n<li>\u00a0<a href=\"https:\/\/alzira.es\/wp-content\/uploads\/2014\/02\/soc_i_003_c_solicitud_del_servicio_major_a_casa.pdf\" target=\"_blank\" rel=\"noopener\">Major a casa.<\/a><\/li>\n<li>\u00a0<a href=\"http:\/\/www.bsocial.gva.es\/web\/mayores\" target=\"_blank\" rel=\"noopener\">Tel\u00e9fono del mayor.<\/a><\/li>\n<\/ul>\n\t\t\t\t\t\t\t\t<\/div>\n\t\t\t\t<\/div>\n\t\t\t\t\t<\/div>\n\t\t<\/div>\n\t\t\t\t\t<\/div>\n\t\t<\/section>\n\t\t\t\t<section class=\"elementor-section elementor-top-section elementor-element elementor-element-3e6d326b elementor-section-boxed elementor-section-height-default elementor-section-height-default\" data-id=\"3e6d326b\" data-element_type=\"section\">\n\t\t\t\t\t\t<div class=\"elementor-container elementor-column-gap-default\">\n\t\t\t\t\t<div class=\"elementor-column elementor-col-50 elementor-top-column elementor-element elementor-element-5d6fedc2\" data-id=\"5d6fedc2\" data-element_type=\"column\">\n\t\t\t<div class=\"elementor-widget-wrap elementor-element-populated\">\n\t\t\t\t\t\t<div class=\"elementor-element elementor-element-69bcd8dd elementor-widget elementor-widget-image\" data-id=\"69bcd8dd\" data-element_type=\"widget\" data-widget_type=\"image.default\">\n\t\t\t\t<div class=\"elementor-widget-container\">\n\t\t\t\t\t\t\t\t\t\t\t\t\t\t\t<img decoding=\"async\" width=\"525\" height=\"463\" data-src=\"https:\/\/alzira.es\/wp-content\/uploads\/2022\/01\/Recurso-24-2.png\" class=\"attachment-large size-large wp-image-109054 lazyload\" alt=\"\" data-srcset=\"https:\/\/alzira.es\/wp-content\/uploads\/2022\/01\/Recurso-24-2.png 605w, https:\/\/alzira.es\/wp-content\/uploads\/2022\/01\/Recurso-24-2-579x510.png 579w\" data-sizes=\"100vw\" src=\"data:image\/svg+xml;base64,PHN2ZyB3aWR0aD0iMSIgaGVpZ2h0PSIxIiB4bWxucz0iaHR0cDovL3d3dy53My5vcmcvMjAwMC9zdmciPjwvc3ZnPg==\" style=\"--smush-placeholder-width: 525px; --smush-placeholder-aspect-ratio: 525\/463;\" \/>\t\t\t\t\t\t\t\t\t\t\t\t\t\t\t<\/div>\n\t\t\t\t<\/div>\n\t\t\t\t\t<\/div>\n\t\t<\/div>\n\t\t\t\t<div class=\"elementor-column elementor-col-50 elementor-top-column elementor-element elementor-element-784595e\" data-id=\"784595e\" data-element_type=\"column\">\n\t\t\t<div class=\"elementor-widget-wrap elementor-element-populated\">\n\t\t\t\t\t\t<div class=\"elementor-element elementor-element-9e59da1 elementor-widget elementor-widget-heading\" data-id=\"9e59da1\" data-element_type=\"widget\" data-widget_type=\"heading.default\">\n\t\t\t\t<div class=\"elementor-widget-container\">\n\t\t\t\t\t<h2 class=\"elementor-heading-title elementor-size-default\">Fam\u00edlia<\/h2>\t\t\t\t<\/div>\n\t\t\t\t<\/div>\n\t\t\t\t<div class=\"elementor-element elementor-element-23bd97f8 elementor-widget elementor-widget-text-editor\" data-id=\"23bd97f8\" data-element_type=\"widget\" data-widget_type=\"text-editor.default\">\n\t\t\t\t<div class=\"elementor-widget-container\">\n\t\t\t\t\t\t\t\t\t<ul>\n<li><a href=\"http:\/\/www.gva.es\/downloads\/publicados\/IN\/22011_BI.pdf\" target=\"_blank\" rel=\"noreferrer noopener\">Solicitud t\u00edtulo familia numerosa.<\/a><\/li>\n<li>\u00a0<a href=\"http:\/\/www.gva.es\/downloads\/publicados\/IN\/22176_BI.pdf\" target=\"_blank\" rel=\"noreferrer noopener\">Solicitud de duplicado de t\u00edtulo de familia numerosa.<\/a><\/li>\n<\/ul>\n\t\t\t\t\t\t\t\t<\/div>\n\t\t\t\t<\/div>\n\t\t\t\t\t<\/div>\n\t\t<\/div>\n\t\t\t\t\t<\/div>\n\t\t<\/section>\n\t\t\t\t<section class=\"elementor-section elementor-top-section elementor-element elementor-element-3d0cc11a elementor-section-boxed elementor-section-height-default elementor-section-height-default\" data-id=\"3d0cc11a\" data-element_type=\"section\">\n\t\t\t\t\t\t<div class=\"elementor-container elementor-column-gap-default\">\n\t\t\t\t\t<div class=\"elementor-column elementor-col-50 elementor-top-column elementor-element elementor-element-4d74de6a\" data-id=\"4d74de6a\" data-element_type=\"column\">\n\t\t\t<div class=\"elementor-widget-wrap elementor-element-populated\">\n\t\t\t\t\t\t<div class=\"elementor-element elementor-element-28077ac5 elementor-widget elementor-widget-image\" data-id=\"28077ac5\" data-element_type=\"widget\" data-widget_type=\"image.default\">\n\t\t\t\t<div class=\"elementor-widget-container\">\n\t\t\t\t\t\t\t\t\t\t\t\t\t\t\t<img decoding=\"async\" width=\"525\" height=\"463\" data-src=\"https:\/\/alzira.es\/wp-content\/uploads\/2022\/01\/Recurso-22.png\" class=\"attachment-large size-large wp-image-109056 lazyload\" alt=\"\" data-srcset=\"https:\/\/alzira.es\/wp-content\/uploads\/2022\/01\/Recurso-22.png 605w, https:\/\/alzira.es\/wp-content\/uploads\/2022\/01\/Recurso-22-579x510.png 579w\" data-sizes=\"100vw\" src=\"data:image\/svg+xml;base64,PHN2ZyB3aWR0aD0iMSIgaGVpZ2h0PSIxIiB4bWxucz0iaHR0cDovL3d3dy53My5vcmcvMjAwMC9zdmciPjwvc3ZnPg==\" style=\"--smush-placeholder-width: 525px; --smush-placeholder-aspect-ratio: 525\/463;\" \/>\t\t\t\t\t\t\t\t\t\t\t\t\t\t\t<\/div>\n\t\t\t\t<\/div>\n\t\t\t\t\t<\/div>\n\t\t<\/div>\n\t\t\t\t<div class=\"elementor-column elementor-col-50 elementor-top-column elementor-element elementor-element-4fb2580\" data-id=\"4fb2580\" data-element_type=\"column\">\n\t\t\t<div class=\"elementor-widget-wrap elementor-element-populated\">\n\t\t\t\t\t\t<div class=\"elementor-element elementor-element-288459e5 elementor-widget elementor-widget-heading\" data-id=\"288459e5\" data-element_type=\"widget\" data-widget_type=\"heading.default\">\n\t\t\t\t<div class=\"elementor-widget-container\">\n\t\t\t\t\t<h2 class=\"elementor-heading-title elementor-size-default\">Protecci\u00f3n del Menor<\/h2>\t\t\t\t<\/div>\n\t\t\t\t<\/div>\n\t\t\t\t<div class=\"elementor-element elementor-element-4966fa02 elementor-widget elementor-widget-text-editor\" data-id=\"4966fa02\" data-element_type=\"widget\" data-widget_type=\"text-editor.default\">\n\t\t\t\t<div class=\"elementor-widget-container\">\n\t\t\t\t\t\t\t\t\t<ul>\n<li><a href=\"https:\/\/alzira.es\/wp-content\/uploads\/2014\/02\/gua_breve_de_deteccin_y_actuacin_en_situaciones_de_desproteccin_y_o_maltrato_infantil_desde_el_mbito_policial_1.pdf\" target=\"_blank\" rel=\"noopener\">Gu\u00eda breve de detecci\u00f3n y actuaci\u00f3n en situaciones de desprotecci\u00f3n y\/o maltrato infantil en el \u00e1mbito policial.<\/a><\/li>\n<li><a href=\"https:\/\/alzira.es\/wp-content\/uploads\/2014\/02\/gua_breve_de_deteccin_y_actuacin_en_situaciones_de_desproteccin_y_o_maltrato_infantil_desde_el_mbito_educativo.pdf\" target=\"_blank\" rel=\"noopener\">Gu\u00eda breve de detecci\u00f3n y actuaci\u00f3n en situaciones de desprotecci\u00f3n y\/o maltrato infantil en el \u00e1mbito educativo.<\/a><\/li>\n<li><a href=\"https:\/\/alzira.es\/wp-content\/uploads\/2014\/02\/gua_breve_de_deteccin_y_actuacin_en_situaciones_de_desproteccin_y_o_maltrato_infantil_desde_el_mbito_sanitario.pdf\" target=\"_blank\" rel=\"noopener\">Gu\u00eda breve de detecci\u00f3n y actuaci\u00f3n en situaciones de desprotecci\u00f3n y\/o maltrato infantil en el \u00e1mbito sanitario.<\/a><\/li>\n<\/ul>\n<p><strong>Notificaci\u00f3n situaciones de desprotecci\u00f3n infantil:<\/strong><\/p>\n<ul>\n<li><a href=\"https:\/\/alzira.es\/wp-content\/uploads\/2010\/07\/hoja_de_notificacin_desde_el_mbito_policial-_rellenable.pdf\" target=\"_blank\" rel=\"noopener\">Desde el \u00e1mbito policial<\/a>.<\/li>\n<li><a href=\"https:\/\/alzira.es\/wp-content\/uploads\/2010\/07\/hoja_de_notificacin_desde_el_mbito_educativo_-_rellenable.pdf\" target=\"_blank\" rel=\"noopener\">Desde el \u00e1mbito\u00a0educativo<\/a>.<\/li>\n<li><a href=\"https:\/\/alzira.es\/wp-content\/uploads\/2010\/07\/hoja_de_notificacin_desde_el_mbito_sanitario-_rellenable.pdf\" target=\"_blank\" rel=\"noopener\">Desde el \u00e1mbito sanitario.<\/a><\/li>\n<li><a style=\"font-size: 1rem;\" href=\"https:\/\/inclusio.gva.es\/es\/web\/menor\/telefono-atencion_infancia\" target=\"_blank\" rel=\"noreferrer noopener\">Tel\u00e9fono del menor.<\/a><\/li>\n<\/ul>\n\t\t\t\t\t\t\t\t<\/div>\n\t\t\t\t<\/div>\n\t\t\t\t\t<\/div>\n\t\t<\/div>\n\t\t\t\t\t<\/div>\n\t\t<\/section>\n\t\t\t\t<\/div>\n\t\t","protected":false},"excerpt":{"rendered":"<p>Diversidad Funcional Solicitud de reconocimiento de la situaci\u00f3n de dependencia. Solicitud para la valoraci\u00f3n del grado de diversidad funcional. Permiso estacionamiento para personas con movilidad reducida. Pensi\u00f3n no contributiva de invalidez. Tarjeta acreditativa de la condici\u00f3n de diversidad funcional. Personas mayores Solicitud centro residencial municipal para personas mayores. Solicitud centro de d\u00eda municipal para personas &hellip; <\/p>\n<p class=\"link-more\"><a href=\"https:\/\/alzira.es\/es\/servicios-municipales\/servicios-sociales\/tramites-y-procedimentos\/\" class=\"more-link\">Continuar leyendo<span class=\"screen-reader-text\"> \u00abTr\u00e1mites y procedimentos\u00bb<\/span><\/a><\/p>\n","protected":false},"author":29,"featured_media":0,"parent":6448,"menu_order":0,"comment_status":"closed","ping_status":"closed","template":"","meta":{"_acf_changed":false,"footnotes":""},"class_list":["post-109096","page","type-page","status-publish","hentry"],"acf":[],"_links":{"self":[{"href":"https:\/\/alzira.es\/es\/wp-json\/wp\/v2\/pages\/109096","targetHints":{"allow":["GET"]}}],"collection":[{"href":"https:\/\/alzira.es\/es\/wp-json\/wp\/v2\/pages"}],"about":[{"href":"https:\/\/alzira.es\/es\/wp-json\/wp\/v2\/types\/page"}],"author":[{"embeddable":true,"href":"https:\/\/alzira.es\/es\/wp-json\/wp\/v2\/users\/29"}],"replies":[{"embeddable":true,"href":"https:\/\/alzira.es\/es\/wp-json\/wp\/v2\/comments?post=109096"}],"version-history":[{"count":2,"href":"https:\/\/alzira.es\/es\/wp-json\/wp\/v2\/pages\/109096\/revisions"}],"predecessor-version":[{"id":109098,"href":"https:\/\/alzira.es\/es\/wp-json\/wp\/v2\/pages\/109096\/revisions\/109098"}],"up":[{"embeddable":true,"href":"https:\/\/alzira.es\/es\/wp-json\/wp\/v2\/pages\/6448"}],"wp:attachment":[{"href":"https:\/\/alzira.es\/es\/wp-json\/wp\/v2\/media?parent=109096"}],"curies":[{"name":"wp","href":"https:\/\/api.w.org\/{rel}","templated":true}]}}