{"id":10902,"date":"2015-03-12T10:30:15","date_gmt":"2015-03-12T09:30:15","guid":{"rendered":"https:\/\/alzira.es\/observatorio-infantil-oi\/"},"modified":"2021-08-30T09:34:39","modified_gmt":"2021-08-30T07:34:39","slug":"observatorio-infantil-oi","status":"publish","type":"page","link":"https:\/\/alzira.es\/es\/servicios-municipales\/educacion-e-infancia\/buzon-infancia\/observatorio-infantil-oi\/","title":{"rendered":"Observatorio Infantil (OIA)"},"content":{"rendered":"<p>Es el procedimiento en el que todos los ni\u00f1os y ni\u00f1as de Alzira pueden ejercer su derecho a opinar y expresar observaciones, denuncias o propuestas. Puede realizarse de dos formas distintas:<\/p>\n<ul>\n<li>A trav\u00e9s de la web, en su apartado de <a href=\"https:\/\/alzira.es\/es\/servicios-municipales\/infancia\/buzon-infancia\/\" rel=\"noopener\">participaci\u00f3n.<\/a><\/li>\n<li>O directamente rellenando las fichas del observatorio, que est\u00e1n disponibles en los centros educativos y en el <a href=\"https:\/\/alzira.es\/wp-content\/uploads\/2015\/02\/tarjeta_oia_2.pdf\" target=\"_blank\" rel=\"noopener\">siguiente enlace<\/a><\/li>\n<\/ul>\n<p><a href=\"https:\/\/alzira.es\/wp-content\/uploads\/2015\/02\/tarjeta_oia_2.pdf\" target=\"_blank\" rel=\"noopener\"><img fetchpriority=\"high\" decoding=\"async\" class=\" size-full wp-image-10898\" src=\"https:\/\/alzira.es\/wp-content\/uploads\/2015\/03\/oia.jpg\" alt=\"oia\" width=\"522\" height=\"367\" \/><\/a>\u00a0 \u00a0\u00a0<a href=\"https:\/\/alzira.es\/wp-content\/uploads\/2015\/02\/tarjeta_oia_2.pdf\" target=\"_blank\" rel=\"noopener\"><img decoding=\"async\" class=\"size-full wp-image-10900 lazyload\" style=\"--smush-placeholder-width: 518px; --smush-placeholder-aspect-ratio: 518\/367;border: 1px solid #000000;\" data-src=\"https:\/\/alzira.es\/wp-content\/uploads\/2015\/03\/oia2.jpg\" alt=\"oia2\" width=\"518\" height=\"367\" src=\"data:image\/svg+xml;base64,PHN2ZyB3aWR0aD0iMSIgaGVpZ2h0PSIxIiB4bWxucz0iaHR0cDovL3d3dy53My5vcmcvMjAwMC9zdmciPjwvc3ZnPg==\" \/><\/a><\/p>\n","protected":false},"excerpt":{"rendered":"<p>Es el procedimiento en el que todos los ni\u00f1os y ni\u00f1as de Alzira pueden ejercer su derecho a opinar y expresar observaciones, denuncias o propuestas. Puede realizarse de dos formas distintas: A trav\u00e9s de la web, en su apartado de participaci\u00f3n. O directamente rellenando las fichas del observatorio, que est\u00e1n disponibles en los centros educativos &hellip; <\/p>\n<p class=\"link-more\"><a href=\"https:\/\/alzira.es\/es\/servicios-municipales\/educacion-e-infancia\/buzon-infancia\/observatorio-infantil-oi\/\" class=\"more-link\">Continuar leyendo<span class=\"screen-reader-text\"> \u00abObservatorio Infantil (OIA)\u00bb<\/span><\/a><\/p>\n","protected":false},"author":20,"featured_media":0,"parent":86209,"menu_order":5,"comment_status":"closed","ping_status":"closed","template":"","meta":{"_acf_changed":false,"footnotes":""},"class_list":["post-10902","page","type-page","status-publish","hentry"],"acf":[],"_links":{"self":[{"href":"https:\/\/alzira.es\/es\/wp-json\/wp\/v2\/pages\/10902","targetHints":{"allow":["GET"]}}],"collection":[{"href":"https:\/\/alzira.es\/es\/wp-json\/wp\/v2\/pages"}],"about":[{"href":"https:\/\/alzira.es\/es\/wp-json\/wp\/v2\/types\/page"}],"author":[{"embeddable":true,"href":"https:\/\/alzira.es\/es\/wp-json\/wp\/v2\/users\/20"}],"replies":[{"embeddable":true,"href":"https:\/\/alzira.es\/es\/wp-json\/wp\/v2\/comments?post=10902"}],"version-history":[{"count":1,"href":"https:\/\/alzira.es\/es\/wp-json\/wp\/v2\/pages\/10902\/revisions"}],"predecessor-version":[{"id":86213,"href":"https:\/\/alzira.es\/es\/wp-json\/wp\/v2\/pages\/10902\/revisions\/86213"}],"up":[{"embeddable":true,"href":"https:\/\/alzira.es\/es\/wp-json\/wp\/v2\/pages\/86209"}],"wp:attachment":[{"href":"https:\/\/alzira.es\/es\/wp-json\/wp\/v2\/media?parent=10902"}],"curies":[{"name":"wp","href":"https:\/\/api.w.org\/{rel}","templated":true}]}}