{"id":108383,"date":"2021-12-23T12:36:35","date_gmt":"2021-12-23T11:36:35","guid":{"rendered":"https:\/\/alzira.es\/mas-informacion-entitats-consorcios-y-asociaciones\/"},"modified":"2023-11-07T13:12:51","modified_gmt":"2023-11-07T12:12:51","slug":"mas-informacion-entidades-consorcios-y-asociaciones","status":"publish","type":"page","link":"https:\/\/alzira.es\/es\/mas-informacion-entidades-consorcios-y-asociaciones\/","title":{"rendered":"M\u00e1s informaci\u00f3n: Entidades, Consorcios y Asociaciones"},"content":{"rendered":"\t\t<div data-elementor-type=\"wp-page\" data-elementor-id=\"108383\" class=\"elementor elementor-108383 elementor-108161\">\n\t\t\t\t\t\t<section class=\"elementor-section elementor-top-section elementor-element elementor-element-356d7d1 elementor-section-boxed elementor-section-height-default elementor-section-height-default\" data-id=\"356d7d1\" data-element_type=\"section\">\n\t\t\t\t\t\t<div class=\"elementor-container elementor-column-gap-default\">\n\t\t\t\t\t<div class=\"elementor-column elementor-col-100 elementor-top-column elementor-element elementor-element-fbcb731\" data-id=\"fbcb731\" data-element_type=\"column\">\n\t\t\t<div class=\"elementor-widget-wrap elementor-element-populated\">\n\t\t\t\t\t\t<div class=\"elementor-element elementor-element-4a21bfa elementor-widget elementor-widget-heading\" data-id=\"4a21bfa\" data-element_type=\"widget\" data-widget_type=\"heading.default\">\n\t\t\t\t<div class=\"elementor-widget-container\">\n\t\t\t\t\t<h2 class=\"elementor-heading-title elementor-size-default\">Red Espa\u00f1ola de Ciudades Inteligentes (RECI)<\/h2>\t\t\t\t<\/div>\n\t\t\t\t<\/div>\n\t\t\t\t<div class=\"elementor-element elementor-element-df03e2c elementor-widget elementor-widget-text-editor\" data-id=\"df03e2c\" data-element_type=\"widget\" data-widget_type=\"text-editor.default\">\n\t\t\t\t<div class=\"elementor-widget-container\">\n\t\t\t\t\t\t\t\t\t<p>El objetivo de la Asociaci\u00f3n es la generaci\u00f3n de una din\u00e1mica entre ciudades a fin de disponer de una red espa\u00f1ola de ciudades inteligentes, las cuales tienen que promover la gesti\u00f3n autom\u00e1tica y eficiente de las infraestructuras y los servicios urbanos, as\u00ed como la reducci\u00f3n del gasto p\u00fablico y la mejora de la calidad de los servicios, para conseguir de esta manera atraer la actividad econ\u00f3mica y generar progreso.<\/p><p>La innovaci\u00f3n y el conocimiento, apoyados en las tecnolog\u00edas de la informaci\u00f3n y la comunicaci\u00f3n (TIC), son las claves sobre las cuales basar el progreso de las ciudades en los pr\u00f3ximos a\u00f1os, hacer m\u00e1s f\u00e1cil la vida de los ciudadanos y conseguir una sociedad m\u00e1s cohesionada y solidaria, as\u00ed como generar y atraer talento humano y crear un nuevo tejido econ\u00f3mico de alto valor a\u00f1adido.<\/p><p>La cooperaci\u00f3n del sector p\u00fablico y el privado, la colaboraci\u00f3n social sin exclusiones y el desarrollo del trabajo en la red, son elementos fundamentales que permiten desarrollar entre todos un espacio innovador que fomento el talento, las oportunidades y la calidad de vida en el entorno urbano.<\/p><p>Son Ciudades Inteligentes aquellas que disponen de un sistema de innovaci\u00f3n y de trabajo en red para dotar las ciudades de un modelo de mejora de la eficiencia econ\u00f3mica y pol\u00edtica y permitir el desarrollo social, cultural y urbano. Como apoyo de este crecimiento se realiza una apuesta por las industrias creativas y por el alta tecnolog\u00eda que permiten ese crecimiento urbano basado en el impulso de las capacidades y de las redes articuladas; todo esto a trav\u00e9s de planes estrat\u00e9gicos participativos que permiten mejorar el sistema de innovaci\u00f3n local.<\/p><p>Los representantes de la Corporaci\u00f3n municipal nombrados por acuerdo plenario de 19 de julio de 2023 s\u00f3n:<\/p><p>Alfons Dom\u00ednguez Gento, alcalde-presidente<\/p><p>Vicente de la Concepci\u00f3n Chord\u00e1, concejal de Obras e Infraestructuras P\u00fablicas y Deportes.<\/p><p>Suplente: Andr\u00e9s Gomis Fons, concejal de Hacienda, Contrataci\u00f3n y Urbanismo.<\/p>\t\t\t\t\t\t\t\t<\/div>\n\t\t\t\t<\/div>\n\t\t\t\t<div class=\"elementor-element elementor-element-be9fe69 elementor-widget elementor-widget-spacer\" data-id=\"be9fe69\" data-element_type=\"widget\" data-widget_type=\"spacer.default\">\n\t\t\t\t<div class=\"elementor-widget-container\">\n\t\t\t\t\t\t\t<div class=\"elementor-spacer\">\n\t\t\t<div class=\"elementor-spacer-inner\"><\/div>\n\t\t<\/div>\n\t\t\t\t\t\t<\/div>\n\t\t\t\t<\/div>\n\t\t\t\t<div class=\"elementor-element elementor-element-11aede6 elementor-widget elementor-widget-heading\" data-id=\"11aede6\" data-element_type=\"widget\" data-widget_type=\"heading.default\">\n\t\t\t\t<div class=\"elementor-widget-container\">\n\t\t\t\t\t<h2 class=\"elementor-heading-title elementor-size-default\">Federaci\u00f3n Valenciana de Municipios y Prov\u00edncias<\/h2>\t\t\t\t<\/div>\n\t\t\t\t<\/div>\n\t\t\t\t<div class=\"elementor-element elementor-element-a9a1816 elementor-widget elementor-widget-text-editor\" data-id=\"a9a1816\" data-element_type=\"widget\" data-widget_type=\"text-editor.default\">\n\t\t\t\t<div class=\"elementor-widget-container\">\n\t\t\t\t\t\t\t\t\t<p>La Federaci\u00f3n Valenciana de Municipios y Provincias es una asociaci\u00f3n constituida por los Municipios, Provincias y el resto de Entidades Locales que voluntariamente lo decidan para la defensa y promoci\u00f3n de la autonom\u00eda local y de los intereses locales en conformidad con el que dispone la Constituci\u00f3n, el Estatuto de Autonom\u00eda de la Comunidad y la Ley Reguladora de las Bases de R\u00e9gimen Local.<\/p>\n\t\t\t\t\t\t\t\t<\/div>\n\t\t\t\t<\/div>\n\t\t\t\t<div class=\"elementor-element elementor-element-de2596c elementor-widget elementor-widget-spacer\" data-id=\"de2596c\" data-element_type=\"widget\" data-widget_type=\"spacer.default\">\n\t\t\t\t<div class=\"elementor-widget-container\">\n\t\t\t\t\t\t\t<div class=\"elementor-spacer\">\n\t\t\t<div class=\"elementor-spacer-inner\"><\/div>\n\t\t<\/div>\n\t\t\t\t\t\t<\/div>\n\t\t\t\t<\/div>\n\t\t\t\t<div class=\"elementor-element elementor-element-56a0b69 elementor-widget elementor-widget-heading\" data-id=\"56a0b69\" data-element_type=\"widget\" data-widget_type=\"heading.default\">\n\t\t\t\t<div class=\"elementor-widget-container\">\n\t\t\t\t\t<h2 class=\"elementor-heading-title elementor-size-default\"> Mancomunidad de la Ribera Alta<\/h2>\t\t\t\t<\/div>\n\t\t\t\t<\/div>\n\t\t\t\t<div class=\"elementor-element elementor-element-7e6424a elementor-widget elementor-widget-text-editor\" data-id=\"7e6424a\" data-element_type=\"widget\" data-widget_type=\"text-editor.default\">\n\t\t\t\t<div class=\"elementor-widget-container\">\n\t\t\t\t\t\t\t\t\t<p>Es un organismo supramunicipal que tiene como objeto promover las actividades y prestar los servicios p\u00fablicos que contribuyan a satisfacer las necesidades y aspiraciones de los municipios integrantes.<\/p><p>Los representantes de la Corporaci\u00f3n municipal designados por acuerdo plenario de 19 de julio de 2023 s\u00f3n:<\/p><p>Alcalde: Alfons Dom\u00ednguez Gento<\/p><p>Vocal:\u00a0 Andr\u00e9s Gomis Fons<\/p><p>Vocal: Vicente de la Concepci\u00f3n Chord\u00e1<\/p><p>Vocal: Bernat R\u00edos Furi\u00f3<\/p>\t\t\t\t\t\t\t\t<\/div>\n\t\t\t\t<\/div>\n\t\t\t\t<div class=\"elementor-element elementor-element-d276153 elementor-widget elementor-widget-spacer\" data-id=\"d276153\" data-element_type=\"widget\" data-widget_type=\"spacer.default\">\n\t\t\t\t<div class=\"elementor-widget-container\">\n\t\t\t\t\t\t\t<div class=\"elementor-spacer\">\n\t\t\t<div class=\"elementor-spacer-inner\"><\/div>\n\t\t<\/div>\n\t\t\t\t\t\t<\/div>\n\t\t\t\t<\/div>\n\t\t\t\t<div class=\"elementor-element elementor-element-f76ab39 elementor-widget elementor-widget-heading\" data-id=\"f76ab39\" data-element_type=\"widget\" data-widget_type=\"heading.default\">\n\t\t\t\t<div class=\"elementor-widget-container\">\n\t\t\t\t\t<h2 class=\"elementor-heading-title elementor-size-default\">Red de Municipios Valencianos hacia la Sostenibilidad<\/h2>\t\t\t\t<\/div>\n\t\t\t\t<\/div>\n\t\t\t\t<div class=\"elementor-element elementor-element-805105d elementor-widget elementor-widget-text-editor\" data-id=\"805105d\" data-element_type=\"widget\" data-widget_type=\"text-editor.default\">\n\t\t\t\t<div class=\"elementor-widget-container\">\n\t\t\t\t\t\t\t\t\t<p>Esta Asociaci\u00f3n promueve actividades y acciones dentro del concepto de desarrollo sostenible, la Agenda 21, Mejora del Medio Ambiente y de la calidad de vida de los ciudadanos, por lo cual se considera conveniente seguir vinculados a ella. El Ayuntamiento de Alzira forma parte de esta Red desde octubre de 2001.<\/p>\t\t\t\t\t\t\t\t<\/div>\n\t\t\t\t<\/div>\n\t\t\t\t<div class=\"elementor-element elementor-element-149afcb elementor-widget elementor-widget-spacer\" data-id=\"149afcb\" data-element_type=\"widget\" data-widget_type=\"spacer.default\">\n\t\t\t\t<div class=\"elementor-widget-container\">\n\t\t\t\t\t\t\t<div class=\"elementor-spacer\">\n\t\t\t<div class=\"elementor-spacer-inner\"><\/div>\n\t\t<\/div>\n\t\t\t\t\t\t<\/div>\n\t\t\t\t<\/div>\n\t\t\t\t<div class=\"elementor-element elementor-element-d825d13 elementor-widget elementor-widget-heading\" data-id=\"d825d13\" data-element_type=\"widget\" data-widget_type=\"heading.default\">\n\t\t\t\t<div class=\"elementor-widget-container\">\n\t\t\t\t\t<h2 class=\"elementor-heading-title elementor-size-default\">Consorcio Provincial de Prevenci\u00f3n y Extinci\u00f3n de Incendios y de Salvamento de la Provincia de Valencia<\/h2>\t\t\t\t<\/div>\n\t\t\t\t<\/div>\n\t\t\t\t<div class=\"elementor-element elementor-element-e6c6de8 elementor-widget elementor-widget-text-editor\" data-id=\"e6c6de8\" data-element_type=\"widget\" data-widget_type=\"text-editor.default\">\n\t\t\t\t<div class=\"elementor-widget-container\">\n\t\t\t\t\t\t\t\t\t<p>El Consorcio Provincial de Bomberos de Val\u00e8ncia es un organismo p\u00fablico la misi\u00f3n del cual es la prevenci\u00f3n y extinci\u00f3n de incendios as\u00ed como las tareas de salvamento en la provincia de Val\u00e8ncia, desde su constituci\u00f3n el 31 de octubre de 1986.<\/p><p>Los representantes de la Corporaci\u00f3n municipal nombrados por acuerdo plenario de 19 de julio del 2023 son:<\/p><p>Titular: Gemma Al\u00f3s Sospedra<\/p><p>Suplente: \u00c1lvaro Peris Pardo<\/p>\t\t\t\t\t\t\t\t<\/div>\n\t\t\t\t<\/div>\n\t\t\t\t<div class=\"elementor-element elementor-element-d62690d elementor-widget elementor-widget-spacer\" data-id=\"d62690d\" data-element_type=\"widget\" data-widget_type=\"spacer.default\">\n\t\t\t\t<div class=\"elementor-widget-container\">\n\t\t\t\t\t\t\t<div class=\"elementor-spacer\">\n\t\t\t<div class=\"elementor-spacer-inner\"><\/div>\n\t\t<\/div>\n\t\t\t\t\t\t<\/div>\n\t\t\t\t<\/div>\n\t\t\t\t<div class=\"elementor-element elementor-element-0a74028 elementor-widget elementor-widget-heading\" data-id=\"0a74028\" data-element_type=\"widget\" data-widget_type=\"heading.default\">\n\t\t\t\t<div class=\"elementor-widget-container\">\n\t\t\t\t\t<h2 class=\"elementor-heading-title elementor-size-default\">Associaci\u00f3n Red INNPULSO - Red de Ciudades de la Ciencia y la Innovaci\u00f3n (ARINN)<\/h2>\t\t\t\t<\/div>\n\t\t\t\t<\/div>\n\t\t\t\t<div class=\"elementor-element elementor-element-6918442 elementor-widget elementor-widget-text-editor\" data-id=\"6918442\" data-element_type=\"widget\" data-widget_type=\"text-editor.default\">\n\t\t\t\t<div class=\"elementor-widget-container\">\n\t\t\t\t\t\t\t\t\t<p>Su objetivo es reconocer e impulsar las *actuaciones que en materia de Ciencia e Innovaci\u00f3n realizan las Administraciones Locales los objetivos de los cuales son propiciar la colaboraci\u00f3n entre los Ayuntamientos, mejorar su potencial innovador y servir de modelo en otros ayuntamientos y contribuir al cambio del modelo productivo hacia un modelo sostenible a nivel econ\u00f3mico y social.<\/p><p>Los representantes de la Corporaci\u00f3n municipal nombrados por acuerdo plenario de 19 de julio de 2023 son:<\/p><p>Titular: Alfons Dom\u00ednguez Gento, alcalde-presidente<\/p><p>Suplent: Israel P\u00e9rez Gil, regidor de Innovaci\u00f3n y Buen Gobierno.<\/p>\t\t\t\t\t\t\t\t<\/div>\n\t\t\t\t<\/div>\n\t\t\t\t<div class=\"elementor-element elementor-element-c248acb elementor-widget elementor-widget-spacer\" data-id=\"c248acb\" data-element_type=\"widget\" data-widget_type=\"spacer.default\">\n\t\t\t\t<div class=\"elementor-widget-container\">\n\t\t\t\t\t\t\t<div class=\"elementor-spacer\">\n\t\t\t<div class=\"elementor-spacer-inner\"><\/div>\n\t\t<\/div>\n\t\t\t\t\t\t<\/div>\n\t\t\t\t<\/div>\n\t\t\t\t<div class=\"elementor-element elementor-element-ef57a65 elementor-widget elementor-widget-heading\" data-id=\"ef57a65\" data-element_type=\"widget\" data-widget_type=\"heading.default\">\n\t\t\t\t<div class=\"elementor-widget-container\">\n\t\t\t\t\t<h2 class=\"elementor-heading-title elementor-size-default\">Comunidad de Usuarios de la Ribera del X\u00faquer<\/h2>\t\t\t\t<\/div>\n\t\t\t\t<\/div>\n\t\t\t\t<div class=\"elementor-element elementor-element-73a85e4 elementor-widget elementor-widget-text-editor\" data-id=\"73a85e4\" data-element_type=\"widget\" data-widget_type=\"text-editor.default\">\n\t\t\t\t<div class=\"elementor-widget-container\">\n\t\t\t\t\t\t\t\t\t<p>Est\u00e1 formada por los ayuntamientos y las comunidades de regantes y tiene como objetivo la gesti\u00f3n en com\u00fan de las aguas superficiales y subterr\u00e1neas, con el fin de racionalizar el aprovechamiento de los recursos, optimizar su uso mediante una adecuada redistribuci\u00f3n de los caudales y posibilitar la mejora de la calidad de las aguas que se destinan al abastecimiento de la poblaci\u00f3n en la comarca de la Ribera.<\/p><p>Los representantes de la Corporaci\u00f3n municipal nombrados por el acuerdo plenario de 19 de julio de 2023 son:<\/p><p>Titular: Vicente de la Concepci\u00f3n Chord\u00e1, concejal de Obras e Infraestructuras Publicas y Deportes.<\/p><p>Suplente:\u00a0 Alfons Dom\u00ednguez Gento, alcalde-presidente.<\/p>\t\t\t\t\t\t\t\t<\/div>\n\t\t\t\t<\/div>\n\t\t\t\t<div class=\"elementor-element elementor-element-07cfd52 elementor-widget elementor-widget-spacer\" data-id=\"07cfd52\" data-element_type=\"widget\" data-widget_type=\"spacer.default\">\n\t\t\t\t<div class=\"elementor-widget-container\">\n\t\t\t\t\t\t\t<div class=\"elementor-spacer\">\n\t\t\t<div class=\"elementor-spacer-inner\"><\/div>\n\t\t<\/div>\n\t\t\t\t\t\t<\/div>\n\t\t\t\t<\/div>\n\t\t\t\t<div class=\"elementor-element elementor-element-f84de39 elementor-widget elementor-widget-heading\" data-id=\"f84de39\" data-element_type=\"widget\" data-widget_type=\"heading.default\">\n\t\t\t\t<div class=\"elementor-widget-container\">\n\t\t\t\t\t<h2 class=\"elementor-heading-title elementor-size-default\">Comunidad de Usuarios de Vertidos<\/h2>\t\t\t\t<\/div>\n\t\t\t\t<\/div>\n\t\t\t\t<div class=\"elementor-element elementor-element-3e06737 elementor-widget elementor-widget-text-editor\" data-id=\"3e06737\" data-element_type=\"widget\" data-widget_type=\"text-editor.default\">\n\t\t\t\t<div class=\"elementor-widget-container\">\n\t\t\t\t\t\t\t\t\t<p>Se constituye la Comunidad de Usuarios de Vertidos, con el car\u00e1cter de corporaci\u00f3n de derecho p\u00fablico y personalidad jur\u00eddica propia. La Comunidad de usuarios de Vertidos se adscribe al Organismo de Cuenca correspondiente, atendiendo al que dispone el art\u00edculo 82 del Real decreto legislativo 1\/2001, de 20 de julio, que aprueba el Texto Refundido de la Ley de Aig\u00fces.<\/p><p>La Comunidad de Usuarios de Vertidos actuar\u00e1 conforme a los procedimientos establecidos en el Real decreto legislativo 1\/2001, de 20 de julio (Texto Refundido de la Ley de Aig\u00fces), su reglamento de desarrollo (Real Decreto 849\/1986, de 11 de abril, que aprueba el Reglamento de Dominio P\u00fablico Hidr\u00e1ulico), el que dispone su Estatuto y Ordenanzas, de acuerdo con el que prev\u00e9 la Ley 30\/1992, de 26 de noviembre, de R\u00e9gimen Jur\u00eddico de las Administraciones P\u00fablicas y del Procedimiento Administrativo Com\u00fan.<\/p><p>Dentro de este marco legal, y para cada estaci\u00f3n depuradora de aguas residuales donde participo m\u00e1s de un municipio en su uso y gesti\u00f3n, se han constituido tambi\u00e9n las Comunidades de Usuarios de Vertidos de la Edar de la Barraca de Aig\u00fces Vives, donde est\u00e1n representados los ayuntamientos de Alzira, Carcaixent y la Entidad Local Menor de la Barraca de Aig\u00fces Vives, y la Comunidad de Usuarios de Vertidos de la Edar \u00abEl Pla-Guadassuar, donde est\u00e1n representados los Ayuntamientos de Guadassuar y Alzira.<\/p>\t\t\t\t\t\t\t\t<\/div>\n\t\t\t\t<\/div>\n\t\t\t\t<div class=\"elementor-element elementor-element-1acaca3 elementor-widget elementor-widget-spacer\" data-id=\"1acaca3\" data-element_type=\"widget\" data-widget_type=\"spacer.default\">\n\t\t\t\t<div class=\"elementor-widget-container\">\n\t\t\t\t\t\t\t<div class=\"elementor-spacer\">\n\t\t\t<div class=\"elementor-spacer-inner\"><\/div>\n\t\t<\/div>\n\t\t\t\t\t\t<\/div>\n\t\t\t\t<\/div>\n\t\t\t\t<div class=\"elementor-element elementor-element-7ff2210 elementor-widget elementor-widget-heading\" data-id=\"7ff2210\" data-element_type=\"widget\" data-widget_type=\"heading.default\">\n\t\t\t\t<div class=\"elementor-widget-container\">\n\t\t\t\t\t<h2 class=\"elementor-heading-title elementor-size-default\">Comunidad de Usuarios de Vertidos \"Ribera Alta I\"<\/h2>\t\t\t\t<\/div>\n\t\t\t\t<\/div>\n\t\t\t\t<div class=\"elementor-element elementor-element-40c9bd7 elementor-widget elementor-widget-text-editor\" data-id=\"40c9bd7\" data-element_type=\"widget\" data-widget_type=\"text-editor.default\">\n\t\t\t\t<div class=\"elementor-widget-container\">\n\t\t\t\t\t\t\t\t\t<p>La Comunidad de Usuarios de Vertidos Ribera Alta Y es una figura jur\u00eddica que engloba en los ayuntamientos de Alzira, Carcaixent, Puebla Larga y Villanueva de Castell\u00f3n, que abocan sus aguas residuales a la estaci\u00f3n depuradora mancomunada denominada Ribera Alta Y y situada en el t\u00e9rmino municipal de Carcaixent.<\/p><p>El representante de la Corporaci\u00f3n municipal nombrado por acuerdo plenario de 19 de julio del 2023 es Vicente de la Concepci\u00f3n Chord\u00e1, concejal de Obras e Infraestructuras P\u00fablicas y Deportes.<\/p>\t\t\t\t\t\t\t\t<\/div>\n\t\t\t\t<\/div>\n\t\t\t\t<div class=\"elementor-element elementor-element-5f6d335 elementor-widget elementor-widget-spacer\" data-id=\"5f6d335\" data-element_type=\"widget\" data-widget_type=\"spacer.default\">\n\t\t\t\t<div class=\"elementor-widget-container\">\n\t\t\t\t\t\t\t<div class=\"elementor-spacer\">\n\t\t\t<div class=\"elementor-spacer-inner\"><\/div>\n\t\t<\/div>\n\t\t\t\t\t\t<\/div>\n\t\t\t\t<\/div>\n\t\t\t\t<div class=\"elementor-element elementor-element-4bdf535 elementor-widget elementor-widget-heading\" data-id=\"4bdf535\" data-element_type=\"widget\" data-widget_type=\"heading.default\">\n\t\t\t\t<div class=\"elementor-widget-container\">\n\t\t\t\t\t<h2 class=\"elementor-heading-title elementor-size-default\">Comunidad de Usuarios de Vertidos \"La Barraca de Aig\u00fces Vives\"<\/h2>\t\t\t\t<\/div>\n\t\t\t\t<\/div>\n\t\t\t\t<div class=\"elementor-element elementor-element-b3287b3 elementor-widget elementor-widget-text-editor\" data-id=\"b3287b3\" data-element_type=\"widget\" data-widget_type=\"text-editor.default\">\n\t\t\t\t<div class=\"elementor-widget-container\">\n\t\t\t\t\t\t\t\t\t<p>El representante de la Corporaci\u00f3n municipal nombrado por acuerdo plenario de 19 de julio de 2023 es Vicente de la Concepci\u00f3n Chord\u00e1, concejal de Obras e Infraestructuras P\u00fablicas y Deportes.<\/p>\t\t\t\t\t\t\t\t<\/div>\n\t\t\t\t<\/div>\n\t\t\t\t<div class=\"elementor-element elementor-element-1afca86 elementor-widget elementor-widget-spacer\" data-id=\"1afca86\" data-element_type=\"widget\" data-widget_type=\"spacer.default\">\n\t\t\t\t<div class=\"elementor-widget-container\">\n\t\t\t\t\t\t\t<div class=\"elementor-spacer\">\n\t\t\t<div class=\"elementor-spacer-inner\"><\/div>\n\t\t<\/div>\n\t\t\t\t\t\t<\/div>\n\t\t\t\t<\/div>\n\t\t\t\t<div class=\"elementor-element elementor-element-50167d2 elementor-widget elementor-widget-heading\" data-id=\"50167d2\" data-element_type=\"widget\" data-widget_type=\"heading.default\">\n\t\t\t\t<div class=\"elementor-widget-container\">\n\t\t\t\t\t<h2 class=\"elementor-heading-title elementor-size-default\">Comunidad de Usuarios de Vertidos \"El Pla Guadassuar\"<\/h2>\t\t\t\t<\/div>\n\t\t\t\t<\/div>\n\t\t\t\t<div class=\"elementor-element elementor-element-176ac38 elementor-widget elementor-widget-text-editor\" data-id=\"176ac38\" data-element_type=\"widget\" data-widget_type=\"text-editor.default\">\n\t\t\t\t<div class=\"elementor-widget-container\">\n\t\t\t\t\t\t\t\t\t<p>Los representantes de la Corporaci\u00f3n municipal nombrados por acuerdo plenario de 19 de julio de 2023 son:<\/p><p>Alfons Dom\u00ednguez Gento, alcalde-presidente<\/p><p>Vicente de la Concepci\u00f3n Chord\u00e1, concejal de Obras e Infraestructuras P\u00fablicas y Deportes.<\/p><p>Suplente: Andr\u00e9s Gomis Fons, concejal de Hacienda, Contrataci\u00f3n y Urbanismo.<\/p>\t\t\t\t\t\t\t\t<\/div>\n\t\t\t\t<\/div>\n\t\t\t\t<div class=\"elementor-element elementor-element-51430ad elementor-widget elementor-widget-spacer\" data-id=\"51430ad\" data-element_type=\"widget\" data-widget_type=\"spacer.default\">\n\t\t\t\t<div class=\"elementor-widget-container\">\n\t\t\t\t\t\t\t<div class=\"elementor-spacer\">\n\t\t\t<div class=\"elementor-spacer-inner\"><\/div>\n\t\t<\/div>\n\t\t\t\t\t\t<\/div>\n\t\t\t\t<\/div>\n\t\t\t\t<div class=\"elementor-element elementor-element-0993e45 elementor-widget elementor-widget-heading\" data-id=\"0993e45\" data-element_type=\"widget\" data-widget_type=\"heading.default\">\n\t\t\t\t<div class=\"elementor-widget-container\">\n\t\t\t\t\t<h2 class=\"elementor-heading-title elementor-size-default\">Consejo Territorial de la Propiedad Inmobiliaria de Val\u00e8ncia<\/h2>\t\t\t\t<\/div>\n\t\t\t\t<\/div>\n\t\t\t\t<div class=\"elementor-element elementor-element-e3e3ba6 elementor-widget elementor-widget-text-editor\" data-id=\"e3e3ba6\" data-element_type=\"widget\" data-widget_type=\"text-editor.default\">\n\t\t\t\t<div class=\"elementor-widget-container\">\n\t\t\t\t\t\t\t\t\t<p>Adscrito a cada Delegaci\u00f3n de Econom\u00eda y Hacienda existir\u00e1 un Consejo Territorial de la Propiedad Inmobiliaria, que ejercer\u00e1 sus competencias sobre el \u00e1mbito territorial de aquella, en las que existir\u00e1n dos Consejos Territoriales de la Propiedad Inmobiliaria, las competencias de las cuales se extender\u00e1n a los t\u00e9rminos municipales que se determinan mediante una orden dictada por el Ministro de Econom\u00eda y Hacienda.<\/p>\n\t\t\t\t\t\t\t\t<\/div>\n\t\t\t\t<\/div>\n\t\t\t\t\t<\/div>\n\t\t<\/div>\n\t\t\t\t\t<\/div>\n\t\t<\/section>\n\t\t\t\t<section class=\"elementor-section elementor-top-section elementor-element elementor-element-524aaad elementor-section-boxed elementor-section-height-default elementor-section-height-default\" data-id=\"524aaad\" data-element_type=\"section\">\n\t\t\t\t\t\t<div class=\"elementor-container elementor-column-gap-default\">\n\t\t\t\t\t<div class=\"elementor-column elementor-col-100 elementor-top-column elementor-element elementor-element-305a393\" data-id=\"305a393\" data-element_type=\"column\">\n\t\t\t<div class=\"elementor-widget-wrap elementor-element-populated\">\n\t\t\t\t\t\t<div class=\"elementor-element elementor-element-994172e elementor-widget elementor-widget-heading\" data-id=\"994172e\" data-element_type=\"widget\" data-widget_type=\"heading.default\">\n\t\t\t\t<div class=\"elementor-widget-container\">\n\t\t\t\t\t<h2 class=\"elementor-heading-title elementor-size-default\">Junta de Gobierno del Consorcio Ribera y Valldigna<\/h2>\t\t\t\t<\/div>\n\t\t\t\t<\/div>\n\t\t\t\t\t<\/div>\n\t\t<\/div>\n\t\t\t\t\t<\/div>\n\t\t<\/section>\n\t\t\t\t<section class=\"elementor-section elementor-top-section elementor-element elementor-element-70f7cce elementor-section-boxed elementor-section-height-default elementor-section-height-default\" data-id=\"70f7cce\" data-element_type=\"section\">\n\t\t\t\t\t\t<div class=\"elementor-container elementor-column-gap-default\">\n\t\t\t\t\t<div class=\"elementor-column elementor-col-100 elementor-top-column elementor-element elementor-element-ee57dd5\" data-id=\"ee57dd5\" data-element_type=\"column\">\n\t\t\t<div class=\"elementor-widget-wrap elementor-element-populated\">\n\t\t\t\t\t\t<div class=\"elementor-element elementor-element-e387a75 elementor-widget elementor-widget-text-editor\" data-id=\"e387a75\" data-element_type=\"widget\" data-widget_type=\"text-editor.default\">\n\t\t\t\t<div class=\"elementor-widget-container\">\n\t\t\t\t\t\t\t\t\t<p>Los representantes de la Corporaci\u00f3n municipal nombrados por acuerdo plenario de 19 de juliol de 2023 s\u00f3n:<\/p><p>Titular: Alfons Dom\u00ednguez Gento<\/p><p>Suplente: Enrique Montalv\u00e1 Espa\u00f1a.<\/p>\t\t\t\t\t\t\t\t<\/div>\n\t\t\t\t<\/div>\n\t\t\t\t\t<\/div>\n\t\t<\/div>\n\t\t\t\t\t<\/div>\n\t\t<\/section>\n\t\t\t\t<\/div>\n\t\t","protected":false},"excerpt":{"rendered":"<p>Red Espa\u00f1ola de Ciudades Inteligentes (RECI) El objetivo de la Asociaci\u00f3n es la generaci\u00f3n de una din\u00e1mica entre ciudades a fin de disponer de una red espa\u00f1ola de ciudades inteligentes, las cuales tienen que promover la gesti\u00f3n autom\u00e1tica y eficiente de las infraestructuras y los servicios urbanos, as\u00ed como la reducci\u00f3n del gasto p\u00fablico y &hellip; <\/p>\n<p class=\"link-more\"><a href=\"https:\/\/alzira.es\/es\/mas-informacion-entidades-consorcios-y-asociaciones\/\" class=\"more-link\">Continuar leyendo<span class=\"screen-reader-text\"> \u00abM\u00e1s informaci\u00f3n: Entidades, Consorcios y Asociaciones\u00bb<\/span><\/a><\/p>\n","protected":false},"author":29,"featured_media":0,"parent":0,"menu_order":0,"comment_status":"closed","ping_status":"closed","template":"","meta":{"_acf_changed":false,"footnotes":""},"class_list":["post-108383","page","type-page","status-publish","hentry"],"acf":[],"_links":{"self":[{"href":"https:\/\/alzira.es\/es\/wp-json\/wp\/v2\/pages\/108383","targetHints":{"allow":["GET"]}}],"collection":[{"href":"https:\/\/alzira.es\/es\/wp-json\/wp\/v2\/pages"}],"about":[{"href":"https:\/\/alzira.es\/es\/wp-json\/wp\/v2\/types\/page"}],"author":[{"embeddable":true,"href":"https:\/\/alzira.es\/es\/wp-json\/wp\/v2\/users\/29"}],"replies":[{"embeddable":true,"href":"https:\/\/alzira.es\/es\/wp-json\/wp\/v2\/comments?post=108383"}],"version-history":[{"count":2,"href":"https:\/\/alzira.es\/es\/wp-json\/wp\/v2\/pages\/108383\/revisions"}],"predecessor-version":[{"id":144164,"href":"https:\/\/alzira.es\/es\/wp-json\/wp\/v2\/pages\/108383\/revisions\/144164"}],"wp:attachment":[{"href":"https:\/\/alzira.es\/es\/wp-json\/wp\/v2\/media?parent=108383"}],"curies":[{"name":"wp","href":"https:\/\/api.w.org\/{rel}","templated":true}]}}