{"id":107095,"date":"2021-12-10T18:15:03","date_gmt":"2021-12-10T17:15:03","guid":{"rendered":"https:\/\/alzira.es\/concejalia-de-cooperacion\/"},"modified":"2021-12-13T19:53:06","modified_gmt":"2021-12-13T18:53:06","slug":"concejalia-de-cooperacion","status":"publish","type":"page","link":"https:\/\/alzira.es\/es\/servicios-municipales\/cooperacion-y-solidaridad\/concejalia-de-cooperacion\/","title":{"rendered":"CONCEJAL\u00cdA DE COOPERACI\u00d3N"},"content":{"rendered":"\t\t<div data-elementor-type=\"wp-page\" data-elementor-id=\"107095\" class=\"elementor elementor-107095 elementor-107003\">\n\t\t\t\t\t\t<section class=\"elementor-section elementor-top-section elementor-element elementor-element-e8a8ec0 elementor-section-boxed elementor-section-height-default elementor-section-height-default\" data-id=\"e8a8ec0\" data-element_type=\"section\">\n\t\t\t\t\t\t<div class=\"elementor-container elementor-column-gap-default\">\n\t\t\t\t\t<div class=\"elementor-column elementor-col-33 elementor-top-column elementor-element elementor-element-097c578\" data-id=\"097c578\" data-element_type=\"column\">\n\t\t\t<div class=\"elementor-widget-wrap elementor-element-populated\">\n\t\t\t\t\t\t<div class=\"elementor-element elementor-element-c65630a elementor-widget elementor-widget-image\" data-id=\"c65630a\" data-element_type=\"widget\" data-widget_type=\"image.default\">\n\t\t\t\t<div class=\"elementor-widget-container\">\n\t\t\t\t\t\t\t\t\t\t\t\t\t\t\t<img decoding=\"async\" width=\"150\" height=\"150\" data-src=\"https:\/\/alzira.es\/wp-content\/uploads\/2021\/12\/150x150px_Leticia_Piquer.jpg\" class=\"attachment-large size-large wp-image-107007 lazyload\" alt=\"\" data-srcset=\"https:\/\/alzira.es\/wp-content\/uploads\/2021\/12\/150x150px_Leticia_Piquer.jpg 150w, https:\/\/alzira.es\/wp-content\/uploads\/2021\/12\/150x150px_Leticia_Piquer-100x100.jpg 100w\" data-sizes=\"100vw\" src=\"data:image\/svg+xml;base64,PHN2ZyB3aWR0aD0iMSIgaGVpZ2h0PSIxIiB4bWxucz0iaHR0cDovL3d3dy53My5vcmcvMjAwMC9zdmciPjwvc3ZnPg==\" style=\"--smush-placeholder-width: 150px; --smush-placeholder-aspect-ratio: 150\/150;\" \/>\t\t\t\t\t\t\t\t\t\t\t\t\t\t\t<\/div>\n\t\t\t\t<\/div>\n\t\t\t\t\t<\/div>\n\t\t<\/div>\n\t\t\t\t<div class=\"elementor-column elementor-col-66 elementor-top-column elementor-element elementor-element-bc1326b\" data-id=\"bc1326b\" data-element_type=\"column\">\n\t\t\t<div class=\"elementor-widget-wrap elementor-element-populated\">\n\t\t\t\t\t\t<div class=\"elementor-element elementor-element-1eb5ada elementor-widget elementor-widget-text-editor\" data-id=\"1eb5ada\" data-element_type=\"widget\" data-widget_type=\"text-editor.default\">\n\t\t\t\t<div class=\"elementor-widget-container\">\n\t\t\t\t\t\t\t\t\t<p><strong>MISI\u00d3<\/strong>. Recolzar i coordinar aquelles iniciatives, entitats i associacions assentades al territori; l\u2019acci\u00f3 de les quals es desenvolupen a l\u2019\u00e0mbit de la cooperaci\u00f3 i l\u2019Agenda 2030.<\/p>\n<p><strong>VISI\u00d3<\/strong>. Composar a la ciutat d\u2019Alzira una xarxa de cooperaci\u00f3 pr\u00e0ctica, accessible i activa amb tots aquells agents territorials vinculats a diferents \u00e0mbits d\u2019actuaci\u00f3.<br \/>Concienciar al conjunt de la ciutadania de l\u2019impacte ecosocial que es deriva del model occidental de desenvolupament, promovent un canvi glocal per tant de millorar la qualitat de vida de la ciutadania planet\u00e0ria.<br \/>Revertir el model assistencialista propi de l\u2019\u00e0mbit de la cooperaci\u00f3, per tant d\u2019oferir millores i solucions individuals a aquelles persones o col\u00b7lectius m\u00e9s vulnerables.<\/p>\n<p><strong>VALORS. \u201cCO-RRESPONSABILITAT. MUNICIPALISME. SUPORT MUTU.\u201d<\/strong> Des de la Regidoria de Cooperaci\u00f3 es pret\u00e9 abordar aquelles problem\u00e0tiques i\/o necessitats de la ciutadania des d\u2019una perspectiva glocal, \u00e9s a dir, \u201cPensant globalment per\u00f2 actuant localment\u201d.<\/p>\n\t\t\t\t\t\t\t\t<\/div>\n\t\t\t\t<\/div>\n\t\t\t\t\t<\/div>\n\t\t<\/div>\n\t\t\t\t\t<\/div>\n\t\t<\/section>\n\t\t\t\t<\/div>\n\t\t","protected":false},"excerpt":{"rendered":"<p>MISI\u00d3. Recolzar i coordinar aquelles iniciatives, entitats i associacions assentades al territori; l\u2019acci\u00f3 de les quals es desenvolupen a l\u2019\u00e0mbit de la cooperaci\u00f3 i l\u2019Agenda 2030. VISI\u00d3. Composar a la ciutat d\u2019Alzira una xarxa de cooperaci\u00f3 pr\u00e0ctica, accessible i activa amb tots aquells agents territorials vinculats a diferents \u00e0mbits d\u2019actuaci\u00f3.Concienciar al conjunt de la ciutadania &hellip; <\/p>\n<p class=\"link-more\"><a href=\"https:\/\/alzira.es\/es\/servicios-municipales\/cooperacion-y-solidaridad\/concejalia-de-cooperacion\/\" class=\"more-link\">Continuar leyendo<span class=\"screen-reader-text\"> \u00abCONCEJAL\u00cdA DE COOPERACI\u00d3N\u00bb<\/span><\/a><\/p>\n","protected":false},"author":29,"featured_media":0,"parent":107104,"menu_order":0,"comment_status":"closed","ping_status":"closed","template":"","meta":{"_acf_changed":false,"footnotes":""},"class_list":["post-107095","page","type-page","status-publish","hentry"],"acf":[],"_links":{"self":[{"href":"https:\/\/alzira.es\/es\/wp-json\/wp\/v2\/pages\/107095","targetHints":{"allow":["GET"]}}],"collection":[{"href":"https:\/\/alzira.es\/es\/wp-json\/wp\/v2\/pages"}],"about":[{"href":"https:\/\/alzira.es\/es\/wp-json\/wp\/v2\/types\/page"}],"author":[{"embeddable":true,"href":"https:\/\/alzira.es\/es\/wp-json\/wp\/v2\/users\/29"}],"replies":[{"embeddable":true,"href":"https:\/\/alzira.es\/es\/wp-json\/wp\/v2\/comments?post=107095"}],"version-history":[{"count":1,"href":"https:\/\/alzira.es\/es\/wp-json\/wp\/v2\/pages\/107095\/revisions"}],"predecessor-version":[{"id":107096,"href":"https:\/\/alzira.es\/es\/wp-json\/wp\/v2\/pages\/107095\/revisions\/107096"}],"up":[{"embeddable":true,"href":"https:\/\/alzira.es\/es\/wp-json\/wp\/v2\/pages\/107104"}],"wp:attachment":[{"href":"https:\/\/alzira.es\/es\/wp-json\/wp\/v2\/media?parent=107095"}],"curies":[{"name":"wp","href":"https:\/\/api.w.org\/{rel}","templated":true}]}}