{"id":106853,"date":"2021-12-09T15:39:10","date_gmt":"2021-12-09T14:39:10","guid":{"rendered":"https:\/\/alzira.es\/?page_id=106853"},"modified":"2026-03-04T10:33:57","modified_gmt":"2026-03-04T09:33:57","slug":"informacio","status":"publish","type":"page","link":"https:\/\/alzira.es\/es\/servicios-municipales\/la-clau\/informacio\/","title":{"rendered":"Informaci\u00f3"},"content":{"rendered":"\t\t<div data-elementor-type=\"wp-page\" data-elementor-id=\"106853\" class=\"elementor elementor-106853\">\n\t\t\t\t\t\t<section class=\"elementor-section elementor-top-section elementor-element elementor-element-5bec36c elementor-section-boxed elementor-section-height-default elementor-section-height-default\" data-id=\"5bec36c\" data-element_type=\"section\">\n\t\t\t\t\t\t<div class=\"elementor-container elementor-column-gap-default\">\n\t\t\t\t\t<div class=\"elementor-column elementor-col-50 elementor-top-column elementor-element elementor-element-de1b757\" data-id=\"de1b757\" data-element_type=\"column\">\n\t\t\t<div class=\"elementor-widget-wrap elementor-element-populated\">\n\t\t\t\t\t\t<div class=\"elementor-element elementor-element-87dbb60 elementor-widget elementor-widget-text-editor\" data-id=\"87dbb60\" data-element_type=\"widget\" data-widget_type=\"text-editor.default\">\n\t\t\t\t<div class=\"elementor-widget-container\">\n\t\t\t\t\t\t\t\t\t<p><b>QUI SOM?<\/b><\/p><p>La Clau \u00e9s l\u2019Oficina d\u2019Atenci\u00f3 Ciutadana de l\u2019Ajuntament d\u2019Alzira que t\u00e9 com objectiu informar i atendre la ciutadania de forma eficient i amb qualitat i facilitar la seua relaci\u00f3 amb l\u2019Ajuntament.<\/p><p>La Clau va ser una de les primers oficines adaptades a la nova llei de procediment que transforma el tradicional registre d\u2019entrada de l\u2019Ajuntament d\u2019Alzira en una Oficina d\u2019Assist\u00e8ncia en Mat\u00e8ria de Registre, per a respondre les demandes de la ciutadania i adaptar l\u2019atenci\u00f3 presencial al moment actual, apropant l\u2019administraci\u00f3 a la ciutadania.<\/p><p>La Clau centralitza tota la informaci\u00f3 dels diferents serveis municipals en un \u00fanic punt, oferint una atenci\u00f3 emp\u00e0tica i proactiva amb l\u2019objectiu de servir a la ciutadania i col\u00b7locar-la en el centre de les nostres actuacions.<\/p>\t\t\t\t\t\t\t\t<\/div>\n\t\t\t\t<\/div>\n\t\t\t\t\t<\/div>\n\t\t<\/div>\n\t\t\t\t<div class=\"elementor-column elementor-col-50 elementor-top-column elementor-element elementor-element-7089cc5\" data-id=\"7089cc5\" data-element_type=\"column\">\n\t\t\t<div class=\"elementor-widget-wrap elementor-element-populated\">\n\t\t\t\t\t\t<div class=\"elementor-element elementor-element-f11ed40 elementor-widget elementor-widget-text-editor\" data-id=\"f11ed40\" data-element_type=\"widget\" data-widget_type=\"text-editor.default\">\n\t\t\t\t<div class=\"elementor-widget-container\">\n\t\t\t\t\t\t\t\t\t<p><strong>QU\u00c8 FEM?<\/strong><\/p><p style=\"padding-left: 40px;\">&#8211; Pagament amb targeta des de la mateixa oficina.<\/p><p style=\"padding-left: 40px;\">&#8211; Registre electr\u00f2nic de totes les sol\u00b7licituds que es presenten i digitalitzaci\u00f3 de totes els documents.<\/p><p style=\"padding-left: 40px;\">&#8211; Emissi\u00f3 de certificats de firma digital de l\u2019ACCV i sistema Cl@ve.<\/p><p style=\"padding-left: 40px;\">&#8211; Punt d\u2019Informaci\u00f3 Cadastral.<\/p><p style=\"padding-left: 40px;\">&#8211; Presentaci\u00f3 de documentaci\u00f3 i registre d\u2019entrada per a gestions amb altres administracions p\u00fabliques.<\/p><p style=\"padding-left: 40px;\">&#8211; Obtenci\u00f3 immediata del certificat d\u2019estar al corrent del pagament de tributs amb l\u2019Ajuntament d\u2019Alzira.<\/p>\t\t\t\t\t\t\t\t<\/div>\n\t\t\t\t<\/div>\n\t\t\t\t\t<\/div>\n\t\t<\/div>\n\t\t\t\t\t<\/div>\n\t\t<\/section>\n\t\t\t\t<section class=\"elementor-section elementor-top-section elementor-element elementor-element-04edfb9 elementor-section-boxed elementor-section-height-default elementor-section-height-default\" data-id=\"04edfb9\" data-element_type=\"section\">\n\t\t\t\t\t\t<div class=\"elementor-container elementor-column-gap-default\">\n\t\t\t\t\t<div class=\"elementor-column elementor-col-50 elementor-top-column elementor-element elementor-element-20e14e8\" data-id=\"20e14e8\" data-element_type=\"column\">\n\t\t\t<div class=\"elementor-widget-wrap elementor-element-populated\">\n\t\t\t\t\t\t<div class=\"elementor-element elementor-element-e80bcf9 elementor-widget elementor-widget-text-editor\" data-id=\"e80bcf9\" data-element_type=\"widget\" data-widget_type=\"text-editor.default\">\n\t\t\t\t<div class=\"elementor-widget-container\">\n\t\t\t\t\t\t\t\t\t<p><strong>INFORMACI\u00d3 I CONTACTE<\/strong><\/p><ul><li>Oficina al carrer Rambla, 23 d\u2019Alzira<\/li><li>Atenci\u00f3 amb cita pr\u00e8via:\u00a0<span style=\"color: #800000;\"><em><strong><a style=\"color: #800000;\" href=\"https:\/\/citaprevia.alzira.es\/cp\/#!\/es\/home?centro=1&amp;depto=1\" target=\"_blank\" rel=\"noopener\">citaprevia.alzira.es<\/a><\/strong><\/em><\/span><\/li><li><span style=\"background-color: inherit; font-size: 1rem;\"><a href=\"https:\/\/alzira.es\" target=\"_blank\" rel=\"noopener\">www.alzira.es\u00a0<\/a><\/span><\/li><li><span style=\"background-color: inherit; font-size: 1rem;\">Tel\u00e8fon:\u00a0 \u00a0 <span style=\"color: #800000;\"><strong>010<\/strong><\/span><\/span><\/li><li><span style=\"background-color: inherit; font-size: 1rem;\">Tel\u00e8fon:\u00a0 \u00a0 96 070 43 48<\/span><\/li><li>oficina.clau@alzira.es<\/li><\/ul><p><strong>HORARI<\/strong><\/p><p style=\"padding-left: 40px;\"><span style=\"text-decoration: underline;\"><strong>Del 16 de setembre al 15 de juny:<\/strong><\/span><br \/>&#8211; dilluns, dimecres, dijous i divendres, de 9,00 a 14,00 hores<br \/>&#8211; dimarts de 9,00 a 18,00 hores ininterrompudament.<br \/><br \/><span style=\"text-decoration: underline;\"><strong>Del 16 de juny al 15 de setembre:<\/strong><\/span><br \/>De dilluns a divendres de\u00a09,00\u00a0a\u00a014,00\u00a0hores.<br \/><br \/>Exceptuant modificaci\u00f3 per horari especial en festius o vespres de festius.<\/p>\t\t\t\t\t\t\t\t<\/div>\n\t\t\t\t<\/div>\n\t\t\t\t\t<\/div>\n\t\t<\/div>\n\t\t\t\t<div class=\"elementor-column elementor-col-50 elementor-top-column elementor-element elementor-element-bcee1ce\" data-id=\"bcee1ce\" data-element_type=\"column\">\n\t\t\t<div class=\"elementor-widget-wrap elementor-element-populated\">\n\t\t\t\t\t\t<div class=\"elementor-element elementor-element-2fe160f elementor-widget elementor-widget-text-editor\" data-id=\"2fe160f\" data-element_type=\"widget\" data-widget_type=\"text-editor.default\">\n\t\t\t\t<div class=\"elementor-widget-container\">\n\t\t\t\t\t\t\t\t\t<span style=\"text-align: justify;\"><b>COM ARRIBAR<\/b><\/span><img fetchpriority=\"high\" decoding=\"async\" src=\"https:\/\/alzira.es\/wp-content\/uploads\/2016\/12\/CLAU_com_arribar_map.png\" alt=\"\" width=\"674\" height=\"482\"><p><\/p>\t\t\t\t\t\t\t\t<\/div>\n\t\t\t\t<\/div>\n\t\t\t\t\t<\/div>\n\t\t<\/div>\n\t\t\t\t\t<\/div>\n\t\t<\/section>\n\t\t\t\t<section class=\"elementor-section elementor-top-section elementor-element elementor-element-5910ed1 elementor-section-boxed elementor-section-height-default elementor-section-height-default\" data-id=\"5910ed1\" data-element_type=\"section\">\n\t\t\t\t\t\t<div class=\"elementor-container elementor-column-gap-default\">\n\t\t\t\t\t<div class=\"elementor-column elementor-col-100 elementor-top-column elementor-element elementor-element-d9d5993\" data-id=\"d9d5993\" data-element_type=\"column\">\n\t\t\t<div class=\"elementor-widget-wrap elementor-element-populated\">\n\t\t\t\t\t\t<div class=\"elementor-element elementor-element-6a04fe1 elementor-widget elementor-widget-image\" data-id=\"6a04fe1\" data-element_type=\"widget\" data-widget_type=\"image.default\">\n\t\t\t\t<div class=\"elementor-widget-container\">\n\t\t\t\t\t\t\t\t\t\t\t\t\t\t\t\t<a href=\"https:\/\/www.instagram.com\/laclaualzira\/?hl=es\">\n\t\t\t\t\t\t\t<img decoding=\"async\" width=\"525\" height=\"294\" data-src=\"https:\/\/alzira.es\/wp-content\/uploads\/2022\/06\/Captura.png\" class=\"attachment-large size-large wp-image-123334 lazyload\" alt=\"\" data-sizes=\"100vw\" src=\"data:image\/svg+xml;base64,PHN2ZyB3aWR0aD0iMSIgaGVpZ2h0PSIxIiB4bWxucz0iaHR0cDovL3d3dy53My5vcmcvMjAwMC9zdmciPjwvc3ZnPg==\" style=\"--smush-placeholder-width: 525px; --smush-placeholder-aspect-ratio: 525\/294;\" \/>\t\t\t\t\t\t\t\t<\/a>\n\t\t\t\t\t\t\t\t\t\t\t\t\t\t\t<\/div>\n\t\t\t\t<\/div>\n\t\t\t\t\t<\/div>\n\t\t<\/div>\n\t\t\t\t\t<\/div>\n\t\t<\/section>\n\t\t\t\t<\/div>\n\t\t","protected":false},"excerpt":{"rendered":"<p>QUI SOM? La Clau \u00e9s l\u2019Oficina d\u2019Atenci\u00f3 Ciutadana de l\u2019Ajuntament d\u2019Alzira que t\u00e9 com objectiu informar i atendre la ciutadania de forma eficient i amb qualitat i facilitar la seua relaci\u00f3 amb l\u2019Ajuntament. La Clau va ser una de les primers oficines adaptades a la nova llei de procediment que transforma el tradicional registre d\u2019entrada &hellip; <\/p>\n<p class=\"link-more\"><a href=\"https:\/\/alzira.es\/es\/servicios-municipales\/la-clau\/informacio\/\" class=\"more-link\">Continuar leyendo<span class=\"screen-reader-text\"> \u00abInformaci\u00f3\u00bb<\/span><\/a><\/p>\n","protected":false},"author":29,"featured_media":0,"parent":86254,"menu_order":0,"comment_status":"closed","ping_status":"closed","template":"","meta":{"_acf_changed":false,"footnotes":""},"class_list":["post-106853","page","type-page","status-publish","hentry"],"acf":[],"_links":{"self":[{"href":"https:\/\/alzira.es\/es\/wp-json\/wp\/v2\/pages\/106853","targetHints":{"allow":["GET"]}}],"collection":[{"href":"https:\/\/alzira.es\/es\/wp-json\/wp\/v2\/pages"}],"about":[{"href":"https:\/\/alzira.es\/es\/wp-json\/wp\/v2\/types\/page"}],"author":[{"embeddable":true,"href":"https:\/\/alzira.es\/es\/wp-json\/wp\/v2\/users\/29"}],"replies":[{"embeddable":true,"href":"https:\/\/alzira.es\/es\/wp-json\/wp\/v2\/comments?post=106853"}],"version-history":[{"count":2,"href":"https:\/\/alzira.es\/es\/wp-json\/wp\/v2\/pages\/106853\/revisions"}],"predecessor-version":[{"id":168478,"href":"https:\/\/alzira.es\/es\/wp-json\/wp\/v2\/pages\/106853\/revisions\/168478"}],"up":[{"embeddable":true,"href":"https:\/\/alzira.es\/es\/wp-json\/wp\/v2\/pages\/86254"}],"wp:attachment":[{"href":"https:\/\/alzira.es\/es\/wp-json\/wp\/v2\/media?parent=106853"}],"curies":[{"name":"wp","href":"https:\/\/api.w.org\/{rel}","templated":true}]}}