{"id":106704,"date":"2021-12-03T10:12:51","date_gmt":"2021-12-03T09:12:51","guid":{"rendered":"https:\/\/alzira.es\/?page_id=106704"},"modified":"2021-12-16T12:57:11","modified_gmt":"2021-12-16T11:57:11","slug":"intranet-organs-collegiats","status":"publish","type":"page","link":"https:\/\/alzira.es\/es\/intranet-organs-collegiats\/","title":{"rendered":"Intranet \u00d2rgans Col\u00b7legiats"},"content":{"rendered":"\n<p class=\"has-text-align-center\"><strong>Ley 7\/1985, de 2 de abril, Reguladora de las Bases del R\u00e9gimen Local.&nbsp;<\/strong><\/p>\n\n\n\n<p class=\"has-text-align-center\">T\u00cdTULO V.<br>DISPOSICIONES COMUNES A LAS ENTIDADES LOCALES<br>CAP\u00cdTULO PRIMERO.<br>R\u00c9GIMEN DE FUNCIONAMIENTO.&nbsp;<\/p>\n\n\n\n<p>Art\u00edculo 46.<\/p>\n\n\n\n<p><strong>1.<\/strong>&nbsp;Los&nbsp;<strong>\u00f3rganos colegiados<\/strong>&nbsp;de las entidades locales funcionan en r\u00e9gimen de sesiones ordinarias de periodicidad preestablecida y extraordinarias, que pueden ser, adem\u00e1s, urgentes.<\/p>\n\n\n\n<p><strong>2.<\/strong>&nbsp;En todo caso, el funcionamiento del pleno de las Corporaciones locales se ajusta a las siguientes reglas:&nbsp;<\/p>\n\n\n\n<p><strong>a.<\/strong>&nbsp;El Pleno celebra sesi\u00f3n ordinaria como m\u00ednimo cada mes en los Ayuntamientos de municipios de m\u00e1s de 20.000 habitantes y en las Diputaciones Provinciales; cada dos meses en los Ayuntamientos de los municipios de una poblaci\u00f3n entre 5.001 habitantes y 20.000 habitantes; y cada tres en los municipios de hasta 5.000 habitantes. Asimismo, el Pleno celebra sesi\u00f3n extraordinaria cuando as lo decida el Presidente o lo solicite la cuarta parte, al menos, del n\u00famero legal de miembros de la Corporaci\u00f3n, sin que ning\u00fan concejal pueda solicitar m\u00e1s de tres anualmente. En este \u00faltimo caso, la celebraci\u00f3n del mismo no podr\u00e1 demorarse por m\u00e1s de quince d\u00edas h\u00e1biles desde que fuera solicitada, no pudiendo incorporarse el asunto al orden del d\u00eda de un Pleno ordinario o de otro extraordinario con m\u00e1s asuntos si no lo autorizan expresamente los solicitantes de la convocatoria.<\/p>\n\n\n\n<p>Si el Presidente no convocase el Pleno extraordinario solicitado por el n\u00famero de concejales indicado dentro del plazo se\u00f1alado, quedar\u00e1 autom\u00e1ticamente convocado para el d\u00e9cimo d\u00eda h\u00e1bil siguiente al de la finalizaci\u00f3n de dicho plazo, a las doce horas, lo que ser\u00e1 notificado por el Secretario de la Corporaci\u00f3n a todos los miembros de la misma al d\u00eda siguiente de la finalizaci\u00f3n del plazo citado anteriormente. En ausencia del Presidente o de quien legalmente haya de sustituirle, el Pleno quedar\u00e1 v\u00e1lidamente constituido siempre que concurra el qu\u00f3rum requerido en la letra c) de este precepto, en cuyo caso ser\u00e1 presidido por el miembro de la Corporaci\u00f3n de mayor edad entre los presentes.<\/p>\n\n\n\n<p><strong>b.<\/strong>&nbsp;Las sesiones plenarias han de convocarse, al menos, con dos d\u00edas h\u00e1biles de antelaci\u00f3n, salvo las extraordinarias que lo hayan sido con car\u00e1cter urgente, cuya convocatoria con este car\u00e1cter deber\u00e1 ser ratificada por el Pleno. La documentaci\u00f3n \u00edntegra de los asuntos incluidos en el orden del d\u00eda, que deba servir de base al debate y, en su caso, votaci\u00f3n, deber\u00e1 figurar a disposici\u00f3n de los Concejales o Diputados, desde el mismo d\u00eda de la convocatoria, en la Secretar\u00eda de la Corporaci\u00f3n.<\/p>\n\n\n\n<p><strong>c.<\/strong>&nbsp;El Pleno se constituye v\u00e1lidamente con la asistencia de un tercio del n\u00famero legal de miembros del mismo, que nunca podr\u00e1 ser inferior a tres. Este qu\u00f3rum deber\u00e1 mantenerse durante toda la sesi\u00f3n.<\/p>\n\n\n\n<p>En todo caso, se requiere la asistencia del Presidente y del Secretario de la Corporaci\u00f3n o de quienes legalmente les sustituyan.<\/p>\n\n\n\n<p><strong>d.<\/strong>&nbsp;La adopci\u00f3n de acuerdos se produce mediante votaci\u00f3n ordinaria, salvo que el propio Pleno acuerde, para un caso concreto, la votaci\u00f3n nominal. El voto puede emitirse en sentido afirmativo o negativo, pudiendo los miembros de las Corporaciones abstenerse de votar.<\/p>\n\n\n\n<p>La ausencia de uno o varios Concejales o Diputados, una vez iniciada la deliberaci\u00f3n de un asunto, equivale, a efectos de la votaci\u00f3n correspondiente, a la abstenci\u00f3n.<\/p>\n\n\n\n<p>En el caso de votaciones con resultado de empate, se efectuar\u00e1 una nueva votaci\u00f3n, y si persistiera el empate, decidir\u00e1 el voto de calidad del Presidente.<\/p>\n\n\n\n<p><strong>e.<\/strong>&nbsp;En los plenos ordinarios la parte dedicada al control de los dem\u00e1s \u00f3rganos de la Corporaci\u00f3n deber\u00e1 presentar sustantividad propia y diferenciada de la parte resolutiva, debi\u00e9ndose garantizar de forma efectiva en su funcionamiento y, en su caso, en su regulaci\u00f3n, la participaci\u00f3n de todos los grupos municipales en la formulaci\u00f3n de ruegos, preguntas y mociones.<\/p>\n","protected":false},"excerpt":{"rendered":"<p>Ley 7\/1985, de 2 de abril, Reguladora de las Bases del R\u00e9gimen Local.&nbsp; T\u00cdTULO V.DISPOSICIONES COMUNES A LAS ENTIDADES LOCALESCAP\u00cdTULO PRIMERO.R\u00c9GIMEN DE FUNCIONAMIENTO.&nbsp; Art\u00edculo 46. 1.&nbsp;Los&nbsp;\u00f3rganos colegiados&nbsp;de las entidades locales funcionan en r\u00e9gimen de sesiones ordinarias de periodicidad preestablecida y extraordinarias, que pueden ser, adem\u00e1s, urgentes. 2.&nbsp;En todo caso, el funcionamiento del pleno de las &hellip; <\/p>\n<p class=\"link-more\"><a href=\"https:\/\/alzira.es\/es\/intranet-organs-collegiats\/\" class=\"more-link\">Continuar leyendo<span class=\"screen-reader-text\"> \u00abIntranet \u00d2rgans Col\u00b7legiats\u00bb<\/span><\/a><\/p>\n","protected":false},"author":29,"featured_media":0,"parent":0,"menu_order":0,"comment_status":"closed","ping_status":"closed","template":"page_intranet.php","meta":{"_acf_changed":false,"footnotes":""},"class_list":["post-106704","page","type-page","status-publish","hentry"],"acf":[],"_links":{"self":[{"href":"https:\/\/alzira.es\/es\/wp-json\/wp\/v2\/pages\/106704","targetHints":{"allow":["GET"]}}],"collection":[{"href":"https:\/\/alzira.es\/es\/wp-json\/wp\/v2\/pages"}],"about":[{"href":"https:\/\/alzira.es\/es\/wp-json\/wp\/v2\/types\/page"}],"author":[{"embeddable":true,"href":"https:\/\/alzira.es\/es\/wp-json\/wp\/v2\/users\/29"}],"replies":[{"embeddable":true,"href":"https:\/\/alzira.es\/es\/wp-json\/wp\/v2\/comments?post=106704"}],"version-history":[{"count":3,"href":"https:\/\/alzira.es\/es\/wp-json\/wp\/v2\/pages\/106704\/revisions"}],"predecessor-version":[{"id":108046,"href":"https:\/\/alzira.es\/es\/wp-json\/wp\/v2\/pages\/106704\/revisions\/108046"}],"wp:attachment":[{"href":"https:\/\/alzira.es\/es\/wp-json\/wp\/v2\/media?parent=106704"}],"curies":[{"name":"wp","href":"https:\/\/api.w.org\/{rel}","templated":true}]}}