{"id":106685,"date":"2021-12-01T18:33:25","date_gmt":"2021-12-01T17:33:25","guid":{"rendered":"https:\/\/alzira.es\/?page_id=106685"},"modified":"2022-07-29T08:00:56","modified_gmt":"2022-07-29T06:00:56","slug":"convocatoria-13-2019-seleccion-en-propiedad-15-plazas-policia-local-5-movilidad-10-turno-libre","status":"publish","type":"page","link":"https:\/\/alzira.es\/es\/servicios-municipales\/recursos-humanos\/empleo-permanente\/convocatoria-13-2019-seleccion-en-propiedad-15-plazas-policia-local-5-movilidad-10-turno-libre\/","title":{"rendered":"Convocatoria 13\/2019 Selecci\u00f3n en propiedad 15 plazas polic\u00eda local, 5 movilidad + 10 turno libre"},"content":{"rendered":"<p><span style=\"color: #993300;\">Decreto 1721\/2022 &#8211; Aprobados, plazo documentaci\u00f3n (hasta 12\/08\/2022) y bolsa &#8211; turno libre\u00a0<\/span><\/p>\n<p><span style=\"color: #993300;\">* T\u00edtulo, * Carnets, * Declaraci\u00f3n responsable<\/span><\/p>\n<p><strong>DOCUMENTOS DEL EXPEDIENTE:<\/strong><\/p>\n\n\n<figure class=\"wp-block-table\"><table class=\"has-background\" style=\"background:radial-gradient(rgb(238,238,238) 0%,rgb(169,184,195) 100%)\"><thead><tr><th>Nombre Fichero<\/th><th>Fecha Publicaci\u00f3n<\/th><\/tr><\/thead><tbody><tr><td><a href=\"https:\/\/alzira.es\/wp-content\/uploads\/2022\/07\/40-COMPARECENCIA-PREVIA-AL-INGRESO-llibre-estil-2021-personal-estable-policia-local.doc\" target=\"_blank\" rel=\"noreferrer noopener\">Modelo declaraci\u00f3n responsable<\/a><\/td><td>29\/07\/2022<\/td><\/tr><tr><td><a href=\"https:\/\/alzira.es\/wp-content\/uploads\/2022\/07\/40-Decret-aprovats-i-constitucio-borsa-esig.pdf\" target=\"_blank\" rel=\"noreferrer noopener\">Decreto 1721\/2022 &#8211; Aprobados, plazo documentaci\u00f3n y bolsa<\/a><\/td><td>29\/07\/2022<\/td><\/tr><tr><td><a href=\"https:\/\/alzira.es\/wp-content\/uploads\/2022\/07\/39-Acta-9a-prova-reconeixement-medic-Agents-PL-ok-web.pdf\" target=\"_blank\" rel=\"noreferrer noopener\">Acta n\u00fam. 9 resultado reconocimiento m\u00e9dico y orden final &#8211; turno libre<\/a><\/td><td>27\/07\/2022<\/td><\/tr><tr><td><a href=\"https:\/\/alzira.es\/wp-content\/uploads\/2022\/07\/38-LL_Anunci_WEB_-LL-5A-PROVA-RECONEIXEMENT-MEDIC.pdf\" target=\"_blank\" rel=\"noreferrer noopener\">Anuncio: Fecha y hora reconocimiento m\u00e9dico<\/a><\/td><td>06\/07\/2022<\/td><\/tr><tr><td><a href=\"https:\/\/alzira.es\/wp-content\/uploads\/2022\/06\/37-Acta-8a-prova-psicotecnica-sobres-i-entrevista-i-nota-valencia-Agents-PL-web.pdf\" target=\"_blank\" rel=\"noreferrer noopener\">Acta 8 T. Libre: Entrevista y valenciano<\/a><\/td><td>23\/06\/2022<\/td><\/tr><tr><td><a href=\"https:\/\/alzira.es\/wp-content\/uploads\/2022\/06\/37-LL_Anunci_WEB_-LL-3A-PROVA-PSICOTECNIC-entrevista-i-allegacions-1.pdf\">Anuncio: Fecha y hora entrevista<\/a><\/td><td>15\/06\/2022<\/td><\/tr><tr><td><a href=\"https:\/\/alzira.es\/wp-content\/uploads\/2022\/06\/36-Acta-7-4a-prova-realitzacio-psicotecnica-i-valencia-Agents-PL-web.pdf\" target=\"_blank\" rel=\"noreferrer noopener\">Acta 7 T. Libre: Resultados 4to y 5to ejercicio<\/a><\/td><td>15\/06\/2022<\/td><\/tr><tr><td><a href=\"https:\/\/alzira.es\/wp-content\/uploads\/2022\/05\/35-LL_Anunci_WEB_-LL-3A-i-4A-PROVA-PSICOTECNIC-i-VALENCIA.pdf\" target=\"_blank\" rel=\"noreferrer noopener\">Anuncio: Fecha y hora 3r y 4to ejercicio<\/a><\/td><td>26\/05\/2022<\/td><\/tr><tr><td><a href=\"https:\/\/alzira.es\/wp-content\/uploads\/2022\/05\/34-LL-Acta-4a-prova-TEMES-PRACTICS-lectura-i-nota-3r-exer-PRACTIC-LOCAL-web.pdf\" target=\"_blank\" rel=\"noreferrer noopener\">Acta 6 T. Libre: Resultados 3er ejercicio<\/a><\/td><td>13\/05\/2022<\/td><\/tr><tr><td><a href=\"https:\/\/alzira.es\/wp-content\/uploads\/2022\/04\/33-LL-Acta-3a-prova-TEMES-PRACTICS-LOCALS-i-data-lectura-web.pdf\" target=\"_blank\" rel=\"noreferrer noopener\">Acta 5 T. Libre: Fecha y hora lectura 3er ejercicio<\/a><\/td><td><\/td><\/tr><tr><td><a href=\"https:\/\/alzira.es\/wp-content\/uploads\/2022\/04\/32-LL-Acta-resultat-definitiu-2a-prova-test-noms-i-data-2n-exercici-web.pdf\" target=\"_blank\" rel=\"noreferrer noopener\">Acta 4 T. Libre: Apertura sobre, resultados y 3er ejercicio<\/a><\/td><td><\/td><\/tr><tr><td><a href=\"https:\/\/alzira.es\/wp-content\/uploads\/2022\/03\/Decret-nomenament-torn-mobilitat.pdf\" target=\"_blank\" rel=\"noreferrer noopener\">Edicto T. Movilidad: Constituci\u00f3n bolsa y nombramientos<\/a><\/td><td><\/td><\/tr><tr><td><a href=\"https:\/\/alzira.es\/wp-content\/uploads\/2022\/03\/30-LL-Acta-3-al\u00b7legacions-i-resultat-definitiu-2a-prova-test-web.pdf\" target=\"_blank\" rel=\"noreferrer noopener\">Acta 3 T. Libre: Alegaciones y resultado 2\u00ba ejercicio<\/a><\/td><td><\/td><\/tr><tr><td><a href=\"https:\/\/alzira.es\/wp-content\/uploads\/2022\/03\/29-MOB-Acta-4-allegacions-i-resultat-definitiu-merits-PROPOSTA-NOMENAMENT-web.pdf\" target=\"_blank\" rel=\"noreferrer noopener\">Acta 4 T. Movilidad: Alegaciones y resultado definitivo<\/a><\/td><td><\/td><\/tr><tr><td><a href=\"https:\/\/alzira.es\/wp-content\/uploads\/2022\/01\/28-LL-Acta-2-prova-TEST-dia-11-01-2022-resultat-provisional-signar-TRIBUNAL-web.pdf\" target=\"_blank\" rel=\"noreferrer noopener\">Acta 2 T. Libre: Correcci\u00f3n y resultado test 1r ejercicio<\/a><\/td><td><\/td><\/tr><tr><td><a href=\"https:\/\/alzira.es\/wp-content\/uploads\/2021\/12\/1r-ejercicio-turno-libre.pdf\" target=\"_blank\" rel=\"noreferrer noopener\">Anuncio: Fecha y lugar 1r ejercicio T. Libre<\/a><\/td><td><\/td><\/tr><tr><td><a href=\"https:\/\/alzira.es\/wp-content\/uploads\/2021\/12\/Acta-3-Mobilitat.pdf\" target=\"_blank\" rel=\"noreferrer noopener\">Acta 3 T. Movilidad: Resultado provisional m\u00e9ritos y reconoc. m\u00e9dico<\/a><\/td><td><\/td><\/tr><tr><td><a href=\"https:\/\/alzira.es\/wp-content\/uploads\/2021\/12\/26-_MOBLL_Anunci_WEB_-MOB_REC-MEDIC.pdf\" target=\"_blank\" rel=\"noreferrer noopener\">Anulaci\u00f3n fecha examen turno libre + revisi\u00f3n m\u00e9dica turno movilidad<\/a><\/td><td><\/td><\/tr><tr><td><a href=\"https:\/\/alzira.es\/wp-content\/uploads\/2021\/12\/LL_Acta-1-alcada-proves-fisiques-dia-27-10-2021.pdf\" target=\"_blank\" rel=\"noreferrer noopener\">LL -Acta 1 al\u00e7ada + proves fisiques dia 27-10-2021<\/a><\/td><td><\/td><\/tr><tr><td><a href=\"https:\/\/alzira.es\/wp-content\/uploads\/2021\/12\/24_LL_Anunci_WEB_1a_proves_fisiques_LLIURE_27102021.pdf\" target=\"_blank\" rel=\"noreferrer noopener\">LListat_1a_proves_fisiques_LLIURE_27102021<\/a><\/td><td><\/td><\/tr><tr><td><a href=\"https:\/\/alzira.es\/wp-content\/uploads\/2021\/12\/23-LL_Anunci-WEB-1a-prova-fisiques-LLIURE-20211027.pdf\" target=\"_blank\" rel=\"noreferrer noopener\">LL-Anunci WEB 1a prova fisiques LLIURE<\/a><\/td><td><\/td><\/tr><tr><td><a href=\"https:\/\/alzira.es\/wp-content\/uploads\/2021\/12\/acta_nm_2_torn_de_mobilitat._convocatria_13-19.pdf\" target=\"_blank\" rel=\"noreferrer noopener\">Acta 2 T. Movilidad:<\/a><\/td><td><\/td><\/tr><tr><td><a href=\"https:\/\/alzira.es\/wp-content\/uploads\/2021\/12\/aclaraci_acta_1_constitucio_i_resultat_provisional.pdf\" target=\"_blank\" rel=\"noreferrer noopener\">Aclaraci\u00f3n Acta 1 T. Movilidad:<\/a><\/td><td><\/td><\/tr><tr><td><a href=\"https:\/\/alzira.es\/wp-content\/uploads\/2021\/12\/acta_num_1_torn_mobilitat.pdf\" target=\"_blank\" rel=\"noreferrer noopener\">Acta 1 T. Movilidad:<\/a><\/td><td><\/td><\/tr><tr><td><a href=\"https:\/\/alzira.es\/wp-content\/uploads\/2021\/12\/pla_de_contingencia_oposicions.pdf\" target=\"_blank\" rel=\"noreferrer noopener\">Pla de contiing\u00e8ncia per a la realitzaci\u00f3 de les proves selectives de en l\u2019 IES la Murta d\u2019Alzira.<\/a><\/td><td><\/td><\/tr><tr><td><a href=\"https:\/\/alzira.es\/wp-content\/uploads\/2021\/12\/17-anunci_data_examen_1er._test_mobilitat__convoc_13-19.pdf\" target=\"_blank\" rel=\"noreferrer noopener\">Anunci de la prova psicot\u00e8cnica i aptitudinal<\/a><\/td><td><\/td><\/tr><tr><td><a href=\"https:\/\/alzira.es\/wp-content\/uploads\/2021\/12\/decret_llista_definitiva_admesos_exclosos_i_tribunal.pdf\" target=\"_blank\" rel=\"noreferrer noopener\">Llista definitiva d\u2019admissi\u00f3 i exclusi\u00f3 d\u2019aspirants<\/a><\/td><td><\/td><\/tr><tr><td><a href=\"https:\/\/alzira.es\/wp-content\/uploads\/2021\/12\/publicacio_bop_llista_definitiva_admeso_exclosos.pdf\" target=\"_blank\" rel=\"noreferrer noopener\">Anunci BOP sobre aprovaci\u00f3 de la llista definitiva d\u2019admissi\u00f3 i exclusi\u00f3 d\u2019aspirants<\/a><\/td><td><\/td><\/tr><tr><td><a href=\"https:\/\/alzira.es\/wp-content\/uploads\/2021\/12\/Anunci__BOP_lista_provisional_admesos_exclosos.pdf\" target=\"_blank\" rel=\"noreferrer noopener\">Anunci BOP sobre aprovaci\u00f3 de la llista provisional d\u2019admissi\u00f3 i exclusi\u00f3 d\u2019aspirants<\/a><\/td><td><\/td><\/tr><tr><td><a href=\"https:\/\/alzira.es\/wp-content\/uploads\/2021\/12\/Decret_lista_provisional_admesos_exclosos.pdf\" target=\"_blank\" rel=\"noreferrer noopener\">Rectificaci\u00f3 Decret 2182\/2020 per errada administrativa en relaci\u00f3 a la llista provisional d&#8217;admissi\u00f3 i exclusi\u00f3 d&#8217;aspirants<\/a><\/td><td><\/td><\/tr><tr><td><a href=\"https:\/\/alzira.es\/wp-content\/uploads\/2021\/12\/bases_especifiques_20201105.pdf\" target=\"_blank\" rel=\"noreferrer noopener\">BASES ESPEC\u00cdFIQUES 20201105<\/a><\/td><td><\/td><\/tr><tr><td><a href=\"https:\/\/alzira.es\/wp-content\/uploads\/2021\/12\/anunci_bop_rectificacio_bases_bop_20201105.pdf\" target=\"_blank\" rel=\"noreferrer noopener\">Rectificaci\u00f3 de les bases de la convocat\u00f2ria BOP<\/a><\/td><td><\/td><\/tr><tr><td><a href=\"https:\/\/alzira.es\/wp-content\/uploads\/2021\/12\/anunci_boe_20200729.pdf\" target=\"_blank\" rel=\"noreferrer noopener\">Convocatoria BOLET\u00cdN OFICIAL DEL ESTADO<\/a><\/td><td><\/td><\/tr><tr><td><a href=\"https:\/\/alzira.es\/wp-content\/uploads\/2021\/12\/hoja_autobaremacion_pol_mobilitat.xlsx\" target=\"_blank\" rel=\"noreferrer noopener\">Autobaremaci\u00f3 de m\u00e8rits<\/a><\/td><td><\/td><\/tr><tr><td><a href=\"https:\/\/alzira.es\/wp-content\/uploads\/2021\/12\/Anunci_BOP_Aprovacio_-Bases_Especifiques_conv_-13_2019_BOP_20200129.pdf\" target=\"_blank\" rel=\"noreferrer noopener\">Bases especifiques per a la convocatoria de quinze places d\u2019agent de la Polic\u00eda Local (BOP)<\/a><\/td><td><\/td><\/tr><\/tbody><\/table><\/figure>\n","protected":false},"excerpt":{"rendered":"<p>Decreto 1721\/2022 &#8211; Aprobados, plazo documentaci\u00f3n (hasta 12\/08\/2022) y bolsa &#8211; turno libre\u00a0 * T\u00edtulo, * Carnets, * Declaraci\u00f3n responsable DOCUMENTOS DEL EXPEDIENTE: Nombre Fichero Fecha Publicaci\u00f3n Modelo declaraci\u00f3n responsable 29\/07\/2022 Decreto 1721\/2022 &#8211; Aprobados, plazo documentaci\u00f3n y bolsa 29\/07\/2022 Acta n\u00fam. 9 resultado reconocimiento m\u00e9dico y orden final &#8211; turno libre 27\/07\/2022 Anuncio: Fecha &hellip; <\/p>\n<p class=\"link-more\"><a href=\"https:\/\/alzira.es\/es\/servicios-municipales\/recursos-humanos\/empleo-permanente\/convocatoria-13-2019-seleccion-en-propiedad-15-plazas-policia-local-5-movilidad-10-turno-libre\/\" class=\"more-link\">Continuar leyendo<span class=\"screen-reader-text\"> \u00abConvocatoria 13\/2019 Selecci\u00f3n en propiedad 15 plazas polic\u00eda local, 5 movilidad + 10 turno libre\u00bb<\/span><\/a><\/p>\n","protected":false},"author":29,"featured_media":0,"parent":105851,"menu_order":0,"comment_status":"closed","ping_status":"closed","template":"","meta":{"_acf_changed":false,"footnotes":""},"class_list":["post-106685","page","type-page","status-publish","hentry"],"acf":[],"_links":{"self":[{"href":"https:\/\/alzira.es\/es\/wp-json\/wp\/v2\/pages\/106685","targetHints":{"allow":["GET"]}}],"collection":[{"href":"https:\/\/alzira.es\/es\/wp-json\/wp\/v2\/pages"}],"about":[{"href":"https:\/\/alzira.es\/es\/wp-json\/wp\/v2\/types\/page"}],"author":[{"embeddable":true,"href":"https:\/\/alzira.es\/es\/wp-json\/wp\/v2\/users\/29"}],"replies":[{"embeddable":true,"href":"https:\/\/alzira.es\/es\/wp-json\/wp\/v2\/comments?post=106685"}],"version-history":[{"count":2,"href":"https:\/\/alzira.es\/es\/wp-json\/wp\/v2\/pages\/106685\/revisions"}],"predecessor-version":[{"id":126418,"href":"https:\/\/alzira.es\/es\/wp-json\/wp\/v2\/pages\/106685\/revisions\/126418"}],"up":[{"embeddable":true,"href":"https:\/\/alzira.es\/es\/wp-json\/wp\/v2\/pages\/105851"}],"wp:attachment":[{"href":"https:\/\/alzira.es\/es\/wp-json\/wp\/v2\/media?parent=106685"}],"curies":[{"name":"wp","href":"https:\/\/api.w.org\/{rel}","templated":true}]}}