{"id":106647,"date":"2021-12-01T18:10:48","date_gmt":"2021-12-01T17:10:48","guid":{"rendered":"https:\/\/alzira.es\/?page_id=106647"},"modified":"2021-12-20T14:45:21","modified_gmt":"2021-12-20T13:45:21","slug":"convocatoria-10-2019-tres-plazas-trabajador-a-social-por-concurso-oposicion-libre","status":"publish","type":"page","link":"https:\/\/alzira.es\/es\/servicios-municipales\/recursos-humanos\/empleo-permanente\/convocatoria-10-2019-tres-plazas-trabajador-a-social-por-concurso-oposicion-libre\/","title":{"rendered":"Convocatoria 10\/2019 Tres plazas Trabajador\/a Social por concurso-oposici\u00f3n libre"},"content":{"rendered":"<p><strong>DOCUMENTOS DEL EXPEDIENTE:<\/strong><\/p>\n\n\n<figure class=\"wp-block-table\"><table class=\"has-background\" style=\"background:radial-gradient(rgb(238,238,238) 0%,rgb(169,184,195) 100%)\"><thead><tr><th>Nombre Fichero<\/th><th>Certificado<\/th><\/tr><\/thead><tbody><tr><td><a href=\"https:\/\/alzira.es\/wp-content\/uploads\/2021\/12\/Acta-8-avaluacio-merits-i-total-al\u00b7legacions.pdf\" target=\"_blank\" rel=\"noreferrer noopener\">Acta 8: Alegaciones al concurso de m\u00e9ritos y resultados definitivos<\/a><\/td><td><\/td><\/tr><tr><td><a href=\"https:\/\/alzira.es\/wp-content\/uploads\/2021\/12\/Acta-7-avaluacio-merits-i-puntuacio-total.pdf\" target=\"_blank\" rel=\"noreferrer noopener\">Acta 7: Evaluaci\u00f3n m\u00e9ritos y puntuaci\u00f3n total<\/a><\/td><td><\/td><\/tr><tr><td><a href=\"https:\/\/alzira.es\/wp-content\/uploads\/2021\/12\/Edicte_inici_termini_de_presentacio_de_merits-20211020.pdf\" target=\"_blank\" rel=\"noreferrer noopener\">Edicto: Inicio plazo de presentaci\u00f3n de m\u00e9ritos<\/a><\/td><td><\/td><\/tr><tr><td><a href=\"https:\/\/alzira.es\/wp-content\/uploads\/2021\/12\/Acta-6-avaluacio-2n-exercici-rectif.pdf\" target=\"_blank\" rel=\"noreferrer noopener\">Acta 6: Evaluaci\u00f3n 2n ejercicio &#8211; Rectificaci\u00f3n<\/a><\/td><td><\/td><\/tr><tr><td><a href=\"https:\/\/alzira.es\/wp-content\/uploads\/2021\/12\/Acta-5-realitzacio-2n-exercici.pdf\" target=\"_blank\" rel=\"noreferrer noopener\">Acta 5: Realizaci\u00f3n 2n ejercicio<\/a><\/td><td><\/td><\/tr><tr><td><a href=\"https:\/\/alzira.es\/wp-content\/uploads\/2021\/12\/11-Acta-4-obertura-sobres-identificador-signat.pdf\" target=\"_blank\" rel=\"noreferrer noopener\">Acta 4: Apertura sobre c\u00f3digos identificadores<\/a><\/td><td><\/td><\/tr><tr><td><a href=\"https:\/\/alzira.es\/wp-content\/uploads\/2021\/12\/12_edicte_data_examen_2n._exercici_conv_10-19_ts.pdf\" target=\"_blank\" rel=\"noreferrer noopener\">Edicto: Determinaci\u00f3n Fecha, Lugar y Hora segundo ejercicio y apertura del sobre<\/a><\/td><td><\/td><\/tr><tr><td><a href=\"https:\/\/alzira.es\/wp-content\/uploads\/2021\/12\/10-acta_3_correcci_curtes_ts_revisi_web.pdf\" target=\"_blank\" rel=\"noreferrer noopener\">Acta 3: Alegaciones i revisi\u00f3n 1r ejercicio<\/a><\/td><td><\/td><\/tr><tr><td><a href=\"https:\/\/alzira.es\/wp-content\/uploads\/2021\/12\/acta_2_notes_test_i_preguntes_curtes.pdf\" target=\"_blank\" rel=\"noreferrer noopener\">Acta 2: Notas test y preguntas cortas 1r ejercicio<\/a><\/td><td><\/td><\/tr><tr><td><a href=\"https:\/\/alzira.es\/wp-content\/uploads\/2021\/12\/Acta_1_Constitucio_Tribunal_i_test__curtes.pdf\" target=\"_blank\" rel=\"noreferrer noopener\">Acta 1: Constituci\u00f3n tribunal y test + cortas<\/a><\/td><td><\/td><\/tr><tr><td><a href=\"https:\/\/alzira.es\/wp-content\/uploads\/2021\/12\/20210519_pla_de_contingencia_oposicions_enric_valor.pdf\" target=\"_blank\" rel=\"noreferrer noopener\">PLAN DE CONTINGENCIA PARA LA REALIZACI\u00d3N DE LAS PRUEBAS SELECTIVAS EN E\u00d1 CFPA ENRIC VALOR DE ALZIRA<\/a><\/td><td><\/td><\/tr><tr><td><a href=\"https:\/\/alzira.es\/wp-content\/uploads\/2021\/12\/autobaremacio_v-1.xlsx\" target=\"_blank\" rel=\"noreferrer noopener\">Autobaremaci\u00f3n de m\u00e9ritos<\/a><\/td><td><\/td><\/tr><tr><td><a href=\"https:\/\/alzira.es\/wp-content\/uploads\/2021\/12\/Decret_1255_Llistat_definitiu_admesos_i_constitucio_tribunal.pdf\" target=\"_blank\" rel=\"noreferrer noopener\">Lista definitiva de admisi\u00f3n y exclusi\u00f3n de aspirantes<\/a><\/td><td><\/td><\/tr><tr><td><a href=\"https:\/\/alzira.es\/wp-content\/uploads\/2021\/12\/decret_llistat_provisional_admesos_exclosos_conv_10_2019.pdf\" target=\"_blank\" rel=\"noreferrer noopener\">Lista provisional de admisi\u00f3n y exclusi\u00f3n de aspirantes<\/a><\/td><td><\/td><\/tr><tr><td><a href=\"https:\/\/alzira.es\/wp-content\/uploads\/2021\/12\/01_bases_especifiques_treballadors_socials.pdf\" target=\"_blank\" rel=\"noreferrer noopener\">Bases espec\u00edficas<\/a><\/td><td><\/td><\/tr><tr><td><a href=\"https:\/\/alzira.es\/wp-content\/uploads\/2021\/12\/00_bases_generals-1.pdf\" target=\"_blank\" rel=\"noreferrer noopener\">Bases generals<\/a><\/td><td><\/td><\/tr><tr><td><a href=\"https:\/\/alzira.es\/wp-content\/uploads\/2021\/12\/00_bases_generales-1.pdf\" target=\"_blank\" rel=\"noreferrer noopener\">Bases generales<\/a><\/td><td><\/td><\/tr><tr><td><a href=\"https:\/\/alzira.es\/wp-content\/uploads\/2021\/12\/02_Anunci_-BOP_-treballador_social.pdf\" target=\"_blank\" rel=\"noreferrer noopener\">Convocatoria de provisi\u00f3n de TRES plazas de Trabajador\/a Social por el sistema de concurso-oposici\u00f3n libre, grupo A, subgrupo A2, con car\u00e1cter de funcionario en propiedad<\/a><\/td><td><\/td><\/tr><\/tbody><\/table><\/figure>\n","protected":false},"excerpt":{"rendered":"<p>DOCUMENTOS DEL EXPEDIENTE: Nombre Fichero Certificado Acta 8: Alegaciones al concurso de m\u00e9ritos y resultados definitivos Acta 7: Evaluaci\u00f3n m\u00e9ritos y puntuaci\u00f3n total Edicto: Inicio plazo de presentaci\u00f3n de m\u00e9ritos Acta 6: Evaluaci\u00f3n 2n ejercicio &#8211; Rectificaci\u00f3n Acta 5: Realizaci\u00f3n 2n ejercicio Acta 4: Apertura sobre c\u00f3digos identificadores Edicto: Determinaci\u00f3n Fecha, Lugar y Hora segundo &hellip; <\/p>\n<p class=\"link-more\"><a href=\"https:\/\/alzira.es\/es\/servicios-municipales\/recursos-humanos\/empleo-permanente\/convocatoria-10-2019-tres-plazas-trabajador-a-social-por-concurso-oposicion-libre\/\" class=\"more-link\">Continuar leyendo<span class=\"screen-reader-text\"> \u00abConvocatoria 10\/2019 Tres plazas Trabajador\/a Social por concurso-oposici\u00f3n libre\u00bb<\/span><\/a><\/p>\n","protected":false},"author":29,"featured_media":0,"parent":105851,"menu_order":0,"comment_status":"closed","ping_status":"closed","template":"","meta":{"_acf_changed":false,"footnotes":""},"class_list":["post-106647","page","type-page","status-publish","hentry"],"acf":[],"_links":{"self":[{"href":"https:\/\/alzira.es\/es\/wp-json\/wp\/v2\/pages\/106647","targetHints":{"allow":["GET"]}}],"collection":[{"href":"https:\/\/alzira.es\/es\/wp-json\/wp\/v2\/pages"}],"about":[{"href":"https:\/\/alzira.es\/es\/wp-json\/wp\/v2\/types\/page"}],"author":[{"embeddable":true,"href":"https:\/\/alzira.es\/es\/wp-json\/wp\/v2\/users\/29"}],"replies":[{"embeddable":true,"href":"https:\/\/alzira.es\/es\/wp-json\/wp\/v2\/comments?post=106647"}],"version-history":[{"count":2,"href":"https:\/\/alzira.es\/es\/wp-json\/wp\/v2\/pages\/106647\/revisions"}],"predecessor-version":[{"id":107717,"href":"https:\/\/alzira.es\/es\/wp-json\/wp\/v2\/pages\/106647\/revisions\/107717"}],"up":[{"embeddable":true,"href":"https:\/\/alzira.es\/es\/wp-json\/wp\/v2\/pages\/105851"}],"wp:attachment":[{"href":"https:\/\/alzira.es\/es\/wp-json\/wp\/v2\/media?parent=106647"}],"curies":[{"name":"wp","href":"https:\/\/api.w.org\/{rel}","templated":true}]}}