{"id":106609,"date":"2021-12-01T17:48:48","date_gmt":"2021-12-01T16:48:48","guid":{"rendered":"https:\/\/alzira.es\/?page_id=106609"},"modified":"2022-02-03T08:28:30","modified_gmt":"2022-02-03T07:28:30","slug":"convocatoria-03-2019-una-plaza-auxiliar-administrativo-por-concurso-oposicion-libre","status":"publish","type":"page","link":"https:\/\/alzira.es\/es\/servicios-municipales\/recursos-humanos\/empleo-permanente\/convocatoria-03-2019-una-plaza-auxiliar-administrativo-por-concurso-oposicion-libre\/","title":{"rendered":"Convocatoria 03\/2019 Una plaza auxiliar administrativo por concurso oposici\u00f3n libre"},"content":{"rendered":"<p>\u00a0<\/p>\n<p><span style=\"color: #993300;\"><strong>Anuncio: Orden de llamamiento definitivo<\/strong><\/span><\/p>\n<p><strong>DOCUMENTOS DEL EXPEDIENTE:<\/strong><\/p>\n\n\n<figure class=\"wp-block-table\"><table class=\"has-background\" style=\"background:linear-gradient(90deg,rgb(238,238,238) 0%,rgb(169,184,195) 100%)\"><thead><tr><th>Nombre Fichero<\/th><th>Certificado<\/th><\/tr><\/thead><tbody><tr><td><a href=\"https:\/\/alzira.es\/wp-content\/uploads\/2022\/02\/23-ordre-de-crida-3r-2n-i-1r-exercici-2.pdf\">Anuncio: Listado + orden de llamamiento<\/a><\/td><td><\/td><\/tr><tr><td><a href=\"https:\/\/alzira.es\/wp-content\/uploads\/2022\/01\/22-Acta-11-allegacions-merits-definitiu-i-proposta-orde-nomenament-web.pdf\" target=\"_blank\" rel=\"noreferrer noopener\">Acta 11: Valoraci\u00f3n definitiva m\u00e9ritos + orden definitivo<\/a><\/td><td><\/td><\/tr><tr><td><a href=\"https:\/\/alzira.es\/wp-content\/uploads\/2021\/12\/21-Acta-10-allegacions-3r-exercici-merits-provisional.pdf\" target=\"_blank\" rel=\"noreferrer noopener\">Acta 10 Al\u00b7legacions 3r exercici + Valoraci\u00f3 provisional m\u00e8rits<\/a><\/td><td><\/td><\/tr><tr><td><a href=\"https:\/\/alzira.es\/wp-content\/uploads\/2021\/12\/Acta-9-Resultats-3a-prova-practica-ordinador.pdf\" target=\"_blank\" rel=\"noreferrer noopener\">Acta 9 Resultats 3a prova practica ordinador<\/a><\/td><td><\/td><\/tr><tr><td><a href=\"https:\/\/alzira.es\/wp-content\/uploads\/2021\/12\/3r-exercici-anunci-LLOC-material.pdf\" target=\"_blank\" rel=\"noreferrer noopener\">NUEVO LUGAR EXAMEN AUX. ADTIVO 16\/11\/2021<\/a><\/td><td><\/td><\/tr><tr><td><a href=\"https:\/\/alzira.es\/wp-content\/uploads\/2021\/12\/Acta-8-Obertura-sobre-num-identificatiu-nom-2n-exercici.pdf\" target=\"_blank\" rel=\"noreferrer noopener\">Acta 8 Obertura sobre num identificatiu &#8211; nom 2n exercici<\/a><\/td><td><\/td><\/tr><tr><td><a href=\"https:\/\/alzira.es\/wp-content\/uploads\/2021\/12\/Acta-7-Revisio-i-allegacions-2n-exercici.-Data-examen.pdf\" target=\"_blank\" rel=\"noreferrer noopener\">Acta 7 Revisi\u00f3 i allegacions 2n exercici. Data examen<\/a><\/td><td><\/td><\/tr><tr><td><a href=\"https:\/\/alzira.es\/wp-content\/uploads\/2021\/12\/Acta-6-Resultats-2a-prova-test-termini-al-legacions.pdf\" target=\"_blank\" rel=\"noreferrer noopener\">Acta 6 Resultats 2a prova test<\/a><\/td><td><\/td><\/tr><tr><td><a href=\"https:\/\/alzira.es\/wp-content\/uploads\/2021\/12\/Ordre-cridament-i-aules-2n-exercici-20211001.pdf\" target=\"_blank\" rel=\"noreferrer noopener\">Ordre cridament i aules 2n exercici 20211001<\/a><\/td><td><\/td><\/tr><tr><td><a href=\"https:\/\/alzira.es\/wp-content\/uploads\/2021\/12\/Acta-5-Obertura-sobre-num-identificatiu-nom-1r-exercici-RECTIF-ERRADA.pdf\" target=\"_blank\" rel=\"noreferrer noopener\">Acta 5 (bis)Obertura sobre num identificatiu &#8211; nom 1r exercici RECTIF ERRADA<\/a><\/td><td><\/td><\/tr><tr><td><a href=\"https:\/\/alzira.es\/wp-content\/uploads\/2021\/12\/16-Acta-5-Obertura-sobre-num-identificatiu-nom-1r-exercici-web.pdf\" target=\"_blank\" rel=\"noreferrer noopener\">Acta 5 Obertura sobre num identificatiu &#8211; nom 1r exercici web<\/a><\/td><td><\/td><\/tr><tr><td><a href=\"https:\/\/alzira.es\/wp-content\/uploads\/2021\/12\/15-Acta-4-Revisio-i-al\u00b7legacions-1r-exercici-19030206-web.pdf\" target=\"_blank\" rel=\"noreferrer noopener\">Acta 4 Revisi\u00f3 i al\u00b7legacions 1r exercici &#8211; 19030206<\/a><\/td><td><\/td><\/tr><tr><td><a href=\"https:\/\/alzira.es\/wp-content\/uploads\/2021\/12\/Edicte-Obertura-sobre-conv.10-19-Aux.-adtiu-SIGNAT.pdf\" target=\"_blank\" rel=\"noreferrer noopener\">Edicte Obertura sobre conv.10-19 Aux. Administratiu<\/a><\/td><td><\/td><\/tr><tr><td><a href=\"https:\/\/alzira.es\/wp-content\/uploads\/2021\/12\/14-acta_3_revisi_i_allegacions_1r_exercici_-_pregunta_42_19030147_web.pdf\" target=\"_blank\" rel=\"noreferrer noopener\">Acta n\u00fam. 3. Revisi\u00f3 i al\u00b7legacions al primer exercici<\/a><\/td><td><\/td><\/tr><tr><td><a href=\"https:\/\/alzira.es\/wp-content\/uploads\/2021\/12\/13-acta_2_revisi_i_allegacions_1r_exercici_web.pdf\" target=\"_blank\" rel=\"noreferrer noopener\">Acta n\u00fam. 2. Revisi\u00f3 i al\u00b7legacions al primer exercici<\/a><\/td><td><\/td><\/tr><tr><td><a href=\"https:\/\/alzira.es\/wp-content\/uploads\/2021\/12\/12-acta_1_constituci_tribunal_i_test_aa_web.pdf\" target=\"_blank\" rel=\"noreferrer noopener\">Acta n\u00fam. 1. Notes del primer exercici. Prova te\u00f2rica test, de car\u00e0cter obligatori i eliminatori.<\/a><\/td><td><\/td><\/tr><tr><td><a href=\"https:\/\/alzira.es\/wp-content\/uploads\/2021\/12\/Ordre_cridament_i_aules_1r_exercici_AA_20210728.pdf\" target=\"_blank\" rel=\"noreferrer noopener\">Ordre de crida i distribuci\u00f3 dels aspirants per aules proves selectives en l\u2019CFPA Enric Valor d\u2019 Alzira<\/a><\/td><td><\/td><\/tr><tr><td><a href=\"https:\/\/alzira.es\/wp-content\/uploads\/2021\/12\/Pla_de_Contingencia_Oposicions_Enric_Valor.pdf\" target=\"_blank\" rel=\"noreferrer noopener\">Pla de conting\u00e8ncia per a la realitzaci\u00f3 de les proves selectives a l&#8217;Escola d&#8217;Adults CFPA Enric Valor d&#8217;Alzira<\/a><\/td><td><\/td><\/tr><tr><td><a href=\"https:\/\/alzira.es\/wp-content\/uploads\/2021\/12\/Certificat_Decret_Modificacio_tribunal.pdf\" target=\"_blank\" rel=\"noreferrer noopener\">Modificaci\u00f3 membres del Tribunal<\/a><\/td><td><\/td><\/tr><tr><td><a href=\"https:\/\/alzira.es\/wp-content\/uploads\/2021\/12\/10_anunci_1r_exercici_auxiliar_administratius.pdf\" target=\"_blank\" rel=\"noreferrer noopener\">Anunci data i lloc realitzaci\u00f3 primer examen tipo test<\/a><\/td><td><\/td><\/tr><tr><td><a href=\"https:\/\/alzira.es\/wp-content\/uploads\/2021\/12\/autobaremacion_conv_03_2019_auxiliars_administratius.xls\" target=\"_blank\" rel=\"noreferrer noopener\">Autobaremaci\u00f3 de m\u00e8rits<\/a><\/td><td><\/td><\/tr><tr><td><a href=\"https:\/\/alzira.es\/wp-content\/uploads\/2021\/12\/decret_llistat_definitiu_admessos_i_exclosos_conv_3_19.pdf\" target=\"_blank\" rel=\"noreferrer noopener\">Llista definitiva d&#8217;admissi\u00f3 i exclusi\u00f3 d&#8217;aspirants<\/a><\/td><td><\/td><\/tr><tr><td><a href=\"https:\/\/alzira.es\/wp-content\/uploads\/2021\/12\/decret_llistat_admesos_exclosos_conv_3_19_auxiliars_administratius.pdf\" target=\"_blank\" rel=\"noreferrer noopener\">Llista provisional d&#8217;admissi\u00f3 i exclusi\u00f3 d&#8217;aspirants<\/a><\/td><td><\/td><\/tr><tr><td><a href=\"https:\/\/alzira.es\/wp-content\/uploads\/2021\/12\/01_bases_especifiques.pdf\" target=\"_blank\" rel=\"noreferrer noopener\">Bases espec\u00edfiques<\/a><\/td><td><\/td><\/tr><tr><td><a href=\"https:\/\/alzira.es\/wp-content\/uploads\/2021\/12\/01_bases_especificas.pdf\" target=\"_blank\" rel=\"noreferrer noopener\">Bases espec\u00edficas<\/a><\/td><td><\/td><\/tr><tr><td><a href=\"https:\/\/alzira.es\/wp-content\/uploads\/2021\/12\/00_bases_generals.pdf\" target=\"_blank\" rel=\"noreferrer noopener\">Bases generals<\/a><\/td><td><\/td><\/tr><tr><td><a href=\"https:\/\/alzira.es\/wp-content\/uploads\/2021\/12\/00_bases_generales.pdf\" target=\"_blank\" rel=\"noreferrer noopener\">Bases generales<\/a><\/td><td><\/td><\/tr><tr><td><a href=\"https:\/\/alzira.es\/wp-content\/uploads\/2021\/12\/anuncio_boe_19_11_2019.pdf\" target=\"_blank\" rel=\"noreferrer noopener\">Convocatoria para proveer una plaza de Auxiliar Administrativo\/a<\/a><\/td><td><\/td><\/tr><\/tbody><\/table><\/figure>\n","protected":false},"excerpt":{"rendered":"<p>\u00a0 Anuncio: Orden de llamamiento definitivo DOCUMENTOS DEL EXPEDIENTE: Nombre Fichero Certificado Anuncio: Listado + orden de llamamiento Acta 11: Valoraci\u00f3n definitiva m\u00e9ritos + orden definitivo Acta 10 Al\u00b7legacions 3r exercici + Valoraci\u00f3 provisional m\u00e8rits Acta 9 Resultats 3a prova practica ordinador NUEVO LUGAR EXAMEN AUX. ADTIVO 16\/11\/2021 Acta 8 Obertura sobre num identificatiu &#8211; &hellip; <\/p>\n<p class=\"link-more\"><a href=\"https:\/\/alzira.es\/es\/servicios-municipales\/recursos-humanos\/empleo-permanente\/convocatoria-03-2019-una-plaza-auxiliar-administrativo-por-concurso-oposicion-libre\/\" class=\"more-link\">Continuar leyendo<span class=\"screen-reader-text\"> \u00abConvocatoria 03\/2019 Una plaza auxiliar administrativo por concurso oposici\u00f3n libre\u00bb<\/span><\/a><\/p>\n","protected":false},"author":29,"featured_media":0,"parent":105851,"menu_order":0,"comment_status":"closed","ping_status":"closed","template":"","meta":{"_acf_changed":false,"footnotes":""},"class_list":["post-106609","page","type-page","status-publish","hentry"],"acf":[],"_links":{"self":[{"href":"https:\/\/alzira.es\/es\/wp-json\/wp\/v2\/pages\/106609","targetHints":{"allow":["GET"]}}],"collection":[{"href":"https:\/\/alzira.es\/es\/wp-json\/wp\/v2\/pages"}],"about":[{"href":"https:\/\/alzira.es\/es\/wp-json\/wp\/v2\/types\/page"}],"author":[{"embeddable":true,"href":"https:\/\/alzira.es\/es\/wp-json\/wp\/v2\/users\/29"}],"replies":[{"embeddable":true,"href":"https:\/\/alzira.es\/es\/wp-json\/wp\/v2\/comments?post=106609"}],"version-history":[{"count":2,"href":"https:\/\/alzira.es\/es\/wp-json\/wp\/v2\/pages\/106609\/revisions"}],"predecessor-version":[{"id":114608,"href":"https:\/\/alzira.es\/es\/wp-json\/wp\/v2\/pages\/106609\/revisions\/114608"}],"up":[{"embeddable":true,"href":"https:\/\/alzira.es\/es\/wp-json\/wp\/v2\/pages\/105851"}],"wp:attachment":[{"href":"https:\/\/alzira.es\/es\/wp-json\/wp\/v2\/media?parent=106609"}],"curies":[{"name":"wp","href":"https:\/\/api.w.org\/{rel}","templated":true}]}}