{"id":106555,"date":"2021-12-01T17:17:44","date_gmt":"2021-12-01T16:17:44","guid":{"rendered":"https:\/\/alzira.es\/?page_id=106555"},"modified":"2022-07-05T12:21:48","modified_gmt":"2022-07-05T10:21:48","slug":"convocatoria-07-2020-seleccion-en-propiedad-de-una-plaza-de-agente-de-igualdad-por-el-sistema-de-concurso-oposicion-libre-plaza-40109","status":"publish","type":"page","link":"https:\/\/alzira.es\/es\/servicios-municipales\/recursos-humanos\/empleo-permanente\/convocatoria-07-2020-seleccion-en-propiedad-de-una-plaza-de-agente-de-igualdad-por-el-sistema-de-concurso-oposicion-libre-plaza-40109\/","title":{"rendered":"CONVOCATORIA 07\/2020.- Selecci\u00f3n en propiedad de UNA plaza de Agente de Igualdad por el sistema de concurso oposici\u00f3n libre"},"content":{"rendered":"<p><span style=\"color: #993300;\">NOMBRAMIENTO Y CONSTITUCI\u00d3N DE LA BOLSA<\/span><\/p>\n<p><strong style=\"font-size: revert;\">DOCUMENTOS DEL EXPEDIENTE:<\/strong><\/p>\n\n\n<figure class=\"wp-block-table is-style-stripes\"><table class=\"has-background\" style=\"background:linear-gradient(90deg,rgb(238,238,238) 46%,rgb(169,184,195) 100%)\"><thead><tr><th>Nombre Fichero<\/th><th>Fecha Publicaci\u00f3n<\/th><\/tr><\/thead><tbody><tr><td><a href=\"https:\/\/alzira.es\/wp-content\/uploads\/2022\/07\/Nomenament-i-ordre-de-crida.pdf\" target=\"_blank\" rel=\"noreferrer noopener\">Nombramiento y constitucion de la bolsa<\/a><\/td><td>05\/07\/2022<\/td><\/tr><tr><td><a href=\"https:\/\/alzira.es\/wp-content\/uploads\/2022\/06\/Edicte-fase-concurs-definitiu-1.pdf\" target=\"_blank\" rel=\"noreferrer noopener\">Edicto: Resultado definitivo concurso de m\u00e9ritos<\/a><\/td><td>29\/06\/2022<\/td><\/tr><tr><td><a href=\"https:\/\/alzira.es\/wp-content\/uploads\/2022\/06\/Edicte-fase-concurs-provisional-2.pdf\" target=\"_blank\" rel=\"noreferrer noopener\">Edicto: Resultado provisional concurso de m\u00e9ritos<\/a><\/td><td>06\/06\/2022<\/td><\/tr><tr><td><a href=\"https:\/\/alzira.es\/wp-content\/uploads\/2022\/05\/Edicte-resultat-2n-exercici-i-concurs-de-merits.pdf\" target=\"_blank\" rel=\"noreferrer noopener\">Edicto: Resultados 2do ejercicio y m\u00e9ritos<\/a><\/td><td>13\/05\/2022<\/td><\/tr><tr><td><a href=\"https:\/\/alzira.es\/wp-content\/uploads\/2022\/05\/Correccio-anunci-data-2n-exercici.pdf\" target=\"_blank\" rel=\"noreferrer noopener\">Anuncio: Fecha segundo ejercicio<\/a><\/td><td>02\/05\/2022<\/td><\/tr><tr><td><a href=\"https:\/\/alzira.es\/wp-content\/uploads\/2022\/03\/Edicte-resultats-1er-exercici-signat-1.pdf\" target=\"_blank\" rel=\"noreferrer noopener\">Edicto: Resultados 1er ejercicio<\/a><\/td><td>31\/03\/2022<\/td><\/tr><tr><td><a href=\"https:\/\/alzira.es\/wp-content\/uploads\/2022\/03\/Acta-3-Obertura-sobre-1.pdf\" target=\"_blank\" rel=\"noreferrer noopener\">Acta: Apertura sobre c\u00f3digo identificativo<\/a><\/td><td>31\/03\/2022<\/td><\/tr><tr><td><a href=\"https:\/\/alzira.es\/wp-content\/uploads\/2022\/03\/Edicte-obertura-Igualtat.pdf\" target=\"_blank\" rel=\"noreferrer noopener\">Edicto: Apertura sobre c\u00f3digo identificativo<\/a><\/td><td>28\/03\/2022<\/td><\/tr><tr><td><a href=\"https:\/\/alzira.es\/wp-content\/uploads\/2022\/02\/Decret-llistat-definitiu-tribunal-i-data-examen.pdf\" target=\"_blank\" rel=\"noreferrer noopener\">Listado definitivo admitidos, tribunal y fecha primer ejercicio<\/a><\/td><td>03\/02\/2022<\/td><\/tr><tr><td><a href=\"https:\/\/alzira.es\/wp-content\/uploads\/2021\/12\/Decret-llistat-provisional-admesos-i-exclosos-1.pdf\" target=\"_blank\" rel=\"noreferrer noopener\">Listado provisional admitidos y excluidos.<\/a><\/td><td><\/td><\/tr><tr><td><a href=\"https:\/\/alzira.es\/wp-content\/uploads\/2021\/12\/autobaremacio_v.xlsx\" target=\"_blank\" rel=\"noreferrer noopener\">Autobaremaci\u00f3n<\/a><\/td><td><\/td><\/tr><tr><td><a href=\"https:\/\/alzira.es\/wp-content\/uploads\/2021\/12\/Anunci_publicacio_BOP_aprovacio_convocatoria.pdf\" target=\"_blank\" rel=\"noreferrer noopener\">Anuncio BOP sobre convocatoria y bases espec\u00edficas del proceso selectivo para cubrir una plaza de Agente de Igualdad por el sistema de concurso-oposici\u00f3n libre, subgrupo A1, con car\u00e1cter de funcionario en propiedad<\/a><\/td><td><\/td><\/tr><tr><td><a href=\"https:\/\/alzira.es\/wp-content\/uploads\/2021\/12\/BASES_ESPECIFIQUES.pdf\" target=\"_blank\" rel=\"noreferrer noopener\">Bases espec\u00edficas<\/a><\/td><td><\/td><\/tr><tr><td><a href=\"https:\/\/alzira.es\/wp-content\/uploads\/2021\/12\/BASES_GENERALES.pdf\" target=\"_blank\" rel=\"noreferrer noopener\">Bases generales<\/a><\/td><td><\/td><\/tr><tr><td><a href=\"https:\/\/alzira.es\/wp-content\/uploads\/2021\/12\/BASES_GENERALS.pdf\" target=\"_blank\" rel=\"noreferrer noopener\">Bases generals<\/a><\/td><td><\/td><\/tr><\/tbody><\/table><\/figure>\n","protected":false},"excerpt":{"rendered":"<p>NOMBRAMIENTO Y CONSTITUCI\u00d3N DE LA BOLSA DOCUMENTOS DEL EXPEDIENTE: Nombre Fichero Fecha Publicaci\u00f3n Nombramiento y constitucion de la bolsa 05\/07\/2022 Edicto: Resultado definitivo concurso de m\u00e9ritos 29\/06\/2022 Edicto: Resultado provisional concurso de m\u00e9ritos 06\/06\/2022 Edicto: Resultados 2do ejercicio y m\u00e9ritos 13\/05\/2022 Anuncio: Fecha segundo ejercicio 02\/05\/2022 Edicto: Resultados 1er ejercicio 31\/03\/2022 Acta: Apertura sobre c\u00f3digo &hellip; <\/p>\n<p class=\"link-more\"><a href=\"https:\/\/alzira.es\/es\/servicios-municipales\/recursos-humanos\/empleo-permanente\/convocatoria-07-2020-seleccion-en-propiedad-de-una-plaza-de-agente-de-igualdad-por-el-sistema-de-concurso-oposicion-libre-plaza-40109\/\" class=\"more-link\">Continuar leyendo<span class=\"screen-reader-text\"> \u00abCONVOCATORIA 07\/2020.- Selecci\u00f3n en propiedad de UNA plaza de Agente de Igualdad por el sistema de concurso oposici\u00f3n libre\u00bb<\/span><\/a><\/p>\n","protected":false},"author":29,"featured_media":0,"parent":105851,"menu_order":0,"comment_status":"closed","ping_status":"closed","template":"","meta":{"_acf_changed":false,"footnotes":""},"class_list":["post-106555","page","type-page","status-publish","hentry"],"acf":[],"_links":{"self":[{"href":"https:\/\/alzira.es\/es\/wp-json\/wp\/v2\/pages\/106555","targetHints":{"allow":["GET"]}}],"collection":[{"href":"https:\/\/alzira.es\/es\/wp-json\/wp\/v2\/pages"}],"about":[{"href":"https:\/\/alzira.es\/es\/wp-json\/wp\/v2\/types\/page"}],"author":[{"embeddable":true,"href":"https:\/\/alzira.es\/es\/wp-json\/wp\/v2\/users\/29"}],"replies":[{"embeddable":true,"href":"https:\/\/alzira.es\/es\/wp-json\/wp\/v2\/comments?post=106555"}],"version-history":[{"count":2,"href":"https:\/\/alzira.es\/es\/wp-json\/wp\/v2\/pages\/106555\/revisions"}],"predecessor-version":[{"id":124744,"href":"https:\/\/alzira.es\/es\/wp-json\/wp\/v2\/pages\/106555\/revisions\/124744"}],"up":[{"embeddable":true,"href":"https:\/\/alzira.es\/es\/wp-json\/wp\/v2\/pages\/105851"}],"wp:attachment":[{"href":"https:\/\/alzira.es\/es\/wp-json\/wp\/v2\/media?parent=106555"}],"curies":[{"name":"wp","href":"https:\/\/api.w.org\/{rel}","templated":true}]}}