{"id":106539,"date":"2021-12-01T17:00:25","date_gmt":"2021-12-01T16:00:25","guid":{"rendered":"https:\/\/alzira.es\/?page_id=106539"},"modified":"2022-02-04T13:47:05","modified_gmt":"2022-02-04T12:47:05","slug":"convocatoria-02-2021-bolsa-de-trabajo-a2-tecnico-medio-informatica-por-concurso-oposicion","status":"publish","type":"page","link":"https:\/\/alzira.es\/es\/servicios-municipales\/recursos-humanos\/empleo-temporal\/convocatoria-02-2021-bolsa-de-trabajo-a2-tecnico-medio-informatica-por-concurso-oposicion\/","title":{"rendered":"Convocatoria 02\/2021.- Bolsa de trabajo A2 T\u00e9cnico Medio Inform\u00e1tica por concurso-oposici\u00f3n"},"content":{"rendered":"<p><strong>DOCUMENTOS DEL EXPEDIENTE:<\/strong><\/p>\n\n\n<figure class=\"wp-block-table\"><table class=\"has-background\" style=\"background:radial-gradient(rgb(238,238,238) 0%,rgb(169,184,195) 100%)\"><thead><tr><th>Nombre Fichero<\/th><th>Certificado<\/th><\/tr><\/thead><tbody><tr><td><a href=\"https:\/\/alzira.es\/wp-content\/uploads\/2022\/01\/07-Acta-tercera-22-12-21.pdf\" target=\"_blank\" rel=\"noreferrer noopener\">Acta 3: Valoraci\u00f3n provisional m\u00e9ritos<\/a><\/td><td><\/td><\/tr><tr><td><a href=\"https:\/\/alzira.es\/wp-content\/uploads\/2022\/01\/Decret-resultat-def-i-Orde-Crida-TAE-A2-Informatica-2.pdf\" target=\"_blank\" rel=\"noreferrer noopener\">Edicto: Resultado definitivo y orden llamamiento<\/a><\/td><td><\/td><\/tr><tr><td><a href=\"https:\/\/alzira.es\/wp-content\/uploads\/2021\/12\/Acta-1-segona-part-26-11-21sign.pdf\" target=\"_blank\" rel=\"noreferrer noopener\">Acta 1 Segunda Parte<\/a><\/td><td><\/td><\/tr><tr><td><a href=\"https:\/\/alzira.es\/wp-content\/uploads\/2021\/12\/Acta-1-primera-part-25-11-21.pdf\" target=\"_blank\" rel=\"noreferrer noopener\">Acta 1 Primera Parte<\/a><\/td><td><\/td><\/tr><tr><td><a href=\"https:\/\/alzira.es\/wp-content\/uploads\/2021\/12\/Decret-llistat-provisional-admesos-i-exclosos.pdf\" target=\"_blank\" rel=\"noreferrer noopener\">Listado provisional admitidos y excluidos + plazo alegaciones<\/a><\/td><td><\/td><\/tr><tr><td><a href=\"https:\/\/alzira.es\/wp-content\/uploads\/2021\/12\/03_autobaremacio_v_TA2_INF.xlsx\" target=\"_blank\" rel=\"noreferrer noopener\">Autobaremaci\u00f3n<\/a><\/td><td><\/td><\/tr><tr><td><a href=\"https:\/\/alzira.es\/wp-content\/uploads\/2021\/12\/02-Anunci_BOP_CONV_2-21_Tecnic_mitja_informatica.pdf\" target=\"_blank\" rel=\"noreferrer noopener\">Anuncio en el BOP de la convocatoria<\/a><\/td><td><\/td><\/tr><tr><td><a href=\"https:\/\/alzira.es\/wp-content\/uploads\/2021\/12\/01-Bases_especifiques_TAEM_A2_INFORMATICA.pdf\" target=\"_blank\" rel=\"noreferrer noopener\">Bases espec\u00edficas<\/a><\/td><td><\/td><\/tr><\/tbody><\/table><\/figure>\n","protected":false},"excerpt":{"rendered":"<p>DOCUMENTOS DEL EXPEDIENTE: Nombre Fichero Certificado Acta 3: Valoraci\u00f3n provisional m\u00e9ritos Edicto: Resultado definitivo y orden llamamiento Acta 1 Segunda Parte Acta 1 Primera Parte Listado provisional admitidos y excluidos + plazo alegaciones Autobaremaci\u00f3n Anuncio en el BOP de la convocatoria Bases espec\u00edficas<\/p>\n","protected":false},"author":29,"featured_media":0,"parent":105760,"menu_order":0,"comment_status":"closed","ping_status":"closed","template":"","meta":{"_acf_changed":false,"footnotes":""},"class_list":["post-106539","page","type-page","status-publish","hentry"],"acf":[],"_links":{"self":[{"href":"https:\/\/alzira.es\/es\/wp-json\/wp\/v2\/pages\/106539","targetHints":{"allow":["GET"]}}],"collection":[{"href":"https:\/\/alzira.es\/es\/wp-json\/wp\/v2\/pages"}],"about":[{"href":"https:\/\/alzira.es\/es\/wp-json\/wp\/v2\/types\/page"}],"author":[{"embeddable":true,"href":"https:\/\/alzira.es\/es\/wp-json\/wp\/v2\/users\/29"}],"replies":[{"embeddable":true,"href":"https:\/\/alzira.es\/es\/wp-json\/wp\/v2\/comments?post=106539"}],"version-history":[{"count":2,"href":"https:\/\/alzira.es\/es\/wp-json\/wp\/v2\/pages\/106539\/revisions"}],"predecessor-version":[{"id":114741,"href":"https:\/\/alzira.es\/es\/wp-json\/wp\/v2\/pages\/106539\/revisions\/114741"}],"up":[{"embeddable":true,"href":"https:\/\/alzira.es\/es\/wp-json\/wp\/v2\/pages\/105760"}],"wp:attachment":[{"href":"https:\/\/alzira.es\/es\/wp-json\/wp\/v2\/media?parent=106539"}],"curies":[{"name":"wp","href":"https:\/\/api.w.org\/{rel}","templated":true}]}}