{"id":106513,"date":"2021-12-01T16:46:50","date_gmt":"2021-12-01T15:46:50","guid":{"rendered":"https:\/\/alzira.es\/?page_id=106513"},"modified":"2022-07-05T12:29:31","modified_gmt":"2022-07-05T10:29:31","slug":"convocatoria-11-2019-seleccion-en-propiedad-de-dos-plazas-de-educador-a-social-por-el-sistema-de-concurso-oposicion-libre","status":"publish","type":"page","link":"https:\/\/alzira.es\/es\/servicios-municipales\/recursos-humanos\/empleo-permanente\/convocatoria-11-2019-seleccion-en-propiedad-de-dos-plazas-de-educador-a-social-por-el-sistema-de-concurso-oposicion-libre\/","title":{"rendered":"CONVOCATORIA 11\/2019.- Selecci\u00f3n en propiedad de DOS plazas de Educador\/a Social por el sistema de concurso oposici\u00f3n libre"},"content":{"rendered":"<p><span style=\"color: #993300;\">NOMBRAMIENTO Y CONSTITUCI\u00d3N DE LA BOLSA<\/span><\/p>\n<p><strong>DOCUMENTOS DEL EXPEDIENTE:<\/strong><\/p>\n\n\n<figure class=\"wp-block-table is-style-stripes\"><table><tbody><tr><td><strong>Nombre Fichero<\/strong><\/td><td class=\"has-text-align-center\" data-align=\"center\"><strong>Fecha Publicaci\u00f3n<\/strong><\/td><\/tr><tr><td><a href=\"https:\/\/alzira.es\/wp-content\/uploads\/2022\/07\/Nomenament-i-ordre-de-crida-2.pdf\" target=\"_blank\" rel=\"noreferrer noopener\">Nombramiento y constituci\u00f3n de la bolsa<\/a><\/td><td class=\"has-text-align-center\" data-align=\"center\">05\/07\/2022<\/td><\/tr><tr><td><a href=\"https:\/\/alzira.es\/wp-content\/uploads\/2022\/06\/Edicte-fase-concurs-definitiu-2.pdf\" target=\"_blank\" rel=\"noreferrer noopener\">Edicto: Resultado definitivo fase concurso<\/a><\/td><td class=\"has-text-align-center\" data-align=\"center\">29\/06\/2022<\/td><\/tr><tr><td><a href=\"https:\/\/alzira.es\/wp-content\/uploads\/2022\/06\/Edicte-fase-concurs-provisional.pdf\" target=\"_blank\" rel=\"noreferrer noopener\">Edicto: Resultado provisional fase concurso<\/a><\/td><td class=\"has-text-align-center\" data-align=\"center\">01\/06\/2022<\/td><\/tr><tr><td><a href=\"https:\/\/alzira.es\/wp-content\/uploads\/2022\/05\/Edicte-Resultats-2n-exercici-i-presentacio-merits.pdf\" target=\"_blank\" rel=\"noreferrer noopener\">Edicto: Resultados 2do ejercicio y presentaci\u00f3n m\u00e9ritos<\/a><\/td><td class=\"has-text-align-center\" data-align=\"center\">13\/05\/2022<\/td><\/tr><tr><td><a href=\"https:\/\/alzira.es\/wp-content\/uploads\/2022\/05\/Correccio-anunci-data-2n-exercici-2.pdf\" target=\"_blank\" rel=\"noreferrer noopener\">Anuncio: Fecha segundo ejercicio<\/a><\/td><td class=\"has-text-align-center\" data-align=\"center\">02\/05\/2022<\/td><\/tr><tr><td><a href=\"https:\/\/alzira.es\/wp-content\/uploads\/2022\/04\/Edicte-Resultats-1er-exercici.pdf\" target=\"_blank\" rel=\"noreferrer noopener\">Edicto: Resultados 1er ejercicio<\/a><\/td><td class=\"has-text-align-center\" data-align=\"center\">05\/04\/2022<\/td><\/tr><tr><td><a href=\"https:\/\/alzira.es\/wp-content\/uploads\/2022\/04\/Acta-3-Obertura-sobre.pdf\" target=\"_blank\" rel=\"noreferrer noopener\">Acta N\u00ba3: Acto apertura sobre c\u00f3digo identificativo<\/a><\/td><td class=\"has-text-align-center\" data-align=\"center\">05\/04\/2022<\/td><\/tr><tr><td><a href=\"https:\/\/alzira.es\/wp-content\/uploads\/2022\/03\/Edicte-obertura-Educador-a-Social.pdf\" target=\"_blank\" rel=\"noreferrer noopener\">Edicto: Apertura sobre c\u00f3digo identificativo<\/a><\/td><td class=\"has-text-align-center\" data-align=\"center\">30\/03\/2022<\/td><\/tr><tr><td><a href=\"https:\/\/alzira.es\/wp-content\/uploads\/2022\/02\/Decret-llistat-definitiu-i-data-primer-exercici.pdf\" target=\"_blank\" rel=\"noreferrer noopener\">Listado definitivo admitidos y fecha primer ejercicio<\/a><\/td><td class=\"has-text-align-center\" data-align=\"center\">08\/02\/2022<\/td><\/tr><tr><td><a href=\"https:\/\/alzira.es\/wp-content\/uploads\/2022\/01\/Decret-llistat-provisional-admesos-tribunal.pdf\" target=\"_blank\" rel=\"noreferrer noopener\">Listado provisional admitidos y excluidos y aprobaci\u00f3n tribunal<\/a><\/td><td class=\"has-text-align-center\" data-align=\"center\"><\/td><\/tr><tr><td><a href=\"https:\/\/alzira.es\/wp-content\/uploads\/2021\/12\/BOE-20211108-EDUCADOR-A-SOCIAL.pdf\" target=\"_blank\" rel=\"noreferrer noopener\">BOE n\u00fam. 267 de 08\/11\/2021<\/a><\/td><td class=\"has-text-align-center\" data-align=\"center\"><\/td><\/tr><tr><td><a href=\"https:\/\/alzira.es\/wp-content\/uploads\/2021\/12\/Autobaremacio-educador-social.xlsx\" target=\"_blank\" rel=\"noreferrer noopener\">Autobaremaci\u00f3n<\/a><\/td><td class=\"has-text-align-center\" data-align=\"center\"><\/td><\/tr><tr><td><a href=\"https:\/\/alzira.es\/wp-content\/uploads\/2021\/12\/03_Anunci_BOP_publicacio_convocatoria_i_bases.pdf\" target=\"_blank\" rel=\"noreferrer noopener\">Edicto: Convocatoria y bases espec\u00edficas del proceso selectivo para cubrir dos plazas de Educador\/a Social &#8211; BOP N.\u00ba 49 \/ 12-III-2021<\/a><\/td><td class=\"has-text-align-center\" data-align=\"center\"><\/td><\/tr><tr><td><a href=\"https:\/\/alzira.es\/wp-content\/uploads\/2021\/12\/02_BASES_ESPECIFIQUES.pdf\" target=\"_blank\" rel=\"noreferrer noopener\">BASES ESPEC\u00cdFIQUES<\/a><\/td><td class=\"has-text-align-center\" data-align=\"center\"><\/td><\/tr><tr><td><a href=\"https:\/\/alzira.es\/wp-content\/uploads\/2021\/12\/01_BASES_GENERALES.pdf\" target=\"_blank\" rel=\"noreferrer noopener\">BASES GENERALES<\/a><\/td><td class=\"has-text-align-center\" data-align=\"center\"><\/td><\/tr><tr><td><a href=\"https:\/\/alzira.es\/wp-content\/uploads\/2021\/12\/01_BASES_GENERALS.pdf\" target=\"_blank\" rel=\"noreferrer noopener\">BASES GENERALS<\/a><\/td><td class=\"has-text-align-center\" data-align=\"center\"><\/td><\/tr><\/tbody><\/table><\/figure>\n\n\n\n<p><\/p>\n","protected":false},"excerpt":{"rendered":"<p>NOMBRAMIENTO Y CONSTITUCI\u00d3N DE LA BOLSA DOCUMENTOS DEL EXPEDIENTE: Nombre Fichero Fecha Publicaci\u00f3n Nombramiento y constituci\u00f3n de la bolsa 05\/07\/2022 Edicto: Resultado definitivo fase concurso 29\/06\/2022 Edicto: Resultado provisional fase concurso 01\/06\/2022 Edicto: Resultados 2do ejercicio y presentaci\u00f3n m\u00e9ritos 13\/05\/2022 Anuncio: Fecha segundo ejercicio 02\/05\/2022 Edicto: Resultados 1er ejercicio 05\/04\/2022 Acta N\u00ba3: Acto apertura sobre &hellip; <\/p>\n<p class=\"link-more\"><a href=\"https:\/\/alzira.es\/es\/servicios-municipales\/recursos-humanos\/empleo-permanente\/convocatoria-11-2019-seleccion-en-propiedad-de-dos-plazas-de-educador-a-social-por-el-sistema-de-concurso-oposicion-libre\/\" class=\"more-link\">Continuar leyendo<span class=\"screen-reader-text\"> \u00abCONVOCATORIA 11\/2019.- Selecci\u00f3n en propiedad de DOS plazas de Educador\/a Social por el sistema de concurso oposici\u00f3n libre\u00bb<\/span><\/a><\/p>\n","protected":false},"author":29,"featured_media":0,"parent":105851,"menu_order":0,"comment_status":"closed","ping_status":"closed","template":"","meta":{"_acf_changed":false,"footnotes":""},"class_list":["post-106513","page","type-page","status-publish","hentry"],"acf":[],"_links":{"self":[{"href":"https:\/\/alzira.es\/es\/wp-json\/wp\/v2\/pages\/106513","targetHints":{"allow":["GET"]}}],"collection":[{"href":"https:\/\/alzira.es\/es\/wp-json\/wp\/v2\/pages"}],"about":[{"href":"https:\/\/alzira.es\/es\/wp-json\/wp\/v2\/types\/page"}],"author":[{"embeddable":true,"href":"https:\/\/alzira.es\/es\/wp-json\/wp\/v2\/users\/29"}],"replies":[{"embeddable":true,"href":"https:\/\/alzira.es\/es\/wp-json\/wp\/v2\/comments?post=106513"}],"version-history":[{"count":2,"href":"https:\/\/alzira.es\/es\/wp-json\/wp\/v2\/pages\/106513\/revisions"}],"predecessor-version":[{"id":124753,"href":"https:\/\/alzira.es\/es\/wp-json\/wp\/v2\/pages\/106513\/revisions\/124753"}],"up":[{"embeddable":true,"href":"https:\/\/alzira.es\/es\/wp-json\/wp\/v2\/pages\/105851"}],"wp:attachment":[{"href":"https:\/\/alzira.es\/es\/wp-json\/wp\/v2\/media?parent=106513"}],"curies":[{"name":"wp","href":"https:\/\/api.w.org\/{rel}","templated":true}]}}