{"id":106493,"date":"2021-12-01T16:26:55","date_gmt":"2021-12-01T15:26:55","guid":{"rendered":"https:\/\/alzira.es\/?page_id=106493"},"modified":"2022-05-02T14:27:30","modified_gmt":"2022-05-02T12:27:30","slug":"convocatoria-08-2020-seleccion-en-propiedad-de-una-plaza-de-tecnico-superior-de-administracion-general-por-el-sistema-de-promocion-interna-plaza-20201","status":"publish","type":"page","link":"https:\/\/alzira.es\/es\/servicios-municipales\/recursos-humanos\/empleo-permanente\/convocatoria-08-2020-seleccion-en-propiedad-de-una-plaza-de-tecnico-superior-de-administracion-general-por-el-sistema-de-promocion-interna-plaza-20201\/","title":{"rendered":"CONVOCATORIA 08\/2020.- Selecci\u00f3n en propiedad de UNA plaza de T\u00e9cnico Superior de Administraci\u00f3n General por el sistema de promoci\u00f3n interna"},"content":{"rendered":"<p><strong>DOCUMENTOS DEL EXPEDIENTE:<\/strong><\/p>\n\n\n<figure class=\"wp-block-table\"><table><tbody><tr><td><strong>Nombre Fichero<\/strong><\/td><td><strong>Certificado<\/strong><\/td><\/tr><tr><td><a href=\"https:\/\/alzira.es\/wp-content\/uploads\/2022\/02\/11-Acta-2.pdf\" target=\"_blank\" rel=\"noreferrer noopener\">Acta N\u00ba2: Evaluaci\u00f3n m\u00e9ritos y resultado provisional<\/a><\/td><td><\/td><\/tr><tr><td><a href=\"https:\/\/alzira.es\/wp-content\/uploads\/2022\/02\/10-Acta-1.pdf\" target=\"_blank\" rel=\"noreferrer noopener\">Acta N\u00ba1: Resultados primer ejercicio<\/a><\/td><td><\/td><\/tr><tr><td><a href=\"https:\/\/alzira.es\/wp-content\/uploads\/2021\/12\/Llistat-provisional-admesos-i-exclosos-1.pdf\" target=\"_blank\" rel=\"noreferrer noopener\">Listado provisional admitidos y excluidos<\/a><\/td><td><\/td><\/tr><tr><td><a href=\"https:\/\/alzira.es\/wp-content\/uploads\/2021\/12\/Autobaremacio.xlsx\" target=\"_blank\" rel=\"noreferrer noopener\">Autobaremaci\u00f3n<\/a><\/td><td><\/td><\/tr><tr><td><a href=\"https:\/\/alzira.es\/wp-content\/uploads\/2021\/12\/PUBLICACIO_BOE_230921.pdf\" target=\"_blank\" rel=\"noreferrer noopener\">BOE n\u00fam. 228 de 23\/09\/2021<\/a><\/td><td><\/td><\/tr><tr><td><a href=\"https:\/\/alzira.es\/wp-content\/uploads\/2021\/12\/edicte_bop_aprovacio_convocatoria.pdf\" target=\"_blank\" rel=\"noreferrer noopener\">Anunci BOP sobre convocat\u00f2ria i bases espec\u00edfiques de la convocat\u00f2ria 8\/2020 t\u00e8cnic\/a Administraci\u00f3 General (torn promoci\u00f3 interna)<\/a><\/td><td><\/td><\/tr><tr><td><a href=\"https:\/\/alzira.es\/wp-content\/uploads\/2021\/12\/bases_especifiques-1.pdf\" target=\"_blank\" rel=\"noreferrer noopener\">BASES ESPEC\u00cdFIQUES<\/a><\/td><td><\/td><\/tr><tr><td><a href=\"https:\/\/alzira.es\/wp-content\/uploads\/2021\/12\/bases_generales-1.pdf\" target=\"_blank\" rel=\"noreferrer noopener\">BASES GENERALES<\/a><\/td><td><\/td><\/tr><tr><td><a href=\"https:\/\/alzira.es\/wp-content\/uploads\/2021\/12\/bases_generals-1.pdf\" target=\"_blank\" rel=\"noreferrer noopener\">BASES GENERALS<\/a><\/td><td><\/td><\/tr><\/tbody><\/table><\/figure>\n","protected":false},"excerpt":{"rendered":"<p>DOCUMENTOS DEL EXPEDIENTE: Nombre Fichero Certificado Acta N\u00ba2: Evaluaci\u00f3n m\u00e9ritos y resultado provisional Acta N\u00ba1: Resultados primer ejercicio Listado provisional admitidos y excluidos Autobaremaci\u00f3n BOE n\u00fam. 228 de 23\/09\/2021 Anunci BOP sobre convocat\u00f2ria i bases espec\u00edfiques de la convocat\u00f2ria 8\/2020 t\u00e8cnic\/a Administraci\u00f3 General (torn promoci\u00f3 interna) BASES ESPEC\u00cdFIQUES BASES GENERALES BASES GENERALS<\/p>\n","protected":false},"author":29,"featured_media":0,"parent":105851,"menu_order":0,"comment_status":"closed","ping_status":"closed","template":"","meta":{"_acf_changed":false,"footnotes":""},"class_list":["post-106493","page","type-page","status-publish","hentry"],"acf":[],"_links":{"self":[{"href":"https:\/\/alzira.es\/es\/wp-json\/wp\/v2\/pages\/106493","targetHints":{"allow":["GET"]}}],"collection":[{"href":"https:\/\/alzira.es\/es\/wp-json\/wp\/v2\/pages"}],"about":[{"href":"https:\/\/alzira.es\/es\/wp-json\/wp\/v2\/types\/page"}],"author":[{"embeddable":true,"href":"https:\/\/alzira.es\/es\/wp-json\/wp\/v2\/users\/29"}],"replies":[{"embeddable":true,"href":"https:\/\/alzira.es\/es\/wp-json\/wp\/v2\/comments?post=106493"}],"version-history":[{"count":2,"href":"https:\/\/alzira.es\/es\/wp-json\/wp\/v2\/pages\/106493\/revisions"}],"predecessor-version":[{"id":121064,"href":"https:\/\/alzira.es\/es\/wp-json\/wp\/v2\/pages\/106493\/revisions\/121064"}],"up":[{"embeddable":true,"href":"https:\/\/alzira.es\/es\/wp-json\/wp\/v2\/pages\/105851"}],"wp:attachment":[{"href":"https:\/\/alzira.es\/es\/wp-json\/wp\/v2\/media?parent=106493"}],"curies":[{"name":"wp","href":"https:\/\/api.w.org\/{rel}","templated":true}]}}