{"id":106472,"date":"2021-12-01T15:03:06","date_gmt":"2021-12-01T14:03:06","guid":{"rendered":"https:\/\/alzira.es\/servicios-municipales\/recursos-humanos\/empleo-permanente\/convocatoria-04-2021-seleccion-dos-plazas-tecnico-gestion-ag-11-promocion-interna-turno-libre\/"},"modified":"2026-02-09T10:57:02","modified_gmt":"2026-02-09T09:57:02","slug":"convocatoria-04-2021-seleccion-dos-plazas-tecnico-gestion-ag-11-promocion-interna-turno-libre","status":"publish","type":"page","link":"https:\/\/alzira.es\/es\/servicios-municipales\/recursos-humanos\/empleo-permanente\/convocatoria-04-2021-seleccion-dos-plazas-tecnico-gestion-ag-11-promocion-interna-turno-libre\/","title":{"rendered":"Convocatoria 04\/2021.- Selecci\u00f3n dos plazas T\u00e9cnico gesti\u00f3n AG 1+1 (promoci\u00f3n interna + turno libre)"},"content":{"rendered":"<p><span style=\"color: #993300;\">Acta n\u00fam. 4: m\u00e9ritos &#8211; valoraci\u00f3n provisional. Plazo de alegaciones hasta 12\/08\/2022<\/span><\/p>\n<p><strong>DOCUMENTOS DEL EXPEDIENTE:<\/strong><\/p>\n\n\n<figure class=\"wp-block-table is-style-stripes\"><table><tbody><tr><td><strong>Nombre Fichero<\/strong><\/td><td class=\"has-text-align-center\" data-align=\"center\"><strong>Fecha Publicaci\u00f3n<\/strong><\/td><\/tr><tr><td><a href=\"https:\/\/alzira.es\/wp-content\/uploads\/2023\/03\/16-Informe-nomenament-i-ordre-de-crida-DECRET-esig.pdf\">Nombramientos y orden llamamientos bolsa<\/a><\/td><td class=\"has-text-align-center\" data-align=\"center\">29\/08\/2022<\/td><\/tr><tr><td><a href=\"https:\/\/alzira.es\/wp-content\/uploads\/2022\/07\/15-Acta-4-merits-valoracio-provisional-web-1.pdf\" target=\"_blank\" rel=\"noreferrer noopener\">Acta n\u00fam. 4: m\u00e9ritos &#8211; valoraci\u00f3n provisional, alegaciones<\/a><\/td><td class=\"has-text-align-center\" data-align=\"center\">29\/07\/2022<\/td><\/tr><tr><td><a href=\"https:\/\/alzira.es\/wp-content\/uploads\/2022\/07\/14-Anunci-termini-presentacio-merits.pdf\" target=\"_blank\" rel=\"noreferrer noopener\">Anuncio plazo de presentaci\u00f3n m\u00e9ritos<\/a><\/td><td class=\"has-text-align-center\" data-align=\"center\">14\/07\/2022<\/td><\/tr><tr><td><a href=\"https:\/\/alzira.es\/wp-content\/uploads\/2022\/07\/13-Acta-3-3a-prova-practic-valencia-web.pdf\" target=\"_blank\" rel=\"noreferrer noopener\">Acta N\u00ba3: Resultado provisional 2n ejercicio y traducci\u00f3n valenciano<\/a><\/td><td class=\"has-text-align-center\" data-align=\"center\">08\/07\/2022<\/td><\/tr><tr><td><a href=\"https:\/\/alzira.es\/wp-content\/uploads\/2022\/06\/12-Acta-2-al\u00b7legacions-TEST-i-data-2a-prova-web.pdf\" target=\"_blank\" rel=\"noreferrer noopener\">Acta N\u00ba2: Alegaciones y fecha 2do ejercicio<\/a><\/td><td class=\"has-text-align-center\" data-align=\"center\">23\/06\/2022<\/td><\/tr><tr><td><a href=\"https:\/\/alzira.es\/wp-content\/uploads\/2022\/05\/11-Acta-1-Constitucio-tribunal-i-test-TGAG-A2-AG-SS-identificacio-web-1.pdf\" target=\"_blank\" rel=\"noreferrer noopener\">Acta N\u00ba1: Resultados 2do ejercicio y apertura c\u00f3digo identificativo<\/a><\/td><td class=\"has-text-align-center\" data-align=\"center\">31\/05\/2022<\/td><\/tr><tr><td><a href=\"https:\/\/alzira.es\/wp-content\/uploads\/2022\/05\/20220531-Anunci-Edicte-1r-exercici-obertura-sobre.pdf\" target=\"_blank\" rel=\"noreferrer noopener\">Apertura sobre identificativo<\/a><\/td><td class=\"has-text-align-center\" data-align=\"center\">27\/05\/2022<\/td><\/tr><tr><td><a href=\"https:\/\/alzira.es\/wp-content\/uploads\/2022\/04\/Anunci-canvi-data-1er-exercici.pdf\" target=\"_blank\" rel=\"noreferrer noopener\">Anuncio: Cambio fecha 1er ejercicio<\/a><\/td><td class=\"has-text-align-center\" data-align=\"center\"><\/td><\/tr><tr><td><a href=\"https:\/\/alzira.es\/wp-content\/uploads\/2022\/04\/Anunci-data-1er-exercici.pdf\" target=\"_blank\" rel=\"noreferrer noopener\">Anuncio: Fecha 1er ejercicio<\/a><\/td><td class=\"has-text-align-center\" data-align=\"center\"><\/td><\/tr><tr><td><a href=\"https:\/\/alzira.es\/wp-content\/uploads\/2022\/04\/10-Decret-llistat-definitiu-admesos-i-exclosos.pdf\" target=\"_blank\" rel=\"noreferrer noopener\">Listado definitivo admitidos y excluidos<\/a><\/td><td class=\"has-text-align-center\" data-align=\"center\">21\/04\/2022<\/td><\/tr><tr><td><a href=\"https:\/\/alzira.es\/wp-content\/uploads\/2022\/03\/Decret-llistat-provisional-admesos-i-exclosos.pdf\" target=\"_blank\" rel=\"noreferrer noopener\">Listado provisional admitidos y excluidos<\/a><\/td><td class=\"has-text-align-center\" data-align=\"center\">02\/03\/2022<\/td><\/tr><tr><td><a href=\"https:\/\/alzira.es\/wp-content\/uploads\/2022\/01\/Autobaremacio-Lliure.xlsx\" target=\"_blank\" rel=\"noreferrer noopener\">Autobaremaci\u00f3n Turno Libre<\/a><\/td><td class=\"has-text-align-center\" data-align=\"center\"><\/td><\/tr><tr><td><a href=\"https:\/\/alzira.es\/wp-content\/uploads\/2022\/01\/Autobaremacio-P.-Interna-1.xlsx\" target=\"_blank\" rel=\"noreferrer noopener\">Autobaremaci\u00f3n Promoci\u00f3n Interna<\/a><\/td><td class=\"has-text-align-center\" data-align=\"center\"><\/td><\/tr><tr><td><a href=\"https:\/\/alzira.es\/wp-content\/uploads\/2021\/12\/06_bases_propietat_TAG_A2_PI_LLIURE_MODIF_JGL_13102021.pdf\" target=\"_blank\" rel=\"noreferrer noopener\">Bases TAG (1 Libre + 1 PI) modificadas en JGL 13-10-21<\/a><\/td><td class=\"has-text-align-center\" data-align=\"center\"><\/td><\/tr><tr><td><a href=\"https:\/\/alzira.es\/wp-content\/uploads\/2021\/12\/Anunci-BOP-28-10-21-Modificacio-Bases-espcifiques-JGL-13-10-21.pdf\" target=\"_blank\" rel=\"noreferrer noopener\">Anuncio BOP 209 de 28\/10\/21 modificaciones bases JGL 13\/10\/21<\/a><\/td><td class=\"has-text-align-center\" data-align=\"center\"><\/td><\/tr><tr><td><a href=\"https:\/\/alzira.es\/wp-content\/uploads\/2021\/12\/04_BASES_TAG_A2_LLIURE__PI_BOP_15-09-2021.pdf\" target=\"_blank\" rel=\"noreferrer noopener\">Anuncio en el BOP de la convocatoria<\/a><\/td><td class=\"has-text-align-center\" data-align=\"center\"><\/td><\/tr><tr><td><a href=\"https:\/\/alzira.es\/wp-content\/uploads\/2021\/12\/Anunci_publicacio_BOP_aprovacio_convocatoria.docx.pdf.esig_.pdf\" target=\"_blank\" rel=\"noreferrer noopener\">Bases espec\u00edficas<\/a><\/td><td class=\"has-text-align-center\" data-align=\"center\"><\/td><\/tr><\/tbody><\/table><\/figure>\n","protected":false},"excerpt":{"rendered":"<p>Acta n\u00fam. 4: m\u00e9ritos &#8211; valoraci\u00f3n provisional. Plazo de alegaciones hasta 12\/08\/2022 DOCUMENTOS DEL EXPEDIENTE: Nombre Fichero Fecha Publicaci\u00f3n Nombramientos y orden llamamientos bolsa 29\/08\/2022 Acta n\u00fam. 4: m\u00e9ritos &#8211; valoraci\u00f3n provisional, alegaciones 29\/07\/2022 Anuncio plazo de presentaci\u00f3n m\u00e9ritos 14\/07\/2022 Acta N\u00ba3: Resultado provisional 2n ejercicio y traducci\u00f3n valenciano 08\/07\/2022 Acta N\u00ba2: Alegaciones y fecha &hellip; <\/p>\n<p class=\"link-more\"><a href=\"https:\/\/alzira.es\/es\/servicios-municipales\/recursos-humanos\/empleo-permanente\/convocatoria-04-2021-seleccion-dos-plazas-tecnico-gestion-ag-11-promocion-interna-turno-libre\/\" class=\"more-link\">Continuar leyendo<span class=\"screen-reader-text\"> \u00abConvocatoria 04\/2021.- Selecci\u00f3n dos plazas T\u00e9cnico gesti\u00f3n AG 1+1 (promoci\u00f3n interna + turno libre)\u00bb<\/span><\/a><\/p>\n","protected":false},"author":29,"featured_media":0,"parent":105851,"menu_order":0,"comment_status":"closed","ping_status":"closed","template":"","meta":{"_acf_changed":false,"footnotes":""},"class_list":["post-106472","page","type-page","status-publish","hentry"],"acf":[],"_links":{"self":[{"href":"https:\/\/alzira.es\/es\/wp-json\/wp\/v2\/pages\/106472","targetHints":{"allow":["GET"]}}],"collection":[{"href":"https:\/\/alzira.es\/es\/wp-json\/wp\/v2\/pages"}],"about":[{"href":"https:\/\/alzira.es\/es\/wp-json\/wp\/v2\/types\/page"}],"author":[{"embeddable":true,"href":"https:\/\/alzira.es\/es\/wp-json\/wp\/v2\/users\/29"}],"replies":[{"embeddable":true,"href":"https:\/\/alzira.es\/es\/wp-json\/wp\/v2\/comments?post=106472"}],"version-history":[{"count":2,"href":"https:\/\/alzira.es\/es\/wp-json\/wp\/v2\/pages\/106472\/revisions"}],"predecessor-version":[{"id":167696,"href":"https:\/\/alzira.es\/es\/wp-json\/wp\/v2\/pages\/106472\/revisions\/167696"}],"up":[{"embeddable":true,"href":"https:\/\/alzira.es\/es\/wp-json\/wp\/v2\/pages\/105851"}],"wp:attachment":[{"href":"https:\/\/alzira.es\/es\/wp-json\/wp\/v2\/media?parent=106472"}],"curies":[{"name":"wp","href":"https:\/\/api.w.org\/{rel}","templated":true}]}}