{"id":106204,"date":"2021-11-30T11:15:53","date_gmt":"2021-11-30T10:15:53","guid":{"rendered":"https:\/\/alzira.es\/?page_id=106204"},"modified":"2021-11-30T11:16:30","modified_gmt":"2021-11-30T10:16:30","slug":"formacion","status":"publish","type":"page","link":"https:\/\/alzira.es\/es\/servicios-municipales\/centre-dinformacio-juvenil-el-centro\/educacion-cij\/formacion\/","title":{"rendered":"Formaci\u00f3n"},"content":{"rendered":"<p style=\"text-align: justify;\"><strong><span style=\"color: #ff6600;\">FORMACI\u00d3N PROFESIONAL REGLADA<\/span><\/strong><\/p>\n<p style=\"text-align: justify;\">Esta formaci\u00f3n es competencia de la Administraci\u00f3n educativa auton\u00f3mica\u00a0y comprende la Formaci\u00f3n Profesional de Base (FPB) que se imparte en la\u00a0ESO\u00a0y en el\u00a0Bachillerato, la Formaci\u00f3n Profesional Espec\u00edfica (FPE) impartida mediante los correspondientes ciclos de grado mediano y superior,\u00a0y los\u00a0Programas de Cualificaci\u00f3n Profesional Inicial orientados a los\u00a0alumnos que no han obtenido la titulaci\u00f3n de los\u00a0estudios de ESO.<\/p>\n<table style=\"width: 100%;\">\n<tbody>\n<tr>\n<td style=\"background-color: #d1e0ef;\"><span style=\"background-color: #ccffcc;\">M\u00e1s informaci\u00f3n en la p\u00e1gina de la GENERALITAT VALENCIANA\u00a0 <\/span><a href=\"http:\/\/www.gva.es\/\"><span style=\"background-color: #ccffcc;\">http:\/\/www.gva.es\/<\/span><\/a><span style=\"background-color: #ccffcc;\">,<\/span><\/td>\n<\/tr>\n<\/tbody>\n<\/table>\n<p style=\"text-align: justify;\">\u00a0 en la web <a href=\"http:\/\/www.quieroser.net\/\">http:\/\/www.quieroser.net\/<\/a>\u00a0y en los tel\u00e9fonos:<\/p>\n<p style=\"text-align: justify; margin-left: 30px;\">\u00a0Conselleria de Cultura, Educaci\u00f3n\u00a0y Ciencia: 900 202 122<br \/>\nPROP: 012<\/p>\n<p style=\"text-align: justify;\"><strong style=\"font-size: 14.4px;\"><span style=\"color: #ff6600;\">FORMACI\u00d3N PROFESIONAL OCUPACIONAL (FPO)<\/span><\/strong><\/p>\n<p style=\"text-align: justify;\">Esta formaci\u00f3n est\u00e1 gestionada por el SERVEF y es impartida en colaboraci\u00f3n con diversas entitades p\u00fablicas\u00a0y privadas.<\/p>\n<p style=\"text-align: justify;\">La FPO son cursos que han sido programados en funci\u00f3n de las necesitades de formaci\u00f3n detectadas en las diferentes comarcas, los cuales van dirigidos a desempleados en edad laboral (entre 16\u00a0y 65 a\u00f1os) para adquirir o perfeccionar su cualificaci\u00f3n profesional.<\/p>\n<table style=\"width: 100%;\">\n<tbody>\n<tr>\n<td style=\"background-color: #d1e0ef;\">Cursos de Formaci\u00f3n Profesional Ocupacional<\/td>\n<\/tr>\n<\/tbody>\n<\/table>\n<p style=\"text-align: justify;\"><span style=\"font-size: 14.4px;\">SERVEF: 900 100 785<\/span><\/p>\n<p style=\"text-align: justify;\">PROP: 012<\/p>\n","protected":false},"excerpt":{"rendered":"<p>FORMACI\u00d3N PROFESIONAL REGLADA Esta formaci\u00f3n es competencia de la Administraci\u00f3n educativa auton\u00f3mica\u00a0y comprende la Formaci\u00f3n Profesional de Base (FPB) que se imparte en la\u00a0ESO\u00a0y en el\u00a0Bachillerato, la Formaci\u00f3n Profesional Espec\u00edfica (FPE) impartida mediante los correspondientes ciclos de grado mediano y superior,\u00a0y los\u00a0Programas de Cualificaci\u00f3n Profesional Inicial orientados a los\u00a0alumnos que no han obtenido la titulaci\u00f3n &hellip; <\/p>\n<p class=\"link-more\"><a href=\"https:\/\/alzira.es\/es\/servicios-municipales\/centre-dinformacio-juvenil-el-centro\/educacion-cij\/formacion\/\" class=\"more-link\">Continuar leyendo<span class=\"screen-reader-text\"> \u00abFormaci\u00f3n\u00bb<\/span><\/a><\/p>\n","protected":false},"author":29,"featured_media":0,"parent":1196,"menu_order":0,"comment_status":"closed","ping_status":"closed","template":"","meta":{"_acf_changed":false,"footnotes":""},"class_list":["post-106204","page","type-page","status-publish","hentry"],"acf":[],"_links":{"self":[{"href":"https:\/\/alzira.es\/es\/wp-json\/wp\/v2\/pages\/106204","targetHints":{"allow":["GET"]}}],"collection":[{"href":"https:\/\/alzira.es\/es\/wp-json\/wp\/v2\/pages"}],"about":[{"href":"https:\/\/alzira.es\/es\/wp-json\/wp\/v2\/types\/page"}],"author":[{"embeddable":true,"href":"https:\/\/alzira.es\/es\/wp-json\/wp\/v2\/users\/29"}],"replies":[{"embeddable":true,"href":"https:\/\/alzira.es\/es\/wp-json\/wp\/v2\/comments?post=106204"}],"version-history":[{"count":1,"href":"https:\/\/alzira.es\/es\/wp-json\/wp\/v2\/pages\/106204\/revisions"}],"predecessor-version":[{"id":106205,"href":"https:\/\/alzira.es\/es\/wp-json\/wp\/v2\/pages\/106204\/revisions\/106205"}],"up":[{"embeddable":true,"href":"https:\/\/alzira.es\/es\/wp-json\/wp\/v2\/pages\/1196"}],"wp:attachment":[{"href":"https:\/\/alzira.es\/es\/wp-json\/wp\/v2\/media?parent=106204"}],"curies":[{"name":"wp","href":"https:\/\/api.w.org\/{rel}","templated":true}]}}