{"id":106144,"date":"2021-11-29T18:27:34","date_gmt":"2021-11-29T17:27:34","guid":{"rendered":"https:\/\/alzira.es\/servicios-municipales\/centre-dinformacio-juvenil-el-centro\/direccion-horario\/"},"modified":"2021-11-29T19:18:03","modified_gmt":"2021-11-29T18:18:03","slug":"direccion-horario","status":"publish","type":"page","link":"https:\/\/alzira.es\/es\/servicios-municipales\/centre-dinformacio-juvenil-el-centro\/servicios\/direccion-horario\/","title":{"rendered":"Direcci\u00f3n \/ Horario"},"content":{"rendered":"<p style=\"text-align: justify;\">\n<table style=\"width: 100%;\" border=\"1\" cellspacing=\"1\" cellpadding=\"1\">\n<tbody>\n<tr>\n<td style=\"background-color: #ff9933;\"><strong><span style=\"color: #ffffff;\">CENTRE D&#8217;INFORMACI\u00d3 JUVENIL<\/span><\/strong><\/td>\n<\/tr>\n<\/tbody>\n<\/table>\n<p style=\"text-align: justify;\"><img decoding=\"async\" class=\"size-full wp-image-1183 alignleft lazyload\" data-src=\"https:\/\/alzira.es\/wp-content\/uploads\/2009\/06\/direccion.jpg\" alt=\"\" width=\"250\" height=\"171\" src=\"data:image\/svg+xml;base64,PHN2ZyB3aWR0aD0iMSIgaGVpZ2h0PSIxIiB4bWxucz0iaHR0cDovL3d3dy53My5vcmcvMjAwMC9zdmciPjwvc3ZnPg==\" style=\"--smush-placeholder-width: 250px; --smush-placeholder-aspect-ratio: 250\/171;\">C\/ Escoles Pies, 4-1a.<\/p>\n<p style=\"text-align: justify;\">46600 Alzira (Val\u00e8ncia)<\/p>\n<p>Tel. 96 241 74 07 ext. 115<\/p>\n<p>Tel. i fax 96 241 57 56<\/p>\n<p>Adre\u00e7a electr\u00f2nica:<br \/>\n<a href=\"mailto:joventut@alzira.es\"><span style=\"color: #0000ff;\">joventut@alzira.es<\/span><\/a><\/p>\n<table style=\"width: 100%;\" border=\"1\" cellspacing=\"1\" cellpadding=\"1\">\n<tbody>\n<tr>\n<td style=\"background-color: #ff9933;\"><strong><span style=\"color: #ffffff;\">HORARI D\u2019ATENCI\u00d3 AL P\u00daBLIC<\/span><\/strong><\/td>\n<\/tr>\n<\/tbody>\n<\/table>\n<p style=\"text-align: justify;\">&nbsp;<strong><span style=\"color: #ff6600;\">HORARI D\u2019HIVERN <\/span><\/strong>(del 16 de setembre al 15 de juny)<\/p>\n<p style=\"text-align: justify;\">Matins de 10.30 h a 14 h (de dilluns a divendres)<\/p>\n<p style=\"text-align: justify;\">Vesprades de 17 h a 19.30 h (de dilluns a&nbsp;dijous)<\/p>\n<p style=\"text-align: justify;\"><strong><span style=\"color: #ff6600;\">HORARI D\u2019ESTIU<\/span><\/strong> (del 16 de juny al 15 de setembre)<\/p>\n<p style=\"text-align: justify;\">Matins de 10.30 h a 14 h (de dilluns a divendres)<\/p>\n<p style=\"text-align: justify;\">\n<p style=\"text-align: justify;\">\n","protected":false},"excerpt":{"rendered":"<p>CENTRE D&#8217;INFORMACI\u00d3 JUVENIL C\/ Escoles Pies, 4-1a. 46600 Alzira (Val\u00e8ncia) Tel. 96 241 74 07 ext. 115 Tel. i fax 96 241 57 56 Adre\u00e7a electr\u00f2nica: joventut@alzira.es HORARI D\u2019ATENCI\u00d3 AL P\u00daBLIC &nbsp;HORARI D\u2019HIVERN (del 16 de setembre al 15 de juny) Matins de 10.30 h a 14 h (de dilluns a divendres) Vesprades de 17 &hellip; <\/p>\n<p class=\"link-more\"><a href=\"https:\/\/alzira.es\/es\/servicios-municipales\/centre-dinformacio-juvenil-el-centro\/servicios\/direccion-horario\/\" class=\"more-link\">Continuar leyendo<span class=\"screen-reader-text\"> \u00abDirecci\u00f3n \/ Horario\u00bb<\/span><\/a><\/p>\n","protected":false},"author":29,"featured_media":0,"parent":106146,"menu_order":0,"comment_status":"closed","ping_status":"closed","template":"","meta":{"_acf_changed":false,"footnotes":""},"class_list":["post-106144","page","type-page","status-publish","hentry"],"acf":[],"_links":{"self":[{"href":"https:\/\/alzira.es\/es\/wp-json\/wp\/v2\/pages\/106144","targetHints":{"allow":["GET"]}}],"collection":[{"href":"https:\/\/alzira.es\/es\/wp-json\/wp\/v2\/pages"}],"about":[{"href":"https:\/\/alzira.es\/es\/wp-json\/wp\/v2\/types\/page"}],"author":[{"embeddable":true,"href":"https:\/\/alzira.es\/es\/wp-json\/wp\/v2\/users\/29"}],"replies":[{"embeddable":true,"href":"https:\/\/alzira.es\/es\/wp-json\/wp\/v2\/comments?post=106144"}],"version-history":[{"count":1,"href":"https:\/\/alzira.es\/es\/wp-json\/wp\/v2\/pages\/106144\/revisions"}],"predecessor-version":[{"id":106174,"href":"https:\/\/alzira.es\/es\/wp-json\/wp\/v2\/pages\/106144\/revisions\/106174"}],"up":[{"embeddable":true,"href":"https:\/\/alzira.es\/es\/wp-json\/wp\/v2\/pages\/106146"}],"wp:attachment":[{"href":"https:\/\/alzira.es\/es\/wp-json\/wp\/v2\/media?parent=106144"}],"curies":[{"name":"wp","href":"https:\/\/api.w.org\/{rel}","templated":true}]}}