{"id":105851,"date":"2021-11-25T15:52:27","date_gmt":"2021-11-25T14:52:27","guid":{"rendered":"https:\/\/alzira.es\/servicios-municipales\/recursos-humanos\/empleo-permanente\/"},"modified":"2026-04-02T14:26:15","modified_gmt":"2026-04-02T12:26:15","slug":"empleo-permanente","status":"publish","type":"page","link":"https:\/\/alzira.es\/es\/servicios-municipales\/recursos-humanos\/empleo-permanente\/","title":{"rendered":"Empleo permanente"},"content":{"rendered":"<p><strong><span style=\"background-color: #808080; color: #ffffff;\">1. PENDIENTES DE CONVOCATORIA<\/span><\/strong><\/p>\n<ul>\n<li>CONVOCATORIA 07\/2026 para la cobertura con car\u00e1cter definitivo, del puesto de Secretario\/a General 10101, por concurso ordinario.<\/li>\n<\/ul>\n<p><strong><span style=\"background-color: #808080; color: #ffffff;\">2. CONVOCADAS. PENDIENTES DE PRESENTACI\u00d3N DE SOLICITUDES<\/span><\/strong><\/p>\n<p><span style=\"color: #ffffff; background-color: #808080;\"><strong>3. EN FASE DE PRESENTACI\u00d3N DE SOLICITUDES<\/strong><\/span><\/p>\n<p><span style=\"color: #ffffff; background-color: #808080;\"><strong>4. EN FASE DE ADMISI\u00d3N DE ASPIRANTES<\/strong><\/span><\/p>\n<p><span style=\"color: #ffffff; background-color: #808080;\"><strong>5. EN FASE DE REALIZACI\u00d3N DE LAS PRUEBAS SELECTIVAS<\/strong><\/span><\/p>\n<ul>\n<li><a href=\"https:\/\/alzira.es\/es\/servicios-municipales\/recursos-humanos\/empleo-permanente\/convocatoria-06-2024-seleccion-en-propiedad-2-plazas-oficial-de-la-policia-local-por-turno-de-promocion-interna-ordinaria\/\">CONVOCATORIA 06\/2024 Selecci\u00f3n en propiedad 2 plazas de Oficial de la Polic\u00eda Local por el turno de promoci\u00f3n interna ordinaria.<\/a><\/li>\n<li><a href=\"https:\/\/alzira.es\/es\/servicios-municipales\/recursos-humanos\/empleo-permanente\/ingenieria-tecnica-industrial\/\">CONVOCATORIA 09\/2024 para selecci\u00f3n en propiedad de una plaza de T\u00e9cnico\/a medio Ingenier\u00eda rama industrial.<\/a><\/li>\n<li><a href=\"https:\/\/alzira.es\/es\/servicios-municipales\/recursos-humanos\/empleo-permanente\/convocatoria-07-2024-seleccion-en-propiedad-de-una-plaza-de-tecnico-a-superior-de-administracion-general-a1-por-concurso-oposicion-libre\/\">CONVOCATORIA 07\/2024 para la selecci\u00f3n en propiedad de una plaza de T\u00e9cnico\/a superior de Administraci\u00f3n General A1, por el sistema oposici\u00f3n libre.<\/a><\/li>\n<li><a href=\"https:\/\/alzira.es\/es\/servicios-municipales\/recursos-humanos\/empleo-permanente\/convocatoria-07-2025-seleccion-en-propiedad-de-varias-plazas-por-el-sistema-de-concurso-oposicion-libre-una-plaza-de-ingeniero-a-forestal-subgrupo-a2\/\">CONVOCATORIA 07\/2025 selecci\u00f3n en propiedad por el sistema de concurso-oposici\u00f3n libre: UNA plaza de INGENIERO\/A FORESTAL, subgrupo A2.<\/a><\/li>\n<li><a href=\"https:\/\/alzira.es\/es\/servicios-municipales\/recursos-humanos\/empleo-permanente\/convocatoria-07-2025-seleccion-en-propiedad-de-varias-plazas-por-el-sistema-de-concurso-oposicion-libre-dos-plazas-de-arquitecto-a-tecnico-a-subgrupo-a2\/\">CONVOCATORIA 07\/2025 selecci\u00f3n en propiedad por el sistema de concurso-oposici\u00f3n libre: DOS plazas de ARQUITECTO\/A T\u00c9CNICO\/A, subgrupo A2.<\/a><\/li>\n<li><a href=\"https:\/\/alzira.es\/es\/servicios-municipales\/recursos-humanos\/empleo-permanente\/convocatoria-07-2025-seleccion-en-propiedad-por-el-sistema-de-concurso-oposicion-libre-una-plaza-de-tecnico-a-de-turismo-subgrupo-a2\/\">CONVOCATORIA 07\/2025 selecci\u00f3n en propiedad por el sistema de concurso-oposici\u00f3n libre: UNA plaza de T\u00c9CNICO\/A DE TURISMO, subgrupo A2.<\/a><\/li>\n<li><a href=\"https:\/\/alzira.es\/es\/servicios-municipales\/recursos-humanos\/empleo-permanente\/convocatoria-07-2025-seleccion-en-propiedad-por-el-sistema-de-concurso-oposicion-libre-cinco-plazas-de-auxiliar-administrativo-a-subgrupo-c2\/\">CONVOCATORIA 07\/2025 selecci\u00f3n en propiedad por el sistema de concurso-oposici\u00f3n libre: CINCO plazas de AUXILIAR ADMINISTRATIVO\/A, subgrupo C2.<\/a><\/li>\n<li><a href=\"https:\/\/alzira.es\/es\/servicios-municipales\/recursos-humanos\/empleo-permanente\/convocatoria-07-2025-seleccion-en-propiedad-por-el-sistema-de-concurso-oposicion-libre-una-plaza-de-operario-a-de-medio-ambiente-subgrupo-ap\/\">CONVOCATORIA 07\/2025 selecci\u00f3n en propiedad por el sistema de concurso-oposici\u00f3n libre: UNA plaza de OPERARIO\/A DE MEDIO AMBIENTE, subgrupo AP.<\/a><\/li>\n<li><a href=\"https:\/\/alzira.es\/es\/servicios-municipales\/recursos-humanos\/empleo-permanente\/convocatoria-07-2025-seleccion-en-propiedad-por-el-sistema-de-concurso-oposicion-libre-una-plaza-de-oficial-tramoyista-subgrupo-c2\/\">CONVOCATORIA 07\/2025 selecci\u00f3n en propiedad por el sistema de concurso-oposici\u00f3n libre: UNA plaza de OFICIAL TRAMOYISTA, subgrupo C2.<\/a><\/li>\n<li><a href=\"https:\/\/alzira.es\/es\/servicios-municipales\/recursos-humanos\/empleo-permanente\/convocatoria-07-2025-seleccion-en-propiedad-por-el-sistema-de-concurso-oposicion-libre-tres-plazas-de-operarios-as-de-servicios-varios-subgrupo-ap\/\">CONVOCATORIA 07\/2025 selecci\u00f3n en propiedad por el sistema de concurso-oposici\u00f3n libre: TRES plazas de OPERARIOS\/AS DE SERVICIOS VARIOS, subgrupo AP.<\/a><\/li>\n<\/ul>\n<p><span style=\"color: #ffffff; background-color: #808080;\"><strong>6. PRUEBAS SELECTIVAS FINALIZADAS<\/strong><\/span><\/p>\n<ul>\n<li><a href=\"https:\/\/alzira.es\/es\/servicios-municipales\/recursos-humanos\/empleo-permanente\/convocatoria-03-2019-una-plaza-auxiliar-administrativo-por-concurso-oposicion-libre\/\">CONVOCAT\u00d2RIA 03\/2019.- Una pla\u00e7a auxiliar administratiu per concurs oposici\u00f3 lliure<\/a><\/li>\n<li><a style=\"font-size: revert;\" href=\"https:\/\/alzira.es\/es\/servicios-municipales\/recursos-humanos\/empleo-permanente\/convocatoria-11-2019-seleccion-en-propiedad-de-dos-plazas-de-educador-a-social-por-el-sistema-de-concurso-oposicion-libre\/\">CONVOCAT\u00d2RIA 11\/2019.- Selecci\u00f3 en propietat de DUES places d&#8217;Educador\/a Social pel sistema de concurs oposici\u00f3 lliure<\/a><\/li>\n<li><a style=\"font-size: revert;\" href=\"https:\/\/alzira.es\/es\/servicios-municipales\/recursos-humanos\/empleo-permanente\/convocatoria-13-2019-seleccion-en-propiedad-15-plazas-policia-local-5-movilidad-10-turno-libre\/\">CONVOCAT\u00d2RIA 13\/2019.- Selecci\u00f3 en propietat 15 places policia local, 5 mobilitat + 10 torn lliure<\/a><\/li>\n<li><a style=\"font-size: revert;\" href=\"https:\/\/alzira.es\/es\/servicios-municipales\/recursos-humanos\/empleo-permanente\/convocatoria-06-2020-seleccion-en-propiedad-de-una-plaza-de-psicologo-psicologa-por-el-sistema-de-concurso-oposicion-libre-plaza-40108\/\">CONVOCAT\u00d2RIA 06\/2020.- Selecci\u00f3 en propietat d&#8217;UNA pla\u00e7a de Psic\u00f2leg\/Psic\u00f2loga pel sistema de concurs oposici\u00f3 lliure, pla\u00e7a 40108.<\/a><\/li>\n<li><a href=\"https:\/\/alzira.es\/es\/servicios-municipales\/recursos-humanos\/empleo-permanente\/convocatoria-07-2020-seleccion-en-propiedad-de-una-plaza-de-agente-de-igualdad-por-el-sistema-de-concurso-oposicion-libre-plaza-40109\/\">CONVOCAT\u00d2RIA 07\/2020.- Selecci\u00f3 en propietat d&#8217;UNA pla\u00e7a d&#8217;Agent d&#8217;Igualtat pel sistema de concurs oposici\u00f3 lliure, pla\u00e7a 40109.<\/a><\/li>\n<li><a title=\"Convocatoria \/ Convocat\u00f2ria\" href=\"https:\/\/alzira.es\/es\/servicios-municipales\/recursos-humanos\/empleo-permanente\/convocatoria-04-2021-seleccion-dos-plazas-tecnico-gestion-ag-11-promocion-interna-turno-libre\/\">CONVOCAT\u00d2RIA 04\/2021.- Selecci\u00f3 dues places T\u00e8cnic gesti\u00f3 AG 1+1 (promoci\u00f3 interna + torn lliure).<\/a><\/li>\n<li><a href=\"https:\/\/alzira.es\/es\/servicios-municipales\/recursos-humanos\/empleo-permanente\/convocatoria-03-2019-una-plaza-auxiliar-administrativo-por-concurso-oposicion-libre-2\/\">CONVOCAT\u00d2RIA 15\/2022.- per a la selecci\u00f3 en propietat de diverses places pel torn lliure, sistema de concurs derivat de la Disposici\u00f3 Addicional 6a de la Llei 20\/2021, de 28 de desembre, de mesures urgents per a la reducci\u00f3 de la temporalitat en l\u2019ocupaci\u00f3 p\u00fablica\u201d.<\/a><\/li>\n<li><a href=\"https:\/\/alzira.es\/es\/servicios-municipales\/recursos-humanos\/empleo-permanente\/convocatoria-16-2022-diversas-plazas-turno-libre-sistema-concurso-oposicion-estabilizacion-art-2-ley-20-2021\/\">CONVOCAT\u00d2RIA 16\/2022.- per a la selecci\u00f3 en propietat de diverses places pel torn lliure, sistema de concurs-oposici\u00f3 derivat de l&#8217;article 2 de la Llei 20\/2021, de 28 de desembre, de mesures urgents per a la reducci\u00f3 de la temporalitat en l\u2019ocupaci\u00f3 p\u00fablica.<\/a><\/li>\n<li><a href=\"https:\/\/alzira.es\/es\/servicios-municipales\/recursos-humanos\/empleo-permanente\/convocatoria-03-2023-seleccion-en-propiedad-2-plazas-inspector-a-de-la-policia-local-1-por-turno-libre-y-1-por-turno-de-promocion-interna-ordinaria\/\">CONVOCATORIA 03\/2023 Selecci\u00f3n en propiedad 2 plazas de Inspector\/a de la Polic\u00eda Local, 1 por turno libre y 1 por turno de promoci\u00f3n interna ordinaria.<\/a><\/li>\n<li><a href=\"https:\/\/alzira.es\/es\/?page_id=147116\">CONVOCAT\u00d2RIA 09\/2023 Cobertura del lloc de Vicesecretaria General \u2013 11100, per concurs ordinari.<\/a><\/li>\n<li><a style=\"font-size: 1rem;\" href=\"https:\/\/alzira.es\/es\/servicios-municipales\/recursos-humanos\/empleo-permanente\/convocatoria-10-2023-seleccion-en-propiedad-de-una-plaza-de-maestro-o-maestra-de-la-escuela-infantil-municipal-personal-funcionario-administracion-especial-por-el-sistema-de-concurso-oposicion-lib\/\">CONVOCAT\u00d2RIA 10\/2023 per a la selecci\u00f3 en propietat d&#8217;una pla\u00e7a de Mestre o Mestra de l&#8217;Escola Infantil Municipal, personal funcionari administraci\u00f3 especial, pel sistema de concurs oposici\u00f3 lliure.<\/a><\/li>\n<li><a href=\"https:\/\/alzira.es\/es\/servicios-municipales\/recursos-humanos\/empleo-permanente\/convocatoria-11-2023-seleccion-en-propiedad-4-plazas-agentes-policia-local-2-movilidad-2-turno-libre\/\">CONVOCAT\u00d2RIA 11\/2023 Selecci\u00f3 en propietat 10 places d&#8217;Agent de la Policia Local, 3 mobilitat + 7 torn lliure.<\/a><\/li>\n<li><a href=\"https:\/\/alzira.es\/es\/servicios-municipales\/recursos-humanos\/empleo-permanente\/convocatoria-02-2025-tecnico-medio-informatica\/\">CONVOCATORIA 02\/2025 para la selecci\u00f3n en propiedad de una plaza de T\u00e9cnico\/a medio de Inform\u00e1tica (Servicio de Innovaci\u00f3n y Tecnolog\u00eda).<\/a><\/li>\n<li><a href=\"https:\/\/alzira.es\/es\/servicios-municipales\/recursos-humanos\/empleo-permanente\/convocatoria-06-2025-seleccion-como-personal-laboral-fijo-de-cinco-plazas-de-operario-a-del-cementerio-por-el-sistema-de-concurso-oposicion-libre\/\">CONVOCAT\u00d2RIA 06\/2025 per a la selecci\u00f3 com a personal laboral fixe de cinc places d&#8217;Operari\/a de Cementeri, pel sistema de concurs oposici\u00f3 lliure.<\/a><\/li>\n<li><a href=\"https:\/\/alzira.es\/es\/servicios-municipales\/recursos-humanos\/empleo-permanente\/convocatoria-01-2026-provision-definitiva-para-ocupar-un-puesto-vacante-de-jefe-a-de-negociado-en-recaudacion-voluntaria\/\">CONVOCATORIA 01\/2026 Provisi\u00f3n definitiva para ocupar un puesto vacante de Jefe\/a de Negociado de Recaudaci\u00f3n Voluntaria.<\/a><\/li>\n<\/ul>\n<p style=\"margin-left: 30px;\">\u00a0<\/p>\n\n\n<p><\/p>\n","protected":false},"excerpt":{"rendered":"<p>1. PENDIENTES DE CONVOCATORIA CONVOCATORIA 07\/2026 para la cobertura con car\u00e1cter definitivo, del puesto de Secretario\/a General 10101, por concurso ordinario. 2. CONVOCADAS. PENDIENTES DE PRESENTACI\u00d3N DE SOLICITUDES 3. EN FASE DE PRESENTACI\u00d3N DE SOLICITUDES 4. EN FASE DE ADMISI\u00d3N DE ASPIRANTES 5. EN FASE DE REALIZACI\u00d3N DE LAS PRUEBAS SELECTIVAS CONVOCATORIA 06\/2024 Selecci\u00f3n en &hellip; <\/p>\n<p class=\"link-more\"><a href=\"https:\/\/alzira.es\/es\/servicios-municipales\/recursos-humanos\/empleo-permanente\/\" class=\"more-link\">Continuar leyendo<span class=\"screen-reader-text\"> \u00abEmpleo permanente\u00bb<\/span><\/a><\/p>\n","protected":false},"author":156,"featured_media":0,"parent":86783,"menu_order":0,"comment_status":"closed","ping_status":"closed","template":"","meta":{"_acf_changed":false,"footnotes":""},"class_list":["post-105851","page","type-page","status-publish","hentry"],"acf":[],"_links":{"self":[{"href":"https:\/\/alzira.es\/es\/wp-json\/wp\/v2\/pages\/105851","targetHints":{"allow":["GET"]}}],"collection":[{"href":"https:\/\/alzira.es\/es\/wp-json\/wp\/v2\/pages"}],"about":[{"href":"https:\/\/alzira.es\/es\/wp-json\/wp\/v2\/types\/page"}],"author":[{"embeddable":true,"href":"https:\/\/alzira.es\/es\/wp-json\/wp\/v2\/users\/156"}],"replies":[{"embeddable":true,"href":"https:\/\/alzira.es\/es\/wp-json\/wp\/v2\/comments?post=105851"}],"version-history":[{"count":1,"href":"https:\/\/alzira.es\/es\/wp-json\/wp\/v2\/pages\/105851\/revisions"}],"predecessor-version":[{"id":170843,"href":"https:\/\/alzira.es\/es\/wp-json\/wp\/v2\/pages\/105851\/revisions\/170843"}],"up":[{"embeddable":true,"href":"https:\/\/alzira.es\/es\/wp-json\/wp\/v2\/pages\/86783"}],"wp:attachment":[{"href":"https:\/\/alzira.es\/es\/wp-json\/wp\/v2\/media?parent=105851"}],"curies":[{"name":"wp","href":"https:\/\/api.w.org\/{rel}","templated":true}]}}