{"id":105792,"date":"2021-11-25T13:47:34","date_gmt":"2021-11-25T12:47:34","guid":{"rendered":"https:\/\/alzira.es\/?page_id=105792"},"modified":"2021-12-21T10:57:19","modified_gmt":"2021-12-21T09:57:19","slug":"convocatoria-01-2021-creacion-de-una-bolsa-de-trabajo-por-la-seleccion-de-un-a-tecnico-a-administracion-especial-subgrupo-a2-adscrito-a-a-el-departamento-de-idea-tecnico-medio-en-proyectos-europe","status":"publish","type":"page","link":"https:\/\/alzira.es\/es\/servicios-municipales\/recursos-humanos\/empleo-temporal\/convocatoria-01-2021-creacion-de-una-bolsa-de-trabajo-por-la-seleccion-de-un-a-tecnico-a-administracion-especial-subgrupo-a2-adscrito-a-a-el-departamento-de-idea-tecnico-medio-en-proyectos-europe\/","title":{"rendered":"Convocatoria 01\/2021.- Creaci\u00f3n de una bolsa de trabajo de un\/a T\u00e9cnico\/a Medio en Proyectos Europeos."},"content":{"rendered":"<p style=\"text-align: justify;\"><strong>DOCUMENTOS DEL EXPEDIENTE:<\/strong><\/p>\n<table style=\"margin-left: auto; margin-right: auto; height: 209px; width: 820px;\" border=\"0\">\n<thead>\n<tr style=\"background-color: #808080;\">\n<td><span style=\"color: #ffffff;\"><strong>Nombre Fichero<\/strong><\/span><\/td>\n<td align=\"center\"><span style=\"color: #ffffff;\"><strong>Certificado<\/strong><\/span><\/td>\n<\/tr>\n<\/thead>\n<tbody>\n<tr>\n<td><a title=\"Resultados definitivos, constituci\u00f3n bolsa y orden de llamamiento\" href=\"https:\/\/alzira.es\/wp-content\/uploads\/2021\/12\/Decreto-2206-21-Resultado-definitivo-i-orden-llamamiento-tecnico-Proyectos-Europeos.pdf\" target=\"_blank\" rel=\"noopener\">Resultados definitivos, constituci\u00f3n bolsa y orden de llamamiento<\/a><\/td>\n<td align=\"center\"><\/td>\n<\/tr>\n<tr>\n<td><a title=\"Listado provisional admitidos y excluidos.\" href=\"contenidos\/Perfil_del_Contratante\/PERSONAL\/2021_01_Tecnic_projectes_europeus\/Decret_llistat_provisional.pdf\" target=\"_blank\" rel=\"noopener\">E<\/a><a href=\"https:\/\/alzira.es\/wp-content\/uploads\/2021\/12\/Edicte-data-examen-conv-12021-Projectes-europeus-signat.pdf\" target=\"_blank\" rel=\"noopener\">dicto: fecha, lugar y hora examen<\/a><\/td>\n<td align=\"center\"><\/td>\n<\/tr>\n<tr>\n<td><a title=\"Acta n\u00fam 1 constituci\u00f3n tribunal y prueba.\" href=\"https:\/\/alzira.es\/wp-content\/uploads\/2021\/12\/Acta-1-Constituci-tribunal-i-examen-T-cnic-Mitj-projectes-europeus-sig..pdf\" target=\"_blank\" rel=\"noopener\">Acta 1: Constituci\u00f3n tribunal y prueba<\/a><\/td>\n<td align=\"center\"><\/td>\n<\/tr>\n<tr>\n<td><a href=\"https:\/\/alzira.es\/wp-content\/uploads\/2021\/12\/Acta-2-Part-b-defensa-i-avaluacio-de-la-prova-sig.pdf\" target=\"_blank\" rel=\"noopener\">Acta 2: Defensa examen y evaluaci\u00f3n<\/a><\/td>\n<td align=\"center\"><\/td>\n<\/tr>\n<tr>\n<td><a title=\"Listado provisional admitidos y excluidos.\" href=\"https:\/\/alzira.es\/wp-content\/uploads\/2021\/12\/Decret_llistat_provisional.pdf\" target=\"_blank\" rel=\"noopener\">Listado provisional admitidos excluidos.\u00a0<\/a><\/td>\n<td align=\"center\"><a href=\"https:\/\/alzira.es\/wp-content\/uploads\/2021\/12\/Certificado_Publicacion_-_EDICTO-L046017-00000000-2021-881.pdf\" target=\"_blank\" rel=\"noopener\">\u00a0<\/a><a href=\"https:\/\/alzira.es\/wp-content\/uploads\/2021\/12\/Certificado_Publicacion_-_EDICTO-L046017-00000000-2021-881.pdf\" target=\"_blank\" rel=\"noopener\"><img decoding=\"async\" class=\"alignnone wp-image-106411 size-full lazyload\" data-src=\"https:\/\/alzira.es\/wp-content\/uploads\/2021\/12\/document_certificat.gif\" alt=\"\" width=\"16\" height=\"16\" src=\"data:image\/svg+xml;base64,PHN2ZyB3aWR0aD0iMSIgaGVpZ2h0PSIxIiB4bWxucz0iaHR0cDovL3d3dy53My5vcmcvMjAwMC9zdmciPjwvc3ZnPg==\" style=\"--smush-placeholder-width: 16px; --smush-placeholder-aspect-ratio: 16\/16;\" \/><\/a><\/td>\n<\/tr>\n<tr>\n<td><a title=\"Descargar\/Descarregar\" href=\"https:\/\/alzira.es\/wp-content\/uploads\/2021\/12\/03_autobaremacio_v_TAG_02_PROJ_EUROPEUS.xlsx\" target=\"_blank\" rel=\"noopener\">Autobaremaci\u00f3n<\/a><\/td>\n<td align=\"center\"><\/td>\n<\/tr>\n<tr>\n<td><a title=\"Descargar\/Descarregar\" href=\"https:\/\/alzira.es\/wp-content\/uploads\/2021\/12\/02_anuncio_bopv_projectes_europeus_20210707.pdf\" target=\"_blank\" rel=\"noopener\">Anuncio en el BOP de la convocatoria\u00a0<\/a><\/td>\n<td align=\"center\"><\/td>\n<\/tr>\n<tr>\n<td><a title=\"Descargar\/Descarregar\" href=\"https:\/\/alzira.es\/wp-content\/uploads\/2021\/12\/01-bases_adl_aedl_projectes_europeus_2021_val__cert__jgl_20210615.pdf\" target=\"_blank\" rel=\"noopener\">Bases espec\u00edficas\u00a0<\/a><\/td>\n<td align=\"center\"><\/td>\n<\/tr>\n<\/tbody>\n<\/table>\n","protected":false},"excerpt":{"rendered":"<p>DOCUMENTOS DEL EXPEDIENTE: Nombre Fichero Certificado Resultados definitivos, constituci\u00f3n bolsa y orden de llamamiento Edicto: fecha, lugar y hora examen Acta 1: Constituci\u00f3n tribunal y prueba Acta 2: Defensa examen y evaluaci\u00f3n Listado provisional admitidos excluidos.\u00a0 \u00a0 Autobaremaci\u00f3n Anuncio en el BOP de la convocatoria\u00a0 Bases espec\u00edficas\u00a0<\/p>\n","protected":false},"author":29,"featured_media":0,"parent":105760,"menu_order":0,"comment_status":"closed","ping_status":"closed","template":"","meta":{"_acf_changed":false,"footnotes":""},"class_list":["post-105792","page","type-page","status-publish","hentry"],"acf":[],"_links":{"self":[{"href":"https:\/\/alzira.es\/es\/wp-json\/wp\/v2\/pages\/105792","targetHints":{"allow":["GET"]}}],"collection":[{"href":"https:\/\/alzira.es\/es\/wp-json\/wp\/v2\/pages"}],"about":[{"href":"https:\/\/alzira.es\/es\/wp-json\/wp\/v2\/types\/page"}],"author":[{"embeddable":true,"href":"https:\/\/alzira.es\/es\/wp-json\/wp\/v2\/users\/29"}],"replies":[{"embeddable":true,"href":"https:\/\/alzira.es\/es\/wp-json\/wp\/v2\/comments?post=105792"}],"version-history":[{"count":1,"href":"https:\/\/alzira.es\/es\/wp-json\/wp\/v2\/pages\/105792\/revisions"}],"predecessor-version":[{"id":107777,"href":"https:\/\/alzira.es\/es\/wp-json\/wp\/v2\/pages\/105792\/revisions\/107777"}],"up":[{"embeddable":true,"href":"https:\/\/alzira.es\/es\/wp-json\/wp\/v2\/pages\/105760"}],"wp:attachment":[{"href":"https:\/\/alzira.es\/es\/wp-json\/wp\/v2\/media?parent=105792"}],"curies":[{"name":"wp","href":"https:\/\/api.w.org\/{rel}","templated":true}]}}