{"id":105760,"date":"2021-11-25T11:55:54","date_gmt":"2021-11-25T10:55:54","guid":{"rendered":"https:\/\/alzira.es\/?page_id=105760"},"modified":"2026-04-02T13:58:33","modified_gmt":"2026-04-02T11:58:33","slug":"empleo-temporal","status":"publish","type":"page","link":"https:\/\/alzira.es\/es\/servicios-municipales\/recursos-humanos\/empleo-temporal\/","title":{"rendered":"Empleo Temporal"},"content":{"rendered":"<p><strong><span style=\"background-color: #808080; color: #ffffff;\">1. PENDIENTES DE CONVOCATORIA<\/span><\/strong><\/p>\n<p><strong><span style=\"background-color: #808080; color: #ffffff;\">2. CONVOCADAS Y PENDIENTES O EN FASE DE PRESENTACI\u00d3N DE SOLICITUDES<\/span><\/strong><\/p>\n<p><strong><span style=\"background-color: #808080; color: #ffffff;\">3. EN FASE DE ADMISI\u00d3N DE <\/span><\/strong><strong style=\"font-size: revert;\"><span style=\"background-color: #808080; color: #ffffff;\">ASPIRANTES<\/span><\/strong><\/p>\n<p><strong><span style=\"background-color: #808080; color: #ffffff;\">4. EN FASE DE REALIZACI\u00d3N DE LAS PRUEBAS SELECTIVAS<\/span><\/strong><\/p>\n<p><strong><span style=\"background-color: #808080; color: #ffffff;\">5. PRUEBAS SELECTIVAS FINALIZADAS<\/span> <\/strong><\/p>\n<ul>\n<li><a href=\"https:\/\/alzira.es\/es\/servicios-municipales\/recursos-humanos\/empleo-temporal\/convocatoria-01-2022-bolsa-de-trabajo-a2-tecnico-medio-de-proyectos-europeos-idea\/\">CONVOCATORIA 01\/2022.- Bolsa de trabajo A2 t\u00e9cnico medio proyectos europeos (IDEA)<\/a><\/li>\n<li><a href=\"https:\/\/alzira.es\/es\/servicios-municipales\/recursos-humanos\/empleo-temporal\/convocatoria-6-2022-bolsa-de-trabajo-de-operarios-y-operarias-de-limpieza\/\">CONVOCATORIA 06\/2022.- Bolsa de trabajo de operarios y operarias de limpieza<\/a><\/li>\n<li><a href=\"https:\/\/alzira.es\/es\/servicios-municipales\/recursos-humanos\/empleo-temporal\/convocatoria-10-2022-provisio-temporal-millora-docupacio-2-places-serveis-socials\/\">CONVOCATORIA 10\/2022.- Provisi\u00f3n temporal mejora de ocupaci\u00f3n 2 plazas servicios sociales<\/a><\/li>\n<li><a href=\"https:\/\/alzira.es\/serveis-municipals\/recursos-humans\/ocupacio-temporal\/convocatoria-12-2022-per-ocupar-el-lloc-denginyer-industrial-electricitat\/\">CONVOCATORIA 12\/2022.- para ocupar el lugar de Ingeniero\u00a0 INDUSTRIAL\/ELECTRICIDAD<\/a><\/li>\n<li><a href=\"https:\/\/alzira.es\/es\/servicios-municipales\/recursos-humanos\/empleo-temporal\/convocatoria-13-2022-provision-temporal-jefe-de-servicio-de-servicios-sociales-e-innovacion\/\">CONVOCATORIA 13\/2022.- Provisi\u00f3n temporal Jefe de Servicio de Servicios Sociales e Innovaci\u00f3n<\/a><\/li>\n<li><a href=\"https:\/\/alzira.es\/es\/servicios-municipales\/recursos-humanos\/empleo-temporal\/convocatoria-14-2022-bolsa-de-trabajo-para-la-seleccion-de-2-trabajadores-as-sociales-tecnicos-as-de-gestion-administracion-especial-a2\/\">CONVOCATORIA 14\/2022.- Bolsa de trabajo para la selecci\u00f3n de 2 Trabajadores\/as Sociales TGAE A2<\/a><\/li>\n<li><a href=\"https:\/\/alzira.es\/es\/convocatoria-05-2022-bolsa-de-trabajo-para-la-seleccion-de-tres-tecnicos-de-gestion-administracion-especial-a2-psicolegs-o-psicologues-sasem\/\">CONVOCATORIA 05\/2022.- Creaci\u00f3n de una bolsa de trabajo para la selecci\u00f3n de tres T\u00e9cnicos\/as de Gesti\u00f3n Administraci\u00f3n Especial A2 &#8211; Psic\u00f3logo\/Psic\u00f3loga SASEM<\/a><\/li>\n<li><a href=\"https:\/\/alzira.es\/es\/convocatoria-7-2022-bolsa-temporal-urgente-oficial-tramoyista\/\">CONVOCATORIA 07\/2022.- Bolsa temporal urgente oficial tramoyista<\/a><\/li>\n<li><a href=\"https:\/\/alzira.es\/es\/servicios-municipales\/recursos-humanos\/empleo-temporal\/convocatoria-8-2022-bolsa-de-trabajo-servicios-varios\/\">CONVOCATORIA 08\/2022.- Bolsas de trabajo operarios\/as edificios, obreros, medio ambiente, cementerio y actividades culturales y deportivas<\/a><\/li>\n<li><a href=\"https:\/\/alzira.es\/serveis-municipals\/recursos-humans\/ocupacio-temporal\/convocatoria-02-2023-creacio-duna-borsa-de-treball-per-la-seleccio-dun-a-monitor-a-dactivitats-en-sec-i-aiguaper-a-la-piscina-municipal\/\">CONVOCATORIA 02\/2023.- Bolsa de trabajo de Monitor\/a de actividades deportivas de agua y seco para la Piscina Municipal.<\/a><\/li>\n<li><a href=\"https:\/\/alzira.es\/es\/servicios-municipales\/recursos-humanos\/empleo-temporal\/convocatoria-06-2023-bolsa-temporal-tecnico-superior-bibliotecario-u-otros-segun-perfil-a1-2\/\">CONVOCATORIA 06\/2023.- BOLSA TEMPORAL T\u00c9CNICO SUPERIOR BIBLIOTECARIO u otros, seg\u00fan perfil, A1<\/a><\/li>\n<li><a href=\"https:\/\/alzira.es\/es\/servicios-municipales\/recursos-humanos\/empleo-temporal\/convocatoria-07-2023-provision-temporal-en-mejora-de-la-ocupacion-o-adscripcion-provisional-o-definitiva-por-concurso-de-meritos-interno\">CONVOCATORIA 07\/2023.\u2013 Provisi\u00f3n temporal en mejora de la ocupaci\u00f3n o adscripci\u00f3n provisional o definitiva por concurso de m\u00e9ritos interno<\/a><\/li>\n<li><a href=\"https:\/\/alzira.es\/serveis-municipals\/recursos-humans\/ocupacio-temporal\/convocatoria-08-2023-borsa-temporal-monitor-de-ceramica-c2\/\">CONVOCATORIA 08\/2023.- Bolsa de trabajo para la provisi\u00f3n temporal de un monitor\/a de cer\u00e1mica.<\/a><\/li>\n<li><a href=\"https:\/\/alzira.es\/serveis-municipals\/recursos-humans\/ocupacio-temporal\/convocatoria-20-20172-borsa-temporal-de-professorat-cpfpa-especialitat-tecnologia-i-dibuix-tecnic\/\">CONVOCATORIA 20\/2017(2) &#8211; BOLSA TEMPORAL de Profesorado CPFPA Especialidad TECNOLOG\u00cdA Y DIBUJO T\u00c9CNICO.<\/a><\/li>\n<li><a href=\"https:\/\/alzira.es\/es\/servicios-municipales\/recursos-humanos\/empleo-temporal\/convocatoria-3-2024-oferta-generica-urgente-para-la-seleccion-de-personal-docente-de-jardineria-para-el-curso-2023-2024-del-programa-formativo-de-calificacion-profesional\/\">CONVOCATORIA 03\/2024 \u2013 OFERTA GEN\u00c9RICA URGENTE personal docente de jardiner\u00eda para el curso 2023-2024 del programa formativo de calificaci\u00f3n profesional.<\/a><\/li>\n<li><a href=\"https:\/\/alzira.es\/es\/servicios-municipales\/recursos-humanos\/empleo-temporal\/convocatoria-01-2024-bolsas-de-trabajo-para-la-contratacion-temporal-de-personal-docente-para-impartir-programas-formativos-pfqb-y-cpfpa\/\">CONVOCATORIA 01\/2024 &#8211; BOLSAS DE TRABAJO para la contrataci\u00f3n temporal personal docente para impartir Programas Formativos (PFQB y CPFPA)<\/a><\/li>\n<li><a href=\"https:\/\/alzira.es\/es\/servicios-municipales\/recursos-humanos\/empleo-permanente\/convocatoria-02-2024-bolsa-de-empleo-de-agentes-de-la-policia-local-en-comision-de-servicios\/\">CONVOCATORIA 02\/2024 &#8211; BOLSA de empleo de Agentes de la Polic\u00eda Local en Comisi\u00f3n de Servicios<\/a><\/li>\n<li><a href=\"https:\/\/alzira.es\/serveis-municipals\/recursos-humans\/ocupacio-temporal\/convocatoria-04-2023-borsa-temporal-oficial-obrer-a-de-medi-ambient-palista-i-obrer\/\">CONVOCATORIA 04\/2023 \u2013 BOLSA TEMPORAL OFICIAL Obrero\/a; de Medio Ambiente; Palista y obrero<\/a><\/li>\n<li><a href=\"https:\/\/alzira.es\/es\/servicios-municipales\/recursos-humanos\/empleo-temporal\/convocatoria-01-2024-2-bolsa-de-trabajo-para-la-contratacion-temporal-de-personal-docente-para-impartir-tecnologia-y-dibujo-tecnico-cpfpa\/\">CONVOCATORIA 01\/2024 (2) &#8211; BOLSA DE TRABAJO para la contrataci\u00f3n temporal personal docente para impartir Tecnolog\u00eda y Dibujo T\u00e9cnico (CPFPA)<\/a><\/li>\n<li><a href=\"https:\/\/alzira.es\/es\/servicios-municipales\/recursos-humanos\/empleo-temporal\/convocatoria-03-2024-creacion-de-dos-bolsas-de-trabajo-de-la-categoria-profesional-de-monitor-a-deportivo-de-actividades-de-seco-y-agua-tecnico-a-de-salvamento-y-socorrismo-subgrupo-e-ap\/\">CONVOCATORIA 03\/2024.- Bolsa de trabajo de T\u00e9cnicos\/as de actividades deportivas especialistas en actividades dirigidas de Seco y Agua + T\u00e9cnico\/a en Salvamento y Socorrismo.<\/a><\/li>\n<li><a href=\"https:\/\/alzira.es\/es\/servicios-municipales\/recursos-humanos\/empleo-temporal\/convocatoria-04-2024-provision-temporal-mejora-de-ocupacion-1-puesto-vacante-de-tecnico-a-de-gestion-a2-de-fp-o\/\">CONVOCATORIA 04\/2024.- Provisi\u00f3n temporal mejora de ocupaci\u00f3n 1 puesto vacante de T\u00e9cnico\/a de Gesti\u00f3n A2 de FP-O<\/a><\/li>\n<li><a href=\"https:\/\/alzira.es\/es\/servicios-municipales\/recursos-humanos\/empleo-temporal\/convocatoria-05-2024-bolsa-de-trabajo-por-el-sistema-de-concurso-oposicion-de-tecnico-a-de-integracion-social-tis\/\">CONVOCATORIA 05\/2024.- Bolsa de trabajo de T\u00e9cnico\/a de Integraci\u00f3n Social (TIS).<\/a><\/li>\n<li><a href=\"https:\/\/alzira.es\/es\/servicios-municipales\/recursos-humanos\/empleo-temporal\/convocatoria-10-2024-distintas-bolsas-de-trabajo-por-el-sistema-de-concurso-oposicion-de-arquitecto-a-agronomo-a-ingeniero-a-tecnico-a-industrial-y-tecnico-a-animacion-sociocultural-tasoc\/\">CONVOCATORIA 10\/2024.- Bolsas de trabajo por el sistema de concurso oposici\u00f3n de Arquitecto\/a; Agr\u00f3nomo\/a; Ingeniero\/a T\u00e9cnico\/a Industrial y T\u00e9cnico\/a de animaci\u00f3n sociocultural (TASOC).<\/a><\/li>\n<li><a href=\"https:\/\/alzira.es\/es\/servicios-municipales\/recursos-humanos\/empleo-temporal\/convocatoria-11-2024-provision-temporal-por-comision-de-servicios-interna-para-ocupar-un-puesto-vacante-de-jefe-a-de-seccion-de-patrimonio-cultural-y-turismo\/\">CONVOCATORIA 11\/2024.- Provisi\u00f3n temporal mediante Comisi\u00f3n de Servicios Interna Jefe\/a de Secci\u00f3n de Patrimonio Cultural y Turismo.<\/a><\/li>\n<li><a href=\"https:\/\/alzira.es\/es\/servicios-municipales\/recursos-humanos\/empleo-temporal\/convocatoria-12-2024-provision-temporal-por-comision-de-servicios-interna-para-ocupar-dos-puestos-vacantes-de-jefe-a-de-negociado-tesoreria-recaudacion-y-bienestar-social\/\">CONVOCATORIA 12\/2024.- Concurso de provisi\u00f3n puesto de Jefe\/a de Negociado de Bienestar Social, mediante Comisi\u00f3n de Servicios Interna.<\/a><\/li>\n<li><a href=\"https:\/\/alzira.es\/es\/servicios-municipales\/recursos-humanos\/empleo-temporal\/convocatoria-13-2024-provision-temporal-por-comision-de-servicios-para-ocupar-un-puesto-vacante-de-jefe-a-de-seccion-de-archivo-y-gestion-documental\/\">CONVOCATORIA 13\/2024.- Provisi\u00f3n temporal mediante Comisi\u00f3n de Servicios Jefe\/a de Secci\u00f3n de Archivo y Gesti\u00f3n Documental.<\/a><\/li>\n<li><a href=\"https:\/\/alzira.es\/es\/servicios-municipales\/recursos-humanos\/empleo-temporal\/convocatoria-01-2025-provision-temporal-por-comision-de-servicios-para-ocupar-un-puesto-vacante-de-jefe-a-de-negociado-de-tesoreria-recaudacion\/\">CONVOCATORIA 01\/2025.- Concurso de provisi\u00f3n de un puesto de Jefe\/a de Negociado de Tesorer\u00eda-Recaudaci\u00f3n por Comisi\u00f3n de Servicios.<\/a><\/li>\n<li><a href=\"https:\/\/alzira.es\/es\/servicios-municipales\/recursos-humanos\/empleo-temporal\/convocatoria-03-2025-provision-temporal-mejora-de-ocupacion-tecnico-a-de-mejora-e-innovacion-a2-servicio-de-mejora-e-innovacion\/\">CONVOCATORIA 03\/2025.- Provisi\u00f3n puesto vacante por mejora de ocupaci\u00f3n de T\u00e9cnico\/a de Mejora e Innovaci\u00f3n.<\/a><\/li>\n<li><a style=\"font-size: 1rem;\" href=\"https:\/\/alzira.es\/es\/servicios-municipales\/recursos-humanos\/empleo-temporal\/convocatoria-04-2025-bolsa-de-trabajo-por-el-sistema-de-concurso-oposicion-de-inspector-a-de-obras-y-servicios\/\">CONVOCATORIA 04\/2025.- Bolsa de trabajo de Inspector de Obras y Servicios, por concurso oposici\u00f3n libre.<\/a><\/li>\n<li><a style=\"font-size: 1rem;\" href=\"https:\/\/alzira.es\/es\/servicios-municipales\/recursos-humanos\/empleo-temporal\/convocatoria-05-2025-bolsas-de-trabajo-para-la-contratacion-temporal-de-personal-docente-profesor-a-artes-plasticas-en-diferentes-categorias-y-de-ceramica-para-la-escuela-municipal-de-artes-plastica\/\">CONVOCATORIA 05\/2025.- Bolsas de trabajo contrataci\u00f3n temporal personal docente Profesor\/a Artes Pl\u00e1sticas en diferentes categor\u00edas y de Cer\u00e1mica para la Escuela Municipal de Artes Pl\u00e1sticas.<\/a><\/li>\n<li><a href=\"https:\/\/alzira.es\/es\/servicios-municipales\/recursos-humanos\/empleo-temporal\/convocatoria-09-2025-cobertura-del-puesto-de-vicesecretaria-general-habilitados-nacionales-11100-en-comision-de-servicios\/\" target=\"_blank\" rel=\"noopener\">CONVOCATORIA 09\/2025.- Cobertura del puesto de Vicesecretar\u00eda General &#8211; Habilitados Nacionales (11100), en Comisi\u00f3n de Servicios.<\/a><\/li>\n<li><a href=\"https:\/\/alzira.es\/es\/servicios-municipales\/recursos-humanos\/empleo-temporal\/convocatoria-3-2024-oferta-generica-urgente-para-la-seleccion-de-personal-docente-de-jardineria-para-el-curso-2023-2024-del-programa-formativo-de-calificacion-profesional-2\/\">CONVOCATORIA 10\/2025.- OFERTA GEN\u00c9RICA URGENTE para la contrataci\u00f3n\/nombramiento temporal de Operario\/a Brigada Medio Ambiente, Agricultura y Forestal.<\/a><\/li>\n<li><a href=\"https:\/\/alzira.es\/es\/servicios-municipales\/recursos-humanos\/empleo-temporal\/convocatoria-11-2025-oferta-generica-urgente-para-la-contratacion-nombramiento-temporal-de-arquitecto-a-tecnico-a\/\">CONVOCATORIA 11\/2025.- OFERTA GEN\u00c9RICA URGENTE para la contrataci\u00f3n\/nombramiento temporal de Arquitectos\/as T\u00e9cnicos\/as.<\/a><\/li>\n<li><a href=\"https:\/\/alzira.es\/es\/servicios-municipales\/recursos-humanos\/empleo-temporal\/convocatoria-12-2025-provision-temporal-por-comision-de-servicios-interna-para-ocupar-un-puesto-vacante-de-jefe-a-de-seccion-de-contratacion\/\">CONVOCATORIA 12\/2025.- Concurso provisi\u00f3n para ocupar un puesto vacante de Jefe\/a de Secci\u00f3n de Contrataci\u00f3n, por comisi\u00f3n de servicios de forma temporal.<\/a><\/li>\n<li><a href=\"https:\/\/alzira.es\/es\/servicios-municipales\/recursos-humanos\/empleo-temporal\/convocatoria-13-2025-bolsa-de-trabajo-por-el-sistema-de-concurso-oposicion-de-operarios-as-de-servicios-varios\/\">CONVOCATORIA 13\/2025.- Bolsa de trabajo contrataci\u00f3n temporal Operarios\/as de Servicios Varios<\/a><\/li>\n<li><a href=\"https:\/\/alzira.es\/serveis-municipals\/recursos-humans\/ocupacio-temporal\/convocatoria-15-2025-borsa-de-treball-pel-sistema-doposicio-doperaris-ies-de-neteja\/\">CONVOCATORIA 15\/2025.- Bolsa de trabajo contrataci\u00f3n temporal Operarios\/as de Limpieza.<\/a><\/li>\n<li><a href=\"https:\/\/alzira.es\/es\/servicios-municipales\/recursos-humanos\/empleo-temporal\/convocatoria-01-2025-provision-temporal-por-comision-de-servicios-para-ocupar-un-puesto-vacante-de-jefe-a-de-negociado-de-tesoreria-recaudacion-2\/\">CONVOCATORIA 04\/2026.- Provisi\u00f3n temporal Jefe\/a de Negociado de Alcald\u00eda por movilidad interna.<\/a><\/li>\n<li><a href=\"https:\/\/alzira.es\/es\/servicios-municipales\/recursos-humanos\/empleo-permanente\/convocatoria-06-2026-concurso-de-provision-temporal-para-ocupar-un-puesto-vacante-de-gestor-a-administrativo-a-tesoreria-recaudacion-por-comision-de-servicios\/\">CONVOCATORIA 06\/2026.- Provisi\u00f3n temporal Gestor\/a Administrativo\/a (Tesorer\u00eda-Recaudaci\u00f3n) por comisi\u00f3n de servicios interna.<\/a><\/li>\n<\/ul>\n\n\n<p><\/p>\n","protected":false},"excerpt":{"rendered":"<p>1. PENDIENTES DE CONVOCATORIA 2. CONVOCADAS Y PENDIENTES O EN FASE DE PRESENTACI\u00d3N DE SOLICITUDES 3. EN FASE DE ADMISI\u00d3N DE ASPIRANTES 4. EN FASE DE REALIZACI\u00d3N DE LAS PRUEBAS SELECTIVAS 5. PRUEBAS SELECTIVAS FINALIZADAS CONVOCATORIA 01\/2022.- Bolsa de trabajo A2 t\u00e9cnico medio proyectos europeos (IDEA) CONVOCATORIA 06\/2022.- Bolsa de trabajo de operarios y operarias &hellip; <\/p>\n<p class=\"link-more\"><a href=\"https:\/\/alzira.es\/es\/servicios-municipales\/recursos-humanos\/empleo-temporal\/\" class=\"more-link\">Continuar leyendo<span class=\"screen-reader-text\"> \u00abEmpleo Temporal\u00bb<\/span><\/a><\/p>\n","protected":false},"author":156,"featured_media":0,"parent":86783,"menu_order":0,"comment_status":"closed","ping_status":"closed","template":"","meta":{"_acf_changed":false,"footnotes":""},"class_list":["post-105760","page","type-page","status-publish","hentry"],"acf":[],"_links":{"self":[{"href":"https:\/\/alzira.es\/es\/wp-json\/wp\/v2\/pages\/105760","targetHints":{"allow":["GET"]}}],"collection":[{"href":"https:\/\/alzira.es\/es\/wp-json\/wp\/v2\/pages"}],"about":[{"href":"https:\/\/alzira.es\/es\/wp-json\/wp\/v2\/types\/page"}],"author":[{"embeddable":true,"href":"https:\/\/alzira.es\/es\/wp-json\/wp\/v2\/users\/156"}],"replies":[{"embeddable":true,"href":"https:\/\/alzira.es\/es\/wp-json\/wp\/v2\/comments?post=105760"}],"version-history":[{"count":2,"href":"https:\/\/alzira.es\/es\/wp-json\/wp\/v2\/pages\/105760\/revisions"}],"predecessor-version":[{"id":170839,"href":"https:\/\/alzira.es\/es\/wp-json\/wp\/v2\/pages\/105760\/revisions\/170839"}],"up":[{"embeddable":true,"href":"https:\/\/alzira.es\/es\/wp-json\/wp\/v2\/pages\/86783"}],"wp:attachment":[{"href":"https:\/\/alzira.es\/es\/wp-json\/wp\/v2\/media?parent=105760"}],"curies":[{"name":"wp","href":"https:\/\/api.w.org\/{rel}","templated":true}]}}