{"id":105437,"date":"2021-11-23T19:14:46","date_gmt":"2021-11-23T18:14:46","guid":{"rendered":"https:\/\/alzira.es\/?page_id=105437"},"modified":"2023-06-12T09:45:39","modified_gmt":"2023-06-12T07:45:39","slug":"plan-de-igualdad","status":"publish","type":"page","link":"https:\/\/alzira.es\/es\/servicios-municipales\/politicas-de-igualdad\/plan-de-igualdad\/","title":{"rendered":"Plan de Igualdad"},"content":{"rendered":"<p>El Ayuntamiento de Alzira, consciente de las desigualdades persistentes y de la importancia que tienen las pol\u00edticas p\u00fablicas para que el principio de igualdad sea una realidad, ha determinado desde su \u00e1mbito de competencias desarrollar una intervenci\u00f3n global a trav\u00e9s de los Planes para la igualdad entre mujeres y hombres.<\/p>\n<p>La igualdad formal no se ha traducido en igualdad real y efectiva, basta con abrir los ojos cada d\u00eda para comprobarlo. El Plan constituir\u00e1 el instrumento que ha de guiar las actuaciones municipales en esta materia los pr\u00f3ximos a\u00f1os; porque una ciudadan\u00eda en igualdad no es un imposible, es un posible a largo plazo.<\/p>\n<p><img decoding=\"async\" class=\"alignleft wp-image-48866 size-full lazyload\" data-src=\"https:\/\/alzira.es\/wp-content\/uploads\/2020\/04\/pdf_azul.gif\" alt=\"pdf azul\" width=\"18\" height=\"15\" src=\"data:image\/svg+xml;base64,PHN2ZyB3aWR0aD0iMSIgaGVpZ2h0PSIxIiB4bWxucz0iaHR0cDovL3d3dy53My5vcmcvMjAwMC9zdmciPjwvc3ZnPg==\" style=\"--smush-placeholder-width: 18px; --smush-placeholder-aspect-ratio: 18\/15;\" \/><a href=\"https:\/\/alzira.es\/wp-content\/uploads\/2009\/07\/i_plan_de_igualdad.pdf\" target=\"_blank\" rel=\"noopener\">\u00a0 I Plan de iguadad entre Mujeres y Hombres<\/a><\/p>\n<p><img decoding=\"async\" class=\"alignleft wp-image-48866 size-full lazyload\" data-src=\"https:\/\/alzira.es\/wp-content\/uploads\/2020\/04\/pdf_azul.gif\" alt=\"pdf azul\" width=\"18\" height=\"15\" src=\"data:image\/svg+xml;base64,PHN2ZyB3aWR0aD0iMSIgaGVpZ2h0PSIxIiB4bWxucz0iaHR0cDovL3d3dy53My5vcmcvMjAwMC9zdmciPjwvc3ZnPg==\" style=\"--smush-placeholder-width: 18px; --smush-placeholder-aspect-ratio: 18\/15;\" \/><a href=\"https:\/\/alzira.es\/wp-content\/uploads\/2009\/07\/alzira_-_ii_pla_igualtat.pdf\" target=\"_blank\" rel=\"noopener\">\u00a0 II Plan de iguadad entre Mujeres y Hombres<\/a><\/p>\n<p><img decoding=\"async\" class=\"alignleft wp-image-48866 size-full lazyload\" data-src=\"https:\/\/alzira.es\/wp-content\/uploads\/2020\/04\/pdf_azul.gif\" alt=\"pdf azul\" width=\"18\" height=\"15\" src=\"data:image\/svg+xml;base64,PHN2ZyB3aWR0aD0iMSIgaGVpZ2h0PSIxIiB4bWxucz0iaHR0cDovL3d3dy53My5vcmcvMjAwMC9zdmciPjwvc3ZnPg==\" style=\"--smush-placeholder-width: 18px; --smush-placeholder-aspect-ratio: 18\/15;\" \/><a href=\"https:\/\/alzira.es\/wp-content\/uploads\/2009\/07\/III_Pla_Igualtat_2_col._definitiu_Ple_rev.pdf\" target=\"_blank\" rel=\"noopener\">\u00a0 III Plan de iguadad entre Mujeres y Hombres<\/a><\/p>\n<p><img decoding=\"async\" class=\"alignleft wp-image-48866 size-full lazyload\" data-src=\"https:\/\/alzira.es\/wp-content\/uploads\/2020\/04\/pdf_azul.gif\" alt=\"pdf azul\" width=\"18\" height=\"15\" src=\"data:image\/svg+xml;base64,PHN2ZyB3aWR0aD0iMSIgaGVpZ2h0PSIxIiB4bWxucz0iaHR0cDovL3d3dy53My5vcmcvMjAwMC9zdmciPjwvc3ZnPg==\" style=\"--smush-placeholder-width: 18px; --smush-placeholder-aspect-ratio: 18\/15;\" \/><a href=\"https:\/\/alzira.es\/wp-content\/uploads\/2023\/06\/IV-Pla-2023-definitiu-aprovat-29-3-23.pdf\" target=\"_blank\" rel=\"noopener\">\u00a0 IV Plan de iguadad entre Mujeres y Hombres<\/a><\/p>\n","protected":false},"excerpt":{"rendered":"<p>El Ayuntamiento de Alzira, consciente de las desigualdades persistentes y de la importancia que tienen las pol\u00edticas p\u00fablicas para que el principio de igualdad sea una realidad, ha determinado desde su \u00e1mbito de competencias desarrollar una intervenci\u00f3n global a trav\u00e9s de los Planes para la igualdad entre mujeres y hombres. La igualdad formal no se &hellip; <\/p>\n<p class=\"link-more\"><a href=\"https:\/\/alzira.es\/es\/servicios-municipales\/politicas-de-igualdad\/plan-de-igualdad\/\" class=\"more-link\">Continuar leyendo<span class=\"screen-reader-text\"> \u00abPlan de Igualdad\u00bb<\/span><\/a><\/p>\n","protected":false},"author":29,"featured_media":3203,"parent":3211,"menu_order":0,"comment_status":"closed","ping_status":"closed","template":"","meta":{"_acf_changed":false,"footnotes":""},"class_list":["post-105437","page","type-page","status-publish","has-post-thumbnail","hentry"],"acf":[],"_links":{"self":[{"href":"https:\/\/alzira.es\/es\/wp-json\/wp\/v2\/pages\/105437","targetHints":{"allow":["GET"]}}],"collection":[{"href":"https:\/\/alzira.es\/es\/wp-json\/wp\/v2\/pages"}],"about":[{"href":"https:\/\/alzira.es\/es\/wp-json\/wp\/v2\/types\/page"}],"author":[{"embeddable":true,"href":"https:\/\/alzira.es\/es\/wp-json\/wp\/v2\/users\/29"}],"replies":[{"embeddable":true,"href":"https:\/\/alzira.es\/es\/wp-json\/wp\/v2\/comments?post=105437"}],"version-history":[{"count":1,"href":"https:\/\/alzira.es\/es\/wp-json\/wp\/v2\/pages\/105437\/revisions"}],"predecessor-version":[{"id":138387,"href":"https:\/\/alzira.es\/es\/wp-json\/wp\/v2\/pages\/105437\/revisions\/138387"}],"up":[{"embeddable":true,"href":"https:\/\/alzira.es\/es\/wp-json\/wp\/v2\/pages\/3211"}],"wp:featuredmedia":[{"embeddable":true,"href":"https:\/\/alzira.es\/es\/wp-json\/wp\/v2\/media\/3203"}],"wp:attachment":[{"href":"https:\/\/alzira.es\/es\/wp-json\/wp\/v2\/media?parent=105437"}],"curies":[{"name":"wp","href":"https:\/\/api.w.org\/{rel}","templated":true}]}}