{"id":10496,"date":"2015-02-17T12:45:04","date_gmt":"2015-02-17T11:45:04","guid":{"rendered":"https:\/\/alzira.es\/enlaces-y-recursos\/"},"modified":"2021-08-30T10:10:44","modified_gmt":"2021-08-30T08:10:44","slug":"enlaces-y-recursos","status":"publish","type":"page","link":"https:\/\/alzira.es\/es\/servicios-municipales\/infancia\/enlaces-y-recursos\/","title":{"rendered":"Enlaces y recursos"},"content":{"rendered":"<table style=\"height: 782px; width: 1094px;\" border=\"0\">\n<tbody>\n<tr>\n<td style=\"text-align: center;\" rowspan=\"8\"><strong>NUEVAS TECNOLOG\u00cdAS Y REDES SOCIALES<\/strong><\/td>\n<td><span style=\"color: #0000ff;\"><a href=\"http:\/\/www.netiquetate.com\/\" target=\"_blank\" rel=\"noopener\"><span style=\"font-size: 10pt; color: #0000ff;\">Netiqu\u00e9tate<\/span><\/a><\/span><\/td>\n<\/tr>\n<tr>\n<td><span style=\"color: #0000ff;\"><a href=\"http:\/\/www.pantallasamigas.net\/\" target=\"_blank\" rel=\"noopener\"><span style=\"font-size: 12pt; font-family: Calibri, sans-serif; color: #0000ff;\">Pantallas amigas<\/span><\/a><\/span><\/td>\n<\/tr>\n<tr>\n<td><span style=\"color: #0000ff;\"><a href=\"http:\/\/windows.microsoft.com\/es-es\/windows\/set-up-family-safety#set-up-family-safety=windows-7\" target=\"_blank\" rel=\"noopener\"><span style=\"font-size: 12pt; font-family: Calibri, sans-serif; color: #0000ff;\">Protecci\u00f3n Infantil de Windows<\/span><\/a><\/span><\/td>\n<\/tr>\n<tr>\n<td><span style=\"color: #0000ff;\"><a href=\"https:\/\/www.google.es\/safetycenter\/families\/start\/\" target=\"_blank\" rel=\"noopener\"><span style=\"font-size: 12pt; font-family: Calibri, sans-serif; color: #0000ff;\">Protecci\u00f3n Infantil de Google<\/span><\/a><\/span><\/td>\n<\/tr>\n<tr>\n<td><span style=\"color: #0000ff;\"><a href=\"https:\/\/www.osi.es\/es\/proteccion-de-menores\" target=\"_blank\" rel=\"noopener\"><span style=\"font-size: 12pt; font-family: Calibri, sans-serif; color: #0000ff;\">Oficina de Seguridad del Internauta \u2013 Protecci\u00f3n del menor<\/span><\/a><\/span><\/td>\n<\/tr>\n<tr>\n<td><span style=\"color: #0000ff;\"><a href=\"https:\/\/www.osi.es\/es\/actualidad\/blog\/2013\/10\/03\/ninos-en-internet-solos-o-acompanados\" target=\"_blank\" rel=\"noopener\"><span style=\"font-size: 12pt; font-family: Calibri, sans-serif; color: #0000ff;\">Ni\u00f1os en Internet, \u00bfsolos o acompa\u00f1ados?<\/span><\/a><\/span><\/td>\n<\/tr>\n<tr>\n<td><span style=\"color: #0000ff;\"><a href=\"http:\/\/www.osi.es\/es\/node\/3388\/take?quizkey=fafaa64b86c0d13bc080caeb5afe46c7\" target=\"_blank\" rel=\"noopener\"><span style=\"font-size: 12pt; font-family: Calibri, sans-serif; color: #0000ff;\">Test: \u00bfcu\u00e1nto sabes de seguridad en Internet?<\/span><\/a><\/span><\/td>\n<\/tr>\n<tr>\n<td><span style=\"color: #0000ff;\"><a href=\"http:\/\/www.protegits.gva.es\/lang\/va\/index.php\" target=\"_blank\" rel=\"noopener\"><span style=\"font-size: 12pt; font-family: Calibri, sans-serif; color: #0000ff;\">Protegits \u2013 Generalitat Valenciana<\/span><\/a><\/span><\/td>\n<\/tr>\n<tr>\n<td style=\"text-align: center;\"><strong>&nbsp;<\/strong><\/td>\n<td><span style=\"color: #0000ff;\">&nbsp;<\/span><\/td>\n<\/tr>\n<tr>\n<td style=\"text-align: center;\" rowspan=\"3\"><strong>CIUDAD AMIGA DE LA INFANCIA &#8211; CIUDAD EDUCADORA<\/strong><\/td>\n<td><span style=\"font-size: 12pt; font-family: Calibri, sans-serif; color: #0000ff;\">UNICEF<\/span><\/td>\n<\/tr>\n<tr>\n<td><span style=\"color: #0000ff;\"><a href=\"http:\/\/ciudadesamigas.org\/\" target=\"_blank\" rel=\"noopener\"><span style=\"font-size: 12pt; font-family: Calibri, sans-serif; color: #0000ff;\">Ciudades Amigas de la Infancia<\/span><\/a><\/span><\/td>\n<\/tr>\n<tr>\n<td><span style=\"color: #0000ff;\"><a href=\"http:\/\/www.edcities.org\/\" target=\"_blank\" rel=\"noopener\"><span style=\"font-size: 12pt; font-family: Calibri, sans-serif; color: #0000ff;\">Asociaci\u00f3n Internacional de Ciudades Educadoras<\/span><\/a><\/span><\/td>\n<\/tr>\n<tr>\n<td style=\"text-align: center;\"><strong>&nbsp;<\/strong><\/td>\n<td><span style=\"color: #0000ff;\">&nbsp;<\/span><\/td>\n<\/tr>\n<tr>\n<td style=\"text-align: center;\" rowspan=\"7\"><strong>EDUCACI\u00d3N<\/strong><\/td>\n<td><span style=\"color: #0000ff;\"><a href=\"http:\/\/xlpv.cult.gva.es\/\" target=\"_blank\" rel=\"noopener\"><span style=\"font-size: 12pt; font-family: Calibri, sans-serif; color: #0000ff;\">Xarxa electr\u00f2nica de lectura p\u00fablica valenciana<\/span><\/a><\/span><\/td>\n<\/tr>\n<tr>\n<td><span style=\"color: #0000ff;\"><a href=\"http:\/\/mestreacasa.gva.es\/web\/guest\/inicio\" target=\"_blank\" rel=\"noopener\"><span style=\"font-size: 12pt; font-family: Calibri, sans-serif; color: #0000ff;\">Mestre a casa<\/span><\/a><\/span><\/td>\n<\/tr>\n<tr>\n<td><span style=\"color: #0000ff;\"><a href=\"http:\/\/www.cece.gva.es\/\" target=\"_blank\" rel=\"noopener\"><span style=\"font-size: 12pt; font-family: Calibri, sans-serif; color: #0000ff;\">Conselleria d\u2019Educaci\u00f3, Cultura i Esport<\/span><\/a><\/span><\/td>\n<\/tr>\n<tr>\n<td><span style=\"color: #0000ff;\"><a href=\"http:\/\/www.mecd.gob.es\/portada-mecd\/\" target=\"_blank\" rel=\"noopener\"><span style=\"font-size: 12pt; font-family: Calibri, sans-serif; color: #0000ff;\">Ministeri d\u2019Educaci\u00f3, Cultura i Esport<\/span><\/a><\/span><\/td>\n<\/tr>\n<tr>\n<td><span style=\"color: #0000ff;\"><a href=\"http:\/\/www.eima-alzira.com%20%20\" target=\"_blank\" rel=\"noopener\"><span style=\"font-size: 12pt; font-family: Calibri, sans-serif; color: #0000ff;\">Escuelas Infantiles Municipales<\/span><\/a><\/span><\/td>\n<\/tr>\n<tr>\n<td><span style=\"font-size: 12pt; font-family: Calibri, sans-serif; color: #0000ff;\">C<a href=\"http:\/\/www.ampasalzira.blogspot.com.es\/\" target=\"_blank\" rel=\"noopener\"><span style=\"color: #0000ff;\">oordinadora dels AMPA d\u2019Alzira<\/span><\/a><\/span><\/td>\n<\/tr>\n<tr>\n<td><span style=\"color: #0000ff;\"><a href=\"http:\/\/www.fundaciobromera.org%20%20\" target=\"_blank\" rel=\"noopener\"><span style=\"font-size: 12pt; font-family: Calibri, sans-serif; color: #0000ff;\">Fundaci\u00f3 Bromera Foment de la Lectura<\/span><\/a><\/span><\/td>\n<\/tr>\n<tr>\n<td style=\"text-align: center;\"><strong>&nbsp;<\/strong><\/td>\n<td><span style=\"color: #0000ff;\">&nbsp;<\/span><\/td>\n<\/tr>\n<tr>\n<td style=\"text-align: center;\" rowspan=\"7\"><strong>M\u00c1S<\/strong><\/td>\n<td><span style=\"color: #0000ff;\"><a href=\"http:\/\/www.idea-alzira.com\/\" target=\"_blank\" rel=\"noopener\"><span style=\"font-size: 12pt; font-family: Calibri, sans-serif; color: #0000ff;\">Idea Alzira<\/span><\/a><\/span><\/td>\n<\/tr>\n<tr>\n<td><span style=\"color: #0000ff;\"><a href=\"http:\/\/www.policia.es\/juegos\/index.php\" target=\"_blank\" rel=\"noopener\"><span style=\"font-size: 12pt; font-family: Calibri, sans-serif; color: #0000ff;\">Web Infantil de la Policia Nacional<\/span><\/a><\/span><\/td>\n<\/tr>\n<tr>\n<td><span style=\"color: #0000ff;\"><a href=\"http:\/\/www.gvajove.es\/ivaj\/opencms\/IVAJ\/es\/index.html\" target=\"_blank\" rel=\"noopener\"><span style=\"font-size: 12pt; font-family: Calibri, sans-serif; color: #0000ff;\">IVAJ \u2013 Institut Valenci\u00e0 de la Joventut<\/span><\/a><\/span><\/td>\n<\/tr>\n<tr>\n<td><span style=\"color: #0000ff;\"><a href=\"http:\/\/www.portaldelmenor.es\/\" target=\"_blank\" rel=\"noopener\"><span style=\"font-size: 12pt; font-family: Calibri, sans-serif; color: #0000ff;\">Portal del menor<\/span><\/a><\/span><\/td>\n<\/tr>\n<tr>\n<td><span style=\"color: #0000ff;\"><a href=\"http:\/\/www.servef.es\/\" target=\"_blank\" rel=\"noopener\"><span style=\"font-size: 12pt; font-family: Calibri, sans-serif; color: #0000ff;\">Servef<\/span><\/a><\/span><\/td>\n<\/tr>\n<tr>\n<td><span style=\"color: #0000ff;\"><a href=\"http:\/\/www.cruzrojajuventud.org\" target=\"_blank\" rel=\"noopener\"><span style=\"font-size: 12pt; font-family: Calibri, sans-serif; color: #0000ff;\">Cruz Roja &#8211; Juventud<\/span><\/a><\/span><\/td>\n<\/tr>\n<tr>\n<td><span style=\"color: #0000ff;\"><a href=\"http:\/\/www.fallasalzira.com\/\" target=\"_blank\" rel=\"noopener\"><span style=\"font-size: 12pt; font-family: Calibri, sans-serif; color: #0000ff;\">Fallas de Alzira<\/span><\/a><\/span><\/td>\n<\/tr>\n<tr>\n<td>&nbsp;<\/td>\n<td>&nbsp;<\/td>\n<\/tr>\n<\/tbody>\n<\/table>\n","protected":false},"excerpt":{"rendered":"<p>NUEVAS TECNOLOG\u00cdAS Y REDES SOCIALES Netiqu\u00e9tate Pantallas amigas Protecci\u00f3n Infantil de Windows Protecci\u00f3n Infantil de Google Oficina de Seguridad del Internauta \u2013 Protecci\u00f3n del menor Ni\u00f1os en Internet, \u00bfsolos o acompa\u00f1ados? Test: \u00bfcu\u00e1nto sabes de seguridad en Internet? Protegits \u2013 Generalitat Valenciana &nbsp; &nbsp; CIUDAD AMIGA DE LA INFANCIA &#8211; CIUDAD EDUCADORA UNICEF Ciudades Amigas &hellip; <\/p>\n<p class=\"link-more\"><a href=\"https:\/\/alzira.es\/es\/servicios-municipales\/infancia\/enlaces-y-recursos\/\" class=\"more-link\">Continuar leyendo<span class=\"screen-reader-text\"> \u00abEnlaces y recursos\u00bb<\/span><\/a><\/p>\n","protected":false},"author":12,"featured_media":0,"parent":86060,"menu_order":16,"comment_status":"closed","ping_status":"closed","template":"","meta":{"_acf_changed":false,"footnotes":""},"class_list":["post-10496","page","type-page","status-publish","hentry"],"acf":[],"_links":{"self":[{"href":"https:\/\/alzira.es\/es\/wp-json\/wp\/v2\/pages\/10496","targetHints":{"allow":["GET"]}}],"collection":[{"href":"https:\/\/alzira.es\/es\/wp-json\/wp\/v2\/pages"}],"about":[{"href":"https:\/\/alzira.es\/es\/wp-json\/wp\/v2\/types\/page"}],"author":[{"embeddable":true,"href":"https:\/\/alzira.es\/es\/wp-json\/wp\/v2\/users\/12"}],"replies":[{"embeddable":true,"href":"https:\/\/alzira.es\/es\/wp-json\/wp\/v2\/comments?post=10496"}],"version-history":[{"count":1,"href":"https:\/\/alzira.es\/es\/wp-json\/wp\/v2\/pages\/10496\/revisions"}],"predecessor-version":[{"id":86226,"href":"https:\/\/alzira.es\/es\/wp-json\/wp\/v2\/pages\/10496\/revisions\/86226"}],"up":[{"embeddable":true,"href":"https:\/\/alzira.es\/es\/wp-json\/wp\/v2\/pages\/86060"}],"wp:attachment":[{"href":"https:\/\/alzira.es\/es\/wp-json\/wp\/v2\/media?parent=10496"}],"curies":[{"name":"wp","href":"https:\/\/api.w.org\/{rel}","templated":true}]}}