{"id":104868,"date":"2021-11-22T12:37:36","date_gmt":"2021-11-22T11:37:36","guid":{"rendered":"https:\/\/alzira.es\/?page_id=104868"},"modified":"2021-11-23T09:54:31","modified_gmt":"2021-11-23T08:54:31","slug":"devolucion-de-libros-y-prestamo","status":"publish","type":"page","link":"https:\/\/alzira.es\/es\/servicios-municipales\/biblioteca\/devolucion-de-libros-y-prestamo\/","title":{"rendered":"Devoluci\u00f3n de libros y pr\u00e9stamo"},"content":{"rendered":"\t\t<div data-elementor-type=\"wp-page\" data-elementor-id=\"104868\" class=\"elementor elementor-104868 elementor-104867\">\n\t\t\t\t\t\t<section class=\"elementor-section elementor-top-section elementor-element elementor-element-3eb2b09 elementor-section-boxed elementor-section-height-default elementor-section-height-default\" data-id=\"3eb2b09\" data-element_type=\"section\">\n\t\t\t\t\t\t<div class=\"elementor-container elementor-column-gap-default\">\n\t\t\t\t\t<div class=\"elementor-column elementor-col-100 elementor-top-column elementor-element elementor-element-624141d\" data-id=\"624141d\" data-element_type=\"column\">\n\t\t\t<div class=\"elementor-widget-wrap\">\n\t\t\t\t\t\t\t<\/div>\n\t\t<\/div>\n\t\t\t\t\t<\/div>\n\t\t<\/section>\n\t\t\t\t<\/div>\n\t\t","protected":false},"excerpt":{"rendered":"<p>Devoluci\u00f3n de libros y pr\u00e9stamo Como igual sab\u00e9is pod\u00e9is descargar libros electr\u00f3nicos a trav\u00e9s de la aplicaci\u00f3n e-biblio Comunidad Valenciana, pod\u00e9is entrar con vuestro DNI o n\u00famero de lector y como contrase\u00f1a los \u00faltimos d\u00edgitos de este, tanto del DNI como del n\u00famero currens para menores o personas sin DNI. Si ten\u00e9is dudas pod\u00e9is telefonear &hellip; <\/p>\n<p class=\"link-more\"><a href=\"https:\/\/alzira.es\/es\/servicios-municipales\/biblioteca\/devolucion-de-libros-y-prestamo\/\" class=\"more-link\">Continuar leyendo<span class=\"screen-reader-text\"> \u00abDevoluci\u00f3n de libros y pr\u00e9stamo\u00bb<\/span><\/a><\/p>\n","protected":false},"author":29,"featured_media":0,"parent":48857,"menu_order":0,"comment_status":"closed","ping_status":"closed","template":"","meta":{"_acf_changed":false,"footnotes":""},"class_list":["post-104868","page","type-page","status-publish","hentry"],"acf":[],"_links":{"self":[{"href":"https:\/\/alzira.es\/es\/wp-json\/wp\/v2\/pages\/104868","targetHints":{"allow":["GET"]}}],"collection":[{"href":"https:\/\/alzira.es\/es\/wp-json\/wp\/v2\/pages"}],"about":[{"href":"https:\/\/alzira.es\/es\/wp-json\/wp\/v2\/types\/page"}],"author":[{"embeddable":true,"href":"https:\/\/alzira.es\/es\/wp-json\/wp\/v2\/users\/29"}],"replies":[{"embeddable":true,"href":"https:\/\/alzira.es\/es\/wp-json\/wp\/v2\/comments?post=104868"}],"version-history":[{"count":2,"href":"https:\/\/alzira.es\/es\/wp-json\/wp\/v2\/pages\/104868\/revisions"}],"predecessor-version":[{"id":105174,"href":"https:\/\/alzira.es\/es\/wp-json\/wp\/v2\/pages\/104868\/revisions\/105174"}],"up":[{"embeddable":true,"href":"https:\/\/alzira.es\/es\/wp-json\/wp\/v2\/pages\/48857"}],"wp:attachment":[{"href":"https:\/\/alzira.es\/es\/wp-json\/wp\/v2\/media?parent=104868"}],"curies":[{"name":"wp","href":"https:\/\/api.w.org\/{rel}","templated":true}]}}