{"id":10482,"date":"2015-02-17T12:43:38","date_gmt":"2015-02-17T11:43:38","guid":{"rendered":"https:\/\/alzira.es\/actividades-2\/"},"modified":"2021-08-30T09:19:36","modified_gmt":"2021-08-30T07:19:36","slug":"actividades-infancia","status":"publish","type":"page","link":"https:\/\/alzira.es\/es\/servicios-municipales\/infancia\/actividades-infancia\/","title":{"rendered":"Actividades Infancia"},"content":{"rendered":"\n<h2 class=\"wp-block-heading\">SEPTIEMBRE<\/h2>\n\n\n\n<p>\u00a0<span style=\"font-size: 10pt;\">&#8211; Se convoca el XXII Concurso Escolar de Dibujo de los Premios Literarios Ciudad de Alzira dirigido al alumnado de Primaria, Secundaria, PQPI y Educaci\u00f3n Especial de los centros p\u00fablicos, concertados o privados de la comarca de la Ribera y pueden participar individualmente o colectivamente. Se realizar\u00e1 una exposici\u00f3n formada por los trabajos ganadores que estar\u00e1 abierta des del 2 de noviembre hasta el 12 de noviembre. La tem\u00e1tica ha de hacer referencia a \u201cPinta tu ciudad del futuro\u201d.<\/span><\/p>\n\n\n\n<p>\u00a0\u00a0<span style=\"font-size: 10pt;\">&#8211; Presentaci\u00f3n Agenda Educativa 2017\/2018<\/span><\/p>\n\n\n\n<div class=\"wp-block-image\"><figure class=\"aligncenter is-resized\"><a href=\"https:\/\/alzira.es\/wp-content\/uploads\/2015\/02\/AGENDA-EDUCATIVA-17-18-CASTELLANO-def.pdf\" target=\"_blank\" rel=\"noopener\"><img fetchpriority=\"high\" decoding=\"async\" src=\"https:\/\/alzira.es\/wp-content\/uploads\/2015\/02\/Portada-cast..jpg\" alt=\"Portada cast.\" class=\"wp-image-10478\" width=\"449\" height=\"550\" srcset=\"https:\/\/alzira.es\/wp-content\/uploads\/2015\/02\/Portada-cast..jpg 598w, https:\/\/alzira.es\/wp-content\/uploads\/2015\/02\/Portada-cast.-416x510.jpg 416w\" sizes=\"(max-width: 449px) 100vw, 449px\" \/><\/a><\/figure><\/div>\n\n\n\n<h2 class=\"wp-block-heading\">NOVIEMBRE<\/h2>\n\n\n\n<p>\u00a0<span style=\"font-size: 10pt;\">&#8211; Entrega de Premios XXII Concurso Escolar de Dibujo de los Premios Literarios Ciudad de Alzira.<\/span><\/p>\n\n\n\n<p><span style=\"font-size: 10pt;\">&#8211; Visita al Foro Infantil de las Cortes. Ni\u00f1os y ni\u00f1as del CMXX.<\/span><\/p>\n\n\n\n<p><span style=\"font-size: 10pt;\">&#8211; Celebraci\u00f3n del Dia Internacional del Ni\u00f1o. 20 de novembre<\/span><\/p>\n\n\n\n<p><span style=\"font-size: 10pt;\">&#8211; Celebraci\u00f3n del d\u00eda de la Ciudad Educadora. 30 noviembre<\/span><\/p>\n","protected":false},"excerpt":{"rendered":"<p>SEPTIEMBRE \u00a0&#8211; Se convoca el XXII Concurso Escolar de Dibujo de los Premios Literarios Ciudad de Alzira dirigido al alumnado de Primaria, Secundaria, PQPI y Educaci\u00f3n Especial de los centros p\u00fablicos, concertados o privados de la comarca de la Ribera y pueden participar individualmente o colectivamente. Se realizar\u00e1 una exposici\u00f3n formada por los trabajos ganadores &hellip; <\/p>\n<p class=\"link-more\"><a href=\"https:\/\/alzira.es\/es\/servicios-municipales\/infancia\/actividades-infancia\/\" class=\"more-link\">Continuar leyendo<span class=\"screen-reader-text\"> \u00abActividades Infancia\u00bb<\/span><\/a><\/p>\n","protected":false},"author":12,"featured_media":0,"parent":86060,"menu_order":14,"comment_status":"closed","ping_status":"closed","template":"","meta":{"_acf_changed":false,"footnotes":""},"class_list":["post-10482","page","type-page","status-publish","hentry"],"acf":[],"_links":{"self":[{"href":"https:\/\/alzira.es\/es\/wp-json\/wp\/v2\/pages\/10482","targetHints":{"allow":["GET"]}}],"collection":[{"href":"https:\/\/alzira.es\/es\/wp-json\/wp\/v2\/pages"}],"about":[{"href":"https:\/\/alzira.es\/es\/wp-json\/wp\/v2\/types\/page"}],"author":[{"embeddable":true,"href":"https:\/\/alzira.es\/es\/wp-json\/wp\/v2\/users\/12"}],"replies":[{"embeddable":true,"href":"https:\/\/alzira.es\/es\/wp-json\/wp\/v2\/comments?post=10482"}],"version-history":[{"count":1,"href":"https:\/\/alzira.es\/es\/wp-json\/wp\/v2\/pages\/10482\/revisions"}],"predecessor-version":[{"id":86202,"href":"https:\/\/alzira.es\/es\/wp-json\/wp\/v2\/pages\/10482\/revisions\/86202"}],"up":[{"embeddable":true,"href":"https:\/\/alzira.es\/es\/wp-json\/wp\/v2\/pages\/86060"}],"wp:attachment":[{"href":"https:\/\/alzira.es\/es\/wp-json\/wp\/v2\/media?parent=10482"}],"curies":[{"name":"wp","href":"https:\/\/api.w.org\/{rel}","templated":true}]}}