{"id":10468,"date":"2015-02-17T12:40:26","date_gmt":"2015-02-17T11:40:26","guid":{"rendered":"https:\/\/alzira.es\/alzira-ciudad-amiga-de-la-infancia\/"},"modified":"2026-03-30T09:53:11","modified_gmt":"2026-03-30T07:53:11","slug":"alzira-ciudad-amiga-de-la-infancia","status":"publish","type":"page","link":"https:\/\/alzira.es\/es\/servicios-municipales\/educacion-e-infancia\/alzira-ciudad-amiga-de-la-infancia\/","title":{"rendered":"Alzira, Ciudad Amiga de la Infancia"},"content":{"rendered":"\t\t<div data-elementor-type=\"wp-page\" data-elementor-id=\"10468\" class=\"elementor elementor-10468\">\n\t\t\t\t\t\t<section class=\"elementor-section elementor-top-section elementor-element elementor-element-3dd0da04 elementor-section-boxed elementor-section-height-default elementor-section-height-default\" data-id=\"3dd0da04\" data-element_type=\"section\">\n\t\t\t\t\t\t<div class=\"elementor-container elementor-column-gap-default\">\n\t\t\t\t\t<div class=\"elementor-column elementor-col-100 elementor-top-column elementor-element elementor-element-1c5e174\" data-id=\"1c5e174\" data-element_type=\"column\">\n\t\t\t<div class=\"elementor-widget-wrap elementor-element-populated\">\n\t\t\t\t\t\t<div class=\"elementor-element elementor-element-1ad8901 elementor-widget elementor-widget-text-editor\" data-id=\"1ad8901\" data-element_type=\"widget\" data-widget_type=\"text-editor.default\">\n\t\t\t\t<div class=\"elementor-widget-container\">\n\t\t\t\t\t\t\t\t\t<p>La iniciativa de Ciudades Amigas de la Infancia fue promovida en el a\u00f1o 1996 como parte de la resoluci\u00f3n aprobada en la segunda conferencia de la ONU sobre los Asentamientos Humanos, para transformar las ciudades en lugares m\u00e1s habitables para todos, pero para los ni\u00f1os y ni\u00f1as primero.<\/p>\n<p>Una Ciudad Amiga de la Infancia es una ciudad que se compromete a respetar los derechos de la infancia, sus opiniones, necesidades y prioridades y que tiene todo esto en cuenta a la hora de tomar decisiones pol\u00edticas<\/p>\n<p>Todos los ni\u00f1os y ni\u00f1as tienen derecho a acceder a los servicios b\u00e1sicos y disfrutar de las oportunidades de desarrollo que ofrece su ciudad. La iniciativa Ciudades Amigas de la Infancia plantea un estilo de gobierno y una gesti\u00f3n urbana participativa, capaz de garantizar a los ni\u00f1os y ni\u00f1as su derecho a:<\/p>\n<ul>\n<li>Influir en las decisiones que se tomen en su municipio.<\/li>\n<li>Expresar sus opiniones sobre el municipio que quieren.<\/li>\n<li>Participar en su familia, comunidad y en la vida social.<\/li>\n<li>Recibir servicios b\u00e1sicos como salud, educaci\u00f3n y protecci\u00f3n<\/li>\n<li>Ser protegido ante la explotaci\u00f3n, la violencia y el abuso.<\/li>\n<li>Pasear seguro por su ciudad, encontrarse con sus amigos y jugar con ellos.<\/li>\n<li>Tener espacios verdes para plantas y animales y disfrutar de un medio ambiente no contaminado.<\/li>\n<li>Ser un ciudadano igual que los dem\u00e1s, con acceso a todos los servicios, independientemente de su origen \u00e9tnico, religi\u00f3n, nivel econ\u00f3mico, g\u00e9nero o discapacidad.<\/li>\n<\/ul>\n<p>Alzira renov\u00f3 el 7 de noviembre de 2014 en Guadalajara, hasta 2018, su reconocimiento como Ciudad Amiga de la Infancia. Actualmente el Ayuntamiento est\u00e1 en proceso de renovaci\u00f3n del Sello CAI y ha realizado todos los tr\u00e1mites necesarios para dicha renovaci\u00f3n.<\/p>\t\t\t\t\t\t\t\t<\/div>\n\t\t\t\t<\/div>\n\t\t\t\t\t<\/div>\n\t\t<\/div>\n\t\t\t\t\t<\/div>\n\t\t<\/section>\n\t\t\t\t<section class=\"elementor-section elementor-top-section elementor-element elementor-element-3d490ef elementor-section-boxed elementor-section-height-default elementor-section-height-default\" data-id=\"3d490ef\" data-element_type=\"section\">\n\t\t\t\t\t\t<div class=\"elementor-container elementor-column-gap-default\">\n\t\t\t\t\t<div class=\"elementor-column elementor-col-50 elementor-top-column elementor-element elementor-element-b9835f0\" data-id=\"b9835f0\" data-element_type=\"column\">\n\t\t\t<div class=\"elementor-widget-wrap elementor-element-populated\">\n\t\t\t\t\t\t<div class=\"elementor-element elementor-element-2463f88 elementor-widget elementor-widget-image\" data-id=\"2463f88\" data-element_type=\"widget\" data-widget_type=\"image.default\">\n\t\t\t\t<div class=\"elementor-widget-container\">\n\t\t\t\t\t\t\t\t\t\t\t\t\t\t\t\t<a href=\"https:\/\/alzira.es\/es\/servicios-municipales\/educacion-e-infancia\/alzira-ciudad-amiga-de-la-infancia\/trobada-consells-de-participacio-infantil-de-valencia\/\">\n\t\t\t\t\t\t\t<img fetchpriority=\"high\" decoding=\"async\" width=\"525\" height=\"394\" src=\"https:\/\/alzira.es\/wp-content\/uploads\/2026\/03\/cartell-trobada-paterna.jpg\" class=\"attachment-large size-large wp-image-169922\" alt=\"TROBADA CONSELLS DE PARTICIPACI\u00d3 INFANTIL DE VAL\u00c8NCIA\" srcset=\"https:\/\/alzira.es\/wp-content\/uploads\/2026\/03\/cartell-trobada-paterna.jpg 930w, https:\/\/alzira.es\/wp-content\/uploads\/2026\/03\/cartell-trobada-paterna-680x510.jpg 680w, https:\/\/alzira.es\/wp-content\/uploads\/2026\/03\/cartell-trobada-paterna-768x576.jpg 768w\" sizes=\"100vw\" \/>\t\t\t\t\t\t\t\t<\/a>\n\t\t\t\t\t\t\t\t\t\t\t\t\t\t\t<\/div>\n\t\t\t\t<\/div>\n\t\t\t\t\t<\/div>\n\t\t<\/div>\n\t\t\t\t<div class=\"elementor-column elementor-col-50 elementor-top-column elementor-element elementor-element-95c68a5\" data-id=\"95c68a5\" data-element_type=\"column\">\n\t\t\t<div class=\"elementor-widget-wrap elementor-element-populated\">\n\t\t\t\t\t\t<div class=\"elementor-element elementor-element-594879b elementor-widget elementor-widget-image\" data-id=\"594879b\" data-element_type=\"widget\" data-widget_type=\"image.default\">\n\t\t\t\t<div class=\"elementor-widget-container\">\n\t\t\t\t\t\t\t\t\t\t\t\t\t\t\t\t<a href=\"https:\/\/alzira.es\/wp-content\/uploads\/2024\/07\/MANIFESTO.pdf\" target=\"_blank\">\n\t\t\t\t\t\t\t<img decoding=\"async\" width=\"525\" height=\"525\" data-src=\"https:\/\/alzira.es\/wp-content\/uploads\/2024\/07\/manifiesto.png\" class=\"attachment-large size-large wp-image-151494 lazyload\" alt=\"\" data-srcset=\"https:\/\/alzira.es\/wp-content\/uploads\/2024\/07\/manifiesto.png 874w, https:\/\/alzira.es\/wp-content\/uploads\/2024\/07\/manifiesto-510x510.png 510w, https:\/\/alzira.es\/wp-content\/uploads\/2024\/07\/manifiesto-350x350.png 350w, https:\/\/alzira.es\/wp-content\/uploads\/2024\/07\/manifiesto-768x768.png 768w, https:\/\/alzira.es\/wp-content\/uploads\/2024\/07\/manifiesto-300x300.png 300w, https:\/\/alzira.es\/wp-content\/uploads\/2024\/07\/manifiesto-100x100.png 100w\" data-sizes=\"100vw\" src=\"data:image\/svg+xml;base64,PHN2ZyB3aWR0aD0iMSIgaGVpZ2h0PSIxIiB4bWxucz0iaHR0cDovL3d3dy53My5vcmcvMjAwMC9zdmciPjwvc3ZnPg==\" style=\"--smush-placeholder-width: 525px; --smush-placeholder-aspect-ratio: 525\/525;\" \/>\t\t\t\t\t\t\t\t<\/a>\n\t\t\t\t\t\t\t\t\t\t\t\t\t\t\t<\/div>\n\t\t\t\t<\/div>\n\t\t\t\t\t<\/div>\n\t\t<\/div>\n\t\t\t\t\t<\/div>\n\t\t<\/section>\n\t\t\t\t<section class=\"elementor-section elementor-top-section elementor-element elementor-element-24f76d6 elementor-section-boxed elementor-section-height-default elementor-section-height-default\" data-id=\"24f76d6\" data-element_type=\"section\">\n\t\t\t\t\t\t<div class=\"elementor-container elementor-column-gap-default\">\n\t\t\t\t\t<div class=\"elementor-column elementor-col-50 elementor-top-column elementor-element elementor-element-df23f4e\" data-id=\"df23f4e\" data-element_type=\"column\">\n\t\t\t<div class=\"elementor-widget-wrap elementor-element-populated\">\n\t\t\t\t\t\t<div class=\"elementor-element elementor-element-909c1dc elementor-widget elementor-widget-image\" data-id=\"909c1dc\" data-element_type=\"widget\" data-widget_type=\"image.default\">\n\t\t\t\t<div class=\"elementor-widget-container\">\n\t\t\t\t\t\t\t\t\t\t\t\t\t\t\t\t<a href=\"https:\/\/alzira.es\/wp-content\/uploads\/2015\/02\/memoria_actividades_II_plan.pdf\" target=\"_blank\">\n\t\t\t\t\t\t\t<img decoding=\"async\" width=\"525\" height=\"385\" data-src=\"https:\/\/alzira.es\/wp-content\/uploads\/2015\/02\/memoria_actividades_II_plan.png\" class=\"attachment-large size-large wp-image-10457 lazyload\" alt=\"MEMORIA DE ACTIVIDADES DEL II PLAN DE INFANCIA Y ADOLESCENCIA\" data-sizes=\"100vw\" src=\"data:image\/svg+xml;base64,PHN2ZyB3aWR0aD0iMSIgaGVpZ2h0PSIxIiB4bWxucz0iaHR0cDovL3d3dy53My5vcmcvMjAwMC9zdmciPjwvc3ZnPg==\" style=\"--smush-placeholder-width: 525px; --smush-placeholder-aspect-ratio: 525\/385;\" \/>\t\t\t\t\t\t\t\t<\/a>\n\t\t\t\t\t\t\t\t\t\t\t\t\t\t\t<\/div>\n\t\t\t\t<\/div>\n\t\t\t\t\t<\/div>\n\t\t<\/div>\n\t\t\t\t<div class=\"elementor-column elementor-col-50 elementor-top-column elementor-element elementor-element-3318950\" data-id=\"3318950\" data-element_type=\"column\">\n\t\t\t<div class=\"elementor-widget-wrap elementor-element-populated\">\n\t\t\t\t\t\t<div class=\"elementor-element elementor-element-99d7a60 elementor-widget elementor-widget-image\" data-id=\"99d7a60\" data-element_type=\"widget\" data-widget_type=\"image.default\">\n\t\t\t\t<div class=\"elementor-widget-container\">\n\t\t\t\t\t\t\t\t\t\t\t\t\t\t\t\t<a href=\"https:\/\/alzira.es\/wp-content\/uploads\/2015\/02\/diagnostico_infancia.pdf\" target=\"_blank\">\n\t\t\t\t\t\t\t<img decoding=\"async\" width=\"525\" height=\"385\" data-src=\"https:\/\/alzira.es\/wp-content\/uploads\/2015\/02\/diagnostico_infancia.png\" class=\"attachment-large size-large wp-image-10463 lazyload\" alt=\"DIAGN\u00d3STICO DE LA INFANCIA Y ADOLESCENCIA\" data-sizes=\"100vw\" src=\"data:image\/svg+xml;base64,PHN2ZyB3aWR0aD0iMSIgaGVpZ2h0PSIxIiB4bWxucz0iaHR0cDovL3d3dy53My5vcmcvMjAwMC9zdmciPjwvc3ZnPg==\" style=\"--smush-placeholder-width: 525px; --smush-placeholder-aspect-ratio: 525\/385;\" \/>\t\t\t\t\t\t\t\t<\/a>\n\t\t\t\t\t\t\t\t\t\t\t\t\t\t\t<\/div>\n\t\t\t\t<\/div>\n\t\t\t\t\t<\/div>\n\t\t<\/div>\n\t\t\t\t\t<\/div>\n\t\t<\/section>\n\t\t\t\t<section class=\"elementor-section elementor-top-section elementor-element elementor-element-3161b1c elementor-section-boxed elementor-section-height-default elementor-section-height-default\" data-id=\"3161b1c\" data-element_type=\"section\">\n\t\t\t\t\t\t<div class=\"elementor-container elementor-column-gap-default\">\n\t\t\t\t\t<div class=\"elementor-column elementor-col-33 elementor-top-column elementor-element elementor-element-08115a1\" data-id=\"08115a1\" data-element_type=\"column\">\n\t\t\t<div class=\"elementor-widget-wrap elementor-element-populated\">\n\t\t\t\t\t\t<div class=\"elementor-element elementor-element-20bb49c elementor-widget elementor-widget-image\" data-id=\"20bb49c\" data-element_type=\"widget\" data-widget_type=\"image.default\">\n\t\t\t\t<div class=\"elementor-widget-container\">\n\t\t\t\t\t\t\t\t\t\t\t\t\t\t\t<img decoding=\"async\" width=\"241\" height=\"400\" data-src=\"https:\/\/alzira.es\/wp-content\/uploads\/2015\/02\/CAI-azul.png\" class=\"attachment-large size-large wp-image-10465 lazyload\" alt=\"Ciudades Amigas de la Infancia\" data-sizes=\"100vw\" src=\"data:image\/svg+xml;base64,PHN2ZyB3aWR0aD0iMSIgaGVpZ2h0PSIxIiB4bWxucz0iaHR0cDovL3d3dy53My5vcmcvMjAwMC9zdmciPjwvc3ZnPg==\" style=\"--smush-placeholder-width: 241px; --smush-placeholder-aspect-ratio: 241\/400;\" \/>\t\t\t\t\t\t\t\t\t\t\t\t\t\t\t<\/div>\n\t\t\t\t<\/div>\n\t\t\t\t\t<\/div>\n\t\t<\/div>\n\t\t\t\t<div class=\"elementor-column elementor-col-66 elementor-top-column elementor-element elementor-element-b060e09\" data-id=\"b060e09\" data-element_type=\"column\">\n\t\t\t<div class=\"elementor-widget-wrap elementor-element-populated\">\n\t\t\t\t\t\t<div class=\"elementor-element elementor-element-f01a582 elementor-widget elementor-widget-text-editor\" data-id=\"f01a582\" data-element_type=\"widget\" data-widget_type=\"text-editor.default\">\n\t\t\t\t<div class=\"elementor-widget-container\">\n\t\t\t\t\t\t\t\t\t<p><b>Observatorio infantil<\/b><\/p>\n<p>Es el procedimiento en el que todos los ni\u00f1os y ni\u00f1as de Alzira pueden ejercer su derecho a opinar y expresar observaciones, denuncias o propuestas. Puede realizarse de dos formas distintas:<\/p>\n<p>\u2013 A trav\u00e9s de la web, en su apartado de participaci\u00f3n.<\/p>\n<p>\u2013 O directamente rellenando las fichas del observatorio, que est\u00e1n disponibles en los centros educativos y en el <a href=\"https:\/\/alzira.es\/wp-content\/uploads\/2015\/02\/tarjeta_oia_2.pdf\" target=\"_blank\" rel=\"noopener\"><span style=\"color: #3366ff;\"><em><strong>siguiente enlace<\/strong><\/em><\/span><\/a>.<\/p>\n<p style=\"text-align: center;\"><a href=\"https:\/\/alzira.es\/es\/servicios-municipales\/infancia\/alzira-ciudad-amiga-de-la-infancia\/index.php\/es\/buzon-participa\"><span style=\"color: #3366ff;\"><strong>\u00a1PARTICIPA!<\/strong><\/span><\/a><\/p>\t\t\t\t\t\t\t\t<\/div>\n\t\t\t\t<\/div>\n\t\t\t\t\t<\/div>\n\t\t<\/div>\n\t\t\t\t\t<\/div>\n\t\t<\/section>\n\t\t\t\t<\/div>\n\t\t","protected":false},"excerpt":{"rendered":"<p>La iniciativa de Ciudades Amigas de la Infancia fue promovida en el a\u00f1o 1996 como parte de la resoluci\u00f3n aprobada en la segunda conferencia de la ONU sobre los Asentamientos Humanos, para transformar las ciudades en lugares m\u00e1s habitables para todos, pero para los ni\u00f1os y ni\u00f1as primero. Una Ciudad Amiga de la Infancia es &hellip; <\/p>\n<p class=\"link-more\"><a href=\"https:\/\/alzira.es\/es\/servicios-municipales\/educacion-e-infancia\/alzira-ciudad-amiga-de-la-infancia\/\" class=\"more-link\">Continuar leyendo<span class=\"screen-reader-text\"> \u00abAlzira, Ciudad Amiga de la Infancia\u00bb<\/span><\/a><\/p>\n","protected":false},"author":12,"featured_media":0,"parent":104969,"menu_order":13,"comment_status":"closed","ping_status":"closed","template":"","meta":{"_acf_changed":false,"footnotes":""},"class_list":["post-10468","page","type-page","status-publish","hentry"],"acf":[],"_links":{"self":[{"href":"https:\/\/alzira.es\/es\/wp-json\/wp\/v2\/pages\/10468","targetHints":{"allow":["GET"]}}],"collection":[{"href":"https:\/\/alzira.es\/es\/wp-json\/wp\/v2\/pages"}],"about":[{"href":"https:\/\/alzira.es\/es\/wp-json\/wp\/v2\/types\/page"}],"author":[{"embeddable":true,"href":"https:\/\/alzira.es\/es\/wp-json\/wp\/v2\/users\/12"}],"replies":[{"embeddable":true,"href":"https:\/\/alzira.es\/es\/wp-json\/wp\/v2\/comments?post=10468"}],"version-history":[{"count":2,"href":"https:\/\/alzira.es\/es\/wp-json\/wp\/v2\/pages\/10468\/revisions"}],"predecessor-version":[{"id":169939,"href":"https:\/\/alzira.es\/es\/wp-json\/wp\/v2\/pages\/10468\/revisions\/169939"}],"up":[{"embeddable":true,"href":"https:\/\/alzira.es\/es\/wp-json\/wp\/v2\/pages\/104969"}],"wp:attachment":[{"href":"https:\/\/alzira.es\/es\/wp-json\/wp\/v2\/media?parent=10468"}],"curies":[{"name":"wp","href":"https:\/\/api.w.org\/{rel}","templated":true}]}}