{"id":10454,"date":"2015-02-17T12:39:19","date_gmt":"2015-02-17T11:39:19","guid":{"rendered":"https:\/\/alzira.es\/infancia-y-salud\/"},"modified":"2021-08-30T10:10:57","modified_gmt":"2021-08-30T08:10:57","slug":"infancia-y-salud","status":"publish","type":"page","link":"https:\/\/alzira.es\/es\/servicios-municipales\/infancia\/infancia-y-salud\/","title":{"rendered":"Infancia y salud"},"content":{"rendered":"<p style=\"text-align: justify;\"><span style=\"font-family: Calibri, sans-serif;\">El objetivo de este apartado es establecer actuaciones y recursos que garanticen la protecci\u00f3n, la seguridad y la promoci\u00f3n de la salud de la infancia y de la adolescencia, incidiendo especialmente en aquellas situaciones que vulneren sus derechos fundamentales.<\/span><\/p>\n<p style=\"text-align: justify;\"><span style=\"font-family: Calibri, sans-serif;\">Es necesario impulsar estrategias de promoci\u00f3n y atenci\u00f3n a la salud de los ni\u00f1os y adolescentes, promoviendo el trabajo coordinado entre los Departamentos de Infancia, Salud y Servicio Sociales del Ayuntamiento, los Centros de Salud P\u00fablicos y la red de centros educativos del municipio. <\/span><\/p>\n<p style=\"text-align: justify;\"><span style=\"font-family: Calibri, sans-serif;\">ENLACE DEPARTAMENTO DE SALUD<\/span><\/p>\n<p style=\"text-align: justify;\"><span style=\"color: #0000ff;\"><strong><a href=\"http:\/\/mapainfancia.alzira.es\/\"><span style=\"font-family: Calibri, sans-serif; color: #0000ff;\">MAPA INSTALACIONES CENTROS DE SALUD Y HOSPITAL<\/span><\/a><\/strong><\/span><\/p>\n","protected":false},"excerpt":{"rendered":"<p>El objetivo de este apartado es establecer actuaciones y recursos que garanticen la protecci\u00f3n, la seguridad y la promoci\u00f3n de la salud de la infancia y de la adolescencia, incidiendo especialmente en aquellas situaciones que vulneren sus derechos fundamentales. Es necesario impulsar estrategias de promoci\u00f3n y atenci\u00f3n a la salud de los ni\u00f1os y adolescentes, &hellip; <\/p>\n<p class=\"link-more\"><a href=\"https:\/\/alzira.es\/es\/servicios-municipales\/infancia\/infancia-y-salud\/\" class=\"more-link\">Continuar leyendo<span class=\"screen-reader-text\"> \u00abInfancia y salud\u00bb<\/span><\/a><\/p>\n","protected":false},"author":12,"featured_media":0,"parent":86060,"menu_order":12,"comment_status":"closed","ping_status":"closed","template":"","meta":{"_acf_changed":false,"footnotes":""},"class_list":["post-10454","page","type-page","status-publish","hentry"],"acf":[],"_links":{"self":[{"href":"https:\/\/alzira.es\/es\/wp-json\/wp\/v2\/pages\/10454","targetHints":{"allow":["GET"]}}],"collection":[{"href":"https:\/\/alzira.es\/es\/wp-json\/wp\/v2\/pages"}],"about":[{"href":"https:\/\/alzira.es\/es\/wp-json\/wp\/v2\/types\/page"}],"author":[{"embeddable":true,"href":"https:\/\/alzira.es\/es\/wp-json\/wp\/v2\/users\/12"}],"replies":[{"embeddable":true,"href":"https:\/\/alzira.es\/es\/wp-json\/wp\/v2\/comments?post=10454"}],"version-history":[{"count":0,"href":"https:\/\/alzira.es\/es\/wp-json\/wp\/v2\/pages\/10454\/revisions"}],"up":[{"embeddable":true,"href":"https:\/\/alzira.es\/es\/wp-json\/wp\/v2\/pages\/86060"}],"wp:attachment":[{"href":"https:\/\/alzira.es\/es\/wp-json\/wp\/v2\/media?parent=10454"}],"curies":[{"name":"wp","href":"https:\/\/api.w.org\/{rel}","templated":true}]}}